{"id":4859,"date":"2026-04-13T18:26:19","date_gmt":"2026-04-13T15:26:19","guid":{"rendered":"https:\/\/ddpublishings.com\/product\/seytanin-avukati-turkish-edition\/"},"modified":"2026-04-13T18:28:10","modified_gmt":"2026-04-13T15:28:10","slug":"seytanin-avukati-turkish-edition","status":"publish","type":"product","link":"https:\/\/ddpublishings.com\/el\/product\/seytanin-avukati-turkish-edition\/","title":{"rendered":"\u039f \u0394\u03b9\u03ba\u03b7\u03b3\u03cc\u03c1\u03bf\u03c2 \u03c4\u03bf\u03c5 \u0394\u03b9\u03b1\u03b2\u03cc\u03bb\u03bf\u03c5 &#8211; \u03a4\u03bf\u03c5\u03c1\u03ba\u03b9\u03ba\u03ae \u0388\u03ba\u03b4\u03bf\u03c3\u03b7"},"content":{"rendered":"<p><span data-path-to-node=\"8,2\"><span class=\"citation-84\">\u039f \u03b4\u03b9\u03ba\u03b7\u03b3\u03cc\u03c1\u03bf\u03c2-\u03c3\u03c5\u03b3\u03b3\u03c1\u03b1\u03c6\u03ad\u03b1\u03c2 Abdurrahim Dede, \u03bc\u03b5 \u03c4\u03bf \u03ad\u03c1\u03b3\u03bf \u03c4\u03bf\u03c5 \u00ab\u039f \u0394\u03b9\u03ba\u03b7\u03b3\u03cc\u03c1\u03bf\u03c2 \u03c4\u03bf\u03c5 \u0394\u03b9\u03b1\u03b2\u03cc\u03bb\u03bf\u03c5\u00bb (\u015eeytan\u0131n Avukat\u0131), \u03bf\u03b4\u03b7\u03b3\u03b5\u03af \u03c4\u03bf\u03c5\u03c2 \u03b1\u03bd\u03b1\u03b3\u03bd\u03ce\u03c3\u03c4\u03b5\u03c2 \u03c3\u03b5 \u03ad\u03bd\u03b1 \u03c3\u03c5\u03b3\u03ba\u03bb\u03bf\u03bd\u03b9\u03c3\u03c4\u03b9\u03ba\u03cc \u03c4\u03b1\u03be\u03af\u03b4\u03b9 \u03c3\u03c4\u03b7 \u03c3\u03ba\u03bf\u03c4\u03b5\u03b9\u03bd\u03ae \u03c0\u03bb\u03b5\u03c5\u03c1\u03ac \u03c4\u03bf\u03c5 \u03bd\u03cc\u03bc\u03bf\u03c5, \u03c4\u03b7\u03c2 \u03c3\u03c5\u03bd\u03b5\u03af\u03b4\u03b7\u03c3\u03b7\u03c2 \u03ba\u03b1\u03b9 \u03c4\u03b7\u03c2 \u03b1\u03bd\u03b8\u03c1\u03ce\u03c0\u03b9\u03bd\u03b7\u03c2 \u03c6\u03cd\u03c3\u03b7\u03c2<\/span><\/span><span data-path-to-node=\"8,4\">. <\/span><span data-path-to-node=\"8,6\"><span class=\"citation-83\">\u0392\u03b1\u03c3\u03b9\u03c3\u03bc\u03ad\u03bd\u03bf \u03c3\u03b5 \u03c0\u03c1\u03b1\u03b3\u03bc\u03b1\u03c4\u03b9\u03ba\u03ac \u03b3\u03b5\u03b3\u03bf\u03bd\u03cc\u03c4\u03b1, \u03c4\u03bf \u03b2\u03b9\u03b2\u03bb\u03af\u03bf \u03b5\u03bc\u03b2\u03b1\u03b8\u03cd\u03bd\u03b5\u03b9 \u03c3\u03c4\u03b7\u03bd \u03b9\u03b4\u03ad\u03b1 \u03cc\u03c4\u03b9 \u03b7 \u03b4\u03b9\u03ba\u03b1\u03b9\u03bf\u03c3\u03cd\u03bd\u03b7 \u03c0\u03c1\u03ad\u03c0\u03b5\u03b9 \u03bd\u03b1 \u03b1\u03bd\u03b1\u03b6\u03b7\u03c4\u03b5\u03af\u03c4\u03b1\u03b9 \u03cc\u03c7\u03b9 \u03bc\u03cc\u03bd\u03bf \u03c3\u03c4\u03b9\u03c2 \u03b4\u03b9\u03ba\u03b1\u03c3\u03c4\u03b9\u03ba\u03ad\u03c2 \u03b1\u03af\u03b8\u03bf\u03c5\u03c3\u03b5\u03c2, \u03b1\u03bb\u03bb\u03ac \u03ba\u03c5\u03c1\u03af\u03c9\u03c2 \u03bc\u03ad\u03c3\u03b1 \u03c3\u03c4\u03b7 \u03c3\u03c5\u03bd\u03b5\u03af\u03b4\u03b7\u03c3\u03b7<\/span><\/span><span data-path-to-node=\"8,8\">. <\/span><span data-path-to-node=\"8,10\"><span class=\"citation-82\">\u039c\u03b5\u03c4\u03b1\u03c4\u03c1\u03ad\u03c0\u03bf\u03bd\u03c4\u03b1\u03c2 \u03c4\u03b7 \u03b2\u03b1\u03b8\u03b9\u03ac \u03bc\u03b5\u03c4\u03b1\u03bc\u03ad\u03bb\u03b5\u03b9\u03b1 \u03c0\u03bf\u03c5 \u03ad\u03bd\u03b9\u03c9\u03c3\u03b5 \u03cc\u03c4\u03b1\u03bd \u03c7\u03c1\u03b7\u03c3\u03b9\u03bc\u03bf\u03c0\u03bf\u03af\u03b7\u03c3\u03b5 \u03c4\u03b7 \u03bd\u03bf\u03bc\u03b9\u03ba\u03ae \u03c4\u03bf\u03c5 \u03b9\u03b4\u03b9\u03bf\u03c6\u03c5\u0390\u03b1 \u03b3\u03b9\u03b1 \u03bd\u03b1 \u03b4\u03b9\u03b1\u03c3\u03c4\u03c1\u03b5\u03b2\u03bb\u03ce\u03c3\u03b5\u03b9 \u03c4\u03b7\u03bd \u03b1\u03bb\u03ae\u03b8\u03b5\u03b9\u03b1 \u03c3\u03b5 \u03bc\u03b9\u03b1 \u03b9\u03c3\u03c4\u03bf\u03c1\u03af\u03b1 \u03bc\u03b5\u03c4\u03ac\u03bd\u03bf\u03b9\u03b1\u03c2, \u03bf \u03c3\u03c5\u03b3\u03b3\u03c1\u03b1\u03c6\u03ad\u03b1\u03c2 \u03b1\u03bd\u03c4\u03bb\u03b5\u03af \u03c3\u03c0\u03bf\u03c5\u03b4\u03b1\u03af\u03b1 \u03bc\u03b1\u03b8\u03ae\u03bc\u03b1\u03c4\u03b1 \u03b6\u03c9\u03ae\u03c2 \u03b1\u03c0\u03cc \u03c4\u03b9\u03c2 \u03b4\u03bf\u03ba\u03b9\u03bc\u03b1\u03c3\u03af\u03b5\u03c2 \u03c4\u03b7\u03c2 \u03b5\u03c0\u03b1\u03b3\u03b3\u03b5\u03bb\u03bc\u03b1\u03c4\u03b9\u03ba\u03ae\u03c2 \u03ba\u03b1\u03b9 \u03ba\u03b1\u03b8\u03b7\u03bc\u03b5\u03c1\u03b9\u03bd\u03ae\u03c2 \u03cd\u03c0\u03b1\u03c1\u03be\u03b7\u03c2<\/span><\/span><span data-path-to-node=\"8,12\">. <\/span><span data-path-to-node=\"8,14\"><span class=\"citation-81\">\u03a4\u03bf \u03ad\u03c1\u03b3\u03bf \u03c0\u03c1\u03bf\u03c3\u03c6\u03ad\u03c1\u03b5\u03b9 \u03bc\u03b9\u03b1 \u03ba\u03b1\u03b8\u03bf\u03b4\u03b7\u03b3\u03b7\u03c4\u03b9\u03ba\u03ae \u03c3\u03bf\u03c6\u03af\u03b1 \u03c0\u03bf\u03c5 \u03c0\u03c1\u03bf\u03c3\u03ba\u03b1\u03bb\u03b5\u03af \u03c4\u03bf\u03bd \u03b1\u03bd\u03b1\u03b3\u03bd\u03ce\u03c3\u03c4\u03b7 \u03c3\u03b5 \u03b2\u03b1\u03b8\u03cd \u03c3\u03c4\u03bf\u03c7\u03b1\u03c3\u03bc\u03cc \u03b3\u03cd\u03c1\u03c9 \u03b1\u03c0\u03cc \u03c4\u03b7\u03bd \u03b5\u03bd\u03c4\u03b9\u03bc\u03cc\u03c4\u03b7\u03c4\u03b1, \u03c4\u03b1 \u03b7\u03b8\u03b9\u03ba\u03ac \u03b4\u03b9\u03bb\u03ae\u03bc\u03bc\u03b1\u03c4\u03b1 \u03ba\u03b1\u03b9 \u03c4\u03b7\u03bd \u03b9\u03c3\u03bf\u03c1\u03c1\u03bf\u03c0\u03af\u03b1 \u03bc\u03b5\u03c4\u03b1\u03be\u03cd \u03cd\u03bb\u03b7\u03c2 \u03ba\u03b1\u03b9 \u03c0\u03bd\u03b5\u03cd\u03bc\u03b1\u03c4\u03bf\u03c2<\/span><\/span><span data-path-to-node=\"8,16\">.<\/span><\/p>\n","protected":false},"excerpt":{"rendered":"[dflip id=\"4840\" type=\"thumb\"][\/dflip]\n","protected":false},"featured_media":4857,"comment_status":"open","ping_status":"closed","template":"","meta":{"_acf_changed":false},"product_cat":[189,191,211],"product_tag":[207,242],"class_list":{"0":"post-4859","1":"product","2":"type-product","3":"status-publish","4":"has-post-thumbnail","6":"product_cat-nees-kyklofories","7":"product_cat-ta-pio-dimofili","8":"product_cat-tourkikes-ekdoseis","9":"product_tag-abdurrahim-dede-el","10":"product_tag-seytanin-avukati","11":"pa_authors-abntourrachim-dede","13":"first","14":"instock","15":"sale","16":"shipping-taxable","17":"purchasable","18":"product-type-variable","swatches":"rey-swatches","show_selected":""},"acf":[],"yoast_head":"<!-- This site is optimized with the Yoast SEO plugin v27.4 - https:\/\/yoast.com\/product\/yoast-seo-wordpress\/ -->\n<title>\u039f \u0394\u03b9\u03ba\u03b7\u03b3\u03cc\u03c1\u03bf\u03c2 \u03c4\u03bf\u03c5 \u0394\u03b9\u03b1\u03b2\u03cc\u03bb\u03bf\u03c5 - \u03a4\u03bf\u03c5\u03c1\u03ba\u03b9\u03ba\u03ae \u0388\u03ba\u03b4\u03bf\u03c3\u03b7 - ddpublishings<\/title>\n<meta name=\"description\" content=\"Lawyer-writer Abdurrahim Dede, with his work &quot;The Devil&#039;s Advocate&quot;, takes readers on a profound journey into the dark side of law, conscience, and human na\" \/>\n<meta name=\"robots\" content=\"index, follow, max-snippet:-1, max-image-preview:large, max-video-preview:-1\" \/>\n<link rel=\"canonical\" href=\"https:\/\/ddpublishings.com\/el\/product\/seytanin-avukati-turkish-edition\/\" \/>\n<meta property=\"og:locale\" content=\"el_GR\" \/>\n<meta property=\"og:type\" content=\"article\" \/>\n<meta property=\"og:title\" content=\"\u039f \u0394\u03b9\u03ba\u03b7\u03b3\u03cc\u03c1\u03bf\u03c2 \u03c4\u03bf\u03c5 \u0394\u03b9\u03b1\u03b2\u03cc\u03bb\u03bf\u03c5 - \u03a4\u03bf\u03c5\u03c1\u03ba\u03b9\u03ba\u03ae \u0388\u03ba\u03b4\u03bf\u03c3\u03b7 - ddpublishings\" \/>\n<meta property=\"og:description\" content=\"Lawyer-writer Abdurrahim Dede, with his work &quot;The Devil&#039;s Advocate&quot;, takes readers on a profound journey into the dark side of law, conscience, and human na\" \/>\n<meta property=\"og:url\" content=\"https:\/\/ddpublishings.com\/el\/product\/seytanin-avukati-turkish-edition\/\" \/>\n<meta property=\"og:site_name\" content=\"ddpublishings\" \/>\n<meta property=\"article:modified_time\" content=\"2026-04-13T15:28:10+00:00\" \/>\n<meta property=\"og:image\" content=\"https:\/\/ddpublishings.com\/wp-content\/uploads\/2026\/04\/seytanin-avukaHJti-JPG-1.jpeg\" \/>\n\t<meta property=\"og:image:width\" content=\"558\" \/>\n\t<meta property=\"og:image:height\" content=\"875\" \/>\n\t<meta property=\"og:image:type\" content=\"image\/jpeg\" \/>\n<meta name=\"twitter:card\" content=\"summary_large_image\" \/>\n<meta name=\"twitter:label1\" content=\"\u0395\u03ba\u03c4\u03b9\u03bc\u03ce\u03bc\u03b5\u03bd\u03bf\u03c2 \u03c7\u03c1\u03cc\u03bd\u03bf\u03c2 \u03b1\u03bd\u03ac\u03b3\u03bd\u03c9\u03c3\u03b7\u03c2\" \/>\n\t<meta name=\"twitter:data1\" content=\"1 \u03bb\u03b5\u03c0\u03c4\u03cc\" \/>\n<script type=\"application\/ld+json\" class=\"yoast-schema-graph\">{\"@context\":\"https:\\\/\\\/schema.org\",\"@graph\":[{\"@type\":\"WebPage\",\"@id\":\"https:\\\/\\\/ddpublishings.com\\\/el\\\/product\\\/seytanin-avukati-turkish-edition\\\/\",\"url\":\"https:\\\/\\\/ddpublishings.com\\\/el\\\/product\\\/seytanin-avukati-turkish-edition\\\/\",\"name\":\"\u039f \u0394\u03b9\u03ba\u03b7\u03b3\u03cc\u03c1\u03bf\u03c2 \u03c4\u03bf\u03c5 \u0394\u03b9\u03b1\u03b2\u03cc\u03bb\u03bf\u03c5 - \u03a4\u03bf\u03c5\u03c1\u03ba\u03b9\u03ba\u03ae \u0388\u03ba\u03b4\u03bf\u03c3\u03b7 - ddpublishings\",\"isPartOf\":{\"@id\":\"https:\\\/\\\/ddpublishings.com\\\/el\\\/#website\"},\"primaryImageOfPage\":{\"@id\":\"https:\\\/\\\/ddpublishings.com\\\/el\\\/product\\\/seytanin-avukati-turkish-edition\\\/#primaryimage\"},\"image\":{\"@id\":\"https:\\\/\\\/ddpublishings.com\\\/el\\\/product\\\/seytanin-avukati-turkish-edition\\\/#primaryimage\"},\"thumbnailUrl\":\"https:\\\/\\\/ddpublishings.com\\\/wp-content\\\/uploads\\\/2026\\\/04\\\/seytanin-avukaHJti-JPG-1.jpeg\",\"datePublished\":\"2026-04-13T15:26:19+00:00\",\"dateModified\":\"2026-04-13T15:28:10+00:00\",\"description\":\"Lawyer-writer Abdurrahim Dede, with his work \\\"The Devil's Advocate\\\", takes readers on a profound journey into the dark side of law, conscience, and human na\",\"breadcrumb\":{\"@id\":\"https:\\\/\\\/ddpublishings.com\\\/el\\\/product\\\/seytanin-avukati-turkish-edition\\\/#breadcrumb\"},\"inLanguage\":\"el\",\"potentialAction\":[{\"@type\":\"ReadAction\",\"target\":[\"https:\\\/\\\/ddpublishings.com\\\/el\\\/product\\\/seytanin-avukati-turkish-edition\\\/\"]}]},{\"@type\":\"ImageObject\",\"inLanguage\":\"el\",\"@id\":\"https:\\\/\\\/ddpublishings.com\\\/el\\\/product\\\/seytanin-avukati-turkish-edition\\\/#primaryimage\",\"url\":\"https:\\\/\\\/ddpublishings.com\\\/wp-content\\\/uploads\\\/2026\\\/04\\\/seytanin-avukaHJti-JPG-1.jpeg\",\"contentUrl\":\"https:\\\/\\\/ddpublishings.com\\\/wp-content\\\/uploads\\\/2026\\\/04\\\/seytanin-avukaHJti-JPG-1.jpeg\",\"width\":558,\"height\":875},{\"@type\":\"BreadcrumbList\",\"@id\":\"https:\\\/\\\/ddpublishings.com\\\/el\\\/product\\\/seytanin-avukati-turkish-edition\\\/#breadcrumb\",\"itemListElement\":[{\"@type\":\"ListItem\",\"position\":1,\"name\":\"Home\",\"item\":\"https:\\\/\\\/ddpublishings.com\\\/el\\\/\"},{\"@type\":\"ListItem\",\"position\":2,\"name\":\"\u0392\u03b9\u03b2\u03bb\u03af\u03b1\",\"item\":\"https:\\\/\\\/ddpublishings.com\\\/el\\\/vivlia\\\/\"},{\"@type\":\"ListItem\",\"position\":3,\"name\":\"\u039f \u0394\u03b9\u03ba\u03b7\u03b3\u03cc\u03c1\u03bf\u03c2 \u03c4\u03bf\u03c5 \u0394\u03b9\u03b1\u03b2\u03cc\u03bb\u03bf\u03c5 &#8211; \u03a4\u03bf\u03c5\u03c1\u03ba\u03b9\u03ba\u03ae \u0388\u03ba\u03b4\u03bf\u03c3\u03b7\"}]},{\"@type\":\"WebSite\",\"@id\":\"https:\\\/\\\/ddpublishings.com\\\/el\\\/#website\",\"url\":\"https:\\\/\\\/ddpublishings.com\\\/el\\\/\",\"name\":\"ddpublishings\",\"description\":\"\",\"publisher\":{\"@id\":\"https:\\\/\\\/ddpublishings.com\\\/el\\\/#organization\"},\"potentialAction\":[{\"@type\":\"SearchAction\",\"target\":{\"@type\":\"EntryPoint\",\"urlTemplate\":\"https:\\\/\\\/ddpublishings.com\\\/el\\\/?s={search_term_string}\"},\"query-input\":{\"@type\":\"PropertyValueSpecification\",\"valueRequired\":true,\"valueName\":\"search_term_string\"}}],\"inLanguage\":\"el\"},{\"@type\":\"Organization\",\"@id\":\"https:\\\/\\\/ddpublishings.com\\\/el\\\/#organization\",\"name\":\"ddpublishings\",\"url\":\"https:\\\/\\\/ddpublishings.com\\\/el\\\/\",\"logo\":{\"@type\":\"ImageObject\",\"inLanguage\":\"el\",\"@id\":\"https:\\\/\\\/ddpublishings.com\\\/el\\\/#\\\/schema\\\/logo\\\/image\\\/\",\"url\":\"https:\\\/\\\/ddpublishings.com\\\/wp-content\\\/uploads\\\/2025\\\/07\\\/dd-publishing-logo-black.svg\",\"contentUrl\":\"https:\\\/\\\/ddpublishings.com\\\/wp-content\\\/uploads\\\/2025\\\/07\\\/dd-publishing-logo-black.svg\",\"width\":561,\"height\":454,\"caption\":\"ddpublishings\"},\"image\":{\"@id\":\"https:\\\/\\\/ddpublishings.com\\\/el\\\/#\\\/schema\\\/logo\\\/image\\\/\"}}]}<\/script>\n<!-- \/ Yoast SEO plugin. -->","yoast_head_json":{"title":"\u039f \u0394\u03b9\u03ba\u03b7\u03b3\u03cc\u03c1\u03bf\u03c2 \u03c4\u03bf\u03c5 \u0394\u03b9\u03b1\u03b2\u03cc\u03bb\u03bf\u03c5 - \u03a4\u03bf\u03c5\u03c1\u03ba\u03b9\u03ba\u03ae \u0388\u03ba\u03b4\u03bf\u03c3\u03b7 - ddpublishings","description":"Lawyer-writer Abdurrahim Dede, with his work \"The Devil's Advocate\", takes readers on a profound journey into the dark side of law, conscience, and human na","robots":{"index":"index","follow":"follow","max-snippet":"max-snippet:-1","max-image-preview":"max-image-preview:large","max-video-preview":"max-video-preview:-1"},"canonical":"https:\/\/ddpublishings.com\/el\/product\/seytanin-avukati-turkish-edition\/","og_locale":"el_GR","og_type":"article","og_title":"\u039f \u0394\u03b9\u03ba\u03b7\u03b3\u03cc\u03c1\u03bf\u03c2 \u03c4\u03bf\u03c5 \u0394\u03b9\u03b1\u03b2\u03cc\u03bb\u03bf\u03c5 - \u03a4\u03bf\u03c5\u03c1\u03ba\u03b9\u03ba\u03ae \u0388\u03ba\u03b4\u03bf\u03c3\u03b7 - ddpublishings","og_description":"Lawyer-writer Abdurrahim Dede, with his work \"The Devil's Advocate\", takes readers on a profound journey into the dark side of law, conscience, and human na","og_url":"https:\/\/ddpublishings.com\/el\/product\/seytanin-avukati-turkish-edition\/","og_site_name":"ddpublishings","article_modified_time":"2026-04-13T15:28:10+00:00","og_image":[{"width":558,"height":875,"url":"https:\/\/ddpublishings.com\/wp-content\/uploads\/2026\/04\/seytanin-avukaHJti-JPG-1.jpeg","type":"image\/jpeg"}],"twitter_card":"summary_large_image","twitter_misc":{"\u0395\u03ba\u03c4\u03b9\u03bc\u03ce\u03bc\u03b5\u03bd\u03bf\u03c2 \u03c7\u03c1\u03cc\u03bd\u03bf\u03c2 \u03b1\u03bd\u03ac\u03b3\u03bd\u03c9\u03c3\u03b7\u03c2":"1 \u03bb\u03b5\u03c0\u03c4\u03cc"},"schema":{"@context":"https:\/\/schema.org","@graph":[{"@type":"WebPage","@id":"https:\/\/ddpublishings.com\/el\/product\/seytanin-avukati-turkish-edition\/","url":"https:\/\/ddpublishings.com\/el\/product\/seytanin-avukati-turkish-edition\/","name":"\u039f \u0394\u03b9\u03ba\u03b7\u03b3\u03cc\u03c1\u03bf\u03c2 \u03c4\u03bf\u03c5 \u0394\u03b9\u03b1\u03b2\u03cc\u03bb\u03bf\u03c5 - \u03a4\u03bf\u03c5\u03c1\u03ba\u03b9\u03ba\u03ae \u0388\u03ba\u03b4\u03bf\u03c3\u03b7 - ddpublishings","isPartOf":{"@id":"https:\/\/ddpublishings.com\/el\/#website"},"primaryImageOfPage":{"@id":"https:\/\/ddpublishings.com\/el\/product\/seytanin-avukati-turkish-edition\/#primaryimage"},"image":{"@id":"https:\/\/ddpublishings.com\/el\/product\/seytanin-avukati-turkish-edition\/#primaryimage"},"thumbnailUrl":"https:\/\/ddpublishings.com\/wp-content\/uploads\/2026\/04\/seytanin-avukaHJti-JPG-1.jpeg","datePublished":"2026-04-13T15:26:19+00:00","dateModified":"2026-04-13T15:28:10+00:00","description":"Lawyer-writer Abdurrahim Dede, with his work \"The Devil's Advocate\", takes readers on a profound journey into the dark side of law, conscience, and human na","breadcrumb":{"@id":"https:\/\/ddpublishings.com\/el\/product\/seytanin-avukati-turkish-edition\/#breadcrumb"},"inLanguage":"el","potentialAction":[{"@type":"ReadAction","target":["https:\/\/ddpublishings.com\/el\/product\/seytanin-avukati-turkish-edition\/"]}]},{"@type":"ImageObject","inLanguage":"el","@id":"https:\/\/ddpublishings.com\/el\/product\/seytanin-avukati-turkish-edition\/#primaryimage","url":"https:\/\/ddpublishings.com\/wp-content\/uploads\/2026\/04\/seytanin-avukaHJti-JPG-1.jpeg","contentUrl":"https:\/\/ddpublishings.com\/wp-content\/uploads\/2026\/04\/seytanin-avukaHJti-JPG-1.jpeg","width":558,"height":875},{"@type":"BreadcrumbList","@id":"https:\/\/ddpublishings.com\/el\/product\/seytanin-avukati-turkish-edition\/#breadcrumb","itemListElement":[{"@type":"ListItem","position":1,"name":"Home","item":"https:\/\/ddpublishings.com\/el\/"},{"@type":"ListItem","position":2,"name":"\u0392\u03b9\u03b2\u03bb\u03af\u03b1","item":"https:\/\/ddpublishings.com\/el\/vivlia\/"},{"@type":"ListItem","position":3,"name":"\u039f \u0394\u03b9\u03ba\u03b7\u03b3\u03cc\u03c1\u03bf\u03c2 \u03c4\u03bf\u03c5 \u0394\u03b9\u03b1\u03b2\u03cc\u03bb\u03bf\u03c5 &#8211; \u03a4\u03bf\u03c5\u03c1\u03ba\u03b9\u03ba\u03ae \u0388\u03ba\u03b4\u03bf\u03c3\u03b7"}]},{"@type":"WebSite","@id":"https:\/\/ddpublishings.com\/el\/#website","url":"https:\/\/ddpublishings.com\/el\/","name":"ddpublishings","description":"","publisher":{"@id":"https:\/\/ddpublishings.com\/el\/#organization"},"potentialAction":[{"@type":"SearchAction","target":{"@type":"EntryPoint","urlTemplate":"https:\/\/ddpublishings.com\/el\/?s={search_term_string}"},"query-input":{"@type":"PropertyValueSpecification","valueRequired":true,"valueName":"search_term_string"}}],"inLanguage":"el"},{"@type":"Organization","@id":"https:\/\/ddpublishings.com\/el\/#organization","name":"ddpublishings","url":"https:\/\/ddpublishings.com\/el\/","logo":{"@type":"ImageObject","inLanguage":"el","@id":"https:\/\/ddpublishings.com\/el\/#\/schema\/logo\/image\/","url":"https:\/\/ddpublishings.com\/wp-content\/uploads\/2025\/07\/dd-publishing-logo-black.svg","contentUrl":"https:\/\/ddpublishings.com\/wp-content\/uploads\/2025\/07\/dd-publishing-logo-black.svg","width":561,"height":454,"caption":"ddpublishings"},"image":{"@id":"https:\/\/ddpublishings.com\/el\/#\/schema\/logo\/image\/"}}]}},"_links":{"self":[{"href":"https:\/\/ddpublishings.com\/el\/wp-json\/wp\/v2\/product\/4859","targetHints":{"allow":["GET"]}}],"collection":[{"href":"https:\/\/ddpublishings.com\/el\/wp-json\/wp\/v2\/product"}],"about":[{"href":"https:\/\/ddpublishings.com\/el\/wp-json\/wp\/v2\/types\/product"}],"replies":[{"embeddable":true,"href":"https:\/\/ddpublishings.com\/el\/wp-json\/wp\/v2\/comments?post=4859"}],"wp:featuredmedia":[{"embeddable":true,"href":"https:\/\/ddpublishings.com\/el\/wp-json\/wp\/v2\/media\/4857"}],"wp:attachment":[{"href":"https:\/\/ddpublishings.com\/el\/wp-json\/wp\/v2\/media?parent=4859"}],"wp:term":[{"taxonomy":"product_cat","embeddable":true,"href":"https:\/\/ddpublishings.com\/el\/wp-json\/wp\/v2\/product_cat?post=4859"},{"taxonomy":"product_tag","embeddable":true,"href":"https:\/\/ddpublishings.com\/el\/wp-json\/wp\/v2\/product_tag?post=4859"}],"curies":[{"name":"wp","href":"https:\/\/api.w.org\/{rel}","templated":true}]}}