{"id":4049,"date":"2025-07-16T18:00:58","date_gmt":"2025-07-16T15:00:58","guid":{"rendered":"https:\/\/ddpublishings.com\/abdurrahim-dede\/"},"modified":"2025-09-25T18:31:38","modified_gmt":"2025-09-25T15:31:38","slug":"abdurrahim-dede","status":"publish","type":"page","link":"https:\/\/ddpublishings.com\/tr\/abdurrahim-dede\/","title":{"rendered":"Abdurrahim Dede"},"content":{"rendered":"\t\t<div data-elementor-type=\"wp-page\" data-elementor-id=\"4049\" class=\"elementor elementor-4049 elementor-3874\">\n\t\t\t\t\t\t<section class=\"elementor-section elementor-top-section elementor-element elementor-element-6c425767 rey-flexWrap elementor-section-boxed elementor-section-height-default elementor-section-height-default\" data-id=\"6c425767\" data-element_type=\"section\" data-e-type=\"section\">\n\t\t\t\t\t\t<div class=\"elementor-container elementor-column-gap-default\">\n\t\t\t\t\t<div class=\"elementor-column elementor-col-50 elementor-top-column elementor-element elementor-element-16e06eba\" data-id=\"16e06eba\" data-element_type=\"column\" data-e-type=\"column\">\n\t\t\t<div class=\"elementor-column-wrap--16e06eba elementor-widget-wrap elementor-element-populated\">\n\t\t\t\t\t\t<div class=\"elementor-element elementor-element-62b82c18 elementor-widget elementor-widget-heading\" data-id=\"62b82c18\" data-element_type=\"widget\" data-e-type=\"widget\" data-widget_type=\"heading.default\">\n\t\t\t\t\t<h1 class=\"elementor-heading-title elementor-size-default\">Abdurrahim Dede<\/h1>\t\t\t\t<\/div>\n\t\t\t\t<div class=\"elementor-element elementor-element-2606bf52 elementor-widget elementor-widget-heading\" data-id=\"2606bf52\" data-element_type=\"widget\" data-e-type=\"widget\" data-widget_type=\"heading.default\">\n\t\t\t\t\t<h4 class=\"elementor-heading-title elementor-size-default\">Yazar, Avukat<\/h4>\t\t\t\t<\/div>\n\t\t\t\t<div class=\"elementor-element elementor-element-1cf41c29 elementor-widget-divider--view-line elementor-widget elementor-widget-divider\" data-id=\"1cf41c29\" data-element_type=\"widget\" data-e-type=\"widget\" data-widget_type=\"divider.default\">\n\t\t\t\t\t\t\t<div class=\"elementor-divider\">\n\t\t\t<span class=\"elementor-divider-separator\">\n\t\t\t\t\t\t<\/span>\n\t\t<\/div>\n\t\t\t\t\t\t<\/div>\n\t\t\t\t\t<\/div>\n\t\t<\/div>\n\t\t\t\t<div class=\"elementor-column elementor-col-50 elementor-top-column elementor-element elementor-element-45926edf\" data-id=\"45926edf\" data-element_type=\"column\" data-e-type=\"column\">\n\t\t\t<div class=\"elementor-column-wrap--45926edf elementor-widget-wrap elementor-element-populated\">\n\t\t\t\t\t\t<div class=\"elementor-element elementor-element-4601a9e elementor-widget elementor-widget-image\" data-id=\"4601a9e\" data-element_type=\"widget\" data-e-type=\"widget\" data-widget_type=\"image.default\">\n\t\t\t\t\t\t\t\t\t\t\t\t\t\t\t<img fetchpriority=\"high\" decoding=\"async\" width=\"808\" height=\"1024\" src=\"https:\/\/ddpublishings.com\/wp-content\/uploads\/2025\/07\/1642751565-lawyer-808x1024.jpg\" class=\"attachment-large size-large wp-image-3293\" alt=\"Abdurrahim Dede\" srcset=\"https:\/\/ddpublishings.com\/wp-content\/uploads\/2025\/07\/1642751565-lawyer-808x1024.jpg 808w, https:\/\/ddpublishings.com\/wp-content\/uploads\/2025\/07\/1642751565-lawyer-420x532.jpg 420w, https:\/\/ddpublishings.com\/wp-content\/uploads\/2025\/07\/1642751565-lawyer-500x633.jpg 500w, https:\/\/ddpublishings.com\/wp-content\/uploads\/2025\/07\/1642751565-lawyer-237x300.jpg 237w, https:\/\/ddpublishings.com\/wp-content\/uploads\/2025\/07\/1642751565-lawyer-768x973.jpg 768w, https:\/\/ddpublishings.com\/wp-content\/uploads\/2025\/07\/1642751565-lawyer.jpg 1200w\" sizes=\"(max-width: 808px) 100vw, 808px\" \/>\t\t\t\t\t\t\t\t\t\t\t\t\t\t\t<\/div>\n\t\t\t\t\t<\/div>\n\t\t<\/div>\n\t\t\t\t\t<\/div>\n\t\t<\/section>\n\t\t\t\t<section class=\"elementor-section elementor-top-section elementor-element elementor-element-38d97086 elementor-section-boxed elementor-section-height-default elementor-section-height-default\" data-id=\"38d97086\" data-element_type=\"section\" data-e-type=\"section\">\n\t\t\t\t\t\t<div class=\"elementor-container elementor-column-gap-default\">\n\t\t\t\t\t<div class=\"elementor-column elementor-col-100 elementor-top-column elementor-element elementor-element-1ff47eef\" data-id=\"1ff47eef\" data-element_type=\"column\" data-e-type=\"column\">\n\t\t\t<div class=\"elementor-column-wrap--1ff47eef elementor-widget-wrap elementor-element-populated\">\n\t\t\t\t\t\t<div class=\"elementor-element elementor-element-7206adc1 elementor-widget__width-auto elementor-hidden-phone elementor-widget-divider--view-line elementor-widget elementor-widget-divider\" data-id=\"7206adc1\" data-element_type=\"widget\" data-e-type=\"widget\" data-widget_type=\"divider.default\">\n\t\t\t\t\t\t\t<div class=\"elementor-divider\">\n\t\t\t<span class=\"elementor-divider-separator\">\n\t\t\t\t\t\t<\/span>\n\t\t<\/div>\n\t\t\t\t\t\t<\/div>\n\t\t\t\t<div class=\"elementor-element elementor-element-6c12258 elementor-widget__width-initial elementor-widget elementor-widget-heading\" data-id=\"6c12258\" data-element_type=\"widget\" data-e-type=\"widget\" data-widget_type=\"heading.default\">\n\t\t\t\t\t<h3 class=\"elementor-heading-title elementor-size-xl\">Kitaplara  tutkulu<\/h3>\t\t\t\t<\/div>\n\t\t\t\t\t<\/div>\n\t\t<\/div>\n\t\t\t\t\t<\/div>\n\t\t<\/section>\n\t\t\t\t<section class=\"elementor-section elementor-top-section elementor-element elementor-element-2b7318f3 rey-flexWrap elementor-section-boxed elementor-section-height-default elementor-section-height-default\" data-id=\"2b7318f3\" data-element_type=\"section\" data-e-type=\"section\">\n\t\t\t\t\t\t<div class=\"elementor-container elementor-column-gap-extended\">\n\t\t\t\t\t<div class=\"elementor-column elementor-col-100 elementor-top-column elementor-element elementor-element-661f015c\" data-id=\"661f015c\" data-element_type=\"column\" data-e-type=\"column\">\n\t\t\t<div class=\"elementor-column-wrap--661f015c elementor-widget-wrap elementor-element-populated\">\n\t\t\t\t\t\t<div class=\"elementor-element elementor-element-8085a9c elementor-widget elementor-widget-text-editor\" data-id=\"8085a9c\" data-element_type=\"widget\" data-e-type=\"widget\" data-widget_type=\"text-editor.default\">\n\t\t\t\t\t\t\t\t\t<p class=\"p1\"><span class=\"s1\"><b>Abdurrahim Dede<\/b><\/span>, 1954 y\u0131l\u0131nda G\u00fcm\u00fclcine\u2019de do\u011fdu. \u0130stanbul \u00dcniversitesi\u2019nde Hukuk okudu ve avukat olarak \u00e7al\u0131\u015ft\u0131.<\/p><p class=\"p1\">Edebiyat, tarih ve hukuk alanlar\u0131nda \u00e7ok say\u0131da eser kaleme alm\u0131\u015ft\u0131r. Yaz\u0131lar\u0131 arac\u0131l\u0131\u011f\u0131yla Trakya\u2019n\u0131n k\u00fclt\u00fcrel miras\u0131n\u0131n korunmas\u0131na ve yay\u0131lmas\u0131na katk\u0131 sa\u011flamaktad\u0131r. Evli ve be\u015f \u00e7ocuk babas\u0131d\u0131r<\/p>\t\t\t\t\t\t\t\t<\/div>\n\t\t\t\t\t<\/div>\n\t\t<\/div>\n\t\t\t\t\t<\/div>\n\t\t<\/section>\n\t\t\t\t<section class=\"elementor-section elementor-top-section elementor-element elementor-element-2a9765c4 rey-flexWrap elementor-section-boxed elementor-section-height-default elementor-section-height-default\" data-id=\"2a9765c4\" data-element_type=\"section\" data-e-type=\"section\">\n\t\t\t\t\t\t<div class=\"elementor-container elementor-column-gap-no\">\n\t\t\t\t\t<div class=\"elementor-column elementor-col-50 elementor-top-column elementor-element elementor-element-3fca09e\" data-id=\"3fca09e\" data-element_type=\"column\" data-e-type=\"column\">\n\t\t\t<div class=\"elementor-column-wrap--3fca09e elementor-widget-wrap elementor-element-populated\">\n\t\t\t\t\t\t<div class=\"elementor-element elementor-element-94de301 --zindexed-1 elementor-widget elementor-widget-image\" data-id=\"94de301\" data-element_type=\"widget\" data-e-type=\"widget\" data-widget_type=\"image.default\">\n\t\t\t\t\t\t\t\t\t\t\t\t\t\t\t<img decoding=\"async\" width=\"768\" height=\"1024\" src=\"https:\/\/ddpublishings.com\/wp-content\/uploads\/2025\/07\/WhatsApp-Image-2025-07-01-at-22.54.32-768x1024.jpeg\" class=\"attachment-large size-large wp-image-3294\" alt=\"\" srcset=\"https:\/\/ddpublishings.com\/wp-content\/uploads\/2025\/07\/WhatsApp-Image-2025-07-01-at-22.54.32-768x1024.jpeg 768w, https:\/\/ddpublishings.com\/wp-content\/uploads\/2025\/07\/WhatsApp-Image-2025-07-01-at-22.54.32-420x560.jpeg 420w, https:\/\/ddpublishings.com\/wp-content\/uploads\/2025\/07\/WhatsApp-Image-2025-07-01-at-22.54.32-500x667.jpeg 500w, https:\/\/ddpublishings.com\/wp-content\/uploads\/2025\/07\/WhatsApp-Image-2025-07-01-at-22.54.32-225x300.jpeg 225w, https:\/\/ddpublishings.com\/wp-content\/uploads\/2025\/07\/WhatsApp-Image-2025-07-01-at-22.54.32-1152x1536.jpeg 1152w, https:\/\/ddpublishings.com\/wp-content\/uploads\/2025\/07\/WhatsApp-Image-2025-07-01-at-22.54.32.jpeg 1200w\" sizes=\"(max-width: 768px) 100vw, 768px\" \/>\t\t\t\t\t\t\t\t\t\t\t\t\t\t\t<\/div>\n\t\t\t\t\t<\/div>\n\t\t<\/div>\n\t\t\t\t<div class=\"elementor-column elementor-col-50 elementor-top-column elementor-element elementor-element-4d0d93b\" data-id=\"4d0d93b\" data-element_type=\"column\" data-e-type=\"column\">\n\t\t\t<div class=\"elementor-column-wrap--4d0d93b elementor-widget-wrap elementor-element-populated\">\n\t\t\t\t\t\t<div class=\"elementor-element elementor-element-4f72d54a elementor-widget elementor-widget-image\" data-id=\"4f72d54a\" data-element_type=\"widget\" data-e-type=\"widget\" data-widget_type=\"image.default\">\n\t\t\t\t\t\t\t\t\t\t\t\t\t\t\t<img decoding=\"async\" width=\"739\" height=\"1147\" src=\"https:\/\/ddpublishings.com\/wp-content\/uploads\/2025\/07\/WhatsApp-Image-2025-07-01-at-22.51.24.jpeg\" class=\"attachment-full size-full wp-image-3295\" alt=\"\" srcset=\"https:\/\/ddpublishings.com\/wp-content\/uploads\/2025\/07\/WhatsApp-Image-2025-07-01-at-22.51.24.jpeg 739w, https:\/\/ddpublishings.com\/wp-content\/uploads\/2025\/07\/WhatsApp-Image-2025-07-01-at-22.51.24-420x652.jpeg 420w, https:\/\/ddpublishings.com\/wp-content\/uploads\/2025\/07\/WhatsApp-Image-2025-07-01-at-22.51.24-500x776.jpeg 500w, https:\/\/ddpublishings.com\/wp-content\/uploads\/2025\/07\/WhatsApp-Image-2025-07-01-at-22.51.24-193x300.jpeg 193w, https:\/\/ddpublishings.com\/wp-content\/uploads\/2025\/07\/WhatsApp-Image-2025-07-01-at-22.51.24-660x1024.jpeg 660w\" sizes=\"(max-width: 739px) 100vw, 739px\" \/>\t\t\t\t\t\t\t\t\t\t\t\t\t\t\t<\/div>\n\t\t\t\t\t<\/div>\n\t\t<\/div>\n\t\t\t\t\t<\/div>\n\t\t<\/section>\n\t\t\t\t<\/div>\n\t\t","protected":false},"excerpt":{"rendered":"<p>Abdurrahim Dede Yazar, Avukat Kitaplara tutkulu Abdurrahim Dede, 1954 y\u0131l\u0131nda G\u00fcm\u00fclcine\u2019de do\u011fdu. \u0130stanbul \u00dcniversitesi\u2019nde Hukuk okudu ve avukat olarak \u00e7al\u0131\u015ft\u0131. Edebiyat, tarih ve hukuk alanlar\u0131nda \u00e7ok say\u0131da eser kaleme alm\u0131\u015ft\u0131r. Yaz\u0131lar\u0131 arac\u0131l\u0131\u011f\u0131yla Trakya\u2019n\u0131n k\u00fclt\u00fcrel miras\u0131n\u0131n korunmas\u0131na ve yay\u0131lmas\u0131na katk\u0131 sa\u011flamaktad\u0131r. Evli ve be\u015f \u00e7ocuk babas\u0131d\u0131r<\/p>\n","protected":false},"author":1,"featured_media":0,"parent":0,"menu_order":0,"comment_status":"closed","ping_status":"closed","template":"template-builder.php","meta":{"_acf_changed":false,"footnotes":""},"class_list":["post-4049","page","type-page","status-publish","hentry"],"acf":[],"yoast_head":"<!-- This site is optimized with the Yoast SEO plugin v27.4 - https:\/\/yoast.com\/product\/yoast-seo-wordpress\/ -->\n<title>Abdurrahim Dede - ddpublishings<\/title>\n<meta name=\"robots\" content=\"index, follow, max-snippet:-1, max-image-preview:large, max-video-preview:-1\" \/>\n<link rel=\"canonical\" href=\"https:\/\/ddpublishings.com\/tr\/abdurrahim-dede\/\" \/>\n<meta property=\"og:locale\" content=\"tr_TR\" \/>\n<meta property=\"og:type\" content=\"article\" \/>\n<meta property=\"og:title\" content=\"Abdurrahim Dede - ddpublishings\" \/>\n<meta property=\"og:description\" content=\"Abdurrahim Dede Yazar, Avukat Kitaplara tutkulu Abdurrahim Dede, 1954 y\u0131l\u0131nda G\u00fcm\u00fclcine\u2019de do\u011fdu. \u0130stanbul \u00dcniversitesi\u2019nde Hukuk okudu ve avukat olarak \u00e7al\u0131\u015ft\u0131. Edebiyat, tarih ve hukuk alanlar\u0131nda \u00e7ok say\u0131da eser kaleme alm\u0131\u015ft\u0131r. Yaz\u0131lar\u0131 arac\u0131l\u0131\u011f\u0131yla Trakya\u2019n\u0131n k\u00fclt\u00fcrel miras\u0131n\u0131n korunmas\u0131na ve yay\u0131lmas\u0131na katk\u0131 sa\u011flamaktad\u0131r. Evli ve be\u015f \u00e7ocuk babas\u0131d\u0131r\" \/>\n<meta property=\"og:url\" content=\"https:\/\/ddpublishings.com\/tr\/abdurrahim-dede\/\" \/>\n<meta property=\"og:site_name\" content=\"ddpublishings\" \/>\n<meta property=\"article:modified_time\" content=\"2025-09-25T15:31:38+00:00\" \/>\n<meta property=\"og:image\" content=\"https:\/\/ddpublishings.com\/wp-content\/uploads\/2025\/07\/1642751565-lawyer-808x1024.jpg\" \/>\n<meta name=\"twitter:card\" content=\"summary_large_image\" \/>\n<meta name=\"twitter:label1\" content=\"Tahmini okuma s\u00fcresi\" \/>\n\t<meta name=\"twitter:data1\" content=\"1 dakika\" \/>\n<script type=\"application\/ld+json\" class=\"yoast-schema-graph\">{\"@context\":\"https:\\\/\\\/schema.org\",\"@graph\":[{\"@type\":\"WebPage\",\"@id\":\"https:\\\/\\\/ddpublishings.com\\\/tr\\\/abdurrahim-dede\\\/\",\"url\":\"https:\\\/\\\/ddpublishings.com\\\/tr\\\/abdurrahim-dede\\\/\",\"name\":\"Abdurrahim Dede - ddpublishings\",\"isPartOf\":{\"@id\":\"https:\\\/\\\/ddpublishings.com\\\/tr\\\/#website\"},\"primaryImageOfPage\":{\"@id\":\"https:\\\/\\\/ddpublishings.com\\\/tr\\\/abdurrahim-dede\\\/#primaryimage\"},\"image\":{\"@id\":\"https:\\\/\\\/ddpublishings.com\\\/tr\\\/abdurrahim-dede\\\/#primaryimage\"},\"thumbnailUrl\":\"https:\\\/\\\/ddpublishings.com\\\/wp-content\\\/uploads\\\/2025\\\/07\\\/1642751565-lawyer-808x1024.jpg\",\"datePublished\":\"2025-07-16T15:00:58+00:00\",\"dateModified\":\"2025-09-25T15:31:38+00:00\",\"breadcrumb\":{\"@id\":\"https:\\\/\\\/ddpublishings.com\\\/tr\\\/abdurrahim-dede\\\/#breadcrumb\"},\"inLanguage\":\"tr\",\"potentialAction\":[{\"@type\":\"ReadAction\",\"target\":[\"https:\\\/\\\/ddpublishings.com\\\/tr\\\/abdurrahim-dede\\\/\"]}]},{\"@type\":\"ImageObject\",\"inLanguage\":\"tr\",\"@id\":\"https:\\\/\\\/ddpublishings.com\\\/tr\\\/abdurrahim-dede\\\/#primaryimage\",\"url\":\"https:\\\/\\\/ddpublishings.com\\\/wp-content\\\/uploads\\\/2025\\\/07\\\/1642751565-lawyer-808x1024.jpg\",\"contentUrl\":\"https:\\\/\\\/ddpublishings.com\\\/wp-content\\\/uploads\\\/2025\\\/07\\\/1642751565-lawyer-808x1024.jpg\"},{\"@type\":\"BreadcrumbList\",\"@id\":\"https:\\\/\\\/ddpublishings.com\\\/tr\\\/abdurrahim-dede\\\/#breadcrumb\",\"itemListElement\":[{\"@type\":\"ListItem\",\"position\":1,\"name\":\"Home\",\"item\":\"https:\\\/\\\/ddpublishings.com\\\/tr\\\/\"},{\"@type\":\"ListItem\",\"position\":2,\"name\":\"Abdurrahim Dede\"}]},{\"@type\":\"WebSite\",\"@id\":\"https:\\\/\\\/ddpublishings.com\\\/tr\\\/#website\",\"url\":\"https:\\\/\\\/ddpublishings.com\\\/tr\\\/\",\"name\":\"ddpublishings\",\"description\":\"\",\"publisher\":{\"@id\":\"https:\\\/\\\/ddpublishings.com\\\/tr\\\/#organization\"},\"potentialAction\":[{\"@type\":\"SearchAction\",\"target\":{\"@type\":\"EntryPoint\",\"urlTemplate\":\"https:\\\/\\\/ddpublishings.com\\\/tr\\\/?s={search_term_string}\"},\"query-input\":{\"@type\":\"PropertyValueSpecification\",\"valueRequired\":true,\"valueName\":\"search_term_string\"}}],\"inLanguage\":\"tr\"},{\"@type\":\"Organization\",\"@id\":\"https:\\\/\\\/ddpublishings.com\\\/tr\\\/#organization\",\"name\":\"ddpublishings\",\"url\":\"https:\\\/\\\/ddpublishings.com\\\/tr\\\/\",\"logo\":{\"@type\":\"ImageObject\",\"inLanguage\":\"tr\",\"@id\":\"https:\\\/\\\/ddpublishings.com\\\/tr\\\/#\\\/schema\\\/logo\\\/image\\\/\",\"url\":\"https:\\\/\\\/ddpublishings.com\\\/wp-content\\\/uploads\\\/2025\\\/07\\\/dd-publishing-logo-black.svg\",\"contentUrl\":\"https:\\\/\\\/ddpublishings.com\\\/wp-content\\\/uploads\\\/2025\\\/07\\\/dd-publishing-logo-black.svg\",\"width\":561,\"height\":454,\"caption\":\"ddpublishings\"},\"image\":{\"@id\":\"https:\\\/\\\/ddpublishings.com\\\/tr\\\/#\\\/schema\\\/logo\\\/image\\\/\"}}]}<\/script>\n<!-- \/ Yoast SEO plugin. -->","yoast_head_json":{"title":"Abdurrahim Dede - ddpublishings","robots":{"index":"index","follow":"follow","max-snippet":"max-snippet:-1","max-image-preview":"max-image-preview:large","max-video-preview":"max-video-preview:-1"},"canonical":"https:\/\/ddpublishings.com\/tr\/abdurrahim-dede\/","og_locale":"tr_TR","og_type":"article","og_title":"Abdurrahim Dede - ddpublishings","og_description":"Abdurrahim Dede Yazar, Avukat Kitaplara tutkulu Abdurrahim Dede, 1954 y\u0131l\u0131nda G\u00fcm\u00fclcine\u2019de do\u011fdu. \u0130stanbul \u00dcniversitesi\u2019nde Hukuk okudu ve avukat olarak \u00e7al\u0131\u015ft\u0131. Edebiyat, tarih ve hukuk alanlar\u0131nda \u00e7ok say\u0131da eser kaleme alm\u0131\u015ft\u0131r. Yaz\u0131lar\u0131 arac\u0131l\u0131\u011f\u0131yla Trakya\u2019n\u0131n k\u00fclt\u00fcrel miras\u0131n\u0131n korunmas\u0131na ve yay\u0131lmas\u0131na katk\u0131 sa\u011flamaktad\u0131r. Evli ve be\u015f \u00e7ocuk babas\u0131d\u0131r","og_url":"https:\/\/ddpublishings.com\/tr\/abdurrahim-dede\/","og_site_name":"ddpublishings","article_modified_time":"2025-09-25T15:31:38+00:00","og_image":[{"url":"https:\/\/ddpublishings.com\/wp-content\/uploads\/2025\/07\/1642751565-lawyer-808x1024.jpg","type":"","width":"","height":""}],"twitter_card":"summary_large_image","twitter_misc":{"Tahmini okuma s\u00fcresi":"1 dakika"},"schema":{"@context":"https:\/\/schema.org","@graph":[{"@type":"WebPage","@id":"https:\/\/ddpublishings.com\/tr\/abdurrahim-dede\/","url":"https:\/\/ddpublishings.com\/tr\/abdurrahim-dede\/","name":"Abdurrahim Dede - ddpublishings","isPartOf":{"@id":"https:\/\/ddpublishings.com\/tr\/#website"},"primaryImageOfPage":{"@id":"https:\/\/ddpublishings.com\/tr\/abdurrahim-dede\/#primaryimage"},"image":{"@id":"https:\/\/ddpublishings.com\/tr\/abdurrahim-dede\/#primaryimage"},"thumbnailUrl":"https:\/\/ddpublishings.com\/wp-content\/uploads\/2025\/07\/1642751565-lawyer-808x1024.jpg","datePublished":"2025-07-16T15:00:58+00:00","dateModified":"2025-09-25T15:31:38+00:00","breadcrumb":{"@id":"https:\/\/ddpublishings.com\/tr\/abdurrahim-dede\/#breadcrumb"},"inLanguage":"tr","potentialAction":[{"@type":"ReadAction","target":["https:\/\/ddpublishings.com\/tr\/abdurrahim-dede\/"]}]},{"@type":"ImageObject","inLanguage":"tr","@id":"https:\/\/ddpublishings.com\/tr\/abdurrahim-dede\/#primaryimage","url":"https:\/\/ddpublishings.com\/wp-content\/uploads\/2025\/07\/1642751565-lawyer-808x1024.jpg","contentUrl":"https:\/\/ddpublishings.com\/wp-content\/uploads\/2025\/07\/1642751565-lawyer-808x1024.jpg"},{"@type":"BreadcrumbList","@id":"https:\/\/ddpublishings.com\/tr\/abdurrahim-dede\/#breadcrumb","itemListElement":[{"@type":"ListItem","position":1,"name":"Home","item":"https:\/\/ddpublishings.com\/tr\/"},{"@type":"ListItem","position":2,"name":"Abdurrahim Dede"}]},{"@type":"WebSite","@id":"https:\/\/ddpublishings.com\/tr\/#website","url":"https:\/\/ddpublishings.com\/tr\/","name":"ddpublishings","description":"","publisher":{"@id":"https:\/\/ddpublishings.com\/tr\/#organization"},"potentialAction":[{"@type":"SearchAction","target":{"@type":"EntryPoint","urlTemplate":"https:\/\/ddpublishings.com\/tr\/?s={search_term_string}"},"query-input":{"@type":"PropertyValueSpecification","valueRequired":true,"valueName":"search_term_string"}}],"inLanguage":"tr"},{"@type":"Organization","@id":"https:\/\/ddpublishings.com\/tr\/#organization","name":"ddpublishings","url":"https:\/\/ddpublishings.com\/tr\/","logo":{"@type":"ImageObject","inLanguage":"tr","@id":"https:\/\/ddpublishings.com\/tr\/#\/schema\/logo\/image\/","url":"https:\/\/ddpublishings.com\/wp-content\/uploads\/2025\/07\/dd-publishing-logo-black.svg","contentUrl":"https:\/\/ddpublishings.com\/wp-content\/uploads\/2025\/07\/dd-publishing-logo-black.svg","width":561,"height":454,"caption":"ddpublishings"},"image":{"@id":"https:\/\/ddpublishings.com\/tr\/#\/schema\/logo\/image\/"}}]}},"_links":{"self":[{"href":"https:\/\/ddpublishings.com\/tr\/wp-json\/wp\/v2\/pages\/4049","targetHints":{"allow":["GET"]}}],"collection":[{"href":"https:\/\/ddpublishings.com\/tr\/wp-json\/wp\/v2\/pages"}],"about":[{"href":"https:\/\/ddpublishings.com\/tr\/wp-json\/wp\/v2\/types\/page"}],"author":[{"embeddable":true,"href":"https:\/\/ddpublishings.com\/tr\/wp-json\/wp\/v2\/users\/1"}],"replies":[{"embeddable":true,"href":"https:\/\/ddpublishings.com\/tr\/wp-json\/wp\/v2\/comments?post=4049"}],"version-history":[{"count":4,"href":"https:\/\/ddpublishings.com\/tr\/wp-json\/wp\/v2\/pages\/4049\/revisions"}],"predecessor-version":[{"id":4547,"href":"https:\/\/ddpublishings.com\/tr\/wp-json\/wp\/v2\/pages\/4049\/revisions\/4547"}],"wp:attachment":[{"href":"https:\/\/ddpublishings.com\/tr\/wp-json\/wp\/v2\/media?parent=4049"}],"curies":[{"name":"wp","href":"https:\/\/api.w.org\/{rel}","templated":true}]}}