{"id":4033,"date":"2025-07-02T18:28:53","date_gmt":"2025-07-02T15:28:53","guid":{"rendered":"https:\/\/ddpublishings.com\/product\/the-caliph-angel\/"},"modified":"2025-08-01T21:59:17","modified_gmt":"2025-08-01T18:59:17","slug":"halife-angelos","status":"publish","type":"product","link":"https:\/\/ddpublishings.com\/tr\/urun\/halife-angelos\/","title":{"rendered":"Halife Angelos &#8211; Yunanca Bask\u0131"},"content":{"rendered":"<p class=\"p1\"><span class=\"s1\"><b>\u201cHalife Angelos\u201d<\/b><\/span>, g\u00fc\u00e7 ile safl\u0131\u011f\u0131n ikili do\u011fas\u0131n\u0131 ke\u015ffeden felsefi ve alegorik bir hik\u00e2yedir. Mitolojik bir diyarda ge\u00e7en bu anlat\u0131, d\u00fcnyevi g\u00f6revler ile ilahi bir \u00e7a\u011fr\u0131 aras\u0131nda s\u0131k\u0131\u015f\u0131p kalan bir h\u00fck\u00fcmdar\u0131\u2014hem halife hem de el\u00e7iyi\u2014takip eder. Politik huzursuzluk b\u00fcy\u00fcrken, Halife Angelos ahlaki ikilemler, ruhani vizyonlar ve par\u00e7alanm\u0131\u015f bir toplumun beklentileri aras\u0131nda yolunu bulmak zorundad\u0131r. \u015eiirsel bir dil ve sembolik kar\u015f\u0131la\u015fmalar arac\u0131l\u0131\u011f\u0131yla kitap, adalet, hakikat ve d\u00fcnyevi olanla a\u015fk\u0131n olan aras\u0131ndaki ebedi m\u00fccadele \u00fczerine derin bir d\u00fc\u015f\u00fcnce sunar.<\/p>\n","protected":false},"excerpt":{"rendered":"<p><strong>PDF Preview:<\/strong><\/p>\n[dflip id=\"3262\" type=\"thumb\"][\/dflip]\n","protected":false},"featured_media":3991,"comment_status":"open","ping_status":"closed","template":"","meta":{"_acf_changed":false},"product_cat":[192,178,186,190,214],"product_tag":[198],"class_list":{"0":"post-4033","1":"product","2":"type-product","3":"status-publish","4":"has-post-thumbnail","6":"product_cat-cok-satanlar","7":"product_cat-roman-ve-oyku","8":"product_cat-tarih-ve-kultur","9":"product_cat-yeni-cikanlar","10":"product_cat-yunanca-yayinlar","11":"product_tag-best-seller-tr","12":"pa_authors-abdurrahim-dede-tr","14":"first","15":"instock","16":"sale","17":"shipping-taxable","18":"purchasable","19":"product-type-variable","swatches":"rey-swatches","show_selected":""},"acf":[],"yoast_head":"<!-- This site is optimized with the Yoast SEO plugin v27.4 - https:\/\/yoast.com\/product\/yoast-seo-wordpress\/ -->\n<title>Halife Angelos - Yunanca Bask\u0131 - ddpublishings<\/title>\n<meta name=\"robots\" content=\"index, follow, max-snippet:-1, max-image-preview:large, max-video-preview:-1\" \/>\n<link rel=\"canonical\" href=\"https:\/\/ddpublishings.com\/tr\/urun\/halife-angelos\/\" \/>\n<meta property=\"og:locale\" content=\"tr_TR\" \/>\n<meta property=\"og:type\" content=\"article\" \/>\n<meta property=\"og:title\" content=\"Halife Angelos - Yunanca Bask\u0131 - ddpublishings\" \/>\n<meta property=\"og:description\" content=\"PDF Preview:\" \/>\n<meta property=\"og:url\" content=\"https:\/\/ddpublishings.com\/tr\/urun\/halife-angelos\/\" \/>\n<meta property=\"og:site_name\" content=\"ddpublishings\" \/>\n<meta property=\"article:modified_time\" content=\"2025-08-01T18:59:17+00:00\" \/>\n<meta property=\"og:image\" content=\"https:\/\/ddpublishings.com\/wp-content\/uploads\/2025\/07\/eksofillo-angelos-640x1024.png\" \/>\n\t<meta property=\"og:image:width\" content=\"640\" \/>\n\t<meta property=\"og:image:height\" content=\"1024\" \/>\n\t<meta property=\"og:image:type\" content=\"image\/png\" \/>\n<meta name=\"twitter:card\" content=\"summary_large_image\" \/>\n<meta name=\"twitter:label1\" content=\"Tahmini okuma s\u00fcresi\" \/>\n\t<meta name=\"twitter:data1\" content=\"1 dakika\" \/>\n<script type=\"application\/ld+json\" class=\"yoast-schema-graph\">{\"@context\":\"https:\\\/\\\/schema.org\",\"@graph\":[{\"@type\":\"WebPage\",\"@id\":\"https:\\\/\\\/ddpublishings.com\\\/tr\\\/urun\\\/halife-angelos\\\/\",\"url\":\"https:\\\/\\\/ddpublishings.com\\\/tr\\\/urun\\\/halife-angelos\\\/\",\"name\":\"Halife Angelos - Yunanca Bask\u0131 - ddpublishings\",\"isPartOf\":{\"@id\":\"https:\\\/\\\/ddpublishings.com\\\/tr\\\/#website\"},\"primaryImageOfPage\":{\"@id\":\"https:\\\/\\\/ddpublishings.com\\\/tr\\\/urun\\\/halife-angelos\\\/#primaryimage\"},\"image\":{\"@id\":\"https:\\\/\\\/ddpublishings.com\\\/tr\\\/urun\\\/halife-angelos\\\/#primaryimage\"},\"thumbnailUrl\":\"https:\\\/\\\/ddpublishings.com\\\/wp-content\\\/uploads\\\/2025\\\/07\\\/eksofillo-angelos.png\",\"datePublished\":\"2025-07-02T15:28:53+00:00\",\"dateModified\":\"2025-08-01T18:59:17+00:00\",\"breadcrumb\":{\"@id\":\"https:\\\/\\\/ddpublishings.com\\\/tr\\\/urun\\\/halife-angelos\\\/#breadcrumb\"},\"inLanguage\":\"tr\",\"potentialAction\":[{\"@type\":\"ReadAction\",\"target\":[\"https:\\\/\\\/ddpublishings.com\\\/tr\\\/urun\\\/halife-angelos\\\/\"]}]},{\"@type\":\"ImageObject\",\"inLanguage\":\"tr\",\"@id\":\"https:\\\/\\\/ddpublishings.com\\\/tr\\\/urun\\\/halife-angelos\\\/#primaryimage\",\"url\":\"https:\\\/\\\/ddpublishings.com\\\/wp-content\\\/uploads\\\/2025\\\/07\\\/eksofillo-angelos.png\",\"contentUrl\":\"https:\\\/\\\/ddpublishings.com\\\/wp-content\\\/uploads\\\/2025\\\/07\\\/eksofillo-angelos.png\",\"width\":894,\"height\":1430},{\"@type\":\"BreadcrumbList\",\"@id\":\"https:\\\/\\\/ddpublishings.com\\\/tr\\\/urun\\\/halife-angelos\\\/#breadcrumb\",\"itemListElement\":[{\"@type\":\"ListItem\",\"position\":1,\"name\":\"Home\",\"item\":\"https:\\\/\\\/ddpublishings.com\\\/tr\\\/\"},{\"@type\":\"ListItem\",\"position\":2,\"name\":\"Kitaplar\",\"item\":\"https:\\\/\\\/ddpublishings.com\\\/tr\\\/kitaplar\\\/\"},{\"@type\":\"ListItem\",\"position\":3,\"name\":\"Halife Angelos &#8211; Yunanca Bask\u0131\"}]},{\"@type\":\"WebSite\",\"@id\":\"https:\\\/\\\/ddpublishings.com\\\/tr\\\/#website\",\"url\":\"https:\\\/\\\/ddpublishings.com\\\/tr\\\/\",\"name\":\"ddpublishings\",\"description\":\"\",\"publisher\":{\"@id\":\"https:\\\/\\\/ddpublishings.com\\\/tr\\\/#organization\"},\"potentialAction\":[{\"@type\":\"SearchAction\",\"target\":{\"@type\":\"EntryPoint\",\"urlTemplate\":\"https:\\\/\\\/ddpublishings.com\\\/tr\\\/?s={search_term_string}\"},\"query-input\":{\"@type\":\"PropertyValueSpecification\",\"valueRequired\":true,\"valueName\":\"search_term_string\"}}],\"inLanguage\":\"tr\"},{\"@type\":\"Organization\",\"@id\":\"https:\\\/\\\/ddpublishings.com\\\/tr\\\/#organization\",\"name\":\"ddpublishings\",\"url\":\"https:\\\/\\\/ddpublishings.com\\\/tr\\\/\",\"logo\":{\"@type\":\"ImageObject\",\"inLanguage\":\"tr\",\"@id\":\"https:\\\/\\\/ddpublishings.com\\\/tr\\\/#\\\/schema\\\/logo\\\/image\\\/\",\"url\":\"https:\\\/\\\/ddpublishings.com\\\/wp-content\\\/uploads\\\/2025\\\/07\\\/dd-publishing-logo-black.svg\",\"contentUrl\":\"https:\\\/\\\/ddpublishings.com\\\/wp-content\\\/uploads\\\/2025\\\/07\\\/dd-publishing-logo-black.svg\",\"width\":561,\"height\":454,\"caption\":\"ddpublishings\"},\"image\":{\"@id\":\"https:\\\/\\\/ddpublishings.com\\\/tr\\\/#\\\/schema\\\/logo\\\/image\\\/\"}}]}<\/script>\n<!-- \/ Yoast SEO plugin. -->","yoast_head_json":{"title":"Halife Angelos - Yunanca Bask\u0131 - ddpublishings","robots":{"index":"index","follow":"follow","max-snippet":"max-snippet:-1","max-image-preview":"max-image-preview:large","max-video-preview":"max-video-preview:-1"},"canonical":"https:\/\/ddpublishings.com\/tr\/urun\/halife-angelos\/","og_locale":"tr_TR","og_type":"article","og_title":"Halife Angelos - Yunanca Bask\u0131 - ddpublishings","og_description":"PDF Preview:","og_url":"https:\/\/ddpublishings.com\/tr\/urun\/halife-angelos\/","og_site_name":"ddpublishings","article_modified_time":"2025-08-01T18:59:17+00:00","og_image":[{"width":640,"height":1024,"url":"https:\/\/ddpublishings.com\/wp-content\/uploads\/2025\/07\/eksofillo-angelos-640x1024.png","type":"image\/png"}],"twitter_card":"summary_large_image","twitter_misc":{"Tahmini okuma s\u00fcresi":"1 dakika"},"schema":{"@context":"https:\/\/schema.org","@graph":[{"@type":"WebPage","@id":"https:\/\/ddpublishings.com\/tr\/urun\/halife-angelos\/","url":"https:\/\/ddpublishings.com\/tr\/urun\/halife-angelos\/","name":"Halife Angelos - Yunanca Bask\u0131 - ddpublishings","isPartOf":{"@id":"https:\/\/ddpublishings.com\/tr\/#website"},"primaryImageOfPage":{"@id":"https:\/\/ddpublishings.com\/tr\/urun\/halife-angelos\/#primaryimage"},"image":{"@id":"https:\/\/ddpublishings.com\/tr\/urun\/halife-angelos\/#primaryimage"},"thumbnailUrl":"https:\/\/ddpublishings.com\/wp-content\/uploads\/2025\/07\/eksofillo-angelos.png","datePublished":"2025-07-02T15:28:53+00:00","dateModified":"2025-08-01T18:59:17+00:00","breadcrumb":{"@id":"https:\/\/ddpublishings.com\/tr\/urun\/halife-angelos\/#breadcrumb"},"inLanguage":"tr","potentialAction":[{"@type":"ReadAction","target":["https:\/\/ddpublishings.com\/tr\/urun\/halife-angelos\/"]}]},{"@type":"ImageObject","inLanguage":"tr","@id":"https:\/\/ddpublishings.com\/tr\/urun\/halife-angelos\/#primaryimage","url":"https:\/\/ddpublishings.com\/wp-content\/uploads\/2025\/07\/eksofillo-angelos.png","contentUrl":"https:\/\/ddpublishings.com\/wp-content\/uploads\/2025\/07\/eksofillo-angelos.png","width":894,"height":1430},{"@type":"BreadcrumbList","@id":"https:\/\/ddpublishings.com\/tr\/urun\/halife-angelos\/#breadcrumb","itemListElement":[{"@type":"ListItem","position":1,"name":"Home","item":"https:\/\/ddpublishings.com\/tr\/"},{"@type":"ListItem","position":2,"name":"Kitaplar","item":"https:\/\/ddpublishings.com\/tr\/kitaplar\/"},{"@type":"ListItem","position":3,"name":"Halife Angelos &#8211; Yunanca Bask\u0131"}]},{"@type":"WebSite","@id":"https:\/\/ddpublishings.com\/tr\/#website","url":"https:\/\/ddpublishings.com\/tr\/","name":"ddpublishings","description":"","publisher":{"@id":"https:\/\/ddpublishings.com\/tr\/#organization"},"potentialAction":[{"@type":"SearchAction","target":{"@type":"EntryPoint","urlTemplate":"https:\/\/ddpublishings.com\/tr\/?s={search_term_string}"},"query-input":{"@type":"PropertyValueSpecification","valueRequired":true,"valueName":"search_term_string"}}],"inLanguage":"tr"},{"@type":"Organization","@id":"https:\/\/ddpublishings.com\/tr\/#organization","name":"ddpublishings","url":"https:\/\/ddpublishings.com\/tr\/","logo":{"@type":"ImageObject","inLanguage":"tr","@id":"https:\/\/ddpublishings.com\/tr\/#\/schema\/logo\/image\/","url":"https:\/\/ddpublishings.com\/wp-content\/uploads\/2025\/07\/dd-publishing-logo-black.svg","contentUrl":"https:\/\/ddpublishings.com\/wp-content\/uploads\/2025\/07\/dd-publishing-logo-black.svg","width":561,"height":454,"caption":"ddpublishings"},"image":{"@id":"https:\/\/ddpublishings.com\/tr\/#\/schema\/logo\/image\/"}}]}},"_links":{"self":[{"href":"https:\/\/ddpublishings.com\/tr\/wp-json\/wp\/v2\/product\/4033","targetHints":{"allow":["GET"]}}],"collection":[{"href":"https:\/\/ddpublishings.com\/tr\/wp-json\/wp\/v2\/product"}],"about":[{"href":"https:\/\/ddpublishings.com\/tr\/wp-json\/wp\/v2\/types\/product"}],"replies":[{"embeddable":true,"href":"https:\/\/ddpublishings.com\/tr\/wp-json\/wp\/v2\/comments?post=4033"}],"wp:featuredmedia":[{"embeddable":true,"href":"https:\/\/ddpublishings.com\/tr\/wp-json\/wp\/v2\/media\/3991"}],"wp:attachment":[{"href":"https:\/\/ddpublishings.com\/tr\/wp-json\/wp\/v2\/media?parent=4033"}],"wp:term":[{"taxonomy":"product_cat","embeddable":true,"href":"https:\/\/ddpublishings.com\/tr\/wp-json\/wp\/v2\/product_cat?post=4033"},{"taxonomy":"product_tag","embeddable":true,"href":"https:\/\/ddpublishings.com\/tr\/wp-json\/wp\/v2\/product_tag?post=4033"}],"curies":[{"name":"wp","href":"https:\/\/api.w.org\/{rel}","templated":true}]}}