{"id":4152,"date":"2025-07-25T15:33:47","date_gmt":"2025-07-25T12:33:47","guid":{"rendered":"https:\/\/ddpublishings.com\/product\/pipinanin-kocasi-yunanca-baski\/"},"modified":"2025-08-01T22:00:19","modified_gmt":"2025-08-01T19:00:19","slug":"pipinanin-kocasi-yunanca-baski","status":"publish","type":"product","link":"https:\/\/ddpublishings.com\/tr\/urun\/pipinanin-kocasi-yunanca-baski\/","title":{"rendered":"Pipina&#8217;n\u0131n E\u015fi &#8211; Yunanca Bask\u0131"},"content":{"rendered":"<p data-start=\"100\" data-end=\"494\">Abdurrahim Dede&#8217;nin Avdira&#8217;da, bir bal\u0131k\u00e7\u0131 \u00e7iftten, Bay Haris ve Bayan Pipina&#8217;dan ilhamla kaleme ald\u0131\u011f\u0131 bu k\u0131sa roman, Ege&#8217;nin kokusuyla dolup ta\u015f\u0131yor; bu kutsanm\u0131\u015f denizin.. Dalgalar aras\u0131nda, yazar bazen bal\u0131k\u00e7\u0131 dostlar\u0131n\u0131 ve onlar\u0131n ailelerini tan\u0131t\u0131yor bize, bazen de kendi d\u00fcnya g\u00f6r\u00fc\u015f\u00fcn\u00fc yans\u0131tan, Sevgilisinin varl\u0131\u011f\u0131yla yo\u011frulmu\u015f g\u00fczel hik\u00e2yelerle bizleri serinletiyor.<\/p>\n<p data-start=\"496\" data-end=\"846\">Bence susmal\u0131y\u0131m.I believe I must remain silent. Yazar dostum hakk\u0131nda da, sevgili Z\u00fcleyha\u2019s\u0131 \u2013e\u015finden\u2013 ya da bu k\u0131sa roman hakk\u0131nda da \u00e7ok daha fazlas\u0131n\u0131 s\u00f6yleyebilirim. Ama sustum, dedi\u011fim gibi ve<em data-start=\"711\" data-end=\"736\"> \u201cPipina\u2019n\u0131n Kocas\u0131n\u0131n\u201d<\/em> sayfalar\u0131n\u0131 kar\u0131\u015ft\u0131rmay\u0131 ve size b\u0131rak\u0131yorum. Eminim ki Ege\u2019nin suyundan kana kana i\u00e7ecek ve denizin esintisiyle serinleyeceksiniz&#8230;<\/p>\n","protected":false},"excerpt":{"rendered":"<p><strong>PDF \u00d6nizleme:<\/strong><\/p>\n[dflip id=\"4010\" type=\"thumb\"][\/dflip]\n","protected":false},"featured_media":4040,"comment_status":"open","ping_status":"closed","template":"","meta":{"_acf_changed":false},"product_cat":[192,178,186,190,214],"product_tag":[198],"class_list":{"0":"post-4152","1":"product","2":"type-product","3":"status-publish","4":"has-post-thumbnail","6":"product_cat-cok-satanlar","7":"product_cat-roman-ve-oyku","8":"product_cat-tarih-ve-kultur","9":"product_cat-yeni-cikanlar","10":"product_cat-yunanca-yayinlar","11":"product_tag-best-seller-tr","12":"pa_authors-abdurrahim-dede-tr","14":"first","15":"instock","16":"sale","17":"shipping-taxable","18":"purchasable","19":"product-type-variable","swatches":"rey-swatches","show_selected":""},"acf":[],"yoast_head":"<!-- This site is optimized with the Yoast SEO plugin v27.4 - https:\/\/yoast.com\/product\/yoast-seo-wordpress\/ -->\n<title>Pipina&#039;n\u0131n E\u015fi - Yunanca Bask\u0131 - ddpublishings<\/title>\n<meta name=\"description\" content=\"Abdurrahim Dede&#039;nin Avdira&#039;da, bir bal\u0131k\u00e7\u0131 \u00e7iftten, Bay Haris ve Bayan Pipina&#039;dan ilhamla kaleme ald\u0131\u011f\u0131 bu k\u0131sa roman, Ege&#039;nin kokusuyla dolup ta\u015f\u0131yor... Dalgalar aras\u0131nda, yazar bazen bal\u0131k\u00e7\u0131 dostlar\u0131n\u0131 ve onlar\u0131n ailelerini tan\u0131t\u0131yor bize, bazen de kendi d\u00fcnya g\u00f6r\u00fc\u015f\u00fcn\u00fc yans\u0131tan, Sevgilisinin varl\u0131\u011f\u0131yla yo\u011frulmu\u015f g\u00fczel hik\u00e2yelerle serinletiyor bizleri.\" \/>\n<meta name=\"robots\" content=\"index, follow, max-snippet:-1, max-image-preview:large, max-video-preview:-1\" \/>\n<link rel=\"canonical\" href=\"https:\/\/ddpublishings.com\/tr\/urun\/pipinanin-kocasi-yunanca-baski\/\" \/>\n<meta property=\"og:locale\" content=\"tr_TR\" \/>\n<meta property=\"og:type\" content=\"article\" \/>\n<meta property=\"og:title\" content=\"Pipina&#039;n\u0131n E\u015fi - Yunanca Bask\u0131 - ddpublishings\" \/>\n<meta property=\"og:description\" content=\"Abdurrahim Dede&#039;nin Avdira&#039;da, bir bal\u0131k\u00e7\u0131 \u00e7iftten, Bay Haris ve Bayan Pipina&#039;dan ilhamla kaleme ald\u0131\u011f\u0131 bu k\u0131sa roman, Ege&#039;nin kokusuyla dolup ta\u015f\u0131yor... Dalgalar aras\u0131nda, yazar bazen bal\u0131k\u00e7\u0131 dostlar\u0131n\u0131 ve onlar\u0131n ailelerini tan\u0131t\u0131yor bize, bazen de kendi d\u00fcnya g\u00f6r\u00fc\u015f\u00fcn\u00fc yans\u0131tan, Sevgilisinin varl\u0131\u011f\u0131yla yo\u011frulmu\u015f g\u00fczel hik\u00e2yelerle serinletiyor bizleri.\" \/>\n<meta property=\"og:url\" content=\"https:\/\/ddpublishings.com\/tr\/urun\/pipinanin-kocasi-yunanca-baski\/\" \/>\n<meta property=\"og:site_name\" content=\"ddpublishings\" \/>\n<meta property=\"article:modified_time\" content=\"2025-08-01T19:00:19+00:00\" \/>\n<meta property=\"og:image\" content=\"https:\/\/ddpublishings.com\/wp-content\/uploads\/2025\/07\/eksofillo-pipina-650x1024.png\" \/>\n\t<meta property=\"og:image:width\" content=\"650\" \/>\n\t<meta property=\"og:image:height\" content=\"1024\" \/>\n\t<meta property=\"og:image:type\" content=\"image\/png\" \/>\n<meta name=\"twitter:card\" content=\"summary_large_image\" \/>\n<meta name=\"twitter:label1\" content=\"Tahmini okuma s\u00fcresi\" \/>\n\t<meta name=\"twitter:data1\" content=\"1 dakika\" \/>\n<script type=\"application\/ld+json\" class=\"yoast-schema-graph\">{\"@context\":\"https:\\\/\\\/schema.org\",\"@graph\":[{\"@type\":\"WebPage\",\"@id\":\"https:\\\/\\\/ddpublishings.com\\\/tr\\\/urun\\\/pipinanin-kocasi-yunanca-baski\\\/\",\"url\":\"https:\\\/\\\/ddpublishings.com\\\/tr\\\/urun\\\/pipinanin-kocasi-yunanca-baski\\\/\",\"name\":\"Pipina'n\u0131n E\u015fi - Yunanca Bask\u0131 - ddpublishings\",\"isPartOf\":{\"@id\":\"https:\\\/\\\/ddpublishings.com\\\/tr\\\/#website\"},\"primaryImageOfPage\":{\"@id\":\"https:\\\/\\\/ddpublishings.com\\\/tr\\\/urun\\\/pipinanin-kocasi-yunanca-baski\\\/#primaryimage\"},\"image\":{\"@id\":\"https:\\\/\\\/ddpublishings.com\\\/tr\\\/urun\\\/pipinanin-kocasi-yunanca-baski\\\/#primaryimage\"},\"thumbnailUrl\":\"https:\\\/\\\/ddpublishings.com\\\/wp-content\\\/uploads\\\/2025\\\/07\\\/eksofillo-pipina.png\",\"datePublished\":\"2025-07-25T12:33:47+00:00\",\"dateModified\":\"2025-08-01T19:00:19+00:00\",\"description\":\"Abdurrahim Dede'nin Avdira'da, bir bal\u0131k\u00e7\u0131 \u00e7iftten, Bay Haris ve Bayan Pipina'dan ilhamla kaleme ald\u0131\u011f\u0131 bu k\u0131sa roman, Ege'nin kokusuyla dolup ta\u015f\u0131yor... Dalgalar aras\u0131nda, yazar bazen bal\u0131k\u00e7\u0131 dostlar\u0131n\u0131 ve onlar\u0131n ailelerini tan\u0131t\u0131yor bize, bazen de kendi d\u00fcnya g\u00f6r\u00fc\u015f\u00fcn\u00fc yans\u0131tan, Sevgilisinin varl\u0131\u011f\u0131yla yo\u011frulmu\u015f g\u00fczel hik\u00e2yelerle serinletiyor bizleri.\",\"breadcrumb\":{\"@id\":\"https:\\\/\\\/ddpublishings.com\\\/tr\\\/urun\\\/pipinanin-kocasi-yunanca-baski\\\/#breadcrumb\"},\"inLanguage\":\"tr\",\"potentialAction\":[{\"@type\":\"ReadAction\",\"target\":[\"https:\\\/\\\/ddpublishings.com\\\/tr\\\/urun\\\/pipinanin-kocasi-yunanca-baski\\\/\"]}]},{\"@type\":\"ImageObject\",\"inLanguage\":\"tr\",\"@id\":\"https:\\\/\\\/ddpublishings.com\\\/tr\\\/urun\\\/pipinanin-kocasi-yunanca-baski\\\/#primaryimage\",\"url\":\"https:\\\/\\\/ddpublishings.com\\\/wp-content\\\/uploads\\\/2025\\\/07\\\/eksofillo-pipina.png\",\"contentUrl\":\"https:\\\/\\\/ddpublishings.com\\\/wp-content\\\/uploads\\\/2025\\\/07\\\/eksofillo-pipina.png\",\"width\":862,\"height\":1358},{\"@type\":\"BreadcrumbList\",\"@id\":\"https:\\\/\\\/ddpublishings.com\\\/tr\\\/urun\\\/pipinanin-kocasi-yunanca-baski\\\/#breadcrumb\",\"itemListElement\":[{\"@type\":\"ListItem\",\"position\":1,\"name\":\"Home\",\"item\":\"https:\\\/\\\/ddpublishings.com\\\/tr\\\/\"},{\"@type\":\"ListItem\",\"position\":2,\"name\":\"Kitaplar\",\"item\":\"https:\\\/\\\/ddpublishings.com\\\/tr\\\/kitaplar\\\/\"},{\"@type\":\"ListItem\",\"position\":3,\"name\":\"Pipina&#8217;n\u0131n E\u015fi &#8211; Yunanca Bask\u0131\"}]},{\"@type\":\"WebSite\",\"@id\":\"https:\\\/\\\/ddpublishings.com\\\/tr\\\/#website\",\"url\":\"https:\\\/\\\/ddpublishings.com\\\/tr\\\/\",\"name\":\"ddpublishings\",\"description\":\"\",\"publisher\":{\"@id\":\"https:\\\/\\\/ddpublishings.com\\\/tr\\\/#organization\"},\"potentialAction\":[{\"@type\":\"SearchAction\",\"target\":{\"@type\":\"EntryPoint\",\"urlTemplate\":\"https:\\\/\\\/ddpublishings.com\\\/tr\\\/?s={search_term_string}\"},\"query-input\":{\"@type\":\"PropertyValueSpecification\",\"valueRequired\":true,\"valueName\":\"search_term_string\"}}],\"inLanguage\":\"tr\"},{\"@type\":\"Organization\",\"@id\":\"https:\\\/\\\/ddpublishings.com\\\/tr\\\/#organization\",\"name\":\"ddpublishings\",\"url\":\"https:\\\/\\\/ddpublishings.com\\\/tr\\\/\",\"logo\":{\"@type\":\"ImageObject\",\"inLanguage\":\"tr\",\"@id\":\"https:\\\/\\\/ddpublishings.com\\\/tr\\\/#\\\/schema\\\/logo\\\/image\\\/\",\"url\":\"https:\\\/\\\/ddpublishings.com\\\/wp-content\\\/uploads\\\/2025\\\/07\\\/dd-publishing-logo-black.svg\",\"contentUrl\":\"https:\\\/\\\/ddpublishings.com\\\/wp-content\\\/uploads\\\/2025\\\/07\\\/dd-publishing-logo-black.svg\",\"width\":561,\"height\":454,\"caption\":\"ddpublishings\"},\"image\":{\"@id\":\"https:\\\/\\\/ddpublishings.com\\\/tr\\\/#\\\/schema\\\/logo\\\/image\\\/\"}}]}<\/script>\n<!-- \/ Yoast SEO plugin. -->","yoast_head_json":{"title":"Pipina'n\u0131n E\u015fi - Yunanca Bask\u0131 - ddpublishings","description":"Abdurrahim Dede'nin Avdira'da, bir bal\u0131k\u00e7\u0131 \u00e7iftten, Bay Haris ve Bayan Pipina'dan ilhamla kaleme ald\u0131\u011f\u0131 bu k\u0131sa roman, Ege'nin kokusuyla dolup ta\u015f\u0131yor... Dalgalar aras\u0131nda, yazar bazen bal\u0131k\u00e7\u0131 dostlar\u0131n\u0131 ve onlar\u0131n ailelerini tan\u0131t\u0131yor bize, bazen de kendi d\u00fcnya g\u00f6r\u00fc\u015f\u00fcn\u00fc yans\u0131tan, Sevgilisinin varl\u0131\u011f\u0131yla yo\u011frulmu\u015f g\u00fczel hik\u00e2yelerle serinletiyor bizleri.","robots":{"index":"index","follow":"follow","max-snippet":"max-snippet:-1","max-image-preview":"max-image-preview:large","max-video-preview":"max-video-preview:-1"},"canonical":"https:\/\/ddpublishings.com\/tr\/urun\/pipinanin-kocasi-yunanca-baski\/","og_locale":"tr_TR","og_type":"article","og_title":"Pipina'n\u0131n E\u015fi - Yunanca Bask\u0131 - ddpublishings","og_description":"Abdurrahim Dede'nin Avdira'da, bir bal\u0131k\u00e7\u0131 \u00e7iftten, Bay Haris ve Bayan Pipina'dan ilhamla kaleme ald\u0131\u011f\u0131 bu k\u0131sa roman, Ege'nin kokusuyla dolup ta\u015f\u0131yor... Dalgalar aras\u0131nda, yazar bazen bal\u0131k\u00e7\u0131 dostlar\u0131n\u0131 ve onlar\u0131n ailelerini tan\u0131t\u0131yor bize, bazen de kendi d\u00fcnya g\u00f6r\u00fc\u015f\u00fcn\u00fc yans\u0131tan, Sevgilisinin varl\u0131\u011f\u0131yla yo\u011frulmu\u015f g\u00fczel hik\u00e2yelerle serinletiyor bizleri.","og_url":"https:\/\/ddpublishings.com\/tr\/urun\/pipinanin-kocasi-yunanca-baski\/","og_site_name":"ddpublishings","article_modified_time":"2025-08-01T19:00:19+00:00","og_image":[{"width":650,"height":1024,"url":"https:\/\/ddpublishings.com\/wp-content\/uploads\/2025\/07\/eksofillo-pipina-650x1024.png","type":"image\/png"}],"twitter_card":"summary_large_image","twitter_misc":{"Tahmini okuma s\u00fcresi":"1 dakika"},"schema":{"@context":"https:\/\/schema.org","@graph":[{"@type":"WebPage","@id":"https:\/\/ddpublishings.com\/tr\/urun\/pipinanin-kocasi-yunanca-baski\/","url":"https:\/\/ddpublishings.com\/tr\/urun\/pipinanin-kocasi-yunanca-baski\/","name":"Pipina'n\u0131n E\u015fi - Yunanca Bask\u0131 - ddpublishings","isPartOf":{"@id":"https:\/\/ddpublishings.com\/tr\/#website"},"primaryImageOfPage":{"@id":"https:\/\/ddpublishings.com\/tr\/urun\/pipinanin-kocasi-yunanca-baski\/#primaryimage"},"image":{"@id":"https:\/\/ddpublishings.com\/tr\/urun\/pipinanin-kocasi-yunanca-baski\/#primaryimage"},"thumbnailUrl":"https:\/\/ddpublishings.com\/wp-content\/uploads\/2025\/07\/eksofillo-pipina.png","datePublished":"2025-07-25T12:33:47+00:00","dateModified":"2025-08-01T19:00:19+00:00","description":"Abdurrahim Dede'nin Avdira'da, bir bal\u0131k\u00e7\u0131 \u00e7iftten, Bay Haris ve Bayan Pipina'dan ilhamla kaleme ald\u0131\u011f\u0131 bu k\u0131sa roman, Ege'nin kokusuyla dolup ta\u015f\u0131yor... Dalgalar aras\u0131nda, yazar bazen bal\u0131k\u00e7\u0131 dostlar\u0131n\u0131 ve onlar\u0131n ailelerini tan\u0131t\u0131yor bize, bazen de kendi d\u00fcnya g\u00f6r\u00fc\u015f\u00fcn\u00fc yans\u0131tan, Sevgilisinin varl\u0131\u011f\u0131yla yo\u011frulmu\u015f g\u00fczel hik\u00e2yelerle serinletiyor bizleri.","breadcrumb":{"@id":"https:\/\/ddpublishings.com\/tr\/urun\/pipinanin-kocasi-yunanca-baski\/#breadcrumb"},"inLanguage":"tr","potentialAction":[{"@type":"ReadAction","target":["https:\/\/ddpublishings.com\/tr\/urun\/pipinanin-kocasi-yunanca-baski\/"]}]},{"@type":"ImageObject","inLanguage":"tr","@id":"https:\/\/ddpublishings.com\/tr\/urun\/pipinanin-kocasi-yunanca-baski\/#primaryimage","url":"https:\/\/ddpublishings.com\/wp-content\/uploads\/2025\/07\/eksofillo-pipina.png","contentUrl":"https:\/\/ddpublishings.com\/wp-content\/uploads\/2025\/07\/eksofillo-pipina.png","width":862,"height":1358},{"@type":"BreadcrumbList","@id":"https:\/\/ddpublishings.com\/tr\/urun\/pipinanin-kocasi-yunanca-baski\/#breadcrumb","itemListElement":[{"@type":"ListItem","position":1,"name":"Home","item":"https:\/\/ddpublishings.com\/tr\/"},{"@type":"ListItem","position":2,"name":"Kitaplar","item":"https:\/\/ddpublishings.com\/tr\/kitaplar\/"},{"@type":"ListItem","position":3,"name":"Pipina&#8217;n\u0131n E\u015fi &#8211; Yunanca Bask\u0131"}]},{"@type":"WebSite","@id":"https:\/\/ddpublishings.com\/tr\/#website","url":"https:\/\/ddpublishings.com\/tr\/","name":"ddpublishings","description":"","publisher":{"@id":"https:\/\/ddpublishings.com\/tr\/#organization"},"potentialAction":[{"@type":"SearchAction","target":{"@type":"EntryPoint","urlTemplate":"https:\/\/ddpublishings.com\/tr\/?s={search_term_string}"},"query-input":{"@type":"PropertyValueSpecification","valueRequired":true,"valueName":"search_term_string"}}],"inLanguage":"tr"},{"@type":"Organization","@id":"https:\/\/ddpublishings.com\/tr\/#organization","name":"ddpublishings","url":"https:\/\/ddpublishings.com\/tr\/","logo":{"@type":"ImageObject","inLanguage":"tr","@id":"https:\/\/ddpublishings.com\/tr\/#\/schema\/logo\/image\/","url":"https:\/\/ddpublishings.com\/wp-content\/uploads\/2025\/07\/dd-publishing-logo-black.svg","contentUrl":"https:\/\/ddpublishings.com\/wp-content\/uploads\/2025\/07\/dd-publishing-logo-black.svg","width":561,"height":454,"caption":"ddpublishings"},"image":{"@id":"https:\/\/ddpublishings.com\/tr\/#\/schema\/logo\/image\/"}}]}},"_links":{"self":[{"href":"https:\/\/ddpublishings.com\/tr\/wp-json\/wp\/v2\/product\/4152","targetHints":{"allow":["GET"]}}],"collection":[{"href":"https:\/\/ddpublishings.com\/tr\/wp-json\/wp\/v2\/product"}],"about":[{"href":"https:\/\/ddpublishings.com\/tr\/wp-json\/wp\/v2\/types\/product"}],"replies":[{"embeddable":true,"href":"https:\/\/ddpublishings.com\/tr\/wp-json\/wp\/v2\/comments?post=4152"}],"wp:featuredmedia":[{"embeddable":true,"href":"https:\/\/ddpublishings.com\/tr\/wp-json\/wp\/v2\/media\/4040"}],"wp:attachment":[{"href":"https:\/\/ddpublishings.com\/tr\/wp-json\/wp\/v2\/media?parent=4152"}],"wp:term":[{"taxonomy":"product_cat","embeddable":true,"href":"https:\/\/ddpublishings.com\/tr\/wp-json\/wp\/v2\/product_cat?post=4152"},{"taxonomy":"product_tag","embeddable":true,"href":"https:\/\/ddpublishings.com\/tr\/wp-json\/wp\/v2\/product_tag?post=4152"}],"curies":[{"name":"wp","href":"https:\/\/api.w.org\/{rel}","templated":true}]}}