{"id":4164,"date":"2025-07-25T15:52:14","date_gmt":"2025-07-25T12:52:14","guid":{"rendered":"https:\/\/ddpublishings.com\/product\/demokritosun-avukati\/"},"modified":"2025-08-06T20:17:38","modified_gmt":"2025-08-06T17:17:38","slug":"demokritosun-avukati","status":"publish","type":"product","link":"https:\/\/ddpublishings.com\/tr\/urun\/demokritosun-avukati\/","title":{"rendered":"Demokritos&#8217;un Avukat\u0131 &#8211; Yunanca Bask\u0131"},"content":{"rendered":"<p>Abdurrahim Dede, Bat\u0131 Trakya\u2019daki Avdira\u2019da ya\u015fam\u0131\u015f olan Demokritos\u2019tan ilham alarak g\u00fczel bir masal yazd\u0131. Kendisi de yazlar\u0131, e\u015fi Z\u00fcleyha, \u00e7ocuklar\u0131 \u2013 o\u011fullar\u0131 ve k\u0131zlar\u0131 \u2013, torunlar\u0131, gelinleri ve damatlar\u0131yla birlikte ayn\u0131 b\u00f6lgede ya\u015famakta. Abduurahim Dede t\u0131pk\u0131 ge\u00e7mi\u015f zamanlarda Aristoteles\u2019i ve Platon\u2019u incelemi\u015f \u00fcnl\u00fc M\u00fcsl\u00fcman filozoflar\u0131n yapt\u0131\u011f\u0131 gibi, Yunan antik \u00e7a\u011f\u0131na derin bir dal\u0131\u015f yap\u0131yor ve efsanesini antik Avdira\u2019n\u0131n ge\u00e7mi\u015fiyle bug\u00fcn\u00fcn d\u00fcnyas\u0131 aras\u0131nda \u00f6r\u00fcyor&#8230;<\/p>\n","protected":false},"excerpt":{"rendered":"[dflip id=\"4015\" type=\"thumb\"][\/dflip]\n","protected":false},"featured_media":4022,"comment_status":"open","ping_status":"closed","template":"","meta":{"_acf_changed":false},"product_cat":[192,182,186,190,214],"product_tag":[],"class_list":{"0":"post-4164","1":"product","2":"type-product","3":"status-publish","4":"has-post-thumbnail","6":"product_cat-cok-satanlar","7":"product_cat-felsefe","8":"product_cat-tarih-ve-kultur","9":"product_cat-yeni-cikanlar","10":"product_cat-yunanca-yayinlar","11":"pa_authors-abdurrahim-dede-tr","13":"first","14":"instock","15":"sale","16":"shipping-taxable","17":"purchasable","18":"product-type-variable","swatches":"rey-swatches","show_selected":""},"acf":[],"yoast_head":"<!-- This site is optimized with the Yoast SEO plugin v27.4 - https:\/\/yoast.com\/product\/yoast-seo-wordpress\/ -->\n<title>Demokritos&#039;un Avukat\u0131 - Yunanca Bask\u0131 - ddpublishings<\/title>\n<meta name=\"robots\" content=\"index, follow, max-snippet:-1, max-image-preview:large, max-video-preview:-1\" \/>\n<link rel=\"canonical\" href=\"https:\/\/ddpublishings.com\/tr\/urun\/demokritosun-avukati\/\" \/>\n<meta property=\"og:locale\" content=\"tr_TR\" \/>\n<meta property=\"og:type\" content=\"article\" \/>\n<meta property=\"og:title\" content=\"Demokritos&#039;un Avukat\u0131 - Yunanca Bask\u0131 - ddpublishings\" \/>\n<meta property=\"og:url\" content=\"https:\/\/ddpublishings.com\/tr\/urun\/demokritosun-avukati\/\" \/>\n<meta property=\"og:site_name\" content=\"ddpublishings\" \/>\n<meta property=\"article:modified_time\" content=\"2025-08-06T17:17:38+00:00\" \/>\n<meta property=\"og:image\" content=\"https:\/\/ddpublishings.com\/wp-content\/uploads\/2025\/07\/O_Dikigoros_toy_Dimokritoy-Cover.jpg\" \/>\n\t<meta property=\"og:image:width\" content=\"1228\" \/>\n\t<meta property=\"og:image:height\" content=\"1922\" \/>\n\t<meta property=\"og:image:type\" content=\"image\/jpeg\" \/>\n<meta name=\"twitter:card\" content=\"summary_large_image\" \/>\n<meta name=\"twitter:description\" content=\"[dflip id=&quot;4015&quot; type=&quot;thumb&quot;][\/dflip]\" \/>\n<script type=\"application\/ld+json\" class=\"yoast-schema-graph\">{\"@context\":\"https:\\\/\\\/schema.org\",\"@graph\":[{\"@type\":\"WebPage\",\"@id\":\"https:\\\/\\\/ddpublishings.com\\\/tr\\\/urun\\\/demokritosun-avukati\\\/\",\"url\":\"https:\\\/\\\/ddpublishings.com\\\/tr\\\/urun\\\/demokritosun-avukati\\\/\",\"name\":\"Demokritos'un Avukat\u0131 - Yunanca Bask\u0131 - ddpublishings\",\"isPartOf\":{\"@id\":\"https:\\\/\\\/ddpublishings.com\\\/tr\\\/#website\"},\"primaryImageOfPage\":{\"@id\":\"https:\\\/\\\/ddpublishings.com\\\/tr\\\/urun\\\/demokritosun-avukati\\\/#primaryimage\"},\"image\":{\"@id\":\"https:\\\/\\\/ddpublishings.com\\\/tr\\\/urun\\\/demokritosun-avukati\\\/#primaryimage\"},\"thumbnailUrl\":\"https:\\\/\\\/ddpublishings.com\\\/wp-content\\\/uploads\\\/2025\\\/07\\\/O_Dikigoros_toy_Dimokritoy-Cover.jpg\",\"datePublished\":\"2025-07-25T12:52:14+00:00\",\"dateModified\":\"2025-08-06T17:17:38+00:00\",\"breadcrumb\":{\"@id\":\"https:\\\/\\\/ddpublishings.com\\\/tr\\\/urun\\\/demokritosun-avukati\\\/#breadcrumb\"},\"inLanguage\":\"tr\",\"potentialAction\":[{\"@type\":\"ReadAction\",\"target\":[\"https:\\\/\\\/ddpublishings.com\\\/tr\\\/urun\\\/demokritosun-avukati\\\/\"]}]},{\"@type\":\"ImageObject\",\"inLanguage\":\"tr\",\"@id\":\"https:\\\/\\\/ddpublishings.com\\\/tr\\\/urun\\\/demokritosun-avukati\\\/#primaryimage\",\"url\":\"https:\\\/\\\/ddpublishings.com\\\/wp-content\\\/uploads\\\/2025\\\/07\\\/O_Dikigoros_toy_Dimokritoy-Cover.jpg\",\"contentUrl\":\"https:\\\/\\\/ddpublishings.com\\\/wp-content\\\/uploads\\\/2025\\\/07\\\/O_Dikigoros_toy_Dimokritoy-Cover.jpg\",\"width\":1228,\"height\":1922},{\"@type\":\"BreadcrumbList\",\"@id\":\"https:\\\/\\\/ddpublishings.com\\\/tr\\\/urun\\\/demokritosun-avukati\\\/#breadcrumb\",\"itemListElement\":[{\"@type\":\"ListItem\",\"position\":1,\"name\":\"Home\",\"item\":\"https:\\\/\\\/ddpublishings.com\\\/tr\\\/\"},{\"@type\":\"ListItem\",\"position\":2,\"name\":\"Kitaplar\",\"item\":\"https:\\\/\\\/ddpublishings.com\\\/tr\\\/kitaplar\\\/\"},{\"@type\":\"ListItem\",\"position\":3,\"name\":\"Demokritos&#8217;un Avukat\u0131 &#8211; Yunanca Bask\u0131\"}]},{\"@type\":\"WebSite\",\"@id\":\"https:\\\/\\\/ddpublishings.com\\\/tr\\\/#website\",\"url\":\"https:\\\/\\\/ddpublishings.com\\\/tr\\\/\",\"name\":\"ddpublishings\",\"description\":\"\",\"publisher\":{\"@id\":\"https:\\\/\\\/ddpublishings.com\\\/tr\\\/#organization\"},\"potentialAction\":[{\"@type\":\"SearchAction\",\"target\":{\"@type\":\"EntryPoint\",\"urlTemplate\":\"https:\\\/\\\/ddpublishings.com\\\/tr\\\/?s={search_term_string}\"},\"query-input\":{\"@type\":\"PropertyValueSpecification\",\"valueRequired\":true,\"valueName\":\"search_term_string\"}}],\"inLanguage\":\"tr\"},{\"@type\":\"Organization\",\"@id\":\"https:\\\/\\\/ddpublishings.com\\\/tr\\\/#organization\",\"name\":\"ddpublishings\",\"url\":\"https:\\\/\\\/ddpublishings.com\\\/tr\\\/\",\"logo\":{\"@type\":\"ImageObject\",\"inLanguage\":\"tr\",\"@id\":\"https:\\\/\\\/ddpublishings.com\\\/tr\\\/#\\\/schema\\\/logo\\\/image\\\/\",\"url\":\"https:\\\/\\\/ddpublishings.com\\\/wp-content\\\/uploads\\\/2025\\\/07\\\/dd-publishing-logo-black.svg\",\"contentUrl\":\"https:\\\/\\\/ddpublishings.com\\\/wp-content\\\/uploads\\\/2025\\\/07\\\/dd-publishing-logo-black.svg\",\"width\":561,\"height\":454,\"caption\":\"ddpublishings\"},\"image\":{\"@id\":\"https:\\\/\\\/ddpublishings.com\\\/tr\\\/#\\\/schema\\\/logo\\\/image\\\/\"}}]}<\/script>\n<!-- \/ Yoast SEO plugin. -->","yoast_head_json":{"title":"Demokritos'un Avukat\u0131 - Yunanca Bask\u0131 - ddpublishings","robots":{"index":"index","follow":"follow","max-snippet":"max-snippet:-1","max-image-preview":"max-image-preview:large","max-video-preview":"max-video-preview:-1"},"canonical":"https:\/\/ddpublishings.com\/tr\/urun\/demokritosun-avukati\/","og_locale":"tr_TR","og_type":"article","og_title":"Demokritos'un Avukat\u0131 - Yunanca Bask\u0131 - ddpublishings","og_url":"https:\/\/ddpublishings.com\/tr\/urun\/demokritosun-avukati\/","og_site_name":"ddpublishings","article_modified_time":"2025-08-06T17:17:38+00:00","og_image":[{"width":1228,"height":1922,"url":"https:\/\/ddpublishings.com\/wp-content\/uploads\/2025\/07\/O_Dikigoros_toy_Dimokritoy-Cover.jpg","type":"image\/jpeg"}],"twitter_card":"summary_large_image","twitter_description":"[dflip id=\"4015\" type=\"thumb\"][\/dflip]","schema":{"@context":"https:\/\/schema.org","@graph":[{"@type":"WebPage","@id":"https:\/\/ddpublishings.com\/tr\/urun\/demokritosun-avukati\/","url":"https:\/\/ddpublishings.com\/tr\/urun\/demokritosun-avukati\/","name":"Demokritos'un Avukat\u0131 - Yunanca Bask\u0131 - ddpublishings","isPartOf":{"@id":"https:\/\/ddpublishings.com\/tr\/#website"},"primaryImageOfPage":{"@id":"https:\/\/ddpublishings.com\/tr\/urun\/demokritosun-avukati\/#primaryimage"},"image":{"@id":"https:\/\/ddpublishings.com\/tr\/urun\/demokritosun-avukati\/#primaryimage"},"thumbnailUrl":"https:\/\/ddpublishings.com\/wp-content\/uploads\/2025\/07\/O_Dikigoros_toy_Dimokritoy-Cover.jpg","datePublished":"2025-07-25T12:52:14+00:00","dateModified":"2025-08-06T17:17:38+00:00","breadcrumb":{"@id":"https:\/\/ddpublishings.com\/tr\/urun\/demokritosun-avukati\/#breadcrumb"},"inLanguage":"tr","potentialAction":[{"@type":"ReadAction","target":["https:\/\/ddpublishings.com\/tr\/urun\/demokritosun-avukati\/"]}]},{"@type":"ImageObject","inLanguage":"tr","@id":"https:\/\/ddpublishings.com\/tr\/urun\/demokritosun-avukati\/#primaryimage","url":"https:\/\/ddpublishings.com\/wp-content\/uploads\/2025\/07\/O_Dikigoros_toy_Dimokritoy-Cover.jpg","contentUrl":"https:\/\/ddpublishings.com\/wp-content\/uploads\/2025\/07\/O_Dikigoros_toy_Dimokritoy-Cover.jpg","width":1228,"height":1922},{"@type":"BreadcrumbList","@id":"https:\/\/ddpublishings.com\/tr\/urun\/demokritosun-avukati\/#breadcrumb","itemListElement":[{"@type":"ListItem","position":1,"name":"Home","item":"https:\/\/ddpublishings.com\/tr\/"},{"@type":"ListItem","position":2,"name":"Kitaplar","item":"https:\/\/ddpublishings.com\/tr\/kitaplar\/"},{"@type":"ListItem","position":3,"name":"Demokritos&#8217;un Avukat\u0131 &#8211; Yunanca Bask\u0131"}]},{"@type":"WebSite","@id":"https:\/\/ddpublishings.com\/tr\/#website","url":"https:\/\/ddpublishings.com\/tr\/","name":"ddpublishings","description":"","publisher":{"@id":"https:\/\/ddpublishings.com\/tr\/#organization"},"potentialAction":[{"@type":"SearchAction","target":{"@type":"EntryPoint","urlTemplate":"https:\/\/ddpublishings.com\/tr\/?s={search_term_string}"},"query-input":{"@type":"PropertyValueSpecification","valueRequired":true,"valueName":"search_term_string"}}],"inLanguage":"tr"},{"@type":"Organization","@id":"https:\/\/ddpublishings.com\/tr\/#organization","name":"ddpublishings","url":"https:\/\/ddpublishings.com\/tr\/","logo":{"@type":"ImageObject","inLanguage":"tr","@id":"https:\/\/ddpublishings.com\/tr\/#\/schema\/logo\/image\/","url":"https:\/\/ddpublishings.com\/wp-content\/uploads\/2025\/07\/dd-publishing-logo-black.svg","contentUrl":"https:\/\/ddpublishings.com\/wp-content\/uploads\/2025\/07\/dd-publishing-logo-black.svg","width":561,"height":454,"caption":"ddpublishings"},"image":{"@id":"https:\/\/ddpublishings.com\/tr\/#\/schema\/logo\/image\/"}}]}},"_links":{"self":[{"href":"https:\/\/ddpublishings.com\/tr\/wp-json\/wp\/v2\/product\/4164","targetHints":{"allow":["GET"]}}],"collection":[{"href":"https:\/\/ddpublishings.com\/tr\/wp-json\/wp\/v2\/product"}],"about":[{"href":"https:\/\/ddpublishings.com\/tr\/wp-json\/wp\/v2\/types\/product"}],"replies":[{"embeddable":true,"href":"https:\/\/ddpublishings.com\/tr\/wp-json\/wp\/v2\/comments?post=4164"}],"wp:featuredmedia":[{"embeddable":true,"href":"https:\/\/ddpublishings.com\/tr\/wp-json\/wp\/v2\/media\/4022"}],"wp:attachment":[{"href":"https:\/\/ddpublishings.com\/tr\/wp-json\/wp\/v2\/media?parent=4164"}],"wp:term":[{"taxonomy":"product_cat","embeddable":true,"href":"https:\/\/ddpublishings.com\/tr\/wp-json\/wp\/v2\/product_cat?post=4164"},{"taxonomy":"product_tag","embeddable":true,"href":"https:\/\/ddpublishings.com\/tr\/wp-json\/wp\/v2\/product_tag?post=4164"}],"curies":[{"name":"wp","href":"https:\/\/api.w.org\/{rel}","templated":true}]}}