{"id":4192,"date":"2025-07-27T15:35:51","date_gmt":"2025-07-27T12:35:51","guid":{"rendered":"https:\/\/ddpublishings.com\/product\/damdan-dusen-avukat\/"},"modified":"2025-09-23T11:24:39","modified_gmt":"2025-09-23T08:24:39","slug":"damdan-dusen-avukat","status":"publish","type":"product","link":"https:\/\/ddpublishings.com\/tr\/urun\/damdan-dusen-avukat\/","title":{"rendered":"Damdan D\u00fc\u015fen Avukat &#8211; \u0130ngilizce Bask\u0131"},"content":{"rendered":"<p>Bence &#8220;Her \u015feyin bir sebebi vard\u0131r.&#8221; Ve iyi bir yere ula\u015ft\u0131\u011f\u0131mda, oraya nas\u0131l ula\u015ft\u0131\u011f\u0131ma d\u00f6n\u00fcp bak\u0131yorum. Sanayide bir kuaf\u00f6re ihtiyac\u0131m vard\u0131, eski mahallem olan Sar\u0131yer&#8217;e gidip gelmek zordu. Emir Bey&#8217;le tan\u0131\u015ft\u0131m, ona gitmeye ba\u015flad\u0131m. Sonra onunla sohbet ederken &#8220;Bir avukata ihtiyac\u0131m var, tan\u0131d\u0131\u011f\u0131n var m\u0131?&#8221; diye sordum ki bu asla yapmayaca\u011f\u0131m bir \u015feydir. Bir kuaf\u00f6rden avukat ya da kasaptan doktor istemem. Emir Bey&#8217;i k\u0131sa bir s\u00fcre \u00f6nce tan\u0131d\u0131m. Kendisinde de bir tane oldu\u011funu s\u00f6yledi ve Berna Han\u0131m&#8217;la \u00f6yle tan\u0131\u015ft\u0131k. Sa\u011f olsun, ofisimizi ziyaret etti. Birka\u00e7 g\u00fcn sonra Ahmet Bey ile tan\u0131\u015ft\u0131m ve sohbetimizden sonra bana bir kitap hediye etti. Abdurrahim Dede&#8217;yi, onun inan\u0131lmaz hayatta kalma ve ba\u015far\u0131 hikayesini ve ard\u0131ndan di\u011fer m\u00fc\u015fterilerinin hikayelerini bu \u015fekilde \u00f6\u011frendim. Bug\u00fcn kitab\u0131 okudum. Ofiste yapacak \u00e7ok i\u015fim olmas\u0131na ra\u011fmen ba\u015flad\u0131\u011f\u0131m gibi bitirdim.<\/p>\n","protected":false},"excerpt":{"rendered":"[dflip id=\"4187\" type=\"thumb\"][\/dflip]\n","protected":false},"featured_media":4177,"comment_status":"open","ping_status":"closed","template":"","meta":{"_acf_changed":false},"product_cat":[192,184,190],"product_tag":[],"class_list":{"0":"post-4192","1":"product","2":"type-product","3":"status-publish","4":"has-post-thumbnail","6":"product_cat-cok-satanlar","7":"product_cat-hukuk","8":"product_cat-yeni-cikanlar","9":"pa_authors-abdurrahim-dede-tr","11":"first","12":"instock","13":"sale","14":"shipping-taxable","15":"purchasable","16":"product-type-variable","swatches":"rey-swatches","show_selected":""},"acf":[],"yoast_head":"<!-- This site is optimized with the Yoast SEO plugin v27.4 - https:\/\/yoast.com\/product\/yoast-seo-wordpress\/ -->\n<title>Damdan D\u00fc\u015fen Avukat - \u0130ngilizce Bask\u0131 - ddpublishings<\/title>\n<meta name=\"description\" content=\"Avukat Kitap\" \/>\n<meta name=\"robots\" content=\"index, follow, max-snippet:-1, max-image-preview:large, max-video-preview:-1\" \/>\n<link rel=\"canonical\" href=\"https:\/\/ddpublishings.com\/tr\/urun\/damdan-dusen-avukat\/\" \/>\n<meta property=\"og:locale\" content=\"tr_TR\" \/>\n<meta property=\"og:type\" content=\"article\" \/>\n<meta property=\"og:title\" content=\"Damdan D\u00fc\u015fen Avukat - \u0130ngilizce Bask\u0131 - ddpublishings\" \/>\n<meta property=\"og:description\" content=\"Avukat Kitap\" \/>\n<meta property=\"og:url\" content=\"https:\/\/ddpublishings.com\/tr\/urun\/damdan-dusen-avukat\/\" \/>\n<meta property=\"og:site_name\" content=\"ddpublishings\" \/>\n<meta property=\"article:modified_time\" content=\"2025-09-23T08:24:39+00:00\" \/>\n<meta property=\"og:image\" content=\"https:\/\/ddpublishings.com\/wp-content\/uploads\/2025\/07\/Lawyer-who-fell-thumbnail.jpeg\" \/>\n\t<meta property=\"og:image:width\" content=\"600\" \/>\n\t<meta property=\"og:image:height\" content=\"911\" \/>\n\t<meta property=\"og:image:type\" content=\"image\/jpeg\" \/>\n<meta name=\"twitter:card\" content=\"summary_large_image\" \/>\n<meta name=\"twitter:label1\" content=\"Tahmini okuma s\u00fcresi\" \/>\n\t<meta name=\"twitter:data1\" content=\"1 dakika\" \/>\n<script type=\"application\/ld+json\" class=\"yoast-schema-graph\">{\"@context\":\"https:\\\/\\\/schema.org\",\"@graph\":[{\"@type\":\"WebPage\",\"@id\":\"https:\\\/\\\/ddpublishings.com\\\/tr\\\/urun\\\/damdan-dusen-avukat\\\/\",\"url\":\"https:\\\/\\\/ddpublishings.com\\\/tr\\\/urun\\\/damdan-dusen-avukat\\\/\",\"name\":\"Damdan D\u00fc\u015fen Avukat - \u0130ngilizce Bask\u0131 - ddpublishings\",\"isPartOf\":{\"@id\":\"https:\\\/\\\/ddpublishings.com\\\/tr\\\/#website\"},\"primaryImageOfPage\":{\"@id\":\"https:\\\/\\\/ddpublishings.com\\\/tr\\\/urun\\\/damdan-dusen-avukat\\\/#primaryimage\"},\"image\":{\"@id\":\"https:\\\/\\\/ddpublishings.com\\\/tr\\\/urun\\\/damdan-dusen-avukat\\\/#primaryimage\"},\"thumbnailUrl\":\"https:\\\/\\\/ddpublishings.com\\\/wp-content\\\/uploads\\\/2025\\\/07\\\/Lawyer-who-fell-thumbnail.jpeg\",\"datePublished\":\"2025-07-27T12:35:51+00:00\",\"dateModified\":\"2025-09-23T08:24:39+00:00\",\"description\":\"Avukat Kitap\",\"breadcrumb\":{\"@id\":\"https:\\\/\\\/ddpublishings.com\\\/tr\\\/urun\\\/damdan-dusen-avukat\\\/#breadcrumb\"},\"inLanguage\":\"tr\",\"potentialAction\":[{\"@type\":\"ReadAction\",\"target\":[\"https:\\\/\\\/ddpublishings.com\\\/tr\\\/urun\\\/damdan-dusen-avukat\\\/\"]}]},{\"@type\":\"ImageObject\",\"inLanguage\":\"tr\",\"@id\":\"https:\\\/\\\/ddpublishings.com\\\/tr\\\/urun\\\/damdan-dusen-avukat\\\/#primaryimage\",\"url\":\"https:\\\/\\\/ddpublishings.com\\\/wp-content\\\/uploads\\\/2025\\\/07\\\/Lawyer-who-fell-thumbnail.jpeg\",\"contentUrl\":\"https:\\\/\\\/ddpublishings.com\\\/wp-content\\\/uploads\\\/2025\\\/07\\\/Lawyer-who-fell-thumbnail.jpeg\",\"width\":600,\"height\":911},{\"@type\":\"BreadcrumbList\",\"@id\":\"https:\\\/\\\/ddpublishings.com\\\/tr\\\/urun\\\/damdan-dusen-avukat\\\/#breadcrumb\",\"itemListElement\":[{\"@type\":\"ListItem\",\"position\":1,\"name\":\"Home\",\"item\":\"https:\\\/\\\/ddpublishings.com\\\/tr\\\/\"},{\"@type\":\"ListItem\",\"position\":2,\"name\":\"Kitaplar\",\"item\":\"https:\\\/\\\/ddpublishings.com\\\/tr\\\/kitaplar\\\/\"},{\"@type\":\"ListItem\",\"position\":3,\"name\":\"Damdan D\u00fc\u015fen Avukat &#8211; \u0130ngilizce Bask\u0131\"}]},{\"@type\":\"WebSite\",\"@id\":\"https:\\\/\\\/ddpublishings.com\\\/tr\\\/#website\",\"url\":\"https:\\\/\\\/ddpublishings.com\\\/tr\\\/\",\"name\":\"ddpublishings\",\"description\":\"\",\"publisher\":{\"@id\":\"https:\\\/\\\/ddpublishings.com\\\/tr\\\/#organization\"},\"potentialAction\":[{\"@type\":\"SearchAction\",\"target\":{\"@type\":\"EntryPoint\",\"urlTemplate\":\"https:\\\/\\\/ddpublishings.com\\\/tr\\\/?s={search_term_string}\"},\"query-input\":{\"@type\":\"PropertyValueSpecification\",\"valueRequired\":true,\"valueName\":\"search_term_string\"}}],\"inLanguage\":\"tr\"},{\"@type\":\"Organization\",\"@id\":\"https:\\\/\\\/ddpublishings.com\\\/tr\\\/#organization\",\"name\":\"ddpublishings\",\"url\":\"https:\\\/\\\/ddpublishings.com\\\/tr\\\/\",\"logo\":{\"@type\":\"ImageObject\",\"inLanguage\":\"tr\",\"@id\":\"https:\\\/\\\/ddpublishings.com\\\/tr\\\/#\\\/schema\\\/logo\\\/image\\\/\",\"url\":\"https:\\\/\\\/ddpublishings.com\\\/wp-content\\\/uploads\\\/2025\\\/07\\\/dd-publishing-logo-black.svg\",\"contentUrl\":\"https:\\\/\\\/ddpublishings.com\\\/wp-content\\\/uploads\\\/2025\\\/07\\\/dd-publishing-logo-black.svg\",\"width\":561,\"height\":454,\"caption\":\"ddpublishings\"},\"image\":{\"@id\":\"https:\\\/\\\/ddpublishings.com\\\/tr\\\/#\\\/schema\\\/logo\\\/image\\\/\"}}]}<\/script>\n<!-- \/ Yoast SEO plugin. -->","yoast_head_json":{"title":"Damdan D\u00fc\u015fen Avukat - \u0130ngilizce Bask\u0131 - ddpublishings","description":"Avukat Kitap","robots":{"index":"index","follow":"follow","max-snippet":"max-snippet:-1","max-image-preview":"max-image-preview:large","max-video-preview":"max-video-preview:-1"},"canonical":"https:\/\/ddpublishings.com\/tr\/urun\/damdan-dusen-avukat\/","og_locale":"tr_TR","og_type":"article","og_title":"Damdan D\u00fc\u015fen Avukat - \u0130ngilizce Bask\u0131 - ddpublishings","og_description":"Avukat Kitap","og_url":"https:\/\/ddpublishings.com\/tr\/urun\/damdan-dusen-avukat\/","og_site_name":"ddpublishings","article_modified_time":"2025-09-23T08:24:39+00:00","og_image":[{"width":600,"height":911,"url":"https:\/\/ddpublishings.com\/wp-content\/uploads\/2025\/07\/Lawyer-who-fell-thumbnail.jpeg","type":"image\/jpeg"}],"twitter_card":"summary_large_image","twitter_misc":{"Tahmini okuma s\u00fcresi":"1 dakika"},"schema":{"@context":"https:\/\/schema.org","@graph":[{"@type":"WebPage","@id":"https:\/\/ddpublishings.com\/tr\/urun\/damdan-dusen-avukat\/","url":"https:\/\/ddpublishings.com\/tr\/urun\/damdan-dusen-avukat\/","name":"Damdan D\u00fc\u015fen Avukat - \u0130ngilizce Bask\u0131 - ddpublishings","isPartOf":{"@id":"https:\/\/ddpublishings.com\/tr\/#website"},"primaryImageOfPage":{"@id":"https:\/\/ddpublishings.com\/tr\/urun\/damdan-dusen-avukat\/#primaryimage"},"image":{"@id":"https:\/\/ddpublishings.com\/tr\/urun\/damdan-dusen-avukat\/#primaryimage"},"thumbnailUrl":"https:\/\/ddpublishings.com\/wp-content\/uploads\/2025\/07\/Lawyer-who-fell-thumbnail.jpeg","datePublished":"2025-07-27T12:35:51+00:00","dateModified":"2025-09-23T08:24:39+00:00","description":"Avukat Kitap","breadcrumb":{"@id":"https:\/\/ddpublishings.com\/tr\/urun\/damdan-dusen-avukat\/#breadcrumb"},"inLanguage":"tr","potentialAction":[{"@type":"ReadAction","target":["https:\/\/ddpublishings.com\/tr\/urun\/damdan-dusen-avukat\/"]}]},{"@type":"ImageObject","inLanguage":"tr","@id":"https:\/\/ddpublishings.com\/tr\/urun\/damdan-dusen-avukat\/#primaryimage","url":"https:\/\/ddpublishings.com\/wp-content\/uploads\/2025\/07\/Lawyer-who-fell-thumbnail.jpeg","contentUrl":"https:\/\/ddpublishings.com\/wp-content\/uploads\/2025\/07\/Lawyer-who-fell-thumbnail.jpeg","width":600,"height":911},{"@type":"BreadcrumbList","@id":"https:\/\/ddpublishings.com\/tr\/urun\/damdan-dusen-avukat\/#breadcrumb","itemListElement":[{"@type":"ListItem","position":1,"name":"Home","item":"https:\/\/ddpublishings.com\/tr\/"},{"@type":"ListItem","position":2,"name":"Kitaplar","item":"https:\/\/ddpublishings.com\/tr\/kitaplar\/"},{"@type":"ListItem","position":3,"name":"Damdan D\u00fc\u015fen Avukat &#8211; \u0130ngilizce Bask\u0131"}]},{"@type":"WebSite","@id":"https:\/\/ddpublishings.com\/tr\/#website","url":"https:\/\/ddpublishings.com\/tr\/","name":"ddpublishings","description":"","publisher":{"@id":"https:\/\/ddpublishings.com\/tr\/#organization"},"potentialAction":[{"@type":"SearchAction","target":{"@type":"EntryPoint","urlTemplate":"https:\/\/ddpublishings.com\/tr\/?s={search_term_string}"},"query-input":{"@type":"PropertyValueSpecification","valueRequired":true,"valueName":"search_term_string"}}],"inLanguage":"tr"},{"@type":"Organization","@id":"https:\/\/ddpublishings.com\/tr\/#organization","name":"ddpublishings","url":"https:\/\/ddpublishings.com\/tr\/","logo":{"@type":"ImageObject","inLanguage":"tr","@id":"https:\/\/ddpublishings.com\/tr\/#\/schema\/logo\/image\/","url":"https:\/\/ddpublishings.com\/wp-content\/uploads\/2025\/07\/dd-publishing-logo-black.svg","contentUrl":"https:\/\/ddpublishings.com\/wp-content\/uploads\/2025\/07\/dd-publishing-logo-black.svg","width":561,"height":454,"caption":"ddpublishings"},"image":{"@id":"https:\/\/ddpublishings.com\/tr\/#\/schema\/logo\/image\/"}}]}},"_links":{"self":[{"href":"https:\/\/ddpublishings.com\/tr\/wp-json\/wp\/v2\/product\/4192","targetHints":{"allow":["GET"]}}],"collection":[{"href":"https:\/\/ddpublishings.com\/tr\/wp-json\/wp\/v2\/product"}],"about":[{"href":"https:\/\/ddpublishings.com\/tr\/wp-json\/wp\/v2\/types\/product"}],"replies":[{"embeddable":true,"href":"https:\/\/ddpublishings.com\/tr\/wp-json\/wp\/v2\/comments?post=4192"}],"wp:featuredmedia":[{"embeddable":true,"href":"https:\/\/ddpublishings.com\/tr\/wp-json\/wp\/v2\/media\/4177"}],"wp:attachment":[{"href":"https:\/\/ddpublishings.com\/tr\/wp-json\/wp\/v2\/media?parent=4192"}],"wp:term":[{"taxonomy":"product_cat","embeddable":true,"href":"https:\/\/ddpublishings.com\/tr\/wp-json\/wp\/v2\/product_cat?post=4192"},{"taxonomy":"product_tag","embeddable":true,"href":"https:\/\/ddpublishings.com\/tr\/wp-json\/wp\/v2\/product_tag?post=4192"}],"curies":[{"name":"wp","href":"https:\/\/api.w.org\/{rel}","templated":true}]}}