{"id":4203,"date":"2025-08-01T21:33:59","date_gmt":"2025-08-01T18:33:59","guid":{"rendered":"https:\/\/ddpublishings.com\/?post_type=product&#038;p=4203"},"modified":"2025-09-23T11:21:48","modified_gmt":"2025-09-23T08:21:48","slug":"davam-icin-avukat-olmak","status":"publish","type":"product","link":"https:\/\/ddpublishings.com\/tr\/urun\/davam-icin-avukat-olmak\/","title":{"rendered":"Benim Bir Avukat\u0131m Var! &#8211; T\u00fcrk\u00e7e Bask\u0131"},"content":{"rendered":"<p>\u00c7ocuklu\u011fumuda, her soruya mant\u0131kl\u0131 ve tutarl\u0131 cevaplar verdi\u011fim i\u00e7in &#8216;Bu \u00e7ocuk avukat olacak,&#8217; diyorlard\u0131 takdirle. Avukatl\u0131\u011f\u0131n halk g\u00f6zu\u0308nde hakk\u0131 savunan, arayan, haks\u0131zl\u0131\u011fa kar\u015f\u0131 duran, hakl\u0131n\u0131n hakk\u0131n\u0131n yenmesini \u00f6nleyen iyi bir \u015fey oldu\u011funu anl\u0131yordum. Bundan dolay\u0131 ta \u00e7ocuklu\u011fumdan beri bu mesle\u011fe meylim vard\u0131. Halk\u0131n sorunlar\u0131yla ilgilenmek, onlar\u0131n problemini \u00e7\u00f6zmek, \u00e7\u00f6zmeye \u00e7al\u0131\u015fmak, zalimlere kar\u015f\u0131 durmak, zulmu\u0308n \u00f6nu\u0308ne ge\u00e7mek, ge\u00e7meye \u00e7al\u0131\u015fmak; inan\u0131lmaz, masal\u0131ms\u0131 bir haz ve keyif veriyor bana. Halk g\u00f6zu\u0308nde avukat kahramand\u0131. Ejderhay\u0131 alt edip prensesi kurtaran yi\u011fitti. Haks\u0131z yere idama mahkum olan\u0131 \u201cipten\u201d kurtarand\u0131.<\/p>\n","protected":false},"excerpt":{"rendered":"[dflip id=\"4221\" type=\"thumb\"][\/dflip]\n","protected":false},"featured_media":4207,"comment_status":"open","ping_status":"closed","template":"","meta":{"_acf_changed":false},"product_cat":[192,179,184,210,190],"product_tag":[],"class_list":{"0":"post-4203","1":"product","2":"type-product","3":"status-publish","4":"has-post-thumbnail","6":"product_cat-cok-satanlar","7":"product_cat-deneme-ve-dusunce","8":"product_cat-hukuk","9":"product_cat-turkce-yayinlar","10":"product_cat-yeni-cikanlar","11":"pa_authors-abdurrahim-dede-tr","13":"first","14":"instock","15":"sale","16":"shipping-taxable","17":"purchasable","18":"product-type-variable","swatches":"rey-swatches","show_selected":""},"acf":[],"yoast_head":"<!-- This site is optimized with the Yoast SEO plugin v27.4 - https:\/\/yoast.com\/product\/yoast-seo-wordpress\/ -->\n<title>Benim Bir Avukat\u0131m Var! - T\u00fcrk\u00e7e Bask\u0131 - ddpublishings<\/title>\n<meta name=\"description\" content=\"\u00c7ocuklu\u011fumuda, her soruya mant\u0131kl\u0131 ve tutarl\u0131 cevaplar verdi\u011fim i\u00e7in &#039;Bu \u00e7ocuk avukat olacak,&#039; diyorlard\u0131 takdirle. Avukatl\u0131\u011f\u0131n halk g\u00f6zu\u0308nde hakk\u0131 savunan, arayan, haks\u0131zl\u0131\u011fa kar\u015f\u0131 duran, hakl\u0131n\u0131n hakk\u0131n\u0131n yenmesini \u00f6nleyen iyi bir \u015fey oldu\u011funu anl\u0131yordum. Bundan dolay\u0131 ta \u00e7ocuklu\u011fumdan beri bu mesle\u011fe meylim vard\u0131. Halk\u0131n sorunlar\u0131yla ilgilenmek, onlar\u0131n problemini \u00e7\u00f6zmek, \u00e7\u00f6zmeye \u00e7al\u0131\u015fmak, zalimlere kar\u015f\u0131 durmak, zulmu\u0308n \u00f6nu\u0308ne ge\u00e7mek, ge\u00e7meye \u00e7al\u0131\u015fmak; inan\u0131lmaz, masal\u0131ms\u0131 bir haz ve keyif veriyor bana. Halk g\u00f6zu\u0308nde avukat kahramand\u0131. Ejderhay\u0131 alt edip prensesi kurtaran yi\u011fitti. Haks\u0131z yere idama mahkum olan\u0131 \u201cipten\u201d kurtarand\u0131.\" \/>\n<meta name=\"robots\" content=\"index, follow, max-snippet:-1, max-image-preview:large, max-video-preview:-1\" \/>\n<link rel=\"canonical\" href=\"https:\/\/ddpublishings.com\/tr\/urun\/davam-icin-avukat-olmak\/\" \/>\n<meta property=\"og:locale\" content=\"tr_TR\" \/>\n<meta property=\"og:type\" content=\"article\" \/>\n<meta property=\"og:title\" content=\"Benim Bir Avukat\u0131m Var! - T\u00fcrk\u00e7e Bask\u0131 - ddpublishings\" \/>\n<meta property=\"og:description\" content=\"\u00c7ocuklu\u011fumuda, her soruya mant\u0131kl\u0131 ve tutarl\u0131 cevaplar verdi\u011fim i\u00e7in &#039;Bu \u00e7ocuk avukat olacak,&#039; diyorlard\u0131 takdirle. Avukatl\u0131\u011f\u0131n halk g\u00f6zu\u0308nde hakk\u0131 savunan, arayan, haks\u0131zl\u0131\u011fa kar\u015f\u0131 duran, hakl\u0131n\u0131n hakk\u0131n\u0131n yenmesini \u00f6nleyen iyi bir \u015fey oldu\u011funu anl\u0131yordum. Bundan dolay\u0131 ta \u00e7ocuklu\u011fumdan beri bu mesle\u011fe meylim vard\u0131. Halk\u0131n sorunlar\u0131yla ilgilenmek, onlar\u0131n problemini \u00e7\u00f6zmek, \u00e7\u00f6zmeye \u00e7al\u0131\u015fmak, zalimlere kar\u015f\u0131 durmak, zulmu\u0308n \u00f6nu\u0308ne ge\u00e7mek, ge\u00e7meye \u00e7al\u0131\u015fmak; inan\u0131lmaz, masal\u0131ms\u0131 bir haz ve keyif veriyor bana. Halk g\u00f6zu\u0308nde avukat kahramand\u0131. Ejderhay\u0131 alt edip prensesi kurtaran yi\u011fitti. Haks\u0131z yere idama mahkum olan\u0131 \u201cipten\u201d kurtarand\u0131.\" \/>\n<meta property=\"og:url\" content=\"https:\/\/ddpublishings.com\/tr\/urun\/davam-icin-avukat-olmak\/\" \/>\n<meta property=\"og:site_name\" content=\"ddpublishings\" \/>\n<meta property=\"article:modified_time\" content=\"2025-09-23T08:21:48+00:00\" \/>\n<meta property=\"og:image\" content=\"https:\/\/ddpublishings.com\/wp-content\/uploads\/2025\/08\/benim-avukatim-var-kapak.jpeg\" \/>\n\t<meta property=\"og:image:width\" content=\"940\" \/>\n\t<meta property=\"og:image:height\" content=\"1402\" \/>\n\t<meta property=\"og:image:type\" content=\"image\/jpeg\" \/>\n<meta name=\"twitter:card\" content=\"summary_large_image\" \/>\n<meta name=\"twitter:label1\" content=\"Tahmini okuma s\u00fcresi\" \/>\n\t<meta name=\"twitter:data1\" content=\"1 dakika\" \/>\n<script type=\"application\/ld+json\" class=\"yoast-schema-graph\">{\"@context\":\"https:\\\/\\\/schema.org\",\"@graph\":[{\"@type\":\"WebPage\",\"@id\":\"https:\\\/\\\/ddpublishings.com\\\/tr\\\/urun\\\/davam-icin-avukat-olmak\\\/\",\"url\":\"https:\\\/\\\/ddpublishings.com\\\/tr\\\/urun\\\/davam-icin-avukat-olmak\\\/\",\"name\":\"Benim Bir Avukat\u0131m Var! - T\u00fcrk\u00e7e Bask\u0131 - ddpublishings\",\"isPartOf\":{\"@id\":\"https:\\\/\\\/ddpublishings.com\\\/tr\\\/#website\"},\"primaryImageOfPage\":{\"@id\":\"https:\\\/\\\/ddpublishings.com\\\/tr\\\/urun\\\/davam-icin-avukat-olmak\\\/#primaryimage\"},\"image\":{\"@id\":\"https:\\\/\\\/ddpublishings.com\\\/tr\\\/urun\\\/davam-icin-avukat-olmak\\\/#primaryimage\"},\"thumbnailUrl\":\"https:\\\/\\\/ddpublishings.com\\\/wp-content\\\/uploads\\\/2025\\\/08\\\/benim-avukatim-var-kapak.jpeg\",\"datePublished\":\"2025-08-01T18:33:59+00:00\",\"dateModified\":\"2025-09-23T08:21:48+00:00\",\"description\":\"\u00c7ocuklu\u011fumuda, her soruya mant\u0131kl\u0131 ve tutarl\u0131 cevaplar verdi\u011fim i\u00e7in 'Bu \u00e7ocuk avukat olacak,' diyorlard\u0131 takdirle. Avukatl\u0131\u011f\u0131n halk g\u00f6zu\u0308nde hakk\u0131 savunan, arayan, haks\u0131zl\u0131\u011fa kar\u015f\u0131 duran, hakl\u0131n\u0131n hakk\u0131n\u0131n yenmesini \u00f6nleyen iyi bir \u015fey oldu\u011funu anl\u0131yordum. Bundan dolay\u0131 ta \u00e7ocuklu\u011fumdan beri bu mesle\u011fe meylim vard\u0131. Halk\u0131n sorunlar\u0131yla ilgilenmek, onlar\u0131n problemini \u00e7\u00f6zmek, \u00e7\u00f6zmeye \u00e7al\u0131\u015fmak, zalimlere kar\u015f\u0131 durmak, zulmu\u0308n \u00f6nu\u0308ne ge\u00e7mek, ge\u00e7meye \u00e7al\u0131\u015fmak; inan\u0131lmaz, masal\u0131ms\u0131 bir haz ve keyif veriyor bana. Halk g\u00f6zu\u0308nde avukat kahramand\u0131. Ejderhay\u0131 alt edip prensesi kurtaran yi\u011fitti. Haks\u0131z yere idama mahkum olan\u0131 \u201cipten\u201d kurtarand\u0131.\",\"breadcrumb\":{\"@id\":\"https:\\\/\\\/ddpublishings.com\\\/tr\\\/urun\\\/davam-icin-avukat-olmak\\\/#breadcrumb\"},\"inLanguage\":\"tr\",\"potentialAction\":[{\"@type\":\"ReadAction\",\"target\":[\"https:\\\/\\\/ddpublishings.com\\\/tr\\\/urun\\\/davam-icin-avukat-olmak\\\/\"]}]},{\"@type\":\"ImageObject\",\"inLanguage\":\"tr\",\"@id\":\"https:\\\/\\\/ddpublishings.com\\\/tr\\\/urun\\\/davam-icin-avukat-olmak\\\/#primaryimage\",\"url\":\"https:\\\/\\\/ddpublishings.com\\\/wp-content\\\/uploads\\\/2025\\\/08\\\/benim-avukatim-var-kapak.jpeg\",\"contentUrl\":\"https:\\\/\\\/ddpublishings.com\\\/wp-content\\\/uploads\\\/2025\\\/08\\\/benim-avukatim-var-kapak.jpeg\",\"width\":940,\"height\":1402},{\"@type\":\"BreadcrumbList\",\"@id\":\"https:\\\/\\\/ddpublishings.com\\\/tr\\\/urun\\\/davam-icin-avukat-olmak\\\/#breadcrumb\",\"itemListElement\":[{\"@type\":\"ListItem\",\"position\":1,\"name\":\"Home\",\"item\":\"https:\\\/\\\/ddpublishings.com\\\/tr\\\/\"},{\"@type\":\"ListItem\",\"position\":2,\"name\":\"Kitaplar\",\"item\":\"https:\\\/\\\/ddpublishings.com\\\/tr\\\/kitaplar\\\/\"},{\"@type\":\"ListItem\",\"position\":3,\"name\":\"Benim Bir Avukat\u0131m Var! &#8211; T\u00fcrk\u00e7e Bask\u0131\"}]},{\"@type\":\"WebSite\",\"@id\":\"https:\\\/\\\/ddpublishings.com\\\/tr\\\/#website\",\"url\":\"https:\\\/\\\/ddpublishings.com\\\/tr\\\/\",\"name\":\"ddpublishings\",\"description\":\"\",\"publisher\":{\"@id\":\"https:\\\/\\\/ddpublishings.com\\\/tr\\\/#organization\"},\"potentialAction\":[{\"@type\":\"SearchAction\",\"target\":{\"@type\":\"EntryPoint\",\"urlTemplate\":\"https:\\\/\\\/ddpublishings.com\\\/tr\\\/?s={search_term_string}\"},\"query-input\":{\"@type\":\"PropertyValueSpecification\",\"valueRequired\":true,\"valueName\":\"search_term_string\"}}],\"inLanguage\":\"tr\"},{\"@type\":\"Organization\",\"@id\":\"https:\\\/\\\/ddpublishings.com\\\/tr\\\/#organization\",\"name\":\"ddpublishings\",\"url\":\"https:\\\/\\\/ddpublishings.com\\\/tr\\\/\",\"logo\":{\"@type\":\"ImageObject\",\"inLanguage\":\"tr\",\"@id\":\"https:\\\/\\\/ddpublishings.com\\\/tr\\\/#\\\/schema\\\/logo\\\/image\\\/\",\"url\":\"https:\\\/\\\/ddpublishings.com\\\/wp-content\\\/uploads\\\/2025\\\/07\\\/dd-publishing-logo-black.svg\",\"contentUrl\":\"https:\\\/\\\/ddpublishings.com\\\/wp-content\\\/uploads\\\/2025\\\/07\\\/dd-publishing-logo-black.svg\",\"width\":561,\"height\":454,\"caption\":\"ddpublishings\"},\"image\":{\"@id\":\"https:\\\/\\\/ddpublishings.com\\\/tr\\\/#\\\/schema\\\/logo\\\/image\\\/\"}}]}<\/script>\n<!-- \/ Yoast SEO plugin. -->","yoast_head_json":{"title":"Benim Bir Avukat\u0131m Var! - T\u00fcrk\u00e7e Bask\u0131 - ddpublishings","description":"\u00c7ocuklu\u011fumuda, her soruya mant\u0131kl\u0131 ve tutarl\u0131 cevaplar verdi\u011fim i\u00e7in 'Bu \u00e7ocuk avukat olacak,' diyorlard\u0131 takdirle. Avukatl\u0131\u011f\u0131n halk g\u00f6zu\u0308nde hakk\u0131 savunan, arayan, haks\u0131zl\u0131\u011fa kar\u015f\u0131 duran, hakl\u0131n\u0131n hakk\u0131n\u0131n yenmesini \u00f6nleyen iyi bir \u015fey oldu\u011funu anl\u0131yordum. Bundan dolay\u0131 ta \u00e7ocuklu\u011fumdan beri bu mesle\u011fe meylim vard\u0131. Halk\u0131n sorunlar\u0131yla ilgilenmek, onlar\u0131n problemini \u00e7\u00f6zmek, \u00e7\u00f6zmeye \u00e7al\u0131\u015fmak, zalimlere kar\u015f\u0131 durmak, zulmu\u0308n \u00f6nu\u0308ne ge\u00e7mek, ge\u00e7meye \u00e7al\u0131\u015fmak; inan\u0131lmaz, masal\u0131ms\u0131 bir haz ve keyif veriyor bana. Halk g\u00f6zu\u0308nde avukat kahramand\u0131. Ejderhay\u0131 alt edip prensesi kurtaran yi\u011fitti. Haks\u0131z yere idama mahkum olan\u0131 \u201cipten\u201d kurtarand\u0131.","robots":{"index":"index","follow":"follow","max-snippet":"max-snippet:-1","max-image-preview":"max-image-preview:large","max-video-preview":"max-video-preview:-1"},"canonical":"https:\/\/ddpublishings.com\/tr\/urun\/davam-icin-avukat-olmak\/","og_locale":"tr_TR","og_type":"article","og_title":"Benim Bir Avukat\u0131m Var! - T\u00fcrk\u00e7e Bask\u0131 - ddpublishings","og_description":"\u00c7ocuklu\u011fumuda, her soruya mant\u0131kl\u0131 ve tutarl\u0131 cevaplar verdi\u011fim i\u00e7in 'Bu \u00e7ocuk avukat olacak,' diyorlard\u0131 takdirle. Avukatl\u0131\u011f\u0131n halk g\u00f6zu\u0308nde hakk\u0131 savunan, arayan, haks\u0131zl\u0131\u011fa kar\u015f\u0131 duran, hakl\u0131n\u0131n hakk\u0131n\u0131n yenmesini \u00f6nleyen iyi bir \u015fey oldu\u011funu anl\u0131yordum. Bundan dolay\u0131 ta \u00e7ocuklu\u011fumdan beri bu mesle\u011fe meylim vard\u0131. Halk\u0131n sorunlar\u0131yla ilgilenmek, onlar\u0131n problemini \u00e7\u00f6zmek, \u00e7\u00f6zmeye \u00e7al\u0131\u015fmak, zalimlere kar\u015f\u0131 durmak, zulmu\u0308n \u00f6nu\u0308ne ge\u00e7mek, ge\u00e7meye \u00e7al\u0131\u015fmak; inan\u0131lmaz, masal\u0131ms\u0131 bir haz ve keyif veriyor bana. Halk g\u00f6zu\u0308nde avukat kahramand\u0131. Ejderhay\u0131 alt edip prensesi kurtaran yi\u011fitti. Haks\u0131z yere idama mahkum olan\u0131 \u201cipten\u201d kurtarand\u0131.","og_url":"https:\/\/ddpublishings.com\/tr\/urun\/davam-icin-avukat-olmak\/","og_site_name":"ddpublishings","article_modified_time":"2025-09-23T08:21:48+00:00","og_image":[{"width":940,"height":1402,"url":"https:\/\/ddpublishings.com\/wp-content\/uploads\/2025\/08\/benim-avukatim-var-kapak.jpeg","type":"image\/jpeg"}],"twitter_card":"summary_large_image","twitter_misc":{"Tahmini okuma s\u00fcresi":"1 dakika"},"schema":{"@context":"https:\/\/schema.org","@graph":[{"@type":"WebPage","@id":"https:\/\/ddpublishings.com\/tr\/urun\/davam-icin-avukat-olmak\/","url":"https:\/\/ddpublishings.com\/tr\/urun\/davam-icin-avukat-olmak\/","name":"Benim Bir Avukat\u0131m Var! - T\u00fcrk\u00e7e Bask\u0131 - ddpublishings","isPartOf":{"@id":"https:\/\/ddpublishings.com\/tr\/#website"},"primaryImageOfPage":{"@id":"https:\/\/ddpublishings.com\/tr\/urun\/davam-icin-avukat-olmak\/#primaryimage"},"image":{"@id":"https:\/\/ddpublishings.com\/tr\/urun\/davam-icin-avukat-olmak\/#primaryimage"},"thumbnailUrl":"https:\/\/ddpublishings.com\/wp-content\/uploads\/2025\/08\/benim-avukatim-var-kapak.jpeg","datePublished":"2025-08-01T18:33:59+00:00","dateModified":"2025-09-23T08:21:48+00:00","description":"\u00c7ocuklu\u011fumuda, her soruya mant\u0131kl\u0131 ve tutarl\u0131 cevaplar verdi\u011fim i\u00e7in 'Bu \u00e7ocuk avukat olacak,' diyorlard\u0131 takdirle. Avukatl\u0131\u011f\u0131n halk g\u00f6zu\u0308nde hakk\u0131 savunan, arayan, haks\u0131zl\u0131\u011fa kar\u015f\u0131 duran, hakl\u0131n\u0131n hakk\u0131n\u0131n yenmesini \u00f6nleyen iyi bir \u015fey oldu\u011funu anl\u0131yordum. Bundan dolay\u0131 ta \u00e7ocuklu\u011fumdan beri bu mesle\u011fe meylim vard\u0131. Halk\u0131n sorunlar\u0131yla ilgilenmek, onlar\u0131n problemini \u00e7\u00f6zmek, \u00e7\u00f6zmeye \u00e7al\u0131\u015fmak, zalimlere kar\u015f\u0131 durmak, zulmu\u0308n \u00f6nu\u0308ne ge\u00e7mek, ge\u00e7meye \u00e7al\u0131\u015fmak; inan\u0131lmaz, masal\u0131ms\u0131 bir haz ve keyif veriyor bana. Halk g\u00f6zu\u0308nde avukat kahramand\u0131. Ejderhay\u0131 alt edip prensesi kurtaran yi\u011fitti. Haks\u0131z yere idama mahkum olan\u0131 \u201cipten\u201d kurtarand\u0131.","breadcrumb":{"@id":"https:\/\/ddpublishings.com\/tr\/urun\/davam-icin-avukat-olmak\/#breadcrumb"},"inLanguage":"tr","potentialAction":[{"@type":"ReadAction","target":["https:\/\/ddpublishings.com\/tr\/urun\/davam-icin-avukat-olmak\/"]}]},{"@type":"ImageObject","inLanguage":"tr","@id":"https:\/\/ddpublishings.com\/tr\/urun\/davam-icin-avukat-olmak\/#primaryimage","url":"https:\/\/ddpublishings.com\/wp-content\/uploads\/2025\/08\/benim-avukatim-var-kapak.jpeg","contentUrl":"https:\/\/ddpublishings.com\/wp-content\/uploads\/2025\/08\/benim-avukatim-var-kapak.jpeg","width":940,"height":1402},{"@type":"BreadcrumbList","@id":"https:\/\/ddpublishings.com\/tr\/urun\/davam-icin-avukat-olmak\/#breadcrumb","itemListElement":[{"@type":"ListItem","position":1,"name":"Home","item":"https:\/\/ddpublishings.com\/tr\/"},{"@type":"ListItem","position":2,"name":"Kitaplar","item":"https:\/\/ddpublishings.com\/tr\/kitaplar\/"},{"@type":"ListItem","position":3,"name":"Benim Bir Avukat\u0131m Var! &#8211; T\u00fcrk\u00e7e Bask\u0131"}]},{"@type":"WebSite","@id":"https:\/\/ddpublishings.com\/tr\/#website","url":"https:\/\/ddpublishings.com\/tr\/","name":"ddpublishings","description":"","publisher":{"@id":"https:\/\/ddpublishings.com\/tr\/#organization"},"potentialAction":[{"@type":"SearchAction","target":{"@type":"EntryPoint","urlTemplate":"https:\/\/ddpublishings.com\/tr\/?s={search_term_string}"},"query-input":{"@type":"PropertyValueSpecification","valueRequired":true,"valueName":"search_term_string"}}],"inLanguage":"tr"},{"@type":"Organization","@id":"https:\/\/ddpublishings.com\/tr\/#organization","name":"ddpublishings","url":"https:\/\/ddpublishings.com\/tr\/","logo":{"@type":"ImageObject","inLanguage":"tr","@id":"https:\/\/ddpublishings.com\/tr\/#\/schema\/logo\/image\/","url":"https:\/\/ddpublishings.com\/wp-content\/uploads\/2025\/07\/dd-publishing-logo-black.svg","contentUrl":"https:\/\/ddpublishings.com\/wp-content\/uploads\/2025\/07\/dd-publishing-logo-black.svg","width":561,"height":454,"caption":"ddpublishings"},"image":{"@id":"https:\/\/ddpublishings.com\/tr\/#\/schema\/logo\/image\/"}}]}},"_links":{"self":[{"href":"https:\/\/ddpublishings.com\/tr\/wp-json\/wp\/v2\/product\/4203","targetHints":{"allow":["GET"]}}],"collection":[{"href":"https:\/\/ddpublishings.com\/tr\/wp-json\/wp\/v2\/product"}],"about":[{"href":"https:\/\/ddpublishings.com\/tr\/wp-json\/wp\/v2\/types\/product"}],"replies":[{"embeddable":true,"href":"https:\/\/ddpublishings.com\/tr\/wp-json\/wp\/v2\/comments?post=4203"}],"wp:featuredmedia":[{"embeddable":true,"href":"https:\/\/ddpublishings.com\/tr\/wp-json\/wp\/v2\/media\/4207"}],"wp:attachment":[{"href":"https:\/\/ddpublishings.com\/tr\/wp-json\/wp\/v2\/media?parent=4203"}],"wp:term":[{"taxonomy":"product_cat","embeddable":true,"href":"https:\/\/ddpublishings.com\/tr\/wp-json\/wp\/v2\/product_cat?post=4203"},{"taxonomy":"product_tag","embeddable":true,"href":"https:\/\/ddpublishings.com\/tr\/wp-json\/wp\/v2\/product_tag?post=4203"}],"curies":[{"name":"wp","href":"https:\/\/api.w.org\/{rel}","templated":true}]}}