{"id":4255,"date":"2025-08-03T21:20:52","date_gmt":"2025-08-03T18:20:52","guid":{"rendered":"https:\/\/ddpublishings.com\/product\/deha-mi-dolandiricilik-mi-turkish-baski\/"},"modified":"2025-09-06T17:30:48","modified_gmt":"2025-09-06T14:30:48","slug":"deha-mi-dolandiricilik-mi-turkish-baski","status":"publish","type":"product","link":"https:\/\/ddpublishings.com\/tr\/urun\/deha-mi-dolandiricilik-mi-turkish-baski\/","title":{"rendered":"Deha m\u0131 Doland\u0131r\u0131c\u0131l\u0131k m\u0131 &#8211; T\u00fcrk\u00e7e Bask\u0131"},"content":{"rendered":"<p>Deha m\u0131 Doland\u0131r\u0131c\u0131l\u0131k m\u0131 bir yarg\u0131lamadan nas\u0131l etkileyici bir roman yaz\u0131l\u0131r, sorusunun cevab\u0131. T\u00fcm insanl\u0131\u011fa anlatmay\u0131 hayal etti\u011fim Masumiyet Karinesini de anlatan matru\u015fka gibi hikayelerin i\u00e7inden bir yenisinin \u00e7\u0131kt\u0131\u011f\u0131, etkileyici bir roman. Yazar Abdurrahim Dede, birikmi\u015f k\u00fclliyat\u0131n\u0131n ve ki-taplar\u0131n\u0131 hayat\u0131n\u0131n i\u00e7ine nas\u0131l yerle\u015ftirdi\u011finin somut \u00f6r-neklerini sunuyor bize\u2026 Bir avukatla bir savc\u0131n\u0131n s\u0131cak dostlu\u011funa ve tesad\u00fcf diyemeyece\u011fimiz olaylara \u015fahit olaca\u011f\u0131n\u0131z bu hikayeleri bir solukta okuyacaks\u0131n\u0131z.<\/p>\n","protected":false},"excerpt":{"rendered":"[dflip id=\"4250\" type=\"thumb\"][\/dflip]\n","protected":false},"featured_media":4234,"comment_status":"open","ping_status":"closed","template":"","meta":{"_acf_changed":false},"product_cat":[192,184,210,190],"product_tag":[],"class_list":{"0":"post-4255","1":"product","2":"type-product","3":"status-publish","4":"has-post-thumbnail","6":"product_cat-cok-satanlar","7":"product_cat-hukuk","8":"product_cat-turkce-yayinlar","9":"product_cat-yeni-cikanlar","10":"pa_authors-abdurrahim-dede-tr","12":"first","13":"instock","14":"sale","15":"shipping-taxable","16":"purchasable","17":"product-type-variable","swatches":"rey-swatches","show_selected":""},"acf":[],"yoast_head":"<!-- This site is optimized with the Yoast SEO plugin v27.4 - https:\/\/yoast.com\/product\/yoast-seo-wordpress\/ -->\n<title>Deha m\u0131 Doland\u0131r\u0131c\u0131l\u0131k m\u0131 - T\u00fcrk\u00e7e Bask\u0131 - ddpublishings<\/title>\n<meta name=\"description\" content=\"Yazar Abdurrahim Dede, birikmi\u015f k\u00fclliyat\u0131n\u0131n ve ki-taplar\u0131n\u0131 hayat\u0131n\u0131n i\u00e7ine nas\u0131l yerle\u015ftirdi\u011finin somut \u00f6r-neklerini sunuyor bize\u2026\" \/>\n<meta name=\"robots\" content=\"index, follow, max-snippet:-1, max-image-preview:large, max-video-preview:-1\" \/>\n<link rel=\"canonical\" href=\"https:\/\/ddpublishings.com\/tr\/urun\/deha-mi-dolandiricilik-mi-turkish-baski\/\" \/>\n<meta property=\"og:locale\" content=\"tr_TR\" \/>\n<meta property=\"og:type\" content=\"article\" \/>\n<meta property=\"og:title\" content=\"Deha m\u0131 Doland\u0131r\u0131c\u0131l\u0131k m\u0131 - T\u00fcrk\u00e7e Bask\u0131 - ddpublishings\" \/>\n<meta property=\"og:description\" content=\"Yazar Abdurrahim Dede, birikmi\u015f k\u00fclliyat\u0131n\u0131n ve ki-taplar\u0131n\u0131 hayat\u0131n\u0131n i\u00e7ine nas\u0131l yerle\u015ftirdi\u011finin somut \u00f6r-neklerini sunuyor bize\u2026\" \/>\n<meta property=\"og:url\" content=\"https:\/\/ddpublishings.com\/tr\/urun\/deha-mi-dolandiricilik-mi-turkish-baski\/\" \/>\n<meta property=\"og:site_name\" content=\"ddpublishings\" \/>\n<meta property=\"article:modified_time\" content=\"2025-09-06T14:30:48+00:00\" \/>\n<meta property=\"og:image\" content=\"https:\/\/ddpublishings.com\/wp-content\/uploads\/2025\/08\/deha-mi-dolandiricilik-mi-kapak.jpeg\" \/>\n\t<meta property=\"og:image:width\" content=\"878\" \/>\n\t<meta property=\"og:image:height\" content=\"1388\" \/>\n\t<meta property=\"og:image:type\" content=\"image\/jpeg\" \/>\n<meta name=\"twitter:card\" content=\"summary_large_image\" \/>\n<meta name=\"twitter:label1\" content=\"Tahmini okuma s\u00fcresi\" \/>\n\t<meta name=\"twitter:data1\" content=\"1 dakika\" \/>\n<script type=\"application\/ld+json\" class=\"yoast-schema-graph\">{\"@context\":\"https:\\\/\\\/schema.org\",\"@graph\":[{\"@type\":\"WebPage\",\"@id\":\"https:\\\/\\\/ddpublishings.com\\\/tr\\\/urun\\\/deha-mi-dolandiricilik-mi-turkish-baski\\\/\",\"url\":\"https:\\\/\\\/ddpublishings.com\\\/tr\\\/urun\\\/deha-mi-dolandiricilik-mi-turkish-baski\\\/\",\"name\":\"Deha m\u0131 Doland\u0131r\u0131c\u0131l\u0131k m\u0131 - T\u00fcrk\u00e7e Bask\u0131 - ddpublishings\",\"isPartOf\":{\"@id\":\"https:\\\/\\\/ddpublishings.com\\\/tr\\\/#website\"},\"primaryImageOfPage\":{\"@id\":\"https:\\\/\\\/ddpublishings.com\\\/tr\\\/urun\\\/deha-mi-dolandiricilik-mi-turkish-baski\\\/#primaryimage\"},\"image\":{\"@id\":\"https:\\\/\\\/ddpublishings.com\\\/tr\\\/urun\\\/deha-mi-dolandiricilik-mi-turkish-baski\\\/#primaryimage\"},\"thumbnailUrl\":\"https:\\\/\\\/ddpublishings.com\\\/wp-content\\\/uploads\\\/2025\\\/08\\\/deha-mi-dolandiricilik-mi-kapak.jpeg\",\"datePublished\":\"2025-08-03T18:20:52+00:00\",\"dateModified\":\"2025-09-06T14:30:48+00:00\",\"description\":\"Yazar Abdurrahim Dede, birikmi\u015f k\u00fclliyat\u0131n\u0131n ve ki-taplar\u0131n\u0131 hayat\u0131n\u0131n i\u00e7ine nas\u0131l yerle\u015ftirdi\u011finin somut \u00f6r-neklerini sunuyor bize\u2026\",\"breadcrumb\":{\"@id\":\"https:\\\/\\\/ddpublishings.com\\\/tr\\\/urun\\\/deha-mi-dolandiricilik-mi-turkish-baski\\\/#breadcrumb\"},\"inLanguage\":\"tr\",\"potentialAction\":[{\"@type\":\"ReadAction\",\"target\":[\"https:\\\/\\\/ddpublishings.com\\\/tr\\\/urun\\\/deha-mi-dolandiricilik-mi-turkish-baski\\\/\"]}]},{\"@type\":\"ImageObject\",\"inLanguage\":\"tr\",\"@id\":\"https:\\\/\\\/ddpublishings.com\\\/tr\\\/urun\\\/deha-mi-dolandiricilik-mi-turkish-baski\\\/#primaryimage\",\"url\":\"https:\\\/\\\/ddpublishings.com\\\/wp-content\\\/uploads\\\/2025\\\/08\\\/deha-mi-dolandiricilik-mi-kapak.jpeg\",\"contentUrl\":\"https:\\\/\\\/ddpublishings.com\\\/wp-content\\\/uploads\\\/2025\\\/08\\\/deha-mi-dolandiricilik-mi-kapak.jpeg\",\"width\":878,\"height\":1388},{\"@type\":\"BreadcrumbList\",\"@id\":\"https:\\\/\\\/ddpublishings.com\\\/tr\\\/urun\\\/deha-mi-dolandiricilik-mi-turkish-baski\\\/#breadcrumb\",\"itemListElement\":[{\"@type\":\"ListItem\",\"position\":1,\"name\":\"Home\",\"item\":\"https:\\\/\\\/ddpublishings.com\\\/tr\\\/\"},{\"@type\":\"ListItem\",\"position\":2,\"name\":\"Kitaplar\",\"item\":\"https:\\\/\\\/ddpublishings.com\\\/tr\\\/kitaplar\\\/\"},{\"@type\":\"ListItem\",\"position\":3,\"name\":\"Deha m\u0131 Doland\u0131r\u0131c\u0131l\u0131k m\u0131 &#8211; T\u00fcrk\u00e7e Bask\u0131\"}]},{\"@type\":\"WebSite\",\"@id\":\"https:\\\/\\\/ddpublishings.com\\\/tr\\\/#website\",\"url\":\"https:\\\/\\\/ddpublishings.com\\\/tr\\\/\",\"name\":\"ddpublishings\",\"description\":\"\",\"publisher\":{\"@id\":\"https:\\\/\\\/ddpublishings.com\\\/tr\\\/#organization\"},\"potentialAction\":[{\"@type\":\"SearchAction\",\"target\":{\"@type\":\"EntryPoint\",\"urlTemplate\":\"https:\\\/\\\/ddpublishings.com\\\/tr\\\/?s={search_term_string}\"},\"query-input\":{\"@type\":\"PropertyValueSpecification\",\"valueRequired\":true,\"valueName\":\"search_term_string\"}}],\"inLanguage\":\"tr\"},{\"@type\":\"Organization\",\"@id\":\"https:\\\/\\\/ddpublishings.com\\\/tr\\\/#organization\",\"name\":\"ddpublishings\",\"url\":\"https:\\\/\\\/ddpublishings.com\\\/tr\\\/\",\"logo\":{\"@type\":\"ImageObject\",\"inLanguage\":\"tr\",\"@id\":\"https:\\\/\\\/ddpublishings.com\\\/tr\\\/#\\\/schema\\\/logo\\\/image\\\/\",\"url\":\"https:\\\/\\\/ddpublishings.com\\\/wp-content\\\/uploads\\\/2025\\\/07\\\/dd-publishing-logo-black.svg\",\"contentUrl\":\"https:\\\/\\\/ddpublishings.com\\\/wp-content\\\/uploads\\\/2025\\\/07\\\/dd-publishing-logo-black.svg\",\"width\":561,\"height\":454,\"caption\":\"ddpublishings\"},\"image\":{\"@id\":\"https:\\\/\\\/ddpublishings.com\\\/tr\\\/#\\\/schema\\\/logo\\\/image\\\/\"}}]}<\/script>\n<!-- \/ Yoast SEO plugin. -->","yoast_head_json":{"title":"Deha m\u0131 Doland\u0131r\u0131c\u0131l\u0131k m\u0131 - T\u00fcrk\u00e7e Bask\u0131 - ddpublishings","description":"Yazar Abdurrahim Dede, birikmi\u015f k\u00fclliyat\u0131n\u0131n ve ki-taplar\u0131n\u0131 hayat\u0131n\u0131n i\u00e7ine nas\u0131l yerle\u015ftirdi\u011finin somut \u00f6r-neklerini sunuyor bize\u2026","robots":{"index":"index","follow":"follow","max-snippet":"max-snippet:-1","max-image-preview":"max-image-preview:large","max-video-preview":"max-video-preview:-1"},"canonical":"https:\/\/ddpublishings.com\/tr\/urun\/deha-mi-dolandiricilik-mi-turkish-baski\/","og_locale":"tr_TR","og_type":"article","og_title":"Deha m\u0131 Doland\u0131r\u0131c\u0131l\u0131k m\u0131 - T\u00fcrk\u00e7e Bask\u0131 - ddpublishings","og_description":"Yazar Abdurrahim Dede, birikmi\u015f k\u00fclliyat\u0131n\u0131n ve ki-taplar\u0131n\u0131 hayat\u0131n\u0131n i\u00e7ine nas\u0131l yerle\u015ftirdi\u011finin somut \u00f6r-neklerini sunuyor bize\u2026","og_url":"https:\/\/ddpublishings.com\/tr\/urun\/deha-mi-dolandiricilik-mi-turkish-baski\/","og_site_name":"ddpublishings","article_modified_time":"2025-09-06T14:30:48+00:00","og_image":[{"width":878,"height":1388,"url":"https:\/\/ddpublishings.com\/wp-content\/uploads\/2025\/08\/deha-mi-dolandiricilik-mi-kapak.jpeg","type":"image\/jpeg"}],"twitter_card":"summary_large_image","twitter_misc":{"Tahmini okuma s\u00fcresi":"1 dakika"},"schema":{"@context":"https:\/\/schema.org","@graph":[{"@type":"WebPage","@id":"https:\/\/ddpublishings.com\/tr\/urun\/deha-mi-dolandiricilik-mi-turkish-baski\/","url":"https:\/\/ddpublishings.com\/tr\/urun\/deha-mi-dolandiricilik-mi-turkish-baski\/","name":"Deha m\u0131 Doland\u0131r\u0131c\u0131l\u0131k m\u0131 - T\u00fcrk\u00e7e Bask\u0131 - ddpublishings","isPartOf":{"@id":"https:\/\/ddpublishings.com\/tr\/#website"},"primaryImageOfPage":{"@id":"https:\/\/ddpublishings.com\/tr\/urun\/deha-mi-dolandiricilik-mi-turkish-baski\/#primaryimage"},"image":{"@id":"https:\/\/ddpublishings.com\/tr\/urun\/deha-mi-dolandiricilik-mi-turkish-baski\/#primaryimage"},"thumbnailUrl":"https:\/\/ddpublishings.com\/wp-content\/uploads\/2025\/08\/deha-mi-dolandiricilik-mi-kapak.jpeg","datePublished":"2025-08-03T18:20:52+00:00","dateModified":"2025-09-06T14:30:48+00:00","description":"Yazar Abdurrahim Dede, birikmi\u015f k\u00fclliyat\u0131n\u0131n ve ki-taplar\u0131n\u0131 hayat\u0131n\u0131n i\u00e7ine nas\u0131l yerle\u015ftirdi\u011finin somut \u00f6r-neklerini sunuyor bize\u2026","breadcrumb":{"@id":"https:\/\/ddpublishings.com\/tr\/urun\/deha-mi-dolandiricilik-mi-turkish-baski\/#breadcrumb"},"inLanguage":"tr","potentialAction":[{"@type":"ReadAction","target":["https:\/\/ddpublishings.com\/tr\/urun\/deha-mi-dolandiricilik-mi-turkish-baski\/"]}]},{"@type":"ImageObject","inLanguage":"tr","@id":"https:\/\/ddpublishings.com\/tr\/urun\/deha-mi-dolandiricilik-mi-turkish-baski\/#primaryimage","url":"https:\/\/ddpublishings.com\/wp-content\/uploads\/2025\/08\/deha-mi-dolandiricilik-mi-kapak.jpeg","contentUrl":"https:\/\/ddpublishings.com\/wp-content\/uploads\/2025\/08\/deha-mi-dolandiricilik-mi-kapak.jpeg","width":878,"height":1388},{"@type":"BreadcrumbList","@id":"https:\/\/ddpublishings.com\/tr\/urun\/deha-mi-dolandiricilik-mi-turkish-baski\/#breadcrumb","itemListElement":[{"@type":"ListItem","position":1,"name":"Home","item":"https:\/\/ddpublishings.com\/tr\/"},{"@type":"ListItem","position":2,"name":"Kitaplar","item":"https:\/\/ddpublishings.com\/tr\/kitaplar\/"},{"@type":"ListItem","position":3,"name":"Deha m\u0131 Doland\u0131r\u0131c\u0131l\u0131k m\u0131 &#8211; T\u00fcrk\u00e7e Bask\u0131"}]},{"@type":"WebSite","@id":"https:\/\/ddpublishings.com\/tr\/#website","url":"https:\/\/ddpublishings.com\/tr\/","name":"ddpublishings","description":"","publisher":{"@id":"https:\/\/ddpublishings.com\/tr\/#organization"},"potentialAction":[{"@type":"SearchAction","target":{"@type":"EntryPoint","urlTemplate":"https:\/\/ddpublishings.com\/tr\/?s={search_term_string}"},"query-input":{"@type":"PropertyValueSpecification","valueRequired":true,"valueName":"search_term_string"}}],"inLanguage":"tr"},{"@type":"Organization","@id":"https:\/\/ddpublishings.com\/tr\/#organization","name":"ddpublishings","url":"https:\/\/ddpublishings.com\/tr\/","logo":{"@type":"ImageObject","inLanguage":"tr","@id":"https:\/\/ddpublishings.com\/tr\/#\/schema\/logo\/image\/","url":"https:\/\/ddpublishings.com\/wp-content\/uploads\/2025\/07\/dd-publishing-logo-black.svg","contentUrl":"https:\/\/ddpublishings.com\/wp-content\/uploads\/2025\/07\/dd-publishing-logo-black.svg","width":561,"height":454,"caption":"ddpublishings"},"image":{"@id":"https:\/\/ddpublishings.com\/tr\/#\/schema\/logo\/image\/"}}]}},"_links":{"self":[{"href":"https:\/\/ddpublishings.com\/tr\/wp-json\/wp\/v2\/product\/4255","targetHints":{"allow":["GET"]}}],"collection":[{"href":"https:\/\/ddpublishings.com\/tr\/wp-json\/wp\/v2\/product"}],"about":[{"href":"https:\/\/ddpublishings.com\/tr\/wp-json\/wp\/v2\/types\/product"}],"replies":[{"embeddable":true,"href":"https:\/\/ddpublishings.com\/tr\/wp-json\/wp\/v2\/comments?post=4255"}],"wp:featuredmedia":[{"embeddable":true,"href":"https:\/\/ddpublishings.com\/tr\/wp-json\/wp\/v2\/media\/4234"}],"wp:attachment":[{"href":"https:\/\/ddpublishings.com\/tr\/wp-json\/wp\/v2\/media?parent=4255"}],"wp:term":[{"taxonomy":"product_cat","embeddable":true,"href":"https:\/\/ddpublishings.com\/tr\/wp-json\/wp\/v2\/product_cat?post=4255"},{"taxonomy":"product_tag","embeddable":true,"href":"https:\/\/ddpublishings.com\/tr\/wp-json\/wp\/v2\/product_tag?post=4255"}],"curies":[{"name":"wp","href":"https:\/\/api.w.org\/{rel}","templated":true}]}}