{"id":4284,"date":"2025-08-06T17:51:06","date_gmt":"2025-08-06T14:51:06","guid":{"rendered":"https:\/\/ddpublishings.com\/?post_type=product&#038;p=4284"},"modified":"2025-09-06T17:30:13","modified_gmt":"2025-09-06T14:30:13","slug":"davam-icin-avukat-olmak-2","status":"publish","type":"product","link":"https:\/\/ddpublishings.com\/tr\/urun\/davam-icin-avukat-olmak-2\/","title":{"rendered":"Davam \u0130\u00e7in Avukat Olmak &#8211; T\u00fcrk\u00e7e Bask\u0131"},"content":{"rendered":"<p data-start=\"240\" data-end=\"423\">Ya\u015fanm\u0131\u015f olaylar\u0131n samimi bir dille anlat\u0131ld\u0131\u011f\u0131 <em data-start=\"251\" data-end=\"283\">Davam \u0130\u00e7in Avukat Olmak<\/em> adl\u0131 bu kitap, bir i\u015f adam\u0131n\u0131n kendisi i\u00e7in verdi\u011fi zorlu hukuk mu\u0308cadelesini, \u015feffaf bir \u015fekilde ve tu\u0308m ayr\u0131nt\u0131lar\u0131yla anlat\u0131yor.<\/p>\n<p data-start=\"425\" data-end=\"646\">Hukuk\u00e7u olan ama avukat olmay\u0131 tercih etmeyen yazar\u0131m\u0131z, gittik\u00e7e i\u00e7inden \u00e7\u0131k\u0131lmaz hale gelen davas\u0131 nedeniyle, y\u0131llar sonra avukat olmak mecburiyetinde kal\u0131yor.<\/p>\n<p data-start=\"648\" data-end=\"750\">Bu davay\u0131 kazanmak i\u00e7in, i\u015f du\u0308nyas\u0131n\u0131n ac\u0131mas\u0131z sava\u015f meydanlar\u0131nda, tek ba\u015f\u0131na hukuk mu\u0308cadelesi veriyor.<\/p>\n","protected":false},"excerpt":{"rendered":"[dflip id=\"4272\" type=\"thumb\"][\/dflip]\n","protected":false},"featured_media":4270,"comment_status":"open","ping_status":"closed","template":"","meta":{"_acf_changed":false},"product_cat":[192,179,184,210,190],"product_tag":[],"class_list":{"0":"post-4284","1":"product","2":"type-product","3":"status-publish","4":"has-post-thumbnail","6":"product_cat-cok-satanlar","7":"product_cat-deneme-ve-dusunce","8":"product_cat-hukuk","9":"product_cat-turkce-yayinlar","10":"product_cat-yeni-cikanlar","11":"pa_authors-abdurrahim-dede-tr","13":"first","14":"instock","15":"sale","16":"shipping-taxable","17":"purchasable","18":"product-type-variable","swatches":"rey-swatches","show_selected":""},"acf":[],"yoast_head":"<!-- This site is optimized with the Yoast SEO plugin v27.4 - https:\/\/yoast.com\/product\/yoast-seo-wordpress\/ -->\n<title>Davam \u0130\u00e7in Avukat Olmak - T\u00fcrk\u00e7e Bask\u0131 - ddpublishings<\/title>\n<meta name=\"robots\" content=\"index, follow, max-snippet:-1, max-image-preview:large, max-video-preview:-1\" \/>\n<link rel=\"canonical\" href=\"https:\/\/ddpublishings.com\/tr\/urun\/davam-icin-avukat-olmak-2\/\" \/>\n<meta property=\"og:locale\" content=\"tr_TR\" \/>\n<meta property=\"og:type\" content=\"article\" \/>\n<meta property=\"og:title\" content=\"Davam \u0130\u00e7in Avukat Olmak - T\u00fcrk\u00e7e Bask\u0131 - ddpublishings\" \/>\n<meta property=\"og:url\" content=\"https:\/\/ddpublishings.com\/tr\/urun\/davam-icin-avukat-olmak-2\/\" \/>\n<meta property=\"og:site_name\" content=\"ddpublishings\" \/>\n<meta property=\"article:modified_time\" content=\"2025-09-06T14:30:13+00:00\" \/>\n<meta property=\"og:image\" content=\"https:\/\/ddpublishings.com\/wp-content\/uploads\/2025\/08\/davam_icin-avukat.jpeg\" \/>\n\t<meta property=\"og:image:width\" content=\"882\" \/>\n\t<meta property=\"og:image:height\" content=\"1394\" \/>\n\t<meta property=\"og:image:type\" content=\"image\/jpeg\" \/>\n<meta name=\"twitter:card\" content=\"summary_large_image\" \/>\n<meta name=\"twitter:description\" content=\"[dflip id=&quot;4272&quot; type=&quot;thumb&quot;][\/dflip]\" \/>\n<meta name=\"twitter:label1\" content=\"Tahmini okuma s\u00fcresi\" \/>\n\t<meta name=\"twitter:data1\" content=\"1 dakika\" \/>\n<script type=\"application\/ld+json\" class=\"yoast-schema-graph\">{\"@context\":\"https:\\\/\\\/schema.org\",\"@graph\":[{\"@type\":\"WebPage\",\"@id\":\"https:\\\/\\\/ddpublishings.com\\\/tr\\\/urun\\\/davam-icin-avukat-olmak-2\\\/\",\"url\":\"https:\\\/\\\/ddpublishings.com\\\/tr\\\/urun\\\/davam-icin-avukat-olmak-2\\\/\",\"name\":\"Davam \u0130\u00e7in Avukat Olmak - T\u00fcrk\u00e7e Bask\u0131 - ddpublishings\",\"isPartOf\":{\"@id\":\"https:\\\/\\\/ddpublishings.com\\\/tr\\\/#website\"},\"primaryImageOfPage\":{\"@id\":\"https:\\\/\\\/ddpublishings.com\\\/tr\\\/urun\\\/davam-icin-avukat-olmak-2\\\/#primaryimage\"},\"image\":{\"@id\":\"https:\\\/\\\/ddpublishings.com\\\/tr\\\/urun\\\/davam-icin-avukat-olmak-2\\\/#primaryimage\"},\"thumbnailUrl\":\"https:\\\/\\\/ddpublishings.com\\\/wp-content\\\/uploads\\\/2025\\\/08\\\/davam_icin-avukat.jpeg\",\"datePublished\":\"2025-08-06T14:51:06+00:00\",\"dateModified\":\"2025-09-06T14:30:13+00:00\",\"breadcrumb\":{\"@id\":\"https:\\\/\\\/ddpublishings.com\\\/tr\\\/urun\\\/davam-icin-avukat-olmak-2\\\/#breadcrumb\"},\"inLanguage\":\"tr\",\"potentialAction\":[{\"@type\":\"ReadAction\",\"target\":[\"https:\\\/\\\/ddpublishings.com\\\/tr\\\/urun\\\/davam-icin-avukat-olmak-2\\\/\"]}]},{\"@type\":\"ImageObject\",\"inLanguage\":\"tr\",\"@id\":\"https:\\\/\\\/ddpublishings.com\\\/tr\\\/urun\\\/davam-icin-avukat-olmak-2\\\/#primaryimage\",\"url\":\"https:\\\/\\\/ddpublishings.com\\\/wp-content\\\/uploads\\\/2025\\\/08\\\/davam_icin-avukat.jpeg\",\"contentUrl\":\"https:\\\/\\\/ddpublishings.com\\\/wp-content\\\/uploads\\\/2025\\\/08\\\/davam_icin-avukat.jpeg\",\"width\":882,\"height\":1394},{\"@type\":\"BreadcrumbList\",\"@id\":\"https:\\\/\\\/ddpublishings.com\\\/tr\\\/urun\\\/davam-icin-avukat-olmak-2\\\/#breadcrumb\",\"itemListElement\":[{\"@type\":\"ListItem\",\"position\":1,\"name\":\"Home\",\"item\":\"https:\\\/\\\/ddpublishings.com\\\/tr\\\/\"},{\"@type\":\"ListItem\",\"position\":2,\"name\":\"Kitaplar\",\"item\":\"https:\\\/\\\/ddpublishings.com\\\/tr\\\/kitaplar\\\/\"},{\"@type\":\"ListItem\",\"position\":3,\"name\":\"Davam \u0130\u00e7in Avukat Olmak &#8211; T\u00fcrk\u00e7e Bask\u0131\"}]},{\"@type\":\"WebSite\",\"@id\":\"https:\\\/\\\/ddpublishings.com\\\/tr\\\/#website\",\"url\":\"https:\\\/\\\/ddpublishings.com\\\/tr\\\/\",\"name\":\"ddpublishings\",\"description\":\"\",\"publisher\":{\"@id\":\"https:\\\/\\\/ddpublishings.com\\\/tr\\\/#organization\"},\"potentialAction\":[{\"@type\":\"SearchAction\",\"target\":{\"@type\":\"EntryPoint\",\"urlTemplate\":\"https:\\\/\\\/ddpublishings.com\\\/tr\\\/?s={search_term_string}\"},\"query-input\":{\"@type\":\"PropertyValueSpecification\",\"valueRequired\":true,\"valueName\":\"search_term_string\"}}],\"inLanguage\":\"tr\"},{\"@type\":\"Organization\",\"@id\":\"https:\\\/\\\/ddpublishings.com\\\/tr\\\/#organization\",\"name\":\"ddpublishings\",\"url\":\"https:\\\/\\\/ddpublishings.com\\\/tr\\\/\",\"logo\":{\"@type\":\"ImageObject\",\"inLanguage\":\"tr\",\"@id\":\"https:\\\/\\\/ddpublishings.com\\\/tr\\\/#\\\/schema\\\/logo\\\/image\\\/\",\"url\":\"https:\\\/\\\/ddpublishings.com\\\/wp-content\\\/uploads\\\/2025\\\/07\\\/dd-publishing-logo-black.svg\",\"contentUrl\":\"https:\\\/\\\/ddpublishings.com\\\/wp-content\\\/uploads\\\/2025\\\/07\\\/dd-publishing-logo-black.svg\",\"width\":561,\"height\":454,\"caption\":\"ddpublishings\"},\"image\":{\"@id\":\"https:\\\/\\\/ddpublishings.com\\\/tr\\\/#\\\/schema\\\/logo\\\/image\\\/\"}}]}<\/script>\n<!-- \/ Yoast SEO plugin. -->","yoast_head_json":{"title":"Davam \u0130\u00e7in Avukat Olmak - T\u00fcrk\u00e7e Bask\u0131 - ddpublishings","robots":{"index":"index","follow":"follow","max-snippet":"max-snippet:-1","max-image-preview":"max-image-preview:large","max-video-preview":"max-video-preview:-1"},"canonical":"https:\/\/ddpublishings.com\/tr\/urun\/davam-icin-avukat-olmak-2\/","og_locale":"tr_TR","og_type":"article","og_title":"Davam \u0130\u00e7in Avukat Olmak - T\u00fcrk\u00e7e Bask\u0131 - ddpublishings","og_url":"https:\/\/ddpublishings.com\/tr\/urun\/davam-icin-avukat-olmak-2\/","og_site_name":"ddpublishings","article_modified_time":"2025-09-06T14:30:13+00:00","og_image":[{"width":882,"height":1394,"url":"https:\/\/ddpublishings.com\/wp-content\/uploads\/2025\/08\/davam_icin-avukat.jpeg","type":"image\/jpeg"}],"twitter_card":"summary_large_image","twitter_description":"[dflip id=\"4272\" type=\"thumb\"][\/dflip]","twitter_misc":{"Tahmini okuma s\u00fcresi":"1 dakika"},"schema":{"@context":"https:\/\/schema.org","@graph":[{"@type":"WebPage","@id":"https:\/\/ddpublishings.com\/tr\/urun\/davam-icin-avukat-olmak-2\/","url":"https:\/\/ddpublishings.com\/tr\/urun\/davam-icin-avukat-olmak-2\/","name":"Davam \u0130\u00e7in Avukat Olmak - T\u00fcrk\u00e7e Bask\u0131 - ddpublishings","isPartOf":{"@id":"https:\/\/ddpublishings.com\/tr\/#website"},"primaryImageOfPage":{"@id":"https:\/\/ddpublishings.com\/tr\/urun\/davam-icin-avukat-olmak-2\/#primaryimage"},"image":{"@id":"https:\/\/ddpublishings.com\/tr\/urun\/davam-icin-avukat-olmak-2\/#primaryimage"},"thumbnailUrl":"https:\/\/ddpublishings.com\/wp-content\/uploads\/2025\/08\/davam_icin-avukat.jpeg","datePublished":"2025-08-06T14:51:06+00:00","dateModified":"2025-09-06T14:30:13+00:00","breadcrumb":{"@id":"https:\/\/ddpublishings.com\/tr\/urun\/davam-icin-avukat-olmak-2\/#breadcrumb"},"inLanguage":"tr","potentialAction":[{"@type":"ReadAction","target":["https:\/\/ddpublishings.com\/tr\/urun\/davam-icin-avukat-olmak-2\/"]}]},{"@type":"ImageObject","inLanguage":"tr","@id":"https:\/\/ddpublishings.com\/tr\/urun\/davam-icin-avukat-olmak-2\/#primaryimage","url":"https:\/\/ddpublishings.com\/wp-content\/uploads\/2025\/08\/davam_icin-avukat.jpeg","contentUrl":"https:\/\/ddpublishings.com\/wp-content\/uploads\/2025\/08\/davam_icin-avukat.jpeg","width":882,"height":1394},{"@type":"BreadcrumbList","@id":"https:\/\/ddpublishings.com\/tr\/urun\/davam-icin-avukat-olmak-2\/#breadcrumb","itemListElement":[{"@type":"ListItem","position":1,"name":"Home","item":"https:\/\/ddpublishings.com\/tr\/"},{"@type":"ListItem","position":2,"name":"Kitaplar","item":"https:\/\/ddpublishings.com\/tr\/kitaplar\/"},{"@type":"ListItem","position":3,"name":"Davam \u0130\u00e7in Avukat Olmak &#8211; T\u00fcrk\u00e7e Bask\u0131"}]},{"@type":"WebSite","@id":"https:\/\/ddpublishings.com\/tr\/#website","url":"https:\/\/ddpublishings.com\/tr\/","name":"ddpublishings","description":"","publisher":{"@id":"https:\/\/ddpublishings.com\/tr\/#organization"},"potentialAction":[{"@type":"SearchAction","target":{"@type":"EntryPoint","urlTemplate":"https:\/\/ddpublishings.com\/tr\/?s={search_term_string}"},"query-input":{"@type":"PropertyValueSpecification","valueRequired":true,"valueName":"search_term_string"}}],"inLanguage":"tr"},{"@type":"Organization","@id":"https:\/\/ddpublishings.com\/tr\/#organization","name":"ddpublishings","url":"https:\/\/ddpublishings.com\/tr\/","logo":{"@type":"ImageObject","inLanguage":"tr","@id":"https:\/\/ddpublishings.com\/tr\/#\/schema\/logo\/image\/","url":"https:\/\/ddpublishings.com\/wp-content\/uploads\/2025\/07\/dd-publishing-logo-black.svg","contentUrl":"https:\/\/ddpublishings.com\/wp-content\/uploads\/2025\/07\/dd-publishing-logo-black.svg","width":561,"height":454,"caption":"ddpublishings"},"image":{"@id":"https:\/\/ddpublishings.com\/tr\/#\/schema\/logo\/image\/"}}]}},"_links":{"self":[{"href":"https:\/\/ddpublishings.com\/tr\/wp-json\/wp\/v2\/product\/4284","targetHints":{"allow":["GET"]}}],"collection":[{"href":"https:\/\/ddpublishings.com\/tr\/wp-json\/wp\/v2\/product"}],"about":[{"href":"https:\/\/ddpublishings.com\/tr\/wp-json\/wp\/v2\/types\/product"}],"replies":[{"embeddable":true,"href":"https:\/\/ddpublishings.com\/tr\/wp-json\/wp\/v2\/comments?post=4284"}],"wp:featuredmedia":[{"embeddable":true,"href":"https:\/\/ddpublishings.com\/tr\/wp-json\/wp\/v2\/media\/4270"}],"wp:attachment":[{"href":"https:\/\/ddpublishings.com\/tr\/wp-json\/wp\/v2\/media?parent=4284"}],"wp:term":[{"taxonomy":"product_cat","embeddable":true,"href":"https:\/\/ddpublishings.com\/tr\/wp-json\/wp\/v2\/product_cat?post=4284"},{"taxonomy":"product_tag","embeddable":true,"href":"https:\/\/ddpublishings.com\/tr\/wp-json\/wp\/v2\/product_tag?post=4284"}],"curies":[{"name":"wp","href":"https:\/\/api.w.org\/{rel}","templated":true}]}}