{"id":4383,"date":"2025-09-02T16:50:32","date_gmt":"2025-09-02T13:50:32","guid":{"rendered":"https:\/\/ddpublishings.com\/product\/cosmo-lingua-yunanca-baski\/"},"modified":"2025-09-02T16:50:32","modified_gmt":"2025-09-02T13:50:32","slug":"cosmo-lingua-yunanca-baski","status":"publish","type":"product","link":"https:\/\/ddpublishings.com\/tr\/urun\/cosmo-lingua-yunanca-baski\/","title":{"rendered":"Cosmo Lingua \u2013 Yunanca Bask\u0131"},"content":{"rendered":"<p>Elinizdeki kitap, \u201cDemokritos&#8217;un Avukat\u0131\u201d ile ba\u015flayan ve \u201cBiri Beni \u0130zliyor\u201d ile devam eden serinin \u00fc\u00e7\u00fcnc\u00fc kitab\u0131d\u0131r. \u201cG\u00fcl\u00fcmseyen Filozof\u201d Demokritos (atom felsefesinin kurucusu) ve \u00f6\u011fretmeni Leucippus, yine ana kahramanlar olarak kar\u015f\u0131m\u0131za \u00e7\u0131k\u0131yor ve 2.500 y\u0131l \u00f6ncesinden gelerek bize evreni nas\u0131l okumam\u0131z gerekti\u011fini a\u00e7\u0131kl\u0131yor&#8230;<\/p>\n","protected":false},"excerpt":{"rendered":"[dflip id=\"4370\" type=\"thumb\"][\/dflip]\n","protected":false},"featured_media":4367,"comment_status":"open","ping_status":"closed","template":"","meta":{"_acf_changed":false},"product_cat":[192,179,182,186,190,214],"product_tag":[],"class_list":{"0":"post-4383","1":"product","2":"type-product","3":"status-publish","4":"has-post-thumbnail","6":"product_cat-cok-satanlar","7":"product_cat-deneme-ve-dusunce","8":"product_cat-felsefe","9":"product_cat-tarih-ve-kultur","10":"product_cat-yeni-cikanlar","11":"product_cat-yunanca-yayinlar","12":"pa_authors-abdurrahim-dede-tr","14":"first","15":"instock","16":"sale","17":"shipping-taxable","18":"purchasable","19":"product-type-variable","swatches":"rey-swatches","show_selected":""},"acf":[],"yoast_head":"<!-- This site is optimized with the Yoast SEO plugin v27.4 - https:\/\/yoast.com\/product\/yoast-seo-wordpress\/ -->\n<title>Cosmo Lingua \u2013 Yunanca Bask\u0131 - ddpublishings<\/title>\n<meta name=\"robots\" content=\"index, follow, max-snippet:-1, max-image-preview:large, max-video-preview:-1\" \/>\n<link rel=\"canonical\" href=\"https:\/\/ddpublishings.com\/tr\/urun\/cosmo-lingua-yunanca-baski\/\" \/>\n<meta property=\"og:locale\" content=\"tr_TR\" \/>\n<meta property=\"og:type\" content=\"article\" \/>\n<meta property=\"og:title\" content=\"Cosmo Lingua \u2013 Yunanca Bask\u0131 - ddpublishings\" \/>\n<meta property=\"og:url\" content=\"https:\/\/ddpublishings.com\/tr\/urun\/cosmo-lingua-yunanca-baski\/\" \/>\n<meta property=\"og:site_name\" content=\"ddpublishings\" \/>\n<meta name=\"twitter:card\" content=\"summary_large_image\" \/>\n<meta name=\"twitter:description\" content=\"[dflip id=&quot;4370&quot; type=&quot;thumb&quot;][\/dflip]\" \/>\n<script type=\"application\/ld+json\" class=\"yoast-schema-graph\">{\"@context\":\"https:\\\/\\\/schema.org\",\"@graph\":[{\"@type\":\"WebPage\",\"@id\":\"https:\\\/\\\/ddpublishings.com\\\/tr\\\/urun\\\/cosmo-lingua-yunanca-baski\\\/\",\"url\":\"https:\\\/\\\/ddpublishings.com\\\/tr\\\/urun\\\/cosmo-lingua-yunanca-baski\\\/\",\"name\":\"Cosmo Lingua \u2013 Yunanca Bask\u0131 - ddpublishings\",\"isPartOf\":{\"@id\":\"https:\\\/\\\/ddpublishings.com\\\/tr\\\/#website\"},\"primaryImageOfPage\":{\"@id\":\"https:\\\/\\\/ddpublishings.com\\\/tr\\\/urun\\\/cosmo-lingua-yunanca-baski\\\/#primaryimage\"},\"image\":{\"@id\":\"https:\\\/\\\/ddpublishings.com\\\/tr\\\/urun\\\/cosmo-lingua-yunanca-baski\\\/#primaryimage\"},\"thumbnailUrl\":\"https:\\\/\\\/ddpublishings.com\\\/wp-content\\\/uploads\\\/2025\\\/09\\\/eksofillo-cosmolingua-greek.jpeg\",\"datePublished\":\"2025-09-02T13:50:32+00:00\",\"breadcrumb\":{\"@id\":\"https:\\\/\\\/ddpublishings.com\\\/tr\\\/urun\\\/cosmo-lingua-yunanca-baski\\\/#breadcrumb\"},\"inLanguage\":\"tr\",\"potentialAction\":[{\"@type\":\"ReadAction\",\"target\":[\"https:\\\/\\\/ddpublishings.com\\\/tr\\\/urun\\\/cosmo-lingua-yunanca-baski\\\/\"]}]},{\"@type\":\"ImageObject\",\"inLanguage\":\"tr\",\"@id\":\"https:\\\/\\\/ddpublishings.com\\\/tr\\\/urun\\\/cosmo-lingua-yunanca-baski\\\/#primaryimage\",\"url\":\"https:\\\/\\\/ddpublishings.com\\\/wp-content\\\/uploads\\\/2025\\\/09\\\/eksofillo-cosmolingua-greek.jpeg\",\"contentUrl\":\"https:\\\/\\\/ddpublishings.com\\\/wp-content\\\/uploads\\\/2025\\\/09\\\/eksofillo-cosmolingua-greek.jpeg\",\"width\":1170,\"height\":1810},{\"@type\":\"BreadcrumbList\",\"@id\":\"https:\\\/\\\/ddpublishings.com\\\/tr\\\/urun\\\/cosmo-lingua-yunanca-baski\\\/#breadcrumb\",\"itemListElement\":[{\"@type\":\"ListItem\",\"position\":1,\"name\":\"Home\",\"item\":\"https:\\\/\\\/ddpublishings.com\\\/tr\\\/\"},{\"@type\":\"ListItem\",\"position\":2,\"name\":\"Kitaplar\",\"item\":\"https:\\\/\\\/ddpublishings.com\\\/tr\\\/kitaplar\\\/\"},{\"@type\":\"ListItem\",\"position\":3,\"name\":\"Cosmo Lingua \u2013 Yunanca Bask\u0131\"}]},{\"@type\":\"WebSite\",\"@id\":\"https:\\\/\\\/ddpublishings.com\\\/tr\\\/#website\",\"url\":\"https:\\\/\\\/ddpublishings.com\\\/tr\\\/\",\"name\":\"ddpublishings\",\"description\":\"\",\"publisher\":{\"@id\":\"https:\\\/\\\/ddpublishings.com\\\/tr\\\/#organization\"},\"potentialAction\":[{\"@type\":\"SearchAction\",\"target\":{\"@type\":\"EntryPoint\",\"urlTemplate\":\"https:\\\/\\\/ddpublishings.com\\\/tr\\\/?s={search_term_string}\"},\"query-input\":{\"@type\":\"PropertyValueSpecification\",\"valueRequired\":true,\"valueName\":\"search_term_string\"}}],\"inLanguage\":\"tr\"},{\"@type\":\"Organization\",\"@id\":\"https:\\\/\\\/ddpublishings.com\\\/tr\\\/#organization\",\"name\":\"ddpublishings\",\"url\":\"https:\\\/\\\/ddpublishings.com\\\/tr\\\/\",\"logo\":{\"@type\":\"ImageObject\",\"inLanguage\":\"tr\",\"@id\":\"https:\\\/\\\/ddpublishings.com\\\/tr\\\/#\\\/schema\\\/logo\\\/image\\\/\",\"url\":\"https:\\\/\\\/ddpublishings.com\\\/wp-content\\\/uploads\\\/2025\\\/07\\\/dd-publishing-logo-black.svg\",\"contentUrl\":\"https:\\\/\\\/ddpublishings.com\\\/wp-content\\\/uploads\\\/2025\\\/07\\\/dd-publishing-logo-black.svg\",\"width\":561,\"height\":454,\"caption\":\"ddpublishings\"},\"image\":{\"@id\":\"https:\\\/\\\/ddpublishings.com\\\/tr\\\/#\\\/schema\\\/logo\\\/image\\\/\"}}]}<\/script>\n<!-- \/ Yoast SEO plugin. -->","yoast_head_json":{"title":"Cosmo Lingua \u2013 Yunanca Bask\u0131 - ddpublishings","robots":{"index":"index","follow":"follow","max-snippet":"max-snippet:-1","max-image-preview":"max-image-preview:large","max-video-preview":"max-video-preview:-1"},"canonical":"https:\/\/ddpublishings.com\/tr\/urun\/cosmo-lingua-yunanca-baski\/","og_locale":"tr_TR","og_type":"article","og_title":"Cosmo Lingua \u2013 Yunanca Bask\u0131 - ddpublishings","og_url":"https:\/\/ddpublishings.com\/tr\/urun\/cosmo-lingua-yunanca-baski\/","og_site_name":"ddpublishings","twitter_card":"summary_large_image","twitter_description":"[dflip id=\"4370\" type=\"thumb\"][\/dflip]","schema":{"@context":"https:\/\/schema.org","@graph":[{"@type":"WebPage","@id":"https:\/\/ddpublishings.com\/tr\/urun\/cosmo-lingua-yunanca-baski\/","url":"https:\/\/ddpublishings.com\/tr\/urun\/cosmo-lingua-yunanca-baski\/","name":"Cosmo Lingua \u2013 Yunanca Bask\u0131 - ddpublishings","isPartOf":{"@id":"https:\/\/ddpublishings.com\/tr\/#website"},"primaryImageOfPage":{"@id":"https:\/\/ddpublishings.com\/tr\/urun\/cosmo-lingua-yunanca-baski\/#primaryimage"},"image":{"@id":"https:\/\/ddpublishings.com\/tr\/urun\/cosmo-lingua-yunanca-baski\/#primaryimage"},"thumbnailUrl":"https:\/\/ddpublishings.com\/wp-content\/uploads\/2025\/09\/eksofillo-cosmolingua-greek.jpeg","datePublished":"2025-09-02T13:50:32+00:00","breadcrumb":{"@id":"https:\/\/ddpublishings.com\/tr\/urun\/cosmo-lingua-yunanca-baski\/#breadcrumb"},"inLanguage":"tr","potentialAction":[{"@type":"ReadAction","target":["https:\/\/ddpublishings.com\/tr\/urun\/cosmo-lingua-yunanca-baski\/"]}]},{"@type":"ImageObject","inLanguage":"tr","@id":"https:\/\/ddpublishings.com\/tr\/urun\/cosmo-lingua-yunanca-baski\/#primaryimage","url":"https:\/\/ddpublishings.com\/wp-content\/uploads\/2025\/09\/eksofillo-cosmolingua-greek.jpeg","contentUrl":"https:\/\/ddpublishings.com\/wp-content\/uploads\/2025\/09\/eksofillo-cosmolingua-greek.jpeg","width":1170,"height":1810},{"@type":"BreadcrumbList","@id":"https:\/\/ddpublishings.com\/tr\/urun\/cosmo-lingua-yunanca-baski\/#breadcrumb","itemListElement":[{"@type":"ListItem","position":1,"name":"Home","item":"https:\/\/ddpublishings.com\/tr\/"},{"@type":"ListItem","position":2,"name":"Kitaplar","item":"https:\/\/ddpublishings.com\/tr\/kitaplar\/"},{"@type":"ListItem","position":3,"name":"Cosmo Lingua \u2013 Yunanca Bask\u0131"}]},{"@type":"WebSite","@id":"https:\/\/ddpublishings.com\/tr\/#website","url":"https:\/\/ddpublishings.com\/tr\/","name":"ddpublishings","description":"","publisher":{"@id":"https:\/\/ddpublishings.com\/tr\/#organization"},"potentialAction":[{"@type":"SearchAction","target":{"@type":"EntryPoint","urlTemplate":"https:\/\/ddpublishings.com\/tr\/?s={search_term_string}"},"query-input":{"@type":"PropertyValueSpecification","valueRequired":true,"valueName":"search_term_string"}}],"inLanguage":"tr"},{"@type":"Organization","@id":"https:\/\/ddpublishings.com\/tr\/#organization","name":"ddpublishings","url":"https:\/\/ddpublishings.com\/tr\/","logo":{"@type":"ImageObject","inLanguage":"tr","@id":"https:\/\/ddpublishings.com\/tr\/#\/schema\/logo\/image\/","url":"https:\/\/ddpublishings.com\/wp-content\/uploads\/2025\/07\/dd-publishing-logo-black.svg","contentUrl":"https:\/\/ddpublishings.com\/wp-content\/uploads\/2025\/07\/dd-publishing-logo-black.svg","width":561,"height":454,"caption":"ddpublishings"},"image":{"@id":"https:\/\/ddpublishings.com\/tr\/#\/schema\/logo\/image\/"}}]}},"_links":{"self":[{"href":"https:\/\/ddpublishings.com\/tr\/wp-json\/wp\/v2\/product\/4383","targetHints":{"allow":["GET"]}}],"collection":[{"href":"https:\/\/ddpublishings.com\/tr\/wp-json\/wp\/v2\/product"}],"about":[{"href":"https:\/\/ddpublishings.com\/tr\/wp-json\/wp\/v2\/types\/product"}],"replies":[{"embeddable":true,"href":"https:\/\/ddpublishings.com\/tr\/wp-json\/wp\/v2\/comments?post=4383"}],"wp:featuredmedia":[{"embeddable":true,"href":"https:\/\/ddpublishings.com\/tr\/wp-json\/wp\/v2\/media\/4367"}],"wp:attachment":[{"href":"https:\/\/ddpublishings.com\/tr\/wp-json\/wp\/v2\/media?parent=4383"}],"wp:term":[{"taxonomy":"product_cat","embeddable":true,"href":"https:\/\/ddpublishings.com\/tr\/wp-json\/wp\/v2\/product_cat?post=4383"},{"taxonomy":"product_tag","embeddable":true,"href":"https:\/\/ddpublishings.com\/tr\/wp-json\/wp\/v2\/product_tag?post=4383"}],"curies":[{"name":"wp","href":"https:\/\/api.w.org\/{rel}","templated":true}]}}