{"id":4442,"date":"2025-09-23T10:08:50","date_gmt":"2025-09-23T07:08:50","guid":{"rendered":"https:\/\/ddpublishings.com\/product\/evini-arayan-babam-turkce-baski\/"},"modified":"2025-09-23T10:08:50","modified_gmt":"2025-09-23T07:08:50","slug":"evini-arayan-babam-turkce-baski","status":"publish","type":"product","link":"https:\/\/ddpublishings.com\/tr\/urun\/evini-arayan-babam-turkce-baski\/","title":{"rendered":"Evini Arayan Babam &#8211; T\u00fcrk\u00e7e Bask\u0131"},"content":{"rendered":"<p>\u00d6m\u00fcr boyu t\u00fcrl\u00fc zorluklara ra\u011fmen ayakta kalm\u0131\u015f; ge\u00e7irdi\u011fi bir kaza sonras\u0131, demans semptomlar\u0131 g\u00f6steren ve ard\u0131ndan ki\u015fili\u011finde de\u011fi\u015fimler olu\u015fan bir baba&#8230; Ve o kazaya kadar, yi\u011fit\u00e7e bir hayat ya\u015fam\u0131\u015f olan babas\u0131n\u0131n, i\u00e7sel d\u00fcnyas\u0131n\u0131n alt\u00fcst olu\u015funu an be an izleyen bir evl\u00e2t&#8230;   <\/p>\n<p>Yazar <a href=\"https:\/\/ddpublishings.com\/tr\/authors\/abdurrahim-dede-tr\/\">Abdurrahim Dede&#8217;nin<\/a> yazd\u0131\u011f\u0131, elinizden b\u0131rakmak istemeyece\u011finiz kadar s\u00fcr\u00fckleyici, ola\u011fan\u00fcst\u00fc bir kitap.<\/p>\n","protected":false},"excerpt":{"rendered":"[dflip id=\"4436\" type=\"thumb\"][\/dflip]\n","protected":false},"featured_media":4428,"comment_status":"open","ping_status":"closed","template":"","meta":{"_acf_changed":false},"product_cat":[192,178,210,190],"product_tag":[203,202],"class_list":{"0":"post-4442","1":"product","2":"type-product","3":"status-publish","4":"has-post-thumbnail","6":"product_cat-cok-satanlar","7":"product_cat-roman-ve-oyku","8":"product_cat-turkce-yayinlar","9":"product_cat-yeni-cikanlar","10":"product_tag-abdurrahim-dede","11":"product_tag-turkce-baski","12":"pa_authors-abdurrahim-dede-tr","14":"first","15":"instock","16":"sale","17":"shipping-taxable","18":"purchasable","19":"product-type-variable","swatches":"rey-swatches","show_selected":""},"acf":[],"yoast_head":"<!-- This site is optimized with the Yoast SEO plugin v27.4 - https:\/\/yoast.com\/product\/yoast-seo-wordpress\/ -->\n<title>Evini Arayan Babam - T\u00fcrk\u00e7e Bask\u0131 - ddpublishings<\/title>\n<meta name=\"description\" content=\"Abdurrahim Dede&#039;nin yazd\u0131\u011f\u0131, elinizden b\u0131rakmak istemeyece\u011finiz kadar s\u00fcr\u00fckleyici, ola\u011fan\u00fcst\u00fc bir kitap.\" \/>\n<meta name=\"robots\" content=\"index, follow, max-snippet:-1, max-image-preview:large, max-video-preview:-1\" \/>\n<link rel=\"canonical\" href=\"https:\/\/ddpublishings.com\/tr\/urun\/evini-arayan-babam-turkce-baski\/\" \/>\n<meta property=\"og:locale\" content=\"tr_TR\" \/>\n<meta property=\"og:type\" content=\"article\" \/>\n<meta property=\"og:title\" content=\"Evini Arayan Babam - T\u00fcrk\u00e7e Bask\u0131 - ddpublishings\" \/>\n<meta property=\"og:description\" content=\"Abdurrahim Dede&#039;nin yazd\u0131\u011f\u0131, elinizden b\u0131rakmak istemeyece\u011finiz kadar s\u00fcr\u00fckleyici, ola\u011fan\u00fcst\u00fc bir kitap.\" \/>\n<meta property=\"og:url\" content=\"https:\/\/ddpublishings.com\/tr\/urun\/evini-arayan-babam-turkce-baski\/\" \/>\n<meta property=\"og:site_name\" content=\"ddpublishings\" \/>\n<meta property=\"og:image\" content=\"https:\/\/ddpublishings.com\/wp-content\/uploads\/2025\/09\/Evini-Arayan-Babam-Kapak.jpeg\" \/>\n\t<meta property=\"og:image:width\" content=\"886\" \/>\n\t<meta property=\"og:image:height\" content=\"1392\" \/>\n\t<meta property=\"og:image:type\" content=\"image\/jpeg\" \/>\n<meta name=\"twitter:card\" content=\"summary_large_image\" \/>\n<script type=\"application\/ld+json\" class=\"yoast-schema-graph\">{\"@context\":\"https:\\\/\\\/schema.org\",\"@graph\":[{\"@type\":\"WebPage\",\"@id\":\"https:\\\/\\\/ddpublishings.com\\\/tr\\\/urun\\\/evini-arayan-babam-turkce-baski\\\/\",\"url\":\"https:\\\/\\\/ddpublishings.com\\\/tr\\\/urun\\\/evini-arayan-babam-turkce-baski\\\/\",\"name\":\"Evini Arayan Babam - T\u00fcrk\u00e7e Bask\u0131 - ddpublishings\",\"isPartOf\":{\"@id\":\"https:\\\/\\\/ddpublishings.com\\\/tr\\\/#website\"},\"primaryImageOfPage\":{\"@id\":\"https:\\\/\\\/ddpublishings.com\\\/tr\\\/urun\\\/evini-arayan-babam-turkce-baski\\\/#primaryimage\"},\"image\":{\"@id\":\"https:\\\/\\\/ddpublishings.com\\\/tr\\\/urun\\\/evini-arayan-babam-turkce-baski\\\/#primaryimage\"},\"thumbnailUrl\":\"https:\\\/\\\/ddpublishings.com\\\/wp-content\\\/uploads\\\/2025\\\/09\\\/Evini-Arayan-Babam-Kapak.jpeg\",\"datePublished\":\"2025-09-23T07:08:50+00:00\",\"description\":\"Abdurrahim Dede'nin yazd\u0131\u011f\u0131, elinizden b\u0131rakmak istemeyece\u011finiz kadar s\u00fcr\u00fckleyici, ola\u011fan\u00fcst\u00fc bir kitap.\",\"breadcrumb\":{\"@id\":\"https:\\\/\\\/ddpublishings.com\\\/tr\\\/urun\\\/evini-arayan-babam-turkce-baski\\\/#breadcrumb\"},\"inLanguage\":\"tr\",\"potentialAction\":[{\"@type\":\"ReadAction\",\"target\":[\"https:\\\/\\\/ddpublishings.com\\\/tr\\\/urun\\\/evini-arayan-babam-turkce-baski\\\/\"]}]},{\"@type\":\"ImageObject\",\"inLanguage\":\"tr\",\"@id\":\"https:\\\/\\\/ddpublishings.com\\\/tr\\\/urun\\\/evini-arayan-babam-turkce-baski\\\/#primaryimage\",\"url\":\"https:\\\/\\\/ddpublishings.com\\\/wp-content\\\/uploads\\\/2025\\\/09\\\/Evini-Arayan-Babam-Kapak.jpeg\",\"contentUrl\":\"https:\\\/\\\/ddpublishings.com\\\/wp-content\\\/uploads\\\/2025\\\/09\\\/Evini-Arayan-Babam-Kapak.jpeg\",\"width\":886,\"height\":1392},{\"@type\":\"BreadcrumbList\",\"@id\":\"https:\\\/\\\/ddpublishings.com\\\/tr\\\/urun\\\/evini-arayan-babam-turkce-baski\\\/#breadcrumb\",\"itemListElement\":[{\"@type\":\"ListItem\",\"position\":1,\"name\":\"Home\",\"item\":\"https:\\\/\\\/ddpublishings.com\\\/tr\\\/\"},{\"@type\":\"ListItem\",\"position\":2,\"name\":\"Kitaplar\",\"item\":\"https:\\\/\\\/ddpublishings.com\\\/tr\\\/kitaplar\\\/\"},{\"@type\":\"ListItem\",\"position\":3,\"name\":\"Evini Arayan Babam &#8211; T\u00fcrk\u00e7e Bask\u0131\"}]},{\"@type\":\"WebSite\",\"@id\":\"https:\\\/\\\/ddpublishings.com\\\/tr\\\/#website\",\"url\":\"https:\\\/\\\/ddpublishings.com\\\/tr\\\/\",\"name\":\"ddpublishings\",\"description\":\"\",\"publisher\":{\"@id\":\"https:\\\/\\\/ddpublishings.com\\\/tr\\\/#organization\"},\"potentialAction\":[{\"@type\":\"SearchAction\",\"target\":{\"@type\":\"EntryPoint\",\"urlTemplate\":\"https:\\\/\\\/ddpublishings.com\\\/tr\\\/?s={search_term_string}\"},\"query-input\":{\"@type\":\"PropertyValueSpecification\",\"valueRequired\":true,\"valueName\":\"search_term_string\"}}],\"inLanguage\":\"tr\"},{\"@type\":\"Organization\",\"@id\":\"https:\\\/\\\/ddpublishings.com\\\/tr\\\/#organization\",\"name\":\"ddpublishings\",\"url\":\"https:\\\/\\\/ddpublishings.com\\\/tr\\\/\",\"logo\":{\"@type\":\"ImageObject\",\"inLanguage\":\"tr\",\"@id\":\"https:\\\/\\\/ddpublishings.com\\\/tr\\\/#\\\/schema\\\/logo\\\/image\\\/\",\"url\":\"https:\\\/\\\/ddpublishings.com\\\/wp-content\\\/uploads\\\/2025\\\/07\\\/dd-publishing-logo-black.svg\",\"contentUrl\":\"https:\\\/\\\/ddpublishings.com\\\/wp-content\\\/uploads\\\/2025\\\/07\\\/dd-publishing-logo-black.svg\",\"width\":561,\"height\":454,\"caption\":\"ddpublishings\"},\"image\":{\"@id\":\"https:\\\/\\\/ddpublishings.com\\\/tr\\\/#\\\/schema\\\/logo\\\/image\\\/\"}}]}<\/script>\n<!-- \/ Yoast SEO plugin. -->","yoast_head_json":{"title":"Evini Arayan Babam - T\u00fcrk\u00e7e Bask\u0131 - ddpublishings","description":"Abdurrahim Dede'nin yazd\u0131\u011f\u0131, elinizden b\u0131rakmak istemeyece\u011finiz kadar s\u00fcr\u00fckleyici, ola\u011fan\u00fcst\u00fc bir kitap.","robots":{"index":"index","follow":"follow","max-snippet":"max-snippet:-1","max-image-preview":"max-image-preview:large","max-video-preview":"max-video-preview:-1"},"canonical":"https:\/\/ddpublishings.com\/tr\/urun\/evini-arayan-babam-turkce-baski\/","og_locale":"tr_TR","og_type":"article","og_title":"Evini Arayan Babam - T\u00fcrk\u00e7e Bask\u0131 - ddpublishings","og_description":"Abdurrahim Dede'nin yazd\u0131\u011f\u0131, elinizden b\u0131rakmak istemeyece\u011finiz kadar s\u00fcr\u00fckleyici, ola\u011fan\u00fcst\u00fc bir kitap.","og_url":"https:\/\/ddpublishings.com\/tr\/urun\/evini-arayan-babam-turkce-baski\/","og_site_name":"ddpublishings","og_image":[{"width":886,"height":1392,"url":"https:\/\/ddpublishings.com\/wp-content\/uploads\/2025\/09\/Evini-Arayan-Babam-Kapak.jpeg","type":"image\/jpeg"}],"twitter_card":"summary_large_image","schema":{"@context":"https:\/\/schema.org","@graph":[{"@type":"WebPage","@id":"https:\/\/ddpublishings.com\/tr\/urun\/evini-arayan-babam-turkce-baski\/","url":"https:\/\/ddpublishings.com\/tr\/urun\/evini-arayan-babam-turkce-baski\/","name":"Evini Arayan Babam - T\u00fcrk\u00e7e Bask\u0131 - ddpublishings","isPartOf":{"@id":"https:\/\/ddpublishings.com\/tr\/#website"},"primaryImageOfPage":{"@id":"https:\/\/ddpublishings.com\/tr\/urun\/evini-arayan-babam-turkce-baski\/#primaryimage"},"image":{"@id":"https:\/\/ddpublishings.com\/tr\/urun\/evini-arayan-babam-turkce-baski\/#primaryimage"},"thumbnailUrl":"https:\/\/ddpublishings.com\/wp-content\/uploads\/2025\/09\/Evini-Arayan-Babam-Kapak.jpeg","datePublished":"2025-09-23T07:08:50+00:00","description":"Abdurrahim Dede'nin yazd\u0131\u011f\u0131, elinizden b\u0131rakmak istemeyece\u011finiz kadar s\u00fcr\u00fckleyici, ola\u011fan\u00fcst\u00fc bir kitap.","breadcrumb":{"@id":"https:\/\/ddpublishings.com\/tr\/urun\/evini-arayan-babam-turkce-baski\/#breadcrumb"},"inLanguage":"tr","potentialAction":[{"@type":"ReadAction","target":["https:\/\/ddpublishings.com\/tr\/urun\/evini-arayan-babam-turkce-baski\/"]}]},{"@type":"ImageObject","inLanguage":"tr","@id":"https:\/\/ddpublishings.com\/tr\/urun\/evini-arayan-babam-turkce-baski\/#primaryimage","url":"https:\/\/ddpublishings.com\/wp-content\/uploads\/2025\/09\/Evini-Arayan-Babam-Kapak.jpeg","contentUrl":"https:\/\/ddpublishings.com\/wp-content\/uploads\/2025\/09\/Evini-Arayan-Babam-Kapak.jpeg","width":886,"height":1392},{"@type":"BreadcrumbList","@id":"https:\/\/ddpublishings.com\/tr\/urun\/evini-arayan-babam-turkce-baski\/#breadcrumb","itemListElement":[{"@type":"ListItem","position":1,"name":"Home","item":"https:\/\/ddpublishings.com\/tr\/"},{"@type":"ListItem","position":2,"name":"Kitaplar","item":"https:\/\/ddpublishings.com\/tr\/kitaplar\/"},{"@type":"ListItem","position":3,"name":"Evini Arayan Babam &#8211; T\u00fcrk\u00e7e Bask\u0131"}]},{"@type":"WebSite","@id":"https:\/\/ddpublishings.com\/tr\/#website","url":"https:\/\/ddpublishings.com\/tr\/","name":"ddpublishings","description":"","publisher":{"@id":"https:\/\/ddpublishings.com\/tr\/#organization"},"potentialAction":[{"@type":"SearchAction","target":{"@type":"EntryPoint","urlTemplate":"https:\/\/ddpublishings.com\/tr\/?s={search_term_string}"},"query-input":{"@type":"PropertyValueSpecification","valueRequired":true,"valueName":"search_term_string"}}],"inLanguage":"tr"},{"@type":"Organization","@id":"https:\/\/ddpublishings.com\/tr\/#organization","name":"ddpublishings","url":"https:\/\/ddpublishings.com\/tr\/","logo":{"@type":"ImageObject","inLanguage":"tr","@id":"https:\/\/ddpublishings.com\/tr\/#\/schema\/logo\/image\/","url":"https:\/\/ddpublishings.com\/wp-content\/uploads\/2025\/07\/dd-publishing-logo-black.svg","contentUrl":"https:\/\/ddpublishings.com\/wp-content\/uploads\/2025\/07\/dd-publishing-logo-black.svg","width":561,"height":454,"caption":"ddpublishings"},"image":{"@id":"https:\/\/ddpublishings.com\/tr\/#\/schema\/logo\/image\/"}}]}},"_links":{"self":[{"href":"https:\/\/ddpublishings.com\/tr\/wp-json\/wp\/v2\/product\/4442","targetHints":{"allow":["GET"]}}],"collection":[{"href":"https:\/\/ddpublishings.com\/tr\/wp-json\/wp\/v2\/product"}],"about":[{"href":"https:\/\/ddpublishings.com\/tr\/wp-json\/wp\/v2\/types\/product"}],"replies":[{"embeddable":true,"href":"https:\/\/ddpublishings.com\/tr\/wp-json\/wp\/v2\/comments?post=4442"}],"wp:featuredmedia":[{"embeddable":true,"href":"https:\/\/ddpublishings.com\/tr\/wp-json\/wp\/v2\/media\/4428"}],"wp:attachment":[{"href":"https:\/\/ddpublishings.com\/tr\/wp-json\/wp\/v2\/media?parent=4442"}],"wp:term":[{"taxonomy":"product_cat","embeddable":true,"href":"https:\/\/ddpublishings.com\/tr\/wp-json\/wp\/v2\/product_cat?post=4442"},{"taxonomy":"product_tag","embeddable":true,"href":"https:\/\/ddpublishings.com\/tr\/wp-json\/wp\/v2\/product_tag?post=4442"}],"curies":[{"name":"wp","href":"https:\/\/api.w.org\/{rel}","templated":true}]}}