{"id":4478,"date":"2025-09-23T11:54:07","date_gmt":"2025-09-23T08:54:07","guid":{"rendered":"https:\/\/ddpublishings.com\/product\/kalpler-kimin-eline-turkce-baski\/"},"modified":"2025-09-23T11:54:07","modified_gmt":"2025-09-23T08:54:07","slug":"kalpler-kimin-eline-turkce-baski","status":"publish","type":"product","link":"https:\/\/ddpublishings.com\/tr\/urun\/kalpler-kimin-eline-turkce-baski\/","title":{"rendered":"Kalpler Kimin Eline? &#8211; T\u00fcrk\u00e7e Bask\u0131"},"content":{"rendered":"<p>Bu eser, hem adalet mekanizmas\u0131n\u0131n i\u015fleyi\u015fine dair benzersiz bir bak\u0131\u015f a\u00e7\u0131s\u0131 sunuyor hem de insanl\u0131\u011f\u0131n derinliklerine dokunuyor. Bir hik\u00e2ye, bir ders ve bir umut\u2026 Sayfalar aras\u0131nda ilerlerken siz de kendinizi Mu\u0308slim Bey\u2019in yan\u0131nda adalet ararken bulacaks\u0131n\u0131z. Unutmay\u0131n, hakikat bazen en karanl\u0131k yollardan do\u011far.  <\/p>\n<p data-start=\"60\" data-end=\"221\">Yazar Abdurrahim Dede&#8217;nin kaleme ald\u0131\u011f\u0131 bu kitap, adalet aray\u0131\u015f\u0131n\u0131n ince yollar\u0131nda ilerleyen, s\u0131radan bir matbaac\u0131n\u0131n s\u0131rad\u0131\u015f\u0131 seru\u0308venini anlat\u0131yor.<\/p>\n","protected":false},"excerpt":{"rendered":"[dflip id=\"4470\" type=\"thumb\"][\/dflip]\n","protected":false},"featured_media":4469,"comment_status":"open","ping_status":"closed","template":"","meta":{"_acf_changed":false},"product_cat":[192,184,210,190],"product_tag":[],"class_list":{"0":"post-4478","1":"product","2":"type-product","3":"status-publish","4":"has-post-thumbnail","6":"product_cat-cok-satanlar","7":"product_cat-hukuk","8":"product_cat-turkce-yayinlar","9":"product_cat-yeni-cikanlar","10":"pa_authors-abdurrahim-dede-tr","12":"first","13":"instock","14":"sale","15":"shipping-taxable","16":"purchasable","17":"product-type-variable","swatches":"rey-swatches","show_selected":""},"acf":[],"yoast_head":"<!-- This site is optimized with the Yoast SEO plugin v27.4 - https:\/\/yoast.com\/product\/yoast-seo-wordpress\/ -->\n<title>Kalpler Kimin Eline? - T\u00fcrk\u00e7e Bask\u0131 - ddpublishings<\/title>\n<meta name=\"description\" content=\"Yazar Abdurrahim Dede&#039;nin kaleme ald\u0131\u011f\u0131 bu kitap, adalet aray\u0131\u015f\u0131n\u0131n ince yollar\u0131nda ilerleyen, s\u0131radan bir matbaac\u0131n\u0131n s\u0131rad\u0131\u015f\u0131 seru\u0308venini anlat\u0131yor.\" \/>\n<meta name=\"robots\" content=\"index, follow, max-snippet:-1, max-image-preview:large, max-video-preview:-1\" \/>\n<link rel=\"canonical\" href=\"https:\/\/ddpublishings.com\/tr\/urun\/kalpler-kimin-eline-turkce-baski\/\" \/>\n<meta property=\"og:locale\" content=\"tr_TR\" \/>\n<meta property=\"og:type\" content=\"article\" \/>\n<meta property=\"og:title\" content=\"Kalpler Kimin Eline? - T\u00fcrk\u00e7e Bask\u0131 - ddpublishings\" \/>\n<meta property=\"og:description\" content=\"Yazar Abdurrahim Dede&#039;nin kaleme ald\u0131\u011f\u0131 bu kitap, adalet aray\u0131\u015f\u0131n\u0131n ince yollar\u0131nda ilerleyen, s\u0131radan bir matbaac\u0131n\u0131n s\u0131rad\u0131\u015f\u0131 seru\u0308venini anlat\u0131yor.\" \/>\n<meta property=\"og:url\" content=\"https:\/\/ddpublishings.com\/tr\/urun\/kalpler-kimin-eline-turkce-baski\/\" \/>\n<meta property=\"og:site_name\" content=\"ddpublishings\" \/>\n<meta property=\"og:image\" content=\"https:\/\/ddpublishings.com\/wp-content\/uploads\/2025\/09\/Kalpler-Kimin-Elinde.jpeg\" \/>\n\t<meta property=\"og:image:width\" content=\"1044\" \/>\n\t<meta property=\"og:image:height\" content=\"1632\" \/>\n\t<meta property=\"og:image:type\" content=\"image\/jpeg\" \/>\n<meta name=\"twitter:card\" content=\"summary_large_image\" \/>\n<script type=\"application\/ld+json\" class=\"yoast-schema-graph\">{\"@context\":\"https:\\\/\\\/schema.org\",\"@graph\":[{\"@type\":\"WebPage\",\"@id\":\"https:\\\/\\\/ddpublishings.com\\\/tr\\\/urun\\\/kalpler-kimin-eline-turkce-baski\\\/\",\"url\":\"https:\\\/\\\/ddpublishings.com\\\/tr\\\/urun\\\/kalpler-kimin-eline-turkce-baski\\\/\",\"name\":\"Kalpler Kimin Eline? - T\u00fcrk\u00e7e Bask\u0131 - ddpublishings\",\"isPartOf\":{\"@id\":\"https:\\\/\\\/ddpublishings.com\\\/tr\\\/#website\"},\"primaryImageOfPage\":{\"@id\":\"https:\\\/\\\/ddpublishings.com\\\/tr\\\/urun\\\/kalpler-kimin-eline-turkce-baski\\\/#primaryimage\"},\"image\":{\"@id\":\"https:\\\/\\\/ddpublishings.com\\\/tr\\\/urun\\\/kalpler-kimin-eline-turkce-baski\\\/#primaryimage\"},\"thumbnailUrl\":\"https:\\\/\\\/ddpublishings.com\\\/wp-content\\\/uploads\\\/2025\\\/09\\\/Kalpler-Kimin-Elinde.jpeg\",\"datePublished\":\"2025-09-23T08:54:07+00:00\",\"description\":\"Yazar Abdurrahim Dede'nin kaleme ald\u0131\u011f\u0131 bu kitap, adalet aray\u0131\u015f\u0131n\u0131n ince yollar\u0131nda ilerleyen, s\u0131radan bir matbaac\u0131n\u0131n s\u0131rad\u0131\u015f\u0131 seru\u0308venini anlat\u0131yor.\",\"breadcrumb\":{\"@id\":\"https:\\\/\\\/ddpublishings.com\\\/tr\\\/urun\\\/kalpler-kimin-eline-turkce-baski\\\/#breadcrumb\"},\"inLanguage\":\"tr\",\"potentialAction\":[{\"@type\":\"ReadAction\",\"target\":[\"https:\\\/\\\/ddpublishings.com\\\/tr\\\/urun\\\/kalpler-kimin-eline-turkce-baski\\\/\"]}]},{\"@type\":\"ImageObject\",\"inLanguage\":\"tr\",\"@id\":\"https:\\\/\\\/ddpublishings.com\\\/tr\\\/urun\\\/kalpler-kimin-eline-turkce-baski\\\/#primaryimage\",\"url\":\"https:\\\/\\\/ddpublishings.com\\\/wp-content\\\/uploads\\\/2025\\\/09\\\/Kalpler-Kimin-Elinde.jpeg\",\"contentUrl\":\"https:\\\/\\\/ddpublishings.com\\\/wp-content\\\/uploads\\\/2025\\\/09\\\/Kalpler-Kimin-Elinde.jpeg\",\"width\":1044,\"height\":1632},{\"@type\":\"BreadcrumbList\",\"@id\":\"https:\\\/\\\/ddpublishings.com\\\/tr\\\/urun\\\/kalpler-kimin-eline-turkce-baski\\\/#breadcrumb\",\"itemListElement\":[{\"@type\":\"ListItem\",\"position\":1,\"name\":\"Home\",\"item\":\"https:\\\/\\\/ddpublishings.com\\\/tr\\\/\"},{\"@type\":\"ListItem\",\"position\":2,\"name\":\"Kitaplar\",\"item\":\"https:\\\/\\\/ddpublishings.com\\\/tr\\\/kitaplar\\\/\"},{\"@type\":\"ListItem\",\"position\":3,\"name\":\"Kalpler Kimin Eline? &#8211; T\u00fcrk\u00e7e Bask\u0131\"}]},{\"@type\":\"WebSite\",\"@id\":\"https:\\\/\\\/ddpublishings.com\\\/tr\\\/#website\",\"url\":\"https:\\\/\\\/ddpublishings.com\\\/tr\\\/\",\"name\":\"ddpublishings\",\"description\":\"\",\"publisher\":{\"@id\":\"https:\\\/\\\/ddpublishings.com\\\/tr\\\/#organization\"},\"potentialAction\":[{\"@type\":\"SearchAction\",\"target\":{\"@type\":\"EntryPoint\",\"urlTemplate\":\"https:\\\/\\\/ddpublishings.com\\\/tr\\\/?s={search_term_string}\"},\"query-input\":{\"@type\":\"PropertyValueSpecification\",\"valueRequired\":true,\"valueName\":\"search_term_string\"}}],\"inLanguage\":\"tr\"},{\"@type\":\"Organization\",\"@id\":\"https:\\\/\\\/ddpublishings.com\\\/tr\\\/#organization\",\"name\":\"ddpublishings\",\"url\":\"https:\\\/\\\/ddpublishings.com\\\/tr\\\/\",\"logo\":{\"@type\":\"ImageObject\",\"inLanguage\":\"tr\",\"@id\":\"https:\\\/\\\/ddpublishings.com\\\/tr\\\/#\\\/schema\\\/logo\\\/image\\\/\",\"url\":\"https:\\\/\\\/ddpublishings.com\\\/wp-content\\\/uploads\\\/2025\\\/07\\\/dd-publishing-logo-black.svg\",\"contentUrl\":\"https:\\\/\\\/ddpublishings.com\\\/wp-content\\\/uploads\\\/2025\\\/07\\\/dd-publishing-logo-black.svg\",\"width\":561,\"height\":454,\"caption\":\"ddpublishings\"},\"image\":{\"@id\":\"https:\\\/\\\/ddpublishings.com\\\/tr\\\/#\\\/schema\\\/logo\\\/image\\\/\"}}]}<\/script>\n<!-- \/ Yoast SEO plugin. -->","yoast_head_json":{"title":"Kalpler Kimin Eline? - T\u00fcrk\u00e7e Bask\u0131 - ddpublishings","description":"Yazar Abdurrahim Dede'nin kaleme ald\u0131\u011f\u0131 bu kitap, adalet aray\u0131\u015f\u0131n\u0131n ince yollar\u0131nda ilerleyen, s\u0131radan bir matbaac\u0131n\u0131n s\u0131rad\u0131\u015f\u0131 seru\u0308venini anlat\u0131yor.","robots":{"index":"index","follow":"follow","max-snippet":"max-snippet:-1","max-image-preview":"max-image-preview:large","max-video-preview":"max-video-preview:-1"},"canonical":"https:\/\/ddpublishings.com\/tr\/urun\/kalpler-kimin-eline-turkce-baski\/","og_locale":"tr_TR","og_type":"article","og_title":"Kalpler Kimin Eline? - T\u00fcrk\u00e7e Bask\u0131 - ddpublishings","og_description":"Yazar Abdurrahim Dede'nin kaleme ald\u0131\u011f\u0131 bu kitap, adalet aray\u0131\u015f\u0131n\u0131n ince yollar\u0131nda ilerleyen, s\u0131radan bir matbaac\u0131n\u0131n s\u0131rad\u0131\u015f\u0131 seru\u0308venini anlat\u0131yor.","og_url":"https:\/\/ddpublishings.com\/tr\/urun\/kalpler-kimin-eline-turkce-baski\/","og_site_name":"ddpublishings","og_image":[{"width":1044,"height":1632,"url":"https:\/\/ddpublishings.com\/wp-content\/uploads\/2025\/09\/Kalpler-Kimin-Elinde.jpeg","type":"image\/jpeg"}],"twitter_card":"summary_large_image","schema":{"@context":"https:\/\/schema.org","@graph":[{"@type":"WebPage","@id":"https:\/\/ddpublishings.com\/tr\/urun\/kalpler-kimin-eline-turkce-baski\/","url":"https:\/\/ddpublishings.com\/tr\/urun\/kalpler-kimin-eline-turkce-baski\/","name":"Kalpler Kimin Eline? - T\u00fcrk\u00e7e Bask\u0131 - ddpublishings","isPartOf":{"@id":"https:\/\/ddpublishings.com\/tr\/#website"},"primaryImageOfPage":{"@id":"https:\/\/ddpublishings.com\/tr\/urun\/kalpler-kimin-eline-turkce-baski\/#primaryimage"},"image":{"@id":"https:\/\/ddpublishings.com\/tr\/urun\/kalpler-kimin-eline-turkce-baski\/#primaryimage"},"thumbnailUrl":"https:\/\/ddpublishings.com\/wp-content\/uploads\/2025\/09\/Kalpler-Kimin-Elinde.jpeg","datePublished":"2025-09-23T08:54:07+00:00","description":"Yazar Abdurrahim Dede'nin kaleme ald\u0131\u011f\u0131 bu kitap, adalet aray\u0131\u015f\u0131n\u0131n ince yollar\u0131nda ilerleyen, s\u0131radan bir matbaac\u0131n\u0131n s\u0131rad\u0131\u015f\u0131 seru\u0308venini anlat\u0131yor.","breadcrumb":{"@id":"https:\/\/ddpublishings.com\/tr\/urun\/kalpler-kimin-eline-turkce-baski\/#breadcrumb"},"inLanguage":"tr","potentialAction":[{"@type":"ReadAction","target":["https:\/\/ddpublishings.com\/tr\/urun\/kalpler-kimin-eline-turkce-baski\/"]}]},{"@type":"ImageObject","inLanguage":"tr","@id":"https:\/\/ddpublishings.com\/tr\/urun\/kalpler-kimin-eline-turkce-baski\/#primaryimage","url":"https:\/\/ddpublishings.com\/wp-content\/uploads\/2025\/09\/Kalpler-Kimin-Elinde.jpeg","contentUrl":"https:\/\/ddpublishings.com\/wp-content\/uploads\/2025\/09\/Kalpler-Kimin-Elinde.jpeg","width":1044,"height":1632},{"@type":"BreadcrumbList","@id":"https:\/\/ddpublishings.com\/tr\/urun\/kalpler-kimin-eline-turkce-baski\/#breadcrumb","itemListElement":[{"@type":"ListItem","position":1,"name":"Home","item":"https:\/\/ddpublishings.com\/tr\/"},{"@type":"ListItem","position":2,"name":"Kitaplar","item":"https:\/\/ddpublishings.com\/tr\/kitaplar\/"},{"@type":"ListItem","position":3,"name":"Kalpler Kimin Eline? &#8211; T\u00fcrk\u00e7e Bask\u0131"}]},{"@type":"WebSite","@id":"https:\/\/ddpublishings.com\/tr\/#website","url":"https:\/\/ddpublishings.com\/tr\/","name":"ddpublishings","description":"","publisher":{"@id":"https:\/\/ddpublishings.com\/tr\/#organization"},"potentialAction":[{"@type":"SearchAction","target":{"@type":"EntryPoint","urlTemplate":"https:\/\/ddpublishings.com\/tr\/?s={search_term_string}"},"query-input":{"@type":"PropertyValueSpecification","valueRequired":true,"valueName":"search_term_string"}}],"inLanguage":"tr"},{"@type":"Organization","@id":"https:\/\/ddpublishings.com\/tr\/#organization","name":"ddpublishings","url":"https:\/\/ddpublishings.com\/tr\/","logo":{"@type":"ImageObject","inLanguage":"tr","@id":"https:\/\/ddpublishings.com\/tr\/#\/schema\/logo\/image\/","url":"https:\/\/ddpublishings.com\/wp-content\/uploads\/2025\/07\/dd-publishing-logo-black.svg","contentUrl":"https:\/\/ddpublishings.com\/wp-content\/uploads\/2025\/07\/dd-publishing-logo-black.svg","width":561,"height":454,"caption":"ddpublishings"},"image":{"@id":"https:\/\/ddpublishings.com\/tr\/#\/schema\/logo\/image\/"}}]}},"_links":{"self":[{"href":"https:\/\/ddpublishings.com\/tr\/wp-json\/wp\/v2\/product\/4478","targetHints":{"allow":["GET"]}}],"collection":[{"href":"https:\/\/ddpublishings.com\/tr\/wp-json\/wp\/v2\/product"}],"about":[{"href":"https:\/\/ddpublishings.com\/tr\/wp-json\/wp\/v2\/types\/product"}],"replies":[{"embeddable":true,"href":"https:\/\/ddpublishings.com\/tr\/wp-json\/wp\/v2\/comments?post=4478"}],"wp:featuredmedia":[{"embeddable":true,"href":"https:\/\/ddpublishings.com\/tr\/wp-json\/wp\/v2\/media\/4469"}],"wp:attachment":[{"href":"https:\/\/ddpublishings.com\/tr\/wp-json\/wp\/v2\/media?parent=4478"}],"wp:term":[{"taxonomy":"product_cat","embeddable":true,"href":"https:\/\/ddpublishings.com\/tr\/wp-json\/wp\/v2\/product_cat?post=4478"},{"taxonomy":"product_tag","embeddable":true,"href":"https:\/\/ddpublishings.com\/tr\/wp-json\/wp\/v2\/product_tag?post=4478"}],"curies":[{"name":"wp","href":"https:\/\/api.w.org\/{rel}","templated":true}]}}