{"id":4494,"date":"2025-09-23T12:37:04","date_gmt":"2025-09-23T09:37:04","guid":{"rendered":"https:\/\/ddpublishings.com\/product\/biri-beni-gozetliyor-turkce-baski\/"},"modified":"2025-09-23T12:37:04","modified_gmt":"2025-09-23T09:37:04","slug":"biri-beni-gozetliyor-turkce-baski","status":"publish","type":"product","link":"https:\/\/ddpublishings.com\/tr\/urun\/biri-beni-gozetliyor-turkce-baski\/","title":{"rendered":"Biri Beni G\u00f6zetliyor &#8211; T\u00fcrk\u00e7e Bask\u0131"},"content":{"rendered":"<p>Avukat-Yazar Abdurrahim Dede taraf\u0131ndan kaleme al\u0131nan ve kurgusal bir felsef\u00ee deneme olarak tan\u0131mlanabilecek bu kitap, yazar\u0131n ge\u00e7ti\u011fimiz y\u0131l yay\u0131nlanan <em data-start=\"288\" data-end=\"308\">Dimokritos\u2019un Avukat\u0131<\/em> adl\u0131 kitab\u0131n\u0131n devam\u0131 niteli\u011finde. Dede, bu \u00e7al\u0131\u015fmas\u0131nda da zaman yolculu\u011fu temas\u0131n\u0131 kullanarak, kuantum s\u00fcperpozisyonu, g\u00f6zlemci etkisi, zaman\u0131n g\u00f6relili\u011fi gibi kavramlar\u0131, okurlar\u0131n\u0131n ezberlerini bozan ak\u0131l tetikleyicileri haline getiriyor.<\/p>\n","protected":false},"excerpt":{"rendered":"[dflip id=\"4484\" type=\"thumb\"][\/dflip]\n","protected":false},"featured_media":4422,"comment_status":"open","ping_status":"closed","template":"","meta":{"_acf_changed":false},"product_cat":[192,182,210,190],"product_tag":[],"class_list":{"0":"post-4494","1":"product","2":"type-product","3":"status-publish","4":"has-post-thumbnail","6":"product_cat-cok-satanlar","7":"product_cat-felsefe","8":"product_cat-turkce-yayinlar","9":"product_cat-yeni-cikanlar","10":"pa_authors-abdurrahim-dede-tr","12":"first","13":"instock","14":"sale","15":"shipping-taxable","16":"purchasable","17":"product-type-variable","swatches":"rey-swatches","show_selected":""},"acf":[],"yoast_head":"<!-- This site is optimized with the Yoast SEO plugin v27.4 - https:\/\/yoast.com\/product\/yoast-seo-wordpress\/ -->\n<title>Biri Beni G\u00f6zetliyor - T\u00fcrk\u00e7e Bask\u0131 - ddpublishings<\/title>\n<meta name=\"description\" content=\"Avukat-Yazar Abdurrahim Dede taraf\u0131ndan kaleme al\u0131nan ve kurgusal bir felsef\u00ee deneme olarak tan\u0131mlanabilecek bu kitap, yazar\u0131n ge\u00e7ti\u011fimiz y\u0131l yay\u0131nlanan Dimokritos\u2019un Avukat\u0131 adl\u0131 kitab\u0131n\u0131n devam\u0131 niteli\u011finde.\" \/>\n<meta name=\"robots\" content=\"index, follow, max-snippet:-1, max-image-preview:large, max-video-preview:-1\" \/>\n<link rel=\"canonical\" href=\"https:\/\/ddpublishings.com\/tr\/urun\/biri-beni-gozetliyor-turkce-baski\/\" \/>\n<meta property=\"og:locale\" content=\"tr_TR\" \/>\n<meta property=\"og:type\" content=\"article\" \/>\n<meta property=\"og:title\" content=\"Biri Beni G\u00f6zetliyor - T\u00fcrk\u00e7e Bask\u0131 - ddpublishings\" \/>\n<meta property=\"og:description\" content=\"Avukat-Yazar Abdurrahim Dede taraf\u0131ndan kaleme al\u0131nan ve kurgusal bir felsef\u00ee deneme olarak tan\u0131mlanabilecek bu kitap, yazar\u0131n ge\u00e7ti\u011fimiz y\u0131l yay\u0131nlanan Dimokritos\u2019un Avukat\u0131 adl\u0131 kitab\u0131n\u0131n devam\u0131 niteli\u011finde.\" \/>\n<meta property=\"og:url\" content=\"https:\/\/ddpublishings.com\/tr\/urun\/biri-beni-gozetliyor-turkce-baski\/\" \/>\n<meta property=\"og:site_name\" content=\"ddpublishings\" \/>\n<meta property=\"og:image\" content=\"https:\/\/ddpublishings.com\/wp-content\/uploads\/2025\/09\/Biri-Bizi-gozetliyor.jpeg\" \/>\n\t<meta property=\"og:image:width\" content=\"1120\" \/>\n\t<meta property=\"og:image:height\" content=\"1734\" \/>\n\t<meta property=\"og:image:type\" content=\"image\/jpeg\" \/>\n<meta name=\"twitter:card\" content=\"summary_large_image\" \/>\n<script type=\"application\/ld+json\" class=\"yoast-schema-graph\">{\"@context\":\"https:\\\/\\\/schema.org\",\"@graph\":[{\"@type\":\"WebPage\",\"@id\":\"https:\\\/\\\/ddpublishings.com\\\/tr\\\/urun\\\/biri-beni-gozetliyor-turkce-baski\\\/\",\"url\":\"https:\\\/\\\/ddpublishings.com\\\/tr\\\/urun\\\/biri-beni-gozetliyor-turkce-baski\\\/\",\"name\":\"Biri Beni G\u00f6zetliyor - T\u00fcrk\u00e7e Bask\u0131 - ddpublishings\",\"isPartOf\":{\"@id\":\"https:\\\/\\\/ddpublishings.com\\\/tr\\\/#website\"},\"primaryImageOfPage\":{\"@id\":\"https:\\\/\\\/ddpublishings.com\\\/tr\\\/urun\\\/biri-beni-gozetliyor-turkce-baski\\\/#primaryimage\"},\"image\":{\"@id\":\"https:\\\/\\\/ddpublishings.com\\\/tr\\\/urun\\\/biri-beni-gozetliyor-turkce-baski\\\/#primaryimage\"},\"thumbnailUrl\":\"https:\\\/\\\/ddpublishings.com\\\/wp-content\\\/uploads\\\/2025\\\/09\\\/Biri-Bizi-gozetliyor.jpeg\",\"datePublished\":\"2025-09-23T09:37:04+00:00\",\"description\":\"Avukat-Yazar Abdurrahim Dede taraf\u0131ndan kaleme al\u0131nan ve kurgusal bir felsef\u00ee deneme olarak tan\u0131mlanabilecek bu kitap, yazar\u0131n ge\u00e7ti\u011fimiz y\u0131l yay\u0131nlanan Dimokritos\u2019un Avukat\u0131 adl\u0131 kitab\u0131n\u0131n devam\u0131 niteli\u011finde.\",\"breadcrumb\":{\"@id\":\"https:\\\/\\\/ddpublishings.com\\\/tr\\\/urun\\\/biri-beni-gozetliyor-turkce-baski\\\/#breadcrumb\"},\"inLanguage\":\"tr\",\"potentialAction\":[{\"@type\":\"ReadAction\",\"target\":[\"https:\\\/\\\/ddpublishings.com\\\/tr\\\/urun\\\/biri-beni-gozetliyor-turkce-baski\\\/\"]}]},{\"@type\":\"ImageObject\",\"inLanguage\":\"tr\",\"@id\":\"https:\\\/\\\/ddpublishings.com\\\/tr\\\/urun\\\/biri-beni-gozetliyor-turkce-baski\\\/#primaryimage\",\"url\":\"https:\\\/\\\/ddpublishings.com\\\/wp-content\\\/uploads\\\/2025\\\/09\\\/Biri-Bizi-gozetliyor.jpeg\",\"contentUrl\":\"https:\\\/\\\/ddpublishings.com\\\/wp-content\\\/uploads\\\/2025\\\/09\\\/Biri-Bizi-gozetliyor.jpeg\",\"width\":1120,\"height\":1734},{\"@type\":\"BreadcrumbList\",\"@id\":\"https:\\\/\\\/ddpublishings.com\\\/tr\\\/urun\\\/biri-beni-gozetliyor-turkce-baski\\\/#breadcrumb\",\"itemListElement\":[{\"@type\":\"ListItem\",\"position\":1,\"name\":\"Home\",\"item\":\"https:\\\/\\\/ddpublishings.com\\\/tr\\\/\"},{\"@type\":\"ListItem\",\"position\":2,\"name\":\"Kitaplar\",\"item\":\"https:\\\/\\\/ddpublishings.com\\\/tr\\\/kitaplar\\\/\"},{\"@type\":\"ListItem\",\"position\":3,\"name\":\"Biri Beni G\u00f6zetliyor &#8211; T\u00fcrk\u00e7e Bask\u0131\"}]},{\"@type\":\"WebSite\",\"@id\":\"https:\\\/\\\/ddpublishings.com\\\/tr\\\/#website\",\"url\":\"https:\\\/\\\/ddpublishings.com\\\/tr\\\/\",\"name\":\"ddpublishings\",\"description\":\"\",\"publisher\":{\"@id\":\"https:\\\/\\\/ddpublishings.com\\\/tr\\\/#organization\"},\"potentialAction\":[{\"@type\":\"SearchAction\",\"target\":{\"@type\":\"EntryPoint\",\"urlTemplate\":\"https:\\\/\\\/ddpublishings.com\\\/tr\\\/?s={search_term_string}\"},\"query-input\":{\"@type\":\"PropertyValueSpecification\",\"valueRequired\":true,\"valueName\":\"search_term_string\"}}],\"inLanguage\":\"tr\"},{\"@type\":\"Organization\",\"@id\":\"https:\\\/\\\/ddpublishings.com\\\/tr\\\/#organization\",\"name\":\"ddpublishings\",\"url\":\"https:\\\/\\\/ddpublishings.com\\\/tr\\\/\",\"logo\":{\"@type\":\"ImageObject\",\"inLanguage\":\"tr\",\"@id\":\"https:\\\/\\\/ddpublishings.com\\\/tr\\\/#\\\/schema\\\/logo\\\/image\\\/\",\"url\":\"https:\\\/\\\/ddpublishings.com\\\/wp-content\\\/uploads\\\/2025\\\/07\\\/dd-publishing-logo-black.svg\",\"contentUrl\":\"https:\\\/\\\/ddpublishings.com\\\/wp-content\\\/uploads\\\/2025\\\/07\\\/dd-publishing-logo-black.svg\",\"width\":561,\"height\":454,\"caption\":\"ddpublishings\"},\"image\":{\"@id\":\"https:\\\/\\\/ddpublishings.com\\\/tr\\\/#\\\/schema\\\/logo\\\/image\\\/\"}}]}<\/script>\n<!-- \/ Yoast SEO plugin. -->","yoast_head_json":{"title":"Biri Beni G\u00f6zetliyor - T\u00fcrk\u00e7e Bask\u0131 - ddpublishings","description":"Avukat-Yazar Abdurrahim Dede taraf\u0131ndan kaleme al\u0131nan ve kurgusal bir felsef\u00ee deneme olarak tan\u0131mlanabilecek bu kitap, yazar\u0131n ge\u00e7ti\u011fimiz y\u0131l yay\u0131nlanan Dimokritos\u2019un Avukat\u0131 adl\u0131 kitab\u0131n\u0131n devam\u0131 niteli\u011finde.","robots":{"index":"index","follow":"follow","max-snippet":"max-snippet:-1","max-image-preview":"max-image-preview:large","max-video-preview":"max-video-preview:-1"},"canonical":"https:\/\/ddpublishings.com\/tr\/urun\/biri-beni-gozetliyor-turkce-baski\/","og_locale":"tr_TR","og_type":"article","og_title":"Biri Beni G\u00f6zetliyor - T\u00fcrk\u00e7e Bask\u0131 - ddpublishings","og_description":"Avukat-Yazar Abdurrahim Dede taraf\u0131ndan kaleme al\u0131nan ve kurgusal bir felsef\u00ee deneme olarak tan\u0131mlanabilecek bu kitap, yazar\u0131n ge\u00e7ti\u011fimiz y\u0131l yay\u0131nlanan Dimokritos\u2019un Avukat\u0131 adl\u0131 kitab\u0131n\u0131n devam\u0131 niteli\u011finde.","og_url":"https:\/\/ddpublishings.com\/tr\/urun\/biri-beni-gozetliyor-turkce-baski\/","og_site_name":"ddpublishings","og_image":[{"width":1120,"height":1734,"url":"https:\/\/ddpublishings.com\/wp-content\/uploads\/2025\/09\/Biri-Bizi-gozetliyor.jpeg","type":"image\/jpeg"}],"twitter_card":"summary_large_image","schema":{"@context":"https:\/\/schema.org","@graph":[{"@type":"WebPage","@id":"https:\/\/ddpublishings.com\/tr\/urun\/biri-beni-gozetliyor-turkce-baski\/","url":"https:\/\/ddpublishings.com\/tr\/urun\/biri-beni-gozetliyor-turkce-baski\/","name":"Biri Beni G\u00f6zetliyor - T\u00fcrk\u00e7e Bask\u0131 - ddpublishings","isPartOf":{"@id":"https:\/\/ddpublishings.com\/tr\/#website"},"primaryImageOfPage":{"@id":"https:\/\/ddpublishings.com\/tr\/urun\/biri-beni-gozetliyor-turkce-baski\/#primaryimage"},"image":{"@id":"https:\/\/ddpublishings.com\/tr\/urun\/biri-beni-gozetliyor-turkce-baski\/#primaryimage"},"thumbnailUrl":"https:\/\/ddpublishings.com\/wp-content\/uploads\/2025\/09\/Biri-Bizi-gozetliyor.jpeg","datePublished":"2025-09-23T09:37:04+00:00","description":"Avukat-Yazar Abdurrahim Dede taraf\u0131ndan kaleme al\u0131nan ve kurgusal bir felsef\u00ee deneme olarak tan\u0131mlanabilecek bu kitap, yazar\u0131n ge\u00e7ti\u011fimiz y\u0131l yay\u0131nlanan Dimokritos\u2019un Avukat\u0131 adl\u0131 kitab\u0131n\u0131n devam\u0131 niteli\u011finde.","breadcrumb":{"@id":"https:\/\/ddpublishings.com\/tr\/urun\/biri-beni-gozetliyor-turkce-baski\/#breadcrumb"},"inLanguage":"tr","potentialAction":[{"@type":"ReadAction","target":["https:\/\/ddpublishings.com\/tr\/urun\/biri-beni-gozetliyor-turkce-baski\/"]}]},{"@type":"ImageObject","inLanguage":"tr","@id":"https:\/\/ddpublishings.com\/tr\/urun\/biri-beni-gozetliyor-turkce-baski\/#primaryimage","url":"https:\/\/ddpublishings.com\/wp-content\/uploads\/2025\/09\/Biri-Bizi-gozetliyor.jpeg","contentUrl":"https:\/\/ddpublishings.com\/wp-content\/uploads\/2025\/09\/Biri-Bizi-gozetliyor.jpeg","width":1120,"height":1734},{"@type":"BreadcrumbList","@id":"https:\/\/ddpublishings.com\/tr\/urun\/biri-beni-gozetliyor-turkce-baski\/#breadcrumb","itemListElement":[{"@type":"ListItem","position":1,"name":"Home","item":"https:\/\/ddpublishings.com\/tr\/"},{"@type":"ListItem","position":2,"name":"Kitaplar","item":"https:\/\/ddpublishings.com\/tr\/kitaplar\/"},{"@type":"ListItem","position":3,"name":"Biri Beni G\u00f6zetliyor &#8211; T\u00fcrk\u00e7e Bask\u0131"}]},{"@type":"WebSite","@id":"https:\/\/ddpublishings.com\/tr\/#website","url":"https:\/\/ddpublishings.com\/tr\/","name":"ddpublishings","description":"","publisher":{"@id":"https:\/\/ddpublishings.com\/tr\/#organization"},"potentialAction":[{"@type":"SearchAction","target":{"@type":"EntryPoint","urlTemplate":"https:\/\/ddpublishings.com\/tr\/?s={search_term_string}"},"query-input":{"@type":"PropertyValueSpecification","valueRequired":true,"valueName":"search_term_string"}}],"inLanguage":"tr"},{"@type":"Organization","@id":"https:\/\/ddpublishings.com\/tr\/#organization","name":"ddpublishings","url":"https:\/\/ddpublishings.com\/tr\/","logo":{"@type":"ImageObject","inLanguage":"tr","@id":"https:\/\/ddpublishings.com\/tr\/#\/schema\/logo\/image\/","url":"https:\/\/ddpublishings.com\/wp-content\/uploads\/2025\/07\/dd-publishing-logo-black.svg","contentUrl":"https:\/\/ddpublishings.com\/wp-content\/uploads\/2025\/07\/dd-publishing-logo-black.svg","width":561,"height":454,"caption":"ddpublishings"},"image":{"@id":"https:\/\/ddpublishings.com\/tr\/#\/schema\/logo\/image\/"}}]}},"_links":{"self":[{"href":"https:\/\/ddpublishings.com\/tr\/wp-json\/wp\/v2\/product\/4494","targetHints":{"allow":["GET"]}}],"collection":[{"href":"https:\/\/ddpublishings.com\/tr\/wp-json\/wp\/v2\/product"}],"about":[{"href":"https:\/\/ddpublishings.com\/tr\/wp-json\/wp\/v2\/types\/product"}],"replies":[{"embeddable":true,"href":"https:\/\/ddpublishings.com\/tr\/wp-json\/wp\/v2\/comments?post=4494"}],"wp:featuredmedia":[{"embeddable":true,"href":"https:\/\/ddpublishings.com\/tr\/wp-json\/wp\/v2\/media\/4422"}],"wp:attachment":[{"href":"https:\/\/ddpublishings.com\/tr\/wp-json\/wp\/v2\/media?parent=4494"}],"wp:term":[{"taxonomy":"product_cat","embeddable":true,"href":"https:\/\/ddpublishings.com\/tr\/wp-json\/wp\/v2\/product_cat?post=4494"},{"taxonomy":"product_tag","embeddable":true,"href":"https:\/\/ddpublishings.com\/tr\/wp-json\/wp\/v2\/product_tag?post=4494"}],"curies":[{"name":"wp","href":"https:\/\/api.w.org\/{rel}","templated":true}]}}