{"id":4519,"date":"2025-09-24T17:31:25","date_gmt":"2025-09-24T14:31:25","guid":{"rendered":"https:\/\/ddpublishings.com\/product\/seven-ogretmen-turkce-baski\/"},"modified":"2025-09-24T17:31:25","modified_gmt":"2025-09-24T14:31:25","slug":"seven-ogretmen-turkce-baski","status":"publish","type":"product","link":"https:\/\/ddpublishings.com\/tr\/urun\/seven-ogretmen-turkce-baski\/","title":{"rendered":"Seven \u00d6\u011fretmen &#8211; T\u00fcrk\u00e7e Bask\u0131"},"content":{"rendered":"<p>Seven \u00d6\u011fretmen\u2019in hik\u00e2yesini kaleme alan Sevgi K\u00e2\u015fifi babama&#8230; Babam\u0131n y\u00fcre\u011findeki ilk sevgi tohumlar\u0131, yan k\u00f6yden annemin k\u00f6y\u00fcn\u00fcn karanl\u0131kta y\u0131ld\u0131zlar gibi parlayan \u0131\u015f\u0131klar\u0131n\u0131 izlemek i\u00e7in kilometrelerce yolu bisikletle gi-derken k\u00f6k sal\u0131vermi\u015f. Daha sonra genci, ya\u015fl\u0131s\u0131, \u00e7ocu\u011fu ile Bat\u0131 Trakya i\u00e7in \u00e7arpm\u0131\u015f kalbi. \u00d6yle bir sahiplenmi\u015f ki koca memleketi i\u00e7in \u00f6\u011fretmen olmay\u0131 hayal etmi\u015f. Bakm\u0131\u015f ki sevmek i\u00e7in kalbinde \u00e7ok yer var; do\u011fup b\u00fcy\u00fcd\u00fc\u011f\u00fc topraklar\u0131n ge\u00e7mi\u015fini, tarihini al\u0131p yazm\u0131\u015f ve saklam\u0131\u015f ki, gelecek nesillerle sevgi k\u00f6pr\u00fcs\u00fc olu\u015fsun.<\/p>\n","protected":false},"excerpt":{"rendered":"[dflip id=\"4509\" type=\"thumb\"][\/dflip]\n","protected":false},"featured_media":4502,"comment_status":"open","ping_status":"closed","template":"","meta":{"_acf_changed":false},"product_cat":[179,178,186,210,190],"product_tag":[],"class_list":{"0":"post-4519","1":"product","2":"type-product","3":"status-publish","4":"has-post-thumbnail","6":"product_cat-deneme-ve-dusunce","7":"product_cat-roman-ve-oyku","8":"product_cat-tarih-ve-kultur","9":"product_cat-turkce-yayinlar","10":"product_cat-yeni-cikanlar","11":"pa_authors-abdurrahim-dede-tr","13":"first","14":"instock","15":"sale","16":"shipping-taxable","17":"purchasable","18":"product-type-variable","swatches":"rey-swatches","show_selected":""},"acf":[],"yoast_head":"<!-- This site is optimized with the Yoast SEO plugin v27.4 - https:\/\/yoast.com\/product\/yoast-seo-wordpress\/ -->\n<title>Seven \u00d6\u011fretmen - T\u00fcrk\u00e7e Bask\u0131 - ddpublishings<\/title>\n<meta name=\"description\" content=\"Seven \u00d6\u011fretmen\u2019in hik\u00e2yesini kaleme alan Sevgi K\u00e2\u015fifi babam Abdurrahim Dede&#039;ye... Babam\u0131n y\u00fcre\u011findeki ilk sevgi tohumlar\u0131, yan k\u00f6yden annemin k\u00f6y\u00fcn\u00fcn karanl\u0131kta y\u0131ld\u0131zlar gibi parlayan \u0131\u015f\u0131klar\u0131n\u0131 izlemek i\u00e7in kilometrelerce yolu bisikletle gi-derken k\u00f6k sal\u0131vermi\u015f. Daha sonra genci, ya\u015fl\u0131s\u0131, \u00e7ocu\u011fu ile Bat\u0131 Trakya i\u00e7in \u00e7arpm\u0131\u015f kalbi.\" \/>\n<meta name=\"robots\" content=\"index, follow, max-snippet:-1, max-image-preview:large, max-video-preview:-1\" \/>\n<link rel=\"canonical\" href=\"https:\/\/ddpublishings.com\/tr\/urun\/seven-ogretmen-turkce-baski\/\" \/>\n<meta property=\"og:locale\" content=\"tr_TR\" \/>\n<meta property=\"og:type\" content=\"article\" \/>\n<meta property=\"og:title\" content=\"Seven \u00d6\u011fretmen - T\u00fcrk\u00e7e Bask\u0131 - ddpublishings\" \/>\n<meta property=\"og:description\" content=\"Seven \u00d6\u011fretmen\u2019in hik\u00e2yesini kaleme alan Sevgi K\u00e2\u015fifi babam Abdurrahim Dede&#039;ye... Babam\u0131n y\u00fcre\u011findeki ilk sevgi tohumlar\u0131, yan k\u00f6yden annemin k\u00f6y\u00fcn\u00fcn karanl\u0131kta y\u0131ld\u0131zlar gibi parlayan \u0131\u015f\u0131klar\u0131n\u0131 izlemek i\u00e7in kilometrelerce yolu bisikletle gi-derken k\u00f6k sal\u0131vermi\u015f. Daha sonra genci, ya\u015fl\u0131s\u0131, \u00e7ocu\u011fu ile Bat\u0131 Trakya i\u00e7in \u00e7arpm\u0131\u015f kalbi.\" \/>\n<meta property=\"og:url\" content=\"https:\/\/ddpublishings.com\/tr\/urun\/seven-ogretmen-turkce-baski\/\" \/>\n<meta property=\"og:site_name\" content=\"ddpublishings\" \/>\n<meta property=\"og:image\" content=\"https:\/\/ddpublishings.com\/wp-content\/uploads\/2025\/09\/Seven-Ogretmen.jpg\" \/>\n\t<meta property=\"og:image:width\" content=\"915\" \/>\n\t<meta property=\"og:image:height\" content=\"1423\" \/>\n\t<meta property=\"og:image:type\" content=\"image\/jpeg\" \/>\n<meta name=\"twitter:card\" content=\"summary_large_image\" \/>\n<meta name=\"twitter:label1\" content=\"Tahmini okuma s\u00fcresi\" \/>\n\t<meta name=\"twitter:data1\" content=\"1 dakika\" \/>\n<script type=\"application\/ld+json\" class=\"yoast-schema-graph\">{\"@context\":\"https:\\\/\\\/schema.org\",\"@graph\":[{\"@type\":\"WebPage\",\"@id\":\"https:\\\/\\\/ddpublishings.com\\\/tr\\\/urun\\\/seven-ogretmen-turkce-baski\\\/\",\"url\":\"https:\\\/\\\/ddpublishings.com\\\/tr\\\/urun\\\/seven-ogretmen-turkce-baski\\\/\",\"name\":\"Seven \u00d6\u011fretmen - T\u00fcrk\u00e7e Bask\u0131 - ddpublishings\",\"isPartOf\":{\"@id\":\"https:\\\/\\\/ddpublishings.com\\\/tr\\\/#website\"},\"primaryImageOfPage\":{\"@id\":\"https:\\\/\\\/ddpublishings.com\\\/tr\\\/urun\\\/seven-ogretmen-turkce-baski\\\/#primaryimage\"},\"image\":{\"@id\":\"https:\\\/\\\/ddpublishings.com\\\/tr\\\/urun\\\/seven-ogretmen-turkce-baski\\\/#primaryimage\"},\"thumbnailUrl\":\"https:\\\/\\\/ddpublishings.com\\\/wp-content\\\/uploads\\\/2025\\\/09\\\/Seven-Ogretmen.jpg\",\"datePublished\":\"2025-09-24T14:31:25+00:00\",\"description\":\"Seven \u00d6\u011fretmen\u2019in hik\u00e2yesini kaleme alan Sevgi K\u00e2\u015fifi babam Abdurrahim Dede'ye... Babam\u0131n y\u00fcre\u011findeki ilk sevgi tohumlar\u0131, yan k\u00f6yden annemin k\u00f6y\u00fcn\u00fcn karanl\u0131kta y\u0131ld\u0131zlar gibi parlayan \u0131\u015f\u0131klar\u0131n\u0131 izlemek i\u00e7in kilometrelerce yolu bisikletle gi-derken k\u00f6k sal\u0131vermi\u015f. Daha sonra genci, ya\u015fl\u0131s\u0131, \u00e7ocu\u011fu ile Bat\u0131 Trakya i\u00e7in \u00e7arpm\u0131\u015f kalbi.\",\"breadcrumb\":{\"@id\":\"https:\\\/\\\/ddpublishings.com\\\/tr\\\/urun\\\/seven-ogretmen-turkce-baski\\\/#breadcrumb\"},\"inLanguage\":\"tr\",\"potentialAction\":[{\"@type\":\"ReadAction\",\"target\":[\"https:\\\/\\\/ddpublishings.com\\\/tr\\\/urun\\\/seven-ogretmen-turkce-baski\\\/\"]}]},{\"@type\":\"ImageObject\",\"inLanguage\":\"tr\",\"@id\":\"https:\\\/\\\/ddpublishings.com\\\/tr\\\/urun\\\/seven-ogretmen-turkce-baski\\\/#primaryimage\",\"url\":\"https:\\\/\\\/ddpublishings.com\\\/wp-content\\\/uploads\\\/2025\\\/09\\\/Seven-Ogretmen.jpg\",\"contentUrl\":\"https:\\\/\\\/ddpublishings.com\\\/wp-content\\\/uploads\\\/2025\\\/09\\\/Seven-Ogretmen.jpg\",\"width\":915,\"height\":1423},{\"@type\":\"BreadcrumbList\",\"@id\":\"https:\\\/\\\/ddpublishings.com\\\/tr\\\/urun\\\/seven-ogretmen-turkce-baski\\\/#breadcrumb\",\"itemListElement\":[{\"@type\":\"ListItem\",\"position\":1,\"name\":\"Home\",\"item\":\"https:\\\/\\\/ddpublishings.com\\\/tr\\\/\"},{\"@type\":\"ListItem\",\"position\":2,\"name\":\"Kitaplar\",\"item\":\"https:\\\/\\\/ddpublishings.com\\\/tr\\\/kitaplar\\\/\"},{\"@type\":\"ListItem\",\"position\":3,\"name\":\"Seven \u00d6\u011fretmen &#8211; T\u00fcrk\u00e7e Bask\u0131\"}]},{\"@type\":\"WebSite\",\"@id\":\"https:\\\/\\\/ddpublishings.com\\\/tr\\\/#website\",\"url\":\"https:\\\/\\\/ddpublishings.com\\\/tr\\\/\",\"name\":\"ddpublishings\",\"description\":\"\",\"publisher\":{\"@id\":\"https:\\\/\\\/ddpublishings.com\\\/tr\\\/#organization\"},\"potentialAction\":[{\"@type\":\"SearchAction\",\"target\":{\"@type\":\"EntryPoint\",\"urlTemplate\":\"https:\\\/\\\/ddpublishings.com\\\/tr\\\/?s={search_term_string}\"},\"query-input\":{\"@type\":\"PropertyValueSpecification\",\"valueRequired\":true,\"valueName\":\"search_term_string\"}}],\"inLanguage\":\"tr\"},{\"@type\":\"Organization\",\"@id\":\"https:\\\/\\\/ddpublishings.com\\\/tr\\\/#organization\",\"name\":\"ddpublishings\",\"url\":\"https:\\\/\\\/ddpublishings.com\\\/tr\\\/\",\"logo\":{\"@type\":\"ImageObject\",\"inLanguage\":\"tr\",\"@id\":\"https:\\\/\\\/ddpublishings.com\\\/tr\\\/#\\\/schema\\\/logo\\\/image\\\/\",\"url\":\"https:\\\/\\\/ddpublishings.com\\\/wp-content\\\/uploads\\\/2025\\\/07\\\/dd-publishing-logo-black.svg\",\"contentUrl\":\"https:\\\/\\\/ddpublishings.com\\\/wp-content\\\/uploads\\\/2025\\\/07\\\/dd-publishing-logo-black.svg\",\"width\":561,\"height\":454,\"caption\":\"ddpublishings\"},\"image\":{\"@id\":\"https:\\\/\\\/ddpublishings.com\\\/tr\\\/#\\\/schema\\\/logo\\\/image\\\/\"}}]}<\/script>\n<!-- \/ Yoast SEO plugin. -->","yoast_head_json":{"title":"Seven \u00d6\u011fretmen - T\u00fcrk\u00e7e Bask\u0131 - ddpublishings","description":"Seven \u00d6\u011fretmen\u2019in hik\u00e2yesini kaleme alan Sevgi K\u00e2\u015fifi babam Abdurrahim Dede'ye... Babam\u0131n y\u00fcre\u011findeki ilk sevgi tohumlar\u0131, yan k\u00f6yden annemin k\u00f6y\u00fcn\u00fcn karanl\u0131kta y\u0131ld\u0131zlar gibi parlayan \u0131\u015f\u0131klar\u0131n\u0131 izlemek i\u00e7in kilometrelerce yolu bisikletle gi-derken k\u00f6k sal\u0131vermi\u015f. Daha sonra genci, ya\u015fl\u0131s\u0131, \u00e7ocu\u011fu ile Bat\u0131 Trakya i\u00e7in \u00e7arpm\u0131\u015f kalbi.","robots":{"index":"index","follow":"follow","max-snippet":"max-snippet:-1","max-image-preview":"max-image-preview:large","max-video-preview":"max-video-preview:-1"},"canonical":"https:\/\/ddpublishings.com\/tr\/urun\/seven-ogretmen-turkce-baski\/","og_locale":"tr_TR","og_type":"article","og_title":"Seven \u00d6\u011fretmen - T\u00fcrk\u00e7e Bask\u0131 - ddpublishings","og_description":"Seven \u00d6\u011fretmen\u2019in hik\u00e2yesini kaleme alan Sevgi K\u00e2\u015fifi babam Abdurrahim Dede'ye... Babam\u0131n y\u00fcre\u011findeki ilk sevgi tohumlar\u0131, yan k\u00f6yden annemin k\u00f6y\u00fcn\u00fcn karanl\u0131kta y\u0131ld\u0131zlar gibi parlayan \u0131\u015f\u0131klar\u0131n\u0131 izlemek i\u00e7in kilometrelerce yolu bisikletle gi-derken k\u00f6k sal\u0131vermi\u015f. Daha sonra genci, ya\u015fl\u0131s\u0131, \u00e7ocu\u011fu ile Bat\u0131 Trakya i\u00e7in \u00e7arpm\u0131\u015f kalbi.","og_url":"https:\/\/ddpublishings.com\/tr\/urun\/seven-ogretmen-turkce-baski\/","og_site_name":"ddpublishings","og_image":[{"width":915,"height":1423,"url":"https:\/\/ddpublishings.com\/wp-content\/uploads\/2025\/09\/Seven-Ogretmen.jpg","type":"image\/jpeg"}],"twitter_card":"summary_large_image","twitter_misc":{"Tahmini okuma s\u00fcresi":"1 dakika"},"schema":{"@context":"https:\/\/schema.org","@graph":[{"@type":"WebPage","@id":"https:\/\/ddpublishings.com\/tr\/urun\/seven-ogretmen-turkce-baski\/","url":"https:\/\/ddpublishings.com\/tr\/urun\/seven-ogretmen-turkce-baski\/","name":"Seven \u00d6\u011fretmen - T\u00fcrk\u00e7e Bask\u0131 - ddpublishings","isPartOf":{"@id":"https:\/\/ddpublishings.com\/tr\/#website"},"primaryImageOfPage":{"@id":"https:\/\/ddpublishings.com\/tr\/urun\/seven-ogretmen-turkce-baski\/#primaryimage"},"image":{"@id":"https:\/\/ddpublishings.com\/tr\/urun\/seven-ogretmen-turkce-baski\/#primaryimage"},"thumbnailUrl":"https:\/\/ddpublishings.com\/wp-content\/uploads\/2025\/09\/Seven-Ogretmen.jpg","datePublished":"2025-09-24T14:31:25+00:00","description":"Seven \u00d6\u011fretmen\u2019in hik\u00e2yesini kaleme alan Sevgi K\u00e2\u015fifi babam Abdurrahim Dede'ye... Babam\u0131n y\u00fcre\u011findeki ilk sevgi tohumlar\u0131, yan k\u00f6yden annemin k\u00f6y\u00fcn\u00fcn karanl\u0131kta y\u0131ld\u0131zlar gibi parlayan \u0131\u015f\u0131klar\u0131n\u0131 izlemek i\u00e7in kilometrelerce yolu bisikletle gi-derken k\u00f6k sal\u0131vermi\u015f. Daha sonra genci, ya\u015fl\u0131s\u0131, \u00e7ocu\u011fu ile Bat\u0131 Trakya i\u00e7in \u00e7arpm\u0131\u015f kalbi.","breadcrumb":{"@id":"https:\/\/ddpublishings.com\/tr\/urun\/seven-ogretmen-turkce-baski\/#breadcrumb"},"inLanguage":"tr","potentialAction":[{"@type":"ReadAction","target":["https:\/\/ddpublishings.com\/tr\/urun\/seven-ogretmen-turkce-baski\/"]}]},{"@type":"ImageObject","inLanguage":"tr","@id":"https:\/\/ddpublishings.com\/tr\/urun\/seven-ogretmen-turkce-baski\/#primaryimage","url":"https:\/\/ddpublishings.com\/wp-content\/uploads\/2025\/09\/Seven-Ogretmen.jpg","contentUrl":"https:\/\/ddpublishings.com\/wp-content\/uploads\/2025\/09\/Seven-Ogretmen.jpg","width":915,"height":1423},{"@type":"BreadcrumbList","@id":"https:\/\/ddpublishings.com\/tr\/urun\/seven-ogretmen-turkce-baski\/#breadcrumb","itemListElement":[{"@type":"ListItem","position":1,"name":"Home","item":"https:\/\/ddpublishings.com\/tr\/"},{"@type":"ListItem","position":2,"name":"Kitaplar","item":"https:\/\/ddpublishings.com\/tr\/kitaplar\/"},{"@type":"ListItem","position":3,"name":"Seven \u00d6\u011fretmen &#8211; T\u00fcrk\u00e7e Bask\u0131"}]},{"@type":"WebSite","@id":"https:\/\/ddpublishings.com\/tr\/#website","url":"https:\/\/ddpublishings.com\/tr\/","name":"ddpublishings","description":"","publisher":{"@id":"https:\/\/ddpublishings.com\/tr\/#organization"},"potentialAction":[{"@type":"SearchAction","target":{"@type":"EntryPoint","urlTemplate":"https:\/\/ddpublishings.com\/tr\/?s={search_term_string}"},"query-input":{"@type":"PropertyValueSpecification","valueRequired":true,"valueName":"search_term_string"}}],"inLanguage":"tr"},{"@type":"Organization","@id":"https:\/\/ddpublishings.com\/tr\/#organization","name":"ddpublishings","url":"https:\/\/ddpublishings.com\/tr\/","logo":{"@type":"ImageObject","inLanguage":"tr","@id":"https:\/\/ddpublishings.com\/tr\/#\/schema\/logo\/image\/","url":"https:\/\/ddpublishings.com\/wp-content\/uploads\/2025\/07\/dd-publishing-logo-black.svg","contentUrl":"https:\/\/ddpublishings.com\/wp-content\/uploads\/2025\/07\/dd-publishing-logo-black.svg","width":561,"height":454,"caption":"ddpublishings"},"image":{"@id":"https:\/\/ddpublishings.com\/tr\/#\/schema\/logo\/image\/"}}]}},"_links":{"self":[{"href":"https:\/\/ddpublishings.com\/tr\/wp-json\/wp\/v2\/product\/4519","targetHints":{"allow":["GET"]}}],"collection":[{"href":"https:\/\/ddpublishings.com\/tr\/wp-json\/wp\/v2\/product"}],"about":[{"href":"https:\/\/ddpublishings.com\/tr\/wp-json\/wp\/v2\/types\/product"}],"replies":[{"embeddable":true,"href":"https:\/\/ddpublishings.com\/tr\/wp-json\/wp\/v2\/comments?post=4519"}],"wp:featuredmedia":[{"embeddable":true,"href":"https:\/\/ddpublishings.com\/tr\/wp-json\/wp\/v2\/media\/4502"}],"wp:attachment":[{"href":"https:\/\/ddpublishings.com\/tr\/wp-json\/wp\/v2\/media?parent=4519"}],"wp:term":[{"taxonomy":"product_cat","embeddable":true,"href":"https:\/\/ddpublishings.com\/tr\/wp-json\/wp\/v2\/product_cat?post=4519"},{"taxonomy":"product_tag","embeddable":true,"href":"https:\/\/ddpublishings.com\/tr\/wp-json\/wp\/v2\/product_tag?post=4519"}],"curies":[{"name":"wp","href":"https:\/\/api.w.org\/{rel}","templated":true}]}}