{"id":4544,"date":"2025-09-25T18:22:20","date_gmt":"2025-09-25T15:22:20","guid":{"rendered":"https:\/\/ddpublishings.com\/product\/siir-yuklu-bulut-turkce-baski\/"},"modified":"2025-09-25T18:22:20","modified_gmt":"2025-09-25T15:22:20","slug":"siir-yuklu-bulut-turkce-baski","status":"publish","type":"product","link":"https:\/\/ddpublishings.com\/tr\/urun\/siir-yuklu-bulut-turkce-baski\/","title":{"rendered":"\u015eiir Y\u00fckl\u00fc Bulut &#8211; T\u00fcrk\u00e7e Bask\u0131"},"content":{"rendered":"<p>Kemal Sayar beyefendinin bir yaz\u0131s\u0131nda kar\u015f\u0131la\u015ft\u0131\u011f\u0131m &#8216;\u015eiir Y\u00fckl\u00fc Bulut&#8217; ifadesi tam da o g\u00fcn boyunca s\u0131k\u00e7a kalbimi yoklayan iki evl\u00e2d\u0131ma dair fikirlerin sanki s\u00f6ze d\u00f6k\u00fclm\u00fc\u015f h\u00e2liydi. \u00c7ok etkilendim. O g\u00fcn yazd\u0131\u011f\u0131m bir yaz\u0131mda da and\u0131m. Bug\u00fcn, bu kitab\u0131n ad\u0131 olaca\u011f\u0131n\u0131 hi\u00e7 bilir miydim? Vesile oldu\u011fu i\u00e7in Kemal Bey\u2019e de te\u015fekk\u00fcr ediyorum. Bu g\u00fczel kitap bize oldu\u011fu gibi nice okuruna da iyi gelsin dilerim.<\/p>\n","protected":false},"excerpt":{"rendered":"[dflip id=\"4534\" type=\"thumb\"][\/dflip]\n","protected":false},"featured_media":4524,"comment_status":"open","ping_status":"closed","template":"","meta":{"_acf_changed":false},"product_cat":[179,178,210,190],"product_tag":[203,217],"class_list":{"0":"post-4544","1":"product","2":"type-product","3":"status-publish","4":"has-post-thumbnail","6":"product_cat-deneme-ve-dusunce","7":"product_cat-roman-ve-oyku","8":"product_cat-turkce-yayinlar","9":"product_cat-yeni-cikanlar","10":"product_tag-abdurrahim-dede","11":"product_tag-siir-yuklu-bulut-tr","12":"pa_authors-abdurrahim-dede-tr","14":"first","15":"instock","16":"sale","17":"shipping-taxable","18":"purchasable","19":"product-type-variable","swatches":"rey-swatches","show_selected":""},"acf":[],"yoast_head":"<!-- This site is optimized with the Yoast SEO plugin v27.4 - https:\/\/yoast.com\/product\/yoast-seo-wordpress\/ -->\n<title>\u015eiir Y\u00fckl\u00fc Bulut - T\u00fcrk\u00e7e Bask\u0131 - ddpublishings<\/title>\n<meta name=\"description\" content=\"Kemal Sayar beyefendinin bir yaz\u0131s\u0131nda kar\u015f\u0131la\u015ft\u0131\u011f\u0131m &#039;\u015eiir Y\u00fckl\u00fc Bulut&#039; ifadesi tam da o g\u00fcn boyunca s\u0131k\u00e7a kalbimi yoklayan iki evl\u00e2d\u0131ma dair fikirlerin sanki s\u00f6ze d\u00f6k\u00fclm\u00fc\u015f h\u00e2liydi. \u00c7ok etkilendim. O g\u00fcn yazd\u0131\u011f\u0131m bir yaz\u0131mda da and\u0131m.\" \/>\n<meta name=\"robots\" content=\"index, follow, max-snippet:-1, max-image-preview:large, max-video-preview:-1\" \/>\n<link rel=\"canonical\" href=\"https:\/\/ddpublishings.com\/tr\/urun\/siir-yuklu-bulut-turkce-baski\/\" \/>\n<meta property=\"og:locale\" content=\"tr_TR\" \/>\n<meta property=\"og:type\" content=\"article\" \/>\n<meta property=\"og:title\" content=\"\u015eiir Y\u00fckl\u00fc Bulut - T\u00fcrk\u00e7e Bask\u0131 - ddpublishings\" \/>\n<meta property=\"og:description\" content=\"Kemal Sayar beyefendinin bir yaz\u0131s\u0131nda kar\u015f\u0131la\u015ft\u0131\u011f\u0131m &#039;\u015eiir Y\u00fckl\u00fc Bulut&#039; ifadesi tam da o g\u00fcn boyunca s\u0131k\u00e7a kalbimi yoklayan iki evl\u00e2d\u0131ma dair fikirlerin sanki s\u00f6ze d\u00f6k\u00fclm\u00fc\u015f h\u00e2liydi. \u00c7ok etkilendim. O g\u00fcn yazd\u0131\u011f\u0131m bir yaz\u0131mda da and\u0131m.\" \/>\n<meta property=\"og:url\" content=\"https:\/\/ddpublishings.com\/tr\/urun\/siir-yuklu-bulut-turkce-baski\/\" \/>\n<meta property=\"og:site_name\" content=\"ddpublishings\" \/>\n<meta property=\"og:image\" content=\"https:\/\/ddpublishings.com\/wp-content\/uploads\/2025\/09\/Siir-Yuklu-Bulut-scaled.jpg\" \/>\n\t<meta property=\"og:image:width\" content=\"1647\" \/>\n\t<meta property=\"og:image:height\" content=\"2560\" \/>\n\t<meta property=\"og:image:type\" content=\"image\/jpeg\" \/>\n<meta name=\"twitter:card\" content=\"summary_large_image\" \/>\n<script type=\"application\/ld+json\" class=\"yoast-schema-graph\">{\"@context\":\"https:\\\/\\\/schema.org\",\"@graph\":[{\"@type\":\"WebPage\",\"@id\":\"https:\\\/\\\/ddpublishings.com\\\/tr\\\/urun\\\/siir-yuklu-bulut-turkce-baski\\\/\",\"url\":\"https:\\\/\\\/ddpublishings.com\\\/tr\\\/urun\\\/siir-yuklu-bulut-turkce-baski\\\/\",\"name\":\"\u015eiir Y\u00fckl\u00fc Bulut - T\u00fcrk\u00e7e Bask\u0131 - ddpublishings\",\"isPartOf\":{\"@id\":\"https:\\\/\\\/ddpublishings.com\\\/tr\\\/#website\"},\"primaryImageOfPage\":{\"@id\":\"https:\\\/\\\/ddpublishings.com\\\/tr\\\/urun\\\/siir-yuklu-bulut-turkce-baski\\\/#primaryimage\"},\"image\":{\"@id\":\"https:\\\/\\\/ddpublishings.com\\\/tr\\\/urun\\\/siir-yuklu-bulut-turkce-baski\\\/#primaryimage\"},\"thumbnailUrl\":\"https:\\\/\\\/ddpublishings.com\\\/wp-content\\\/uploads\\\/2025\\\/09\\\/Siir-Yuklu-Bulut-scaled.jpg\",\"datePublished\":\"2025-09-25T15:22:20+00:00\",\"description\":\"Kemal Sayar beyefendinin bir yaz\u0131s\u0131nda kar\u015f\u0131la\u015ft\u0131\u011f\u0131m '\u015eiir Y\u00fckl\u00fc Bulut' ifadesi tam da o g\u00fcn boyunca s\u0131k\u00e7a kalbimi yoklayan iki evl\u00e2d\u0131ma dair fikirlerin sanki s\u00f6ze d\u00f6k\u00fclm\u00fc\u015f h\u00e2liydi. \u00c7ok etkilendim. O g\u00fcn yazd\u0131\u011f\u0131m bir yaz\u0131mda da and\u0131m.\",\"breadcrumb\":{\"@id\":\"https:\\\/\\\/ddpublishings.com\\\/tr\\\/urun\\\/siir-yuklu-bulut-turkce-baski\\\/#breadcrumb\"},\"inLanguage\":\"tr\",\"potentialAction\":[{\"@type\":\"ReadAction\",\"target\":[\"https:\\\/\\\/ddpublishings.com\\\/tr\\\/urun\\\/siir-yuklu-bulut-turkce-baski\\\/\"]}]},{\"@type\":\"ImageObject\",\"inLanguage\":\"tr\",\"@id\":\"https:\\\/\\\/ddpublishings.com\\\/tr\\\/urun\\\/siir-yuklu-bulut-turkce-baski\\\/#primaryimage\",\"url\":\"https:\\\/\\\/ddpublishings.com\\\/wp-content\\\/uploads\\\/2025\\\/09\\\/Siir-Yuklu-Bulut-scaled.jpg\",\"contentUrl\":\"https:\\\/\\\/ddpublishings.com\\\/wp-content\\\/uploads\\\/2025\\\/09\\\/Siir-Yuklu-Bulut-scaled.jpg\",\"width\":1647,\"height\":2560},{\"@type\":\"BreadcrumbList\",\"@id\":\"https:\\\/\\\/ddpublishings.com\\\/tr\\\/urun\\\/siir-yuklu-bulut-turkce-baski\\\/#breadcrumb\",\"itemListElement\":[{\"@type\":\"ListItem\",\"position\":1,\"name\":\"Home\",\"item\":\"https:\\\/\\\/ddpublishings.com\\\/tr\\\/\"},{\"@type\":\"ListItem\",\"position\":2,\"name\":\"Kitaplar\",\"item\":\"https:\\\/\\\/ddpublishings.com\\\/tr\\\/kitaplar\\\/\"},{\"@type\":\"ListItem\",\"position\":3,\"name\":\"\u015eiir Y\u00fckl\u00fc Bulut &#8211; T\u00fcrk\u00e7e Bask\u0131\"}]},{\"@type\":\"WebSite\",\"@id\":\"https:\\\/\\\/ddpublishings.com\\\/tr\\\/#website\",\"url\":\"https:\\\/\\\/ddpublishings.com\\\/tr\\\/\",\"name\":\"ddpublishings\",\"description\":\"\",\"publisher\":{\"@id\":\"https:\\\/\\\/ddpublishings.com\\\/tr\\\/#organization\"},\"potentialAction\":[{\"@type\":\"SearchAction\",\"target\":{\"@type\":\"EntryPoint\",\"urlTemplate\":\"https:\\\/\\\/ddpublishings.com\\\/tr\\\/?s={search_term_string}\"},\"query-input\":{\"@type\":\"PropertyValueSpecification\",\"valueRequired\":true,\"valueName\":\"search_term_string\"}}],\"inLanguage\":\"tr\"},{\"@type\":\"Organization\",\"@id\":\"https:\\\/\\\/ddpublishings.com\\\/tr\\\/#organization\",\"name\":\"ddpublishings\",\"url\":\"https:\\\/\\\/ddpublishings.com\\\/tr\\\/\",\"logo\":{\"@type\":\"ImageObject\",\"inLanguage\":\"tr\",\"@id\":\"https:\\\/\\\/ddpublishings.com\\\/tr\\\/#\\\/schema\\\/logo\\\/image\\\/\",\"url\":\"https:\\\/\\\/ddpublishings.com\\\/wp-content\\\/uploads\\\/2025\\\/07\\\/dd-publishing-logo-black.svg\",\"contentUrl\":\"https:\\\/\\\/ddpublishings.com\\\/wp-content\\\/uploads\\\/2025\\\/07\\\/dd-publishing-logo-black.svg\",\"width\":561,\"height\":454,\"caption\":\"ddpublishings\"},\"image\":{\"@id\":\"https:\\\/\\\/ddpublishings.com\\\/tr\\\/#\\\/schema\\\/logo\\\/image\\\/\"}}]}<\/script>\n<!-- \/ Yoast SEO plugin. -->","yoast_head_json":{"title":"\u015eiir Y\u00fckl\u00fc Bulut - T\u00fcrk\u00e7e Bask\u0131 - ddpublishings","description":"Kemal Sayar beyefendinin bir yaz\u0131s\u0131nda kar\u015f\u0131la\u015ft\u0131\u011f\u0131m '\u015eiir Y\u00fckl\u00fc Bulut' ifadesi tam da o g\u00fcn boyunca s\u0131k\u00e7a kalbimi yoklayan iki evl\u00e2d\u0131ma dair fikirlerin sanki s\u00f6ze d\u00f6k\u00fclm\u00fc\u015f h\u00e2liydi. \u00c7ok etkilendim. O g\u00fcn yazd\u0131\u011f\u0131m bir yaz\u0131mda da and\u0131m.","robots":{"index":"index","follow":"follow","max-snippet":"max-snippet:-1","max-image-preview":"max-image-preview:large","max-video-preview":"max-video-preview:-1"},"canonical":"https:\/\/ddpublishings.com\/tr\/urun\/siir-yuklu-bulut-turkce-baski\/","og_locale":"tr_TR","og_type":"article","og_title":"\u015eiir Y\u00fckl\u00fc Bulut - T\u00fcrk\u00e7e Bask\u0131 - ddpublishings","og_description":"Kemal Sayar beyefendinin bir yaz\u0131s\u0131nda kar\u015f\u0131la\u015ft\u0131\u011f\u0131m '\u015eiir Y\u00fckl\u00fc Bulut' ifadesi tam da o g\u00fcn boyunca s\u0131k\u00e7a kalbimi yoklayan iki evl\u00e2d\u0131ma dair fikirlerin sanki s\u00f6ze d\u00f6k\u00fclm\u00fc\u015f h\u00e2liydi. \u00c7ok etkilendim. O g\u00fcn yazd\u0131\u011f\u0131m bir yaz\u0131mda da and\u0131m.","og_url":"https:\/\/ddpublishings.com\/tr\/urun\/siir-yuklu-bulut-turkce-baski\/","og_site_name":"ddpublishings","og_image":[{"width":1647,"height":2560,"url":"https:\/\/ddpublishings.com\/wp-content\/uploads\/2025\/09\/Siir-Yuklu-Bulut-scaled.jpg","type":"image\/jpeg"}],"twitter_card":"summary_large_image","schema":{"@context":"https:\/\/schema.org","@graph":[{"@type":"WebPage","@id":"https:\/\/ddpublishings.com\/tr\/urun\/siir-yuklu-bulut-turkce-baski\/","url":"https:\/\/ddpublishings.com\/tr\/urun\/siir-yuklu-bulut-turkce-baski\/","name":"\u015eiir Y\u00fckl\u00fc Bulut - T\u00fcrk\u00e7e Bask\u0131 - ddpublishings","isPartOf":{"@id":"https:\/\/ddpublishings.com\/tr\/#website"},"primaryImageOfPage":{"@id":"https:\/\/ddpublishings.com\/tr\/urun\/siir-yuklu-bulut-turkce-baski\/#primaryimage"},"image":{"@id":"https:\/\/ddpublishings.com\/tr\/urun\/siir-yuklu-bulut-turkce-baski\/#primaryimage"},"thumbnailUrl":"https:\/\/ddpublishings.com\/wp-content\/uploads\/2025\/09\/Siir-Yuklu-Bulut-scaled.jpg","datePublished":"2025-09-25T15:22:20+00:00","description":"Kemal Sayar beyefendinin bir yaz\u0131s\u0131nda kar\u015f\u0131la\u015ft\u0131\u011f\u0131m '\u015eiir Y\u00fckl\u00fc Bulut' ifadesi tam da o g\u00fcn boyunca s\u0131k\u00e7a kalbimi yoklayan iki evl\u00e2d\u0131ma dair fikirlerin sanki s\u00f6ze d\u00f6k\u00fclm\u00fc\u015f h\u00e2liydi. \u00c7ok etkilendim. O g\u00fcn yazd\u0131\u011f\u0131m bir yaz\u0131mda da and\u0131m.","breadcrumb":{"@id":"https:\/\/ddpublishings.com\/tr\/urun\/siir-yuklu-bulut-turkce-baski\/#breadcrumb"},"inLanguage":"tr","potentialAction":[{"@type":"ReadAction","target":["https:\/\/ddpublishings.com\/tr\/urun\/siir-yuklu-bulut-turkce-baski\/"]}]},{"@type":"ImageObject","inLanguage":"tr","@id":"https:\/\/ddpublishings.com\/tr\/urun\/siir-yuklu-bulut-turkce-baski\/#primaryimage","url":"https:\/\/ddpublishings.com\/wp-content\/uploads\/2025\/09\/Siir-Yuklu-Bulut-scaled.jpg","contentUrl":"https:\/\/ddpublishings.com\/wp-content\/uploads\/2025\/09\/Siir-Yuklu-Bulut-scaled.jpg","width":1647,"height":2560},{"@type":"BreadcrumbList","@id":"https:\/\/ddpublishings.com\/tr\/urun\/siir-yuklu-bulut-turkce-baski\/#breadcrumb","itemListElement":[{"@type":"ListItem","position":1,"name":"Home","item":"https:\/\/ddpublishings.com\/tr\/"},{"@type":"ListItem","position":2,"name":"Kitaplar","item":"https:\/\/ddpublishings.com\/tr\/kitaplar\/"},{"@type":"ListItem","position":3,"name":"\u015eiir Y\u00fckl\u00fc Bulut &#8211; T\u00fcrk\u00e7e Bask\u0131"}]},{"@type":"WebSite","@id":"https:\/\/ddpublishings.com\/tr\/#website","url":"https:\/\/ddpublishings.com\/tr\/","name":"ddpublishings","description":"","publisher":{"@id":"https:\/\/ddpublishings.com\/tr\/#organization"},"potentialAction":[{"@type":"SearchAction","target":{"@type":"EntryPoint","urlTemplate":"https:\/\/ddpublishings.com\/tr\/?s={search_term_string}"},"query-input":{"@type":"PropertyValueSpecification","valueRequired":true,"valueName":"search_term_string"}}],"inLanguage":"tr"},{"@type":"Organization","@id":"https:\/\/ddpublishings.com\/tr\/#organization","name":"ddpublishings","url":"https:\/\/ddpublishings.com\/tr\/","logo":{"@type":"ImageObject","inLanguage":"tr","@id":"https:\/\/ddpublishings.com\/tr\/#\/schema\/logo\/image\/","url":"https:\/\/ddpublishings.com\/wp-content\/uploads\/2025\/07\/dd-publishing-logo-black.svg","contentUrl":"https:\/\/ddpublishings.com\/wp-content\/uploads\/2025\/07\/dd-publishing-logo-black.svg","width":561,"height":454,"caption":"ddpublishings"},"image":{"@id":"https:\/\/ddpublishings.com\/tr\/#\/schema\/logo\/image\/"}}]}},"_links":{"self":[{"href":"https:\/\/ddpublishings.com\/tr\/wp-json\/wp\/v2\/product\/4544","targetHints":{"allow":["GET"]}}],"collection":[{"href":"https:\/\/ddpublishings.com\/tr\/wp-json\/wp\/v2\/product"}],"about":[{"href":"https:\/\/ddpublishings.com\/tr\/wp-json\/wp\/v2\/types\/product"}],"replies":[{"embeddable":true,"href":"https:\/\/ddpublishings.com\/tr\/wp-json\/wp\/v2\/comments?post=4544"}],"wp:featuredmedia":[{"embeddable":true,"href":"https:\/\/ddpublishings.com\/tr\/wp-json\/wp\/v2\/media\/4524"}],"wp:attachment":[{"href":"https:\/\/ddpublishings.com\/tr\/wp-json\/wp\/v2\/media?parent=4544"}],"wp:term":[{"taxonomy":"product_cat","embeddable":true,"href":"https:\/\/ddpublishings.com\/tr\/wp-json\/wp\/v2\/product_cat?post=4544"},{"taxonomy":"product_tag","embeddable":true,"href":"https:\/\/ddpublishings.com\/tr\/wp-json\/wp\/v2\/product_tag?post=4544"}],"curies":[{"name":"wp","href":"https:\/\/api.w.org\/{rel}","templated":true}]}}