{"id":4569,"date":"2025-10-04T12:53:36","date_gmt":"2025-10-04T09:53:36","guid":{"rendered":"https:\/\/ddpublishings.com\/product\/gunes-nasihatleri-turkce-baski\/"},"modified":"2025-10-04T12:53:36","modified_gmt":"2025-10-04T09:53:36","slug":"gunes-nasihatleri-turkce-baski","status":"publish","type":"product","link":"https:\/\/ddpublishings.com\/tr\/urun\/gunes-nasihatleri-turkce-baski\/","title":{"rendered":"G\u00fcne\u015f Nasihatleri &#8211; T\u00fcrk\u00e7e Bask\u0131"},"content":{"rendered":"<p>Avukat-yazar Abdurrahim Dede\u2019nin G\u00fcne\u015f Nasihatleri adl\u0131 eseri okura yol g\u00f6sterici bir bilgelik arma\u011fan ediyor. Kitap i\u00e7sel tecr\u00fcbelerden do\u011fan, hayat\u0131n anlam\u0131na dair derin sorgulamalar\u0131 i\u00e7eriyor. G\u00fcne\u015f \u0131\u015f\u0131lar\u0131n\u0131 bir el\u00e7i gibi kabul edip insana hakikati hat\u0131rlatan yazar, g\u00fcndelik ya\u015famdaki k\u00fc\u00e7\u00fck ayr\u0131nt\u0131lardan b\u00fcy\u00fck dersler \u00e7\u0131kar\u0131yor; sevgi, merhamet, sorgulama ve iman \u00fczerine d\u00fc\u015f\u00fcnd\u00fcr\u00fcc\u00fc \u00f6\u011f\u00fctler sunuyor.  <\/p>\n","protected":false},"excerpt":{"rendered":"[dflip id=\"4561\" type=\"thumb\"][\/dflip]\n","protected":false},"featured_media":4551,"comment_status":"open","ping_status":"closed","template":"","meta":{"_acf_changed":false},"product_cat":[192,179,178,210,190],"product_tag":[],"class_list":{"0":"post-4569","1":"product","2":"type-product","3":"status-publish","4":"has-post-thumbnail","6":"product_cat-cok-satanlar","7":"product_cat-deneme-ve-dusunce","8":"product_cat-roman-ve-oyku","9":"product_cat-turkce-yayinlar","10":"product_cat-yeni-cikanlar","11":"pa_authors-abdurrahim-dede-tr","13":"first","14":"instock","15":"sale","16":"shipping-taxable","17":"purchasable","18":"product-type-variable","swatches":"rey-swatches","show_selected":""},"acf":[],"yoast_head":"<!-- This site is optimized with the Yoast SEO plugin v27.4 - https:\/\/yoast.com\/product\/yoast-seo-wordpress\/ -->\n<title>G\u00fcne\u015f Nasihatleri - T\u00fcrk\u00e7e Bask\u0131 - ddpublishings<\/title>\n<meta name=\"description\" content=\"Avukat-yazar Abdurrahim Dede\u2019nin G\u00fcne\u015f Nasihatleri adl\u0131 eseri okura yol g\u00f6sterici bir bilgelik arma\u011fan ediyor. Kitap i\u00e7sel tecr\u00fcbelerden do\u011fan, hayat\u0131n anlam\u0131na dair derin sorgulamalar\u0131 i\u00e7eriyor.\" \/>\n<meta name=\"robots\" content=\"index, follow, max-snippet:-1, max-image-preview:large, max-video-preview:-1\" \/>\n<link rel=\"canonical\" href=\"https:\/\/ddpublishings.com\/tr\/urun\/gunes-nasihatleri-turkce-baski\/\" \/>\n<meta property=\"og:locale\" content=\"tr_TR\" \/>\n<meta property=\"og:type\" content=\"article\" \/>\n<meta property=\"og:title\" content=\"G\u00fcne\u015f Nasihatleri - T\u00fcrk\u00e7e Bask\u0131 - ddpublishings\" \/>\n<meta property=\"og:description\" content=\"Avukat-yazar Abdurrahim Dede\u2019nin G\u00fcne\u015f Nasihatleri adl\u0131 eseri okura yol g\u00f6sterici bir bilgelik arma\u011fan ediyor. Kitap i\u00e7sel tecr\u00fcbelerden do\u011fan, hayat\u0131n anlam\u0131na dair derin sorgulamalar\u0131 i\u00e7eriyor.\" \/>\n<meta property=\"og:url\" content=\"https:\/\/ddpublishings.com\/tr\/urun\/gunes-nasihatleri-turkce-baski\/\" \/>\n<meta property=\"og:site_name\" content=\"ddpublishings\" \/>\n<meta property=\"og:image\" content=\"https:\/\/ddpublishings.com\/wp-content\/uploads\/2025\/10\/Gunes-Nasihatleri.jpg\" \/>\n\t<meta property=\"og:image:width\" content=\"1240\" \/>\n\t<meta property=\"og:image:height\" content=\"1600\" \/>\n\t<meta property=\"og:image:type\" content=\"image\/jpeg\" \/>\n<meta name=\"twitter:card\" content=\"summary_large_image\" \/>\n<script type=\"application\/ld+json\" class=\"yoast-schema-graph\">{\"@context\":\"https:\\\/\\\/schema.org\",\"@graph\":[{\"@type\":\"WebPage\",\"@id\":\"https:\\\/\\\/ddpublishings.com\\\/tr\\\/urun\\\/gunes-nasihatleri-turkce-baski\\\/\",\"url\":\"https:\\\/\\\/ddpublishings.com\\\/tr\\\/urun\\\/gunes-nasihatleri-turkce-baski\\\/\",\"name\":\"G\u00fcne\u015f Nasihatleri - T\u00fcrk\u00e7e Bask\u0131 - ddpublishings\",\"isPartOf\":{\"@id\":\"https:\\\/\\\/ddpublishings.com\\\/tr\\\/#website\"},\"primaryImageOfPage\":{\"@id\":\"https:\\\/\\\/ddpublishings.com\\\/tr\\\/urun\\\/gunes-nasihatleri-turkce-baski\\\/#primaryimage\"},\"image\":{\"@id\":\"https:\\\/\\\/ddpublishings.com\\\/tr\\\/urun\\\/gunes-nasihatleri-turkce-baski\\\/#primaryimage\"},\"thumbnailUrl\":\"https:\\\/\\\/ddpublishings.com\\\/wp-content\\\/uploads\\\/2025\\\/10\\\/Gunes-Nasihatleri.jpg\",\"datePublished\":\"2025-10-04T09:53:36+00:00\",\"description\":\"Avukat-yazar Abdurrahim Dede\u2019nin G\u00fcne\u015f Nasihatleri adl\u0131 eseri okura yol g\u00f6sterici bir bilgelik arma\u011fan ediyor. Kitap i\u00e7sel tecr\u00fcbelerden do\u011fan, hayat\u0131n anlam\u0131na dair derin sorgulamalar\u0131 i\u00e7eriyor.\",\"breadcrumb\":{\"@id\":\"https:\\\/\\\/ddpublishings.com\\\/tr\\\/urun\\\/gunes-nasihatleri-turkce-baski\\\/#breadcrumb\"},\"inLanguage\":\"tr\",\"potentialAction\":[{\"@type\":\"ReadAction\",\"target\":[\"https:\\\/\\\/ddpublishings.com\\\/tr\\\/urun\\\/gunes-nasihatleri-turkce-baski\\\/\"]}]},{\"@type\":\"ImageObject\",\"inLanguage\":\"tr\",\"@id\":\"https:\\\/\\\/ddpublishings.com\\\/tr\\\/urun\\\/gunes-nasihatleri-turkce-baski\\\/#primaryimage\",\"url\":\"https:\\\/\\\/ddpublishings.com\\\/wp-content\\\/uploads\\\/2025\\\/10\\\/Gunes-Nasihatleri.jpg\",\"contentUrl\":\"https:\\\/\\\/ddpublishings.com\\\/wp-content\\\/uploads\\\/2025\\\/10\\\/Gunes-Nasihatleri.jpg\",\"width\":1240,\"height\":1600},{\"@type\":\"BreadcrumbList\",\"@id\":\"https:\\\/\\\/ddpublishings.com\\\/tr\\\/urun\\\/gunes-nasihatleri-turkce-baski\\\/#breadcrumb\",\"itemListElement\":[{\"@type\":\"ListItem\",\"position\":1,\"name\":\"Home\",\"item\":\"https:\\\/\\\/ddpublishings.com\\\/tr\\\/\"},{\"@type\":\"ListItem\",\"position\":2,\"name\":\"Kitaplar\",\"item\":\"https:\\\/\\\/ddpublishings.com\\\/tr\\\/kitaplar\\\/\"},{\"@type\":\"ListItem\",\"position\":3,\"name\":\"G\u00fcne\u015f Nasihatleri &#8211; T\u00fcrk\u00e7e Bask\u0131\"}]},{\"@type\":\"WebSite\",\"@id\":\"https:\\\/\\\/ddpublishings.com\\\/tr\\\/#website\",\"url\":\"https:\\\/\\\/ddpublishings.com\\\/tr\\\/\",\"name\":\"ddpublishings\",\"description\":\"\",\"publisher\":{\"@id\":\"https:\\\/\\\/ddpublishings.com\\\/tr\\\/#organization\"},\"potentialAction\":[{\"@type\":\"SearchAction\",\"target\":{\"@type\":\"EntryPoint\",\"urlTemplate\":\"https:\\\/\\\/ddpublishings.com\\\/tr\\\/?s={search_term_string}\"},\"query-input\":{\"@type\":\"PropertyValueSpecification\",\"valueRequired\":true,\"valueName\":\"search_term_string\"}}],\"inLanguage\":\"tr\"},{\"@type\":\"Organization\",\"@id\":\"https:\\\/\\\/ddpublishings.com\\\/tr\\\/#organization\",\"name\":\"ddpublishings\",\"url\":\"https:\\\/\\\/ddpublishings.com\\\/tr\\\/\",\"logo\":{\"@type\":\"ImageObject\",\"inLanguage\":\"tr\",\"@id\":\"https:\\\/\\\/ddpublishings.com\\\/tr\\\/#\\\/schema\\\/logo\\\/image\\\/\",\"url\":\"https:\\\/\\\/ddpublishings.com\\\/wp-content\\\/uploads\\\/2025\\\/07\\\/dd-publishing-logo-black.svg\",\"contentUrl\":\"https:\\\/\\\/ddpublishings.com\\\/wp-content\\\/uploads\\\/2025\\\/07\\\/dd-publishing-logo-black.svg\",\"width\":561,\"height\":454,\"caption\":\"ddpublishings\"},\"image\":{\"@id\":\"https:\\\/\\\/ddpublishings.com\\\/tr\\\/#\\\/schema\\\/logo\\\/image\\\/\"}}]}<\/script>\n<!-- \/ Yoast SEO plugin. -->","yoast_head_json":{"title":"G\u00fcne\u015f Nasihatleri - T\u00fcrk\u00e7e Bask\u0131 - ddpublishings","description":"Avukat-yazar Abdurrahim Dede\u2019nin G\u00fcne\u015f Nasihatleri adl\u0131 eseri okura yol g\u00f6sterici bir bilgelik arma\u011fan ediyor. Kitap i\u00e7sel tecr\u00fcbelerden do\u011fan, hayat\u0131n anlam\u0131na dair derin sorgulamalar\u0131 i\u00e7eriyor.","robots":{"index":"index","follow":"follow","max-snippet":"max-snippet:-1","max-image-preview":"max-image-preview:large","max-video-preview":"max-video-preview:-1"},"canonical":"https:\/\/ddpublishings.com\/tr\/urun\/gunes-nasihatleri-turkce-baski\/","og_locale":"tr_TR","og_type":"article","og_title":"G\u00fcne\u015f Nasihatleri - T\u00fcrk\u00e7e Bask\u0131 - ddpublishings","og_description":"Avukat-yazar Abdurrahim Dede\u2019nin G\u00fcne\u015f Nasihatleri adl\u0131 eseri okura yol g\u00f6sterici bir bilgelik arma\u011fan ediyor. Kitap i\u00e7sel tecr\u00fcbelerden do\u011fan, hayat\u0131n anlam\u0131na dair derin sorgulamalar\u0131 i\u00e7eriyor.","og_url":"https:\/\/ddpublishings.com\/tr\/urun\/gunes-nasihatleri-turkce-baski\/","og_site_name":"ddpublishings","og_image":[{"width":1240,"height":1600,"url":"https:\/\/ddpublishings.com\/wp-content\/uploads\/2025\/10\/Gunes-Nasihatleri.jpg","type":"image\/jpeg"}],"twitter_card":"summary_large_image","schema":{"@context":"https:\/\/schema.org","@graph":[{"@type":"WebPage","@id":"https:\/\/ddpublishings.com\/tr\/urun\/gunes-nasihatleri-turkce-baski\/","url":"https:\/\/ddpublishings.com\/tr\/urun\/gunes-nasihatleri-turkce-baski\/","name":"G\u00fcne\u015f Nasihatleri - T\u00fcrk\u00e7e Bask\u0131 - ddpublishings","isPartOf":{"@id":"https:\/\/ddpublishings.com\/tr\/#website"},"primaryImageOfPage":{"@id":"https:\/\/ddpublishings.com\/tr\/urun\/gunes-nasihatleri-turkce-baski\/#primaryimage"},"image":{"@id":"https:\/\/ddpublishings.com\/tr\/urun\/gunes-nasihatleri-turkce-baski\/#primaryimage"},"thumbnailUrl":"https:\/\/ddpublishings.com\/wp-content\/uploads\/2025\/10\/Gunes-Nasihatleri.jpg","datePublished":"2025-10-04T09:53:36+00:00","description":"Avukat-yazar Abdurrahim Dede\u2019nin G\u00fcne\u015f Nasihatleri adl\u0131 eseri okura yol g\u00f6sterici bir bilgelik arma\u011fan ediyor. Kitap i\u00e7sel tecr\u00fcbelerden do\u011fan, hayat\u0131n anlam\u0131na dair derin sorgulamalar\u0131 i\u00e7eriyor.","breadcrumb":{"@id":"https:\/\/ddpublishings.com\/tr\/urun\/gunes-nasihatleri-turkce-baski\/#breadcrumb"},"inLanguage":"tr","potentialAction":[{"@type":"ReadAction","target":["https:\/\/ddpublishings.com\/tr\/urun\/gunes-nasihatleri-turkce-baski\/"]}]},{"@type":"ImageObject","inLanguage":"tr","@id":"https:\/\/ddpublishings.com\/tr\/urun\/gunes-nasihatleri-turkce-baski\/#primaryimage","url":"https:\/\/ddpublishings.com\/wp-content\/uploads\/2025\/10\/Gunes-Nasihatleri.jpg","contentUrl":"https:\/\/ddpublishings.com\/wp-content\/uploads\/2025\/10\/Gunes-Nasihatleri.jpg","width":1240,"height":1600},{"@type":"BreadcrumbList","@id":"https:\/\/ddpublishings.com\/tr\/urun\/gunes-nasihatleri-turkce-baski\/#breadcrumb","itemListElement":[{"@type":"ListItem","position":1,"name":"Home","item":"https:\/\/ddpublishings.com\/tr\/"},{"@type":"ListItem","position":2,"name":"Kitaplar","item":"https:\/\/ddpublishings.com\/tr\/kitaplar\/"},{"@type":"ListItem","position":3,"name":"G\u00fcne\u015f Nasihatleri &#8211; T\u00fcrk\u00e7e Bask\u0131"}]},{"@type":"WebSite","@id":"https:\/\/ddpublishings.com\/tr\/#website","url":"https:\/\/ddpublishings.com\/tr\/","name":"ddpublishings","description":"","publisher":{"@id":"https:\/\/ddpublishings.com\/tr\/#organization"},"potentialAction":[{"@type":"SearchAction","target":{"@type":"EntryPoint","urlTemplate":"https:\/\/ddpublishings.com\/tr\/?s={search_term_string}"},"query-input":{"@type":"PropertyValueSpecification","valueRequired":true,"valueName":"search_term_string"}}],"inLanguage":"tr"},{"@type":"Organization","@id":"https:\/\/ddpublishings.com\/tr\/#organization","name":"ddpublishings","url":"https:\/\/ddpublishings.com\/tr\/","logo":{"@type":"ImageObject","inLanguage":"tr","@id":"https:\/\/ddpublishings.com\/tr\/#\/schema\/logo\/image\/","url":"https:\/\/ddpublishings.com\/wp-content\/uploads\/2025\/07\/dd-publishing-logo-black.svg","contentUrl":"https:\/\/ddpublishings.com\/wp-content\/uploads\/2025\/07\/dd-publishing-logo-black.svg","width":561,"height":454,"caption":"ddpublishings"},"image":{"@id":"https:\/\/ddpublishings.com\/tr\/#\/schema\/logo\/image\/"}}]}},"_links":{"self":[{"href":"https:\/\/ddpublishings.com\/tr\/wp-json\/wp\/v2\/product\/4569","targetHints":{"allow":["GET"]}}],"collection":[{"href":"https:\/\/ddpublishings.com\/tr\/wp-json\/wp\/v2\/product"}],"about":[{"href":"https:\/\/ddpublishings.com\/tr\/wp-json\/wp\/v2\/types\/product"}],"replies":[{"embeddable":true,"href":"https:\/\/ddpublishings.com\/tr\/wp-json\/wp\/v2\/comments?post=4569"}],"wp:featuredmedia":[{"embeddable":true,"href":"https:\/\/ddpublishings.com\/tr\/wp-json\/wp\/v2\/media\/4551"}],"wp:attachment":[{"href":"https:\/\/ddpublishings.com\/tr\/wp-json\/wp\/v2\/media?parent=4569"}],"wp:term":[{"taxonomy":"product_cat","embeddable":true,"href":"https:\/\/ddpublishings.com\/tr\/wp-json\/wp\/v2\/product_cat?post=4569"},{"taxonomy":"product_tag","embeddable":true,"href":"https:\/\/ddpublishings.com\/tr\/wp-json\/wp\/v2\/product_tag?post=4569"}],"curies":[{"name":"wp","href":"https:\/\/api.w.org\/{rel}","templated":true}]}}