{"id":4785,"date":"2026-04-13T16:52:35","date_gmt":"2026-04-13T13:52:35","guid":{"rendered":"https:\/\/ddpublishings.com\/product\/horoz-turkce-baski\/"},"modified":"2026-04-13T16:53:31","modified_gmt":"2026-04-13T13:53:31","slug":"horoz-turkce-baski","status":"publish","type":"product","link":"https:\/\/ddpublishings.com\/tr\/urun\/horoz-turkce-baski\/","title":{"rendered":"Horoz &#8211; T\u00fcrk\u00e7e Bask\u0131"},"content":{"rendered":"<p data-start=\"1268\" data-end=\"1573\">Hukuk\u00e7u ve yazar <span class=\"hover:entity-accent entity-underline inline cursor-pointer align-baseline\"><span class=\"whitespace-normal\">Abdurrahim Dede<\/span><\/span>, <strong><em data-start=\"1324\" data-end=\"1331\">Horoz<\/em> <\/strong>adl\u0131 eserinde okuru tabiat\u0131n derin anlamlar\u0131yla bulu\u015fturan \u00f6zg\u00fcn bir anlat\u0131 sunuyor. S\u0131radan bir k\u00f6y ya\u015fam\u0131 unsuru olan horoz \u00fczerinden; uyan\u0131\u015f, teslimiyet, \u015fehadet ve insan\u0131n varolu\u015f amac\u0131 gibi kavramlar etkileyici bir \u015fekilde ele al\u0131n\u0131yor.<\/p>\n<p data-start=\"1575\" data-end=\"1864\">Ki\u015fisel hat\u0131ralar, felsefi sorgulamalar ve teolojik yorumlarla zenginle\u015fen eser; k\u00e2inattaki her varl\u0131\u011f\u0131n insan\u0131n hizmetine sunulurken ayn\u0131 zamanda ilahi bir mesaj ta\u015f\u0131d\u0131\u011f\u0131n\u0131 ortaya koyuyor. Hayat, \u00f6l\u00fcm, \u015f\u00fck\u00fcr, sorumluluk ve yarat\u0131l\u0131\u015f d\u00fczeni gibi temalar derin bir bak\u0131\u015f a\u00e7\u0131s\u0131yla i\u015fleniyor.<\/p>\n<p data-start=\"1866\" data-end=\"2054\">Edebi anlat\u0131m\u0131 ile tefekk\u00fcr\u00fc bir araya getiren <em data-start=\"1913\" data-end=\"1920\">Horoz<\/em>, okuyucuyu g\u00fcndelik hayat\u0131n i\u00e7indeki hakikatleri fark etmeye ve daha derin bir bilin\u00e7le ya\u015famaya davet eden ilham verici bir eserdir.<\/p>\n","protected":false},"excerpt":{"rendered":"[dflip id=\"4634\" type=\"thumb\"][\/dflip]\n","protected":false},"featured_media":4641,"comment_status":"open","ping_status":"closed","template":"","meta":{"_acf_changed":false},"product_cat":[192,210,190],"product_tag":[203,232],"class_list":{"0":"post-4785","1":"product","2":"type-product","3":"status-publish","4":"has-post-thumbnail","6":"product_cat-cok-satanlar","7":"product_cat-turkce-yayinlar","8":"product_cat-yeni-cikanlar","9":"product_tag-abdurrahim-dede","10":"product_tag-horoz","11":"pa_authors-abdurrahim-dede-tr","13":"first","14":"instock","15":"sale","16":"shipping-taxable","17":"purchasable","18":"product-type-variable","swatches":"rey-swatches","show_selected":""},"acf":[],"yoast_head":"<!-- This site is optimized with the Yoast SEO plugin v27.4 - https:\/\/yoast.com\/product\/yoast-seo-wordpress\/ -->\n<title>Horoz - T\u00fcrk\u00e7e Bask\u0131 - ddpublishings<\/title>\n<meta name=\"description\" content=\"Lawyer and writer Abdurrahim Dede presents Horoz, a deeply reflective and spiritually rich work that invites readers to rediscover the hidden wisdom within.\" \/>\n<meta name=\"robots\" content=\"index, follow, max-snippet:-1, max-image-preview:large, max-video-preview:-1\" \/>\n<link rel=\"canonical\" href=\"https:\/\/ddpublishings.com\/tr\/urun\/horoz-turkce-baski\/\" \/>\n<meta property=\"og:locale\" content=\"tr_TR\" \/>\n<meta property=\"og:type\" content=\"article\" \/>\n<meta property=\"og:title\" content=\"Horoz - T\u00fcrk\u00e7e Bask\u0131 - ddpublishings\" \/>\n<meta property=\"og:description\" content=\"Lawyer and writer Abdurrahim Dede presents Horoz, a deeply reflective and spiritually rich work that invites readers to rediscover the hidden wisdom within.\" \/>\n<meta property=\"og:url\" content=\"https:\/\/ddpublishings.com\/tr\/urun\/horoz-turkce-baski\/\" \/>\n<meta property=\"og:site_name\" content=\"ddpublishings\" \/>\n<meta property=\"article:modified_time\" content=\"2026-04-13T13:53:31+00:00\" \/>\n<meta property=\"og:image\" content=\"https:\/\/ddpublishings.com\/wp-content\/uploads\/2026\/04\/horoz-GORSEL.jpeg\" \/>\n\t<meta property=\"og:image:width\" content=\"511\" \/>\n\t<meta property=\"og:image:height\" content=\"794\" \/>\n\t<meta property=\"og:image:type\" content=\"image\/jpeg\" \/>\n<meta name=\"twitter:card\" content=\"summary_large_image\" \/>\n<meta name=\"twitter:label1\" content=\"Tahmini okuma s\u00fcresi\" \/>\n\t<meta name=\"twitter:data1\" content=\"1 dakika\" \/>\n<script type=\"application\/ld+json\" class=\"yoast-schema-graph\">{\"@context\":\"https:\\\/\\\/schema.org\",\"@graph\":[{\"@type\":\"WebPage\",\"@id\":\"https:\\\/\\\/ddpublishings.com\\\/tr\\\/urun\\\/horoz-turkce-baski\\\/\",\"url\":\"https:\\\/\\\/ddpublishings.com\\\/tr\\\/urun\\\/horoz-turkce-baski\\\/\",\"name\":\"Horoz - T\u00fcrk\u00e7e Bask\u0131 - ddpublishings\",\"isPartOf\":{\"@id\":\"https:\\\/\\\/ddpublishings.com\\\/tr\\\/#website\"},\"primaryImageOfPage\":{\"@id\":\"https:\\\/\\\/ddpublishings.com\\\/tr\\\/urun\\\/horoz-turkce-baski\\\/#primaryimage\"},\"image\":{\"@id\":\"https:\\\/\\\/ddpublishings.com\\\/tr\\\/urun\\\/horoz-turkce-baski\\\/#primaryimage\"},\"thumbnailUrl\":\"https:\\\/\\\/ddpublishings.com\\\/wp-content\\\/uploads\\\/2026\\\/04\\\/horoz-GORSEL.jpeg\",\"datePublished\":\"2026-04-13T13:52:35+00:00\",\"dateModified\":\"2026-04-13T13:53:31+00:00\",\"description\":\"Lawyer and writer Abdurrahim Dede presents Horoz, a deeply reflective and spiritually rich work that invites readers to rediscover the hidden wisdom within.\",\"breadcrumb\":{\"@id\":\"https:\\\/\\\/ddpublishings.com\\\/tr\\\/urun\\\/horoz-turkce-baski\\\/#breadcrumb\"},\"inLanguage\":\"tr\",\"potentialAction\":[{\"@type\":\"ReadAction\",\"target\":[\"https:\\\/\\\/ddpublishings.com\\\/tr\\\/urun\\\/horoz-turkce-baski\\\/\"]}]},{\"@type\":\"ImageObject\",\"inLanguage\":\"tr\",\"@id\":\"https:\\\/\\\/ddpublishings.com\\\/tr\\\/urun\\\/horoz-turkce-baski\\\/#primaryimage\",\"url\":\"https:\\\/\\\/ddpublishings.com\\\/wp-content\\\/uploads\\\/2026\\\/04\\\/horoz-GORSEL.jpeg\",\"contentUrl\":\"https:\\\/\\\/ddpublishings.com\\\/wp-content\\\/uploads\\\/2026\\\/04\\\/horoz-GORSEL.jpeg\",\"width\":511,\"height\":794},{\"@type\":\"BreadcrumbList\",\"@id\":\"https:\\\/\\\/ddpublishings.com\\\/tr\\\/urun\\\/horoz-turkce-baski\\\/#breadcrumb\",\"itemListElement\":[{\"@type\":\"ListItem\",\"position\":1,\"name\":\"Home\",\"item\":\"https:\\\/\\\/ddpublishings.com\\\/tr\\\/\"},{\"@type\":\"ListItem\",\"position\":2,\"name\":\"Kitaplar\",\"item\":\"https:\\\/\\\/ddpublishings.com\\\/tr\\\/kitaplar\\\/\"},{\"@type\":\"ListItem\",\"position\":3,\"name\":\"Horoz &#8211; T\u00fcrk\u00e7e Bask\u0131\"}]},{\"@type\":\"WebSite\",\"@id\":\"https:\\\/\\\/ddpublishings.com\\\/tr\\\/#website\",\"url\":\"https:\\\/\\\/ddpublishings.com\\\/tr\\\/\",\"name\":\"ddpublishings\",\"description\":\"\",\"publisher\":{\"@id\":\"https:\\\/\\\/ddpublishings.com\\\/tr\\\/#organization\"},\"potentialAction\":[{\"@type\":\"SearchAction\",\"target\":{\"@type\":\"EntryPoint\",\"urlTemplate\":\"https:\\\/\\\/ddpublishings.com\\\/tr\\\/?s={search_term_string}\"},\"query-input\":{\"@type\":\"PropertyValueSpecification\",\"valueRequired\":true,\"valueName\":\"search_term_string\"}}],\"inLanguage\":\"tr\"},{\"@type\":\"Organization\",\"@id\":\"https:\\\/\\\/ddpublishings.com\\\/tr\\\/#organization\",\"name\":\"ddpublishings\",\"url\":\"https:\\\/\\\/ddpublishings.com\\\/tr\\\/\",\"logo\":{\"@type\":\"ImageObject\",\"inLanguage\":\"tr\",\"@id\":\"https:\\\/\\\/ddpublishings.com\\\/tr\\\/#\\\/schema\\\/logo\\\/image\\\/\",\"url\":\"https:\\\/\\\/ddpublishings.com\\\/wp-content\\\/uploads\\\/2025\\\/07\\\/dd-publishing-logo-black.svg\",\"contentUrl\":\"https:\\\/\\\/ddpublishings.com\\\/wp-content\\\/uploads\\\/2025\\\/07\\\/dd-publishing-logo-black.svg\",\"width\":561,\"height\":454,\"caption\":\"ddpublishings\"},\"image\":{\"@id\":\"https:\\\/\\\/ddpublishings.com\\\/tr\\\/#\\\/schema\\\/logo\\\/image\\\/\"}}]}<\/script>\n<!-- \/ Yoast SEO plugin. -->","yoast_head_json":{"title":"Horoz - T\u00fcrk\u00e7e Bask\u0131 - ddpublishings","description":"Lawyer and writer Abdurrahim Dede presents Horoz, a deeply reflective and spiritually rich work that invites readers to rediscover the hidden wisdom within.","robots":{"index":"index","follow":"follow","max-snippet":"max-snippet:-1","max-image-preview":"max-image-preview:large","max-video-preview":"max-video-preview:-1"},"canonical":"https:\/\/ddpublishings.com\/tr\/urun\/horoz-turkce-baski\/","og_locale":"tr_TR","og_type":"article","og_title":"Horoz - T\u00fcrk\u00e7e Bask\u0131 - ddpublishings","og_description":"Lawyer and writer Abdurrahim Dede presents Horoz, a deeply reflective and spiritually rich work that invites readers to rediscover the hidden wisdom within.","og_url":"https:\/\/ddpublishings.com\/tr\/urun\/horoz-turkce-baski\/","og_site_name":"ddpublishings","article_modified_time":"2026-04-13T13:53:31+00:00","og_image":[{"width":511,"height":794,"url":"https:\/\/ddpublishings.com\/wp-content\/uploads\/2026\/04\/horoz-GORSEL.jpeg","type":"image\/jpeg"}],"twitter_card":"summary_large_image","twitter_misc":{"Tahmini okuma s\u00fcresi":"1 dakika"},"schema":{"@context":"https:\/\/schema.org","@graph":[{"@type":"WebPage","@id":"https:\/\/ddpublishings.com\/tr\/urun\/horoz-turkce-baski\/","url":"https:\/\/ddpublishings.com\/tr\/urun\/horoz-turkce-baski\/","name":"Horoz - T\u00fcrk\u00e7e Bask\u0131 - ddpublishings","isPartOf":{"@id":"https:\/\/ddpublishings.com\/tr\/#website"},"primaryImageOfPage":{"@id":"https:\/\/ddpublishings.com\/tr\/urun\/horoz-turkce-baski\/#primaryimage"},"image":{"@id":"https:\/\/ddpublishings.com\/tr\/urun\/horoz-turkce-baski\/#primaryimage"},"thumbnailUrl":"https:\/\/ddpublishings.com\/wp-content\/uploads\/2026\/04\/horoz-GORSEL.jpeg","datePublished":"2026-04-13T13:52:35+00:00","dateModified":"2026-04-13T13:53:31+00:00","description":"Lawyer and writer Abdurrahim Dede presents Horoz, a deeply reflective and spiritually rich work that invites readers to rediscover the hidden wisdom within.","breadcrumb":{"@id":"https:\/\/ddpublishings.com\/tr\/urun\/horoz-turkce-baski\/#breadcrumb"},"inLanguage":"tr","potentialAction":[{"@type":"ReadAction","target":["https:\/\/ddpublishings.com\/tr\/urun\/horoz-turkce-baski\/"]}]},{"@type":"ImageObject","inLanguage":"tr","@id":"https:\/\/ddpublishings.com\/tr\/urun\/horoz-turkce-baski\/#primaryimage","url":"https:\/\/ddpublishings.com\/wp-content\/uploads\/2026\/04\/horoz-GORSEL.jpeg","contentUrl":"https:\/\/ddpublishings.com\/wp-content\/uploads\/2026\/04\/horoz-GORSEL.jpeg","width":511,"height":794},{"@type":"BreadcrumbList","@id":"https:\/\/ddpublishings.com\/tr\/urun\/horoz-turkce-baski\/#breadcrumb","itemListElement":[{"@type":"ListItem","position":1,"name":"Home","item":"https:\/\/ddpublishings.com\/tr\/"},{"@type":"ListItem","position":2,"name":"Kitaplar","item":"https:\/\/ddpublishings.com\/tr\/kitaplar\/"},{"@type":"ListItem","position":3,"name":"Horoz &#8211; T\u00fcrk\u00e7e Bask\u0131"}]},{"@type":"WebSite","@id":"https:\/\/ddpublishings.com\/tr\/#website","url":"https:\/\/ddpublishings.com\/tr\/","name":"ddpublishings","description":"","publisher":{"@id":"https:\/\/ddpublishings.com\/tr\/#organization"},"potentialAction":[{"@type":"SearchAction","target":{"@type":"EntryPoint","urlTemplate":"https:\/\/ddpublishings.com\/tr\/?s={search_term_string}"},"query-input":{"@type":"PropertyValueSpecification","valueRequired":true,"valueName":"search_term_string"}}],"inLanguage":"tr"},{"@type":"Organization","@id":"https:\/\/ddpublishings.com\/tr\/#organization","name":"ddpublishings","url":"https:\/\/ddpublishings.com\/tr\/","logo":{"@type":"ImageObject","inLanguage":"tr","@id":"https:\/\/ddpublishings.com\/tr\/#\/schema\/logo\/image\/","url":"https:\/\/ddpublishings.com\/wp-content\/uploads\/2025\/07\/dd-publishing-logo-black.svg","contentUrl":"https:\/\/ddpublishings.com\/wp-content\/uploads\/2025\/07\/dd-publishing-logo-black.svg","width":561,"height":454,"caption":"ddpublishings"},"image":{"@id":"https:\/\/ddpublishings.com\/tr\/#\/schema\/logo\/image\/"}}]}},"_links":{"self":[{"href":"https:\/\/ddpublishings.com\/tr\/wp-json\/wp\/v2\/product\/4785","targetHints":{"allow":["GET"]}}],"collection":[{"href":"https:\/\/ddpublishings.com\/tr\/wp-json\/wp\/v2\/product"}],"about":[{"href":"https:\/\/ddpublishings.com\/tr\/wp-json\/wp\/v2\/types\/product"}],"replies":[{"embeddable":true,"href":"https:\/\/ddpublishings.com\/tr\/wp-json\/wp\/v2\/comments?post=4785"}],"wp:featuredmedia":[{"embeddable":true,"href":"https:\/\/ddpublishings.com\/tr\/wp-json\/wp\/v2\/media\/4641"}],"wp:attachment":[{"href":"https:\/\/ddpublishings.com\/tr\/wp-json\/wp\/v2\/media?parent=4785"}],"wp:term":[{"taxonomy":"product_cat","embeddable":true,"href":"https:\/\/ddpublishings.com\/tr\/wp-json\/wp\/v2\/product_cat?post=4785"},{"taxonomy":"product_tag","embeddable":true,"href":"https:\/\/ddpublishings.com\/tr\/wp-json\/wp\/v2\/product_tag?post=4785"}],"curies":[{"name":"wp","href":"https:\/\/api.w.org\/{rel}","templated":true}]}}