{"id":4810,"date":"2026-04-13T17:05:15","date_gmt":"2026-04-13T14:05:15","guid":{"rendered":"https:\/\/ddpublishings.com\/product\/insanliga-cagri-turkish-edition\/"},"modified":"2026-04-13T17:06:10","modified_gmt":"2026-04-13T14:06:10","slug":"insanliga-cagri-turkish-edition","status":"publish","type":"product","link":"https:\/\/ddpublishings.com\/tr\/urun\/insanliga-cagri-turkish-edition\/","title":{"rendered":"\u0130nsanl\u0131\u011fa \u00c7a\u011fr\u0131 &#8211; T\u00fcrk\u00e7e Bask\u0131]"},"content":{"rendered":"<p data-start=\"1325\" data-end=\"1725\">Hukuk\u00e7u ve yazar <span class=\"hover:entity-accent entity-underline inline cursor-pointer align-baseline\"><span class=\"whitespace-normal\">Abdurrahim Dede<\/span><\/span>, <em data-start=\"1381\" data-end=\"1398\">\u0130nsanl\u0131\u011fa \u00c7a\u011fr\u0131<\/em> adl\u0131 eserinde okuyucuyu g\u00f6r\u00fcnen ve g\u00f6r\u00fcnmeyen \u00e2lemler aras\u0131nda derin bir yolculu\u011fa davet ediyor. \u015eiirsel anlat\u0131m ile felsefi ve manevi d\u00fc\u015f\u00fcnceyi bir araya getiren bu eser, d\u00fcnya ve ahiretin asl\u0131nda birbirinden ayr\u0131 de\u011fil, tek bir hakikatin par\u00e7alar\u0131 oldu\u011funu g\u00fc\u00e7l\u00fc bir \u015fekilde vurguluyor.<\/p>\n<p data-start=\"1727\" data-end=\"1974\">K\u0131sa ama etkileyici metinlerden olu\u015fan kitap; hayat, \u00f6l\u00fcm, iman, \u015f\u00fck\u00fcr, \u00f6zg\u00fcr irade ve hakikat aray\u0131\u015f\u0131 gibi evrensel temalar\u0131 ele al\u0131yor. Tabiat, insan ve k\u00e2inat \u00fczerinden yap\u0131lan g\u00f6zlemlerle okuyucuya derin bir fark\u0131ndal\u0131k kazand\u0131rmay\u0131 ama\u00e7l\u0131yor.<\/p>\n<p data-start=\"1976\" data-end=\"2255\">Her b\u00f6l\u00fcm, insanl\u0131\u011fa yap\u0131lm\u0131\u015f bir \u00e7a\u011fr\u0131 niteli\u011fi ta\u015f\u0131rken; okuyucuyu y\u00fczeysel bak\u0131\u015f a\u00e7\u0131s\u0131n\u0131 a\u015fmaya, varolu\u015fun b\u00fct\u00fcnl\u00fc\u011f\u00fcn\u00fc kavramaya ve i\u00e7sel bir uyan\u0131\u015f ya\u015famaya davet ediyor. <em data-start=\"2151\" data-end=\"2168\">\u0130nsanl\u0131\u011fa \u00c7a\u011fr\u0131<\/em>, sade dili ve g\u00fc\u00e7l\u00fc mesajlar\u0131yla, anlam arayan herkes i\u00e7in ilham verici bir rehberdir.<\/p>\n","protected":false},"excerpt":{"rendered":"[dflip id=\"4790\" type=\"thumb\"][\/dflip]\n","protected":false},"featured_media":4793,"comment_status":"open","ping_status":"closed","template":"","meta":{"_acf_changed":false},"product_cat":[192,210,190],"product_tag":[203,237],"class_list":{"0":"post-4810","1":"product","2":"type-product","3":"status-publish","4":"has-post-thumbnail","6":"product_cat-cok-satanlar","7":"product_cat-turkce-yayinlar","8":"product_cat-yeni-cikanlar","9":"product_tag-abdurrahim-dede","10":"product_tag-insanliga-cagri","11":"pa_authors-abdurrahim-dede-tr","13":"first","14":"instock","15":"sale","16":"shipping-taxable","17":"purchasable","18":"product-type-variable","swatches":"rey-swatches","show_selected":""},"acf":[],"yoast_head":"<!-- This site is optimized with the Yoast SEO plugin v27.4 - https:\/\/yoast.com\/product\/yoast-seo-wordpress\/ -->\n<title>\u0130nsanl\u0131\u011fa \u00c7a\u011fr\u0131 - T\u00fcrk\u00e7e Bask\u0131] - ddpublishings<\/title>\n<meta name=\"description\" content=\"Lawyer and writer Abdurrahim Dede presents \u0130nsanl\u0131\u011fa \u00c7a\u011fr\u0131, a profound and contemplative work that bridges the seen and unseen dimensions of existence.\" \/>\n<meta name=\"robots\" content=\"index, follow, max-snippet:-1, max-image-preview:large, max-video-preview:-1\" \/>\n<link rel=\"canonical\" href=\"https:\/\/ddpublishings.com\/tr\/urun\/insanliga-cagri-turkish-edition\/\" \/>\n<meta property=\"og:locale\" content=\"tr_TR\" \/>\n<meta property=\"og:type\" content=\"article\" \/>\n<meta property=\"og:title\" content=\"\u0130nsanl\u0131\u011fa \u00c7a\u011fr\u0131 - T\u00fcrk\u00e7e Bask\u0131] - ddpublishings\" \/>\n<meta property=\"og:description\" content=\"Lawyer and writer Abdurrahim Dede presents \u0130nsanl\u0131\u011fa \u00c7a\u011fr\u0131, a profound and contemplative work that bridges the seen and unseen dimensions of existence.\" \/>\n<meta property=\"og:url\" content=\"https:\/\/ddpublishings.com\/tr\/urun\/insanliga-cagri-turkish-edition\/\" \/>\n<meta property=\"og:site_name\" content=\"ddpublishings\" \/>\n<meta property=\"article:modified_time\" content=\"2026-04-13T14:06:10+00:00\" \/>\n<meta property=\"og:image\" content=\"https:\/\/ddpublishings.com\/wp-content\/uploads\/2026\/04\/insanliga-cagri-kapak.png\" \/>\n\t<meta property=\"og:image:width\" content=\"337\" \/>\n\t<meta property=\"og:image:height\" content=\"518\" \/>\n\t<meta property=\"og:image:type\" content=\"image\/png\" \/>\n<meta name=\"twitter:card\" content=\"summary_large_image\" \/>\n<meta name=\"twitter:label1\" content=\"Tahmini okuma s\u00fcresi\" \/>\n\t<meta name=\"twitter:data1\" content=\"1 dakika\" \/>\n<script type=\"application\/ld+json\" class=\"yoast-schema-graph\">{\"@context\":\"https:\\\/\\\/schema.org\",\"@graph\":[{\"@type\":\"WebPage\",\"@id\":\"https:\\\/\\\/ddpublishings.com\\\/tr\\\/urun\\\/insanliga-cagri-turkish-edition\\\/\",\"url\":\"https:\\\/\\\/ddpublishings.com\\\/tr\\\/urun\\\/insanliga-cagri-turkish-edition\\\/\",\"name\":\"\u0130nsanl\u0131\u011fa \u00c7a\u011fr\u0131 - T\u00fcrk\u00e7e Bask\u0131] - ddpublishings\",\"isPartOf\":{\"@id\":\"https:\\\/\\\/ddpublishings.com\\\/tr\\\/#website\"},\"primaryImageOfPage\":{\"@id\":\"https:\\\/\\\/ddpublishings.com\\\/tr\\\/urun\\\/insanliga-cagri-turkish-edition\\\/#primaryimage\"},\"image\":{\"@id\":\"https:\\\/\\\/ddpublishings.com\\\/tr\\\/urun\\\/insanliga-cagri-turkish-edition\\\/#primaryimage\"},\"thumbnailUrl\":\"https:\\\/\\\/ddpublishings.com\\\/wp-content\\\/uploads\\\/2026\\\/04\\\/insanliga-cagri-kapak.png\",\"datePublished\":\"2026-04-13T14:05:15+00:00\",\"dateModified\":\"2026-04-13T14:06:10+00:00\",\"description\":\"Lawyer and writer Abdurrahim Dede presents \u0130nsanl\u0131\u011fa \u00c7a\u011fr\u0131, a profound and contemplative work that bridges the seen and unseen dimensions of existence.\",\"breadcrumb\":{\"@id\":\"https:\\\/\\\/ddpublishings.com\\\/tr\\\/urun\\\/insanliga-cagri-turkish-edition\\\/#breadcrumb\"},\"inLanguage\":\"tr\",\"potentialAction\":[{\"@type\":\"ReadAction\",\"target\":[\"https:\\\/\\\/ddpublishings.com\\\/tr\\\/urun\\\/insanliga-cagri-turkish-edition\\\/\"]}]},{\"@type\":\"ImageObject\",\"inLanguage\":\"tr\",\"@id\":\"https:\\\/\\\/ddpublishings.com\\\/tr\\\/urun\\\/insanliga-cagri-turkish-edition\\\/#primaryimage\",\"url\":\"https:\\\/\\\/ddpublishings.com\\\/wp-content\\\/uploads\\\/2026\\\/04\\\/insanliga-cagri-kapak.png\",\"contentUrl\":\"https:\\\/\\\/ddpublishings.com\\\/wp-content\\\/uploads\\\/2026\\\/04\\\/insanliga-cagri-kapak.png\",\"width\":337,\"height\":518},{\"@type\":\"BreadcrumbList\",\"@id\":\"https:\\\/\\\/ddpublishings.com\\\/tr\\\/urun\\\/insanliga-cagri-turkish-edition\\\/#breadcrumb\",\"itemListElement\":[{\"@type\":\"ListItem\",\"position\":1,\"name\":\"Home\",\"item\":\"https:\\\/\\\/ddpublishings.com\\\/tr\\\/\"},{\"@type\":\"ListItem\",\"position\":2,\"name\":\"Kitaplar\",\"item\":\"https:\\\/\\\/ddpublishings.com\\\/tr\\\/kitaplar\\\/\"},{\"@type\":\"ListItem\",\"position\":3,\"name\":\"\u0130nsanl\u0131\u011fa \u00c7a\u011fr\u0131 &#8211; T\u00fcrk\u00e7e Bask\u0131]\"}]},{\"@type\":\"WebSite\",\"@id\":\"https:\\\/\\\/ddpublishings.com\\\/tr\\\/#website\",\"url\":\"https:\\\/\\\/ddpublishings.com\\\/tr\\\/\",\"name\":\"ddpublishings\",\"description\":\"\",\"publisher\":{\"@id\":\"https:\\\/\\\/ddpublishings.com\\\/tr\\\/#organization\"},\"potentialAction\":[{\"@type\":\"SearchAction\",\"target\":{\"@type\":\"EntryPoint\",\"urlTemplate\":\"https:\\\/\\\/ddpublishings.com\\\/tr\\\/?s={search_term_string}\"},\"query-input\":{\"@type\":\"PropertyValueSpecification\",\"valueRequired\":true,\"valueName\":\"search_term_string\"}}],\"inLanguage\":\"tr\"},{\"@type\":\"Organization\",\"@id\":\"https:\\\/\\\/ddpublishings.com\\\/tr\\\/#organization\",\"name\":\"ddpublishings\",\"url\":\"https:\\\/\\\/ddpublishings.com\\\/tr\\\/\",\"logo\":{\"@type\":\"ImageObject\",\"inLanguage\":\"tr\",\"@id\":\"https:\\\/\\\/ddpublishings.com\\\/tr\\\/#\\\/schema\\\/logo\\\/image\\\/\",\"url\":\"https:\\\/\\\/ddpublishings.com\\\/wp-content\\\/uploads\\\/2025\\\/07\\\/dd-publishing-logo-black.svg\",\"contentUrl\":\"https:\\\/\\\/ddpublishings.com\\\/wp-content\\\/uploads\\\/2025\\\/07\\\/dd-publishing-logo-black.svg\",\"width\":561,\"height\":454,\"caption\":\"ddpublishings\"},\"image\":{\"@id\":\"https:\\\/\\\/ddpublishings.com\\\/tr\\\/#\\\/schema\\\/logo\\\/image\\\/\"}}]}<\/script>\n<!-- \/ Yoast SEO plugin. -->","yoast_head_json":{"title":"\u0130nsanl\u0131\u011fa \u00c7a\u011fr\u0131 - T\u00fcrk\u00e7e Bask\u0131] - ddpublishings","description":"Lawyer and writer Abdurrahim Dede presents \u0130nsanl\u0131\u011fa \u00c7a\u011fr\u0131, a profound and contemplative work that bridges the seen and unseen dimensions of existence.","robots":{"index":"index","follow":"follow","max-snippet":"max-snippet:-1","max-image-preview":"max-image-preview:large","max-video-preview":"max-video-preview:-1"},"canonical":"https:\/\/ddpublishings.com\/tr\/urun\/insanliga-cagri-turkish-edition\/","og_locale":"tr_TR","og_type":"article","og_title":"\u0130nsanl\u0131\u011fa \u00c7a\u011fr\u0131 - T\u00fcrk\u00e7e Bask\u0131] - ddpublishings","og_description":"Lawyer and writer Abdurrahim Dede presents \u0130nsanl\u0131\u011fa \u00c7a\u011fr\u0131, a profound and contemplative work that bridges the seen and unseen dimensions of existence.","og_url":"https:\/\/ddpublishings.com\/tr\/urun\/insanliga-cagri-turkish-edition\/","og_site_name":"ddpublishings","article_modified_time":"2026-04-13T14:06:10+00:00","og_image":[{"width":337,"height":518,"url":"https:\/\/ddpublishings.com\/wp-content\/uploads\/2026\/04\/insanliga-cagri-kapak.png","type":"image\/png"}],"twitter_card":"summary_large_image","twitter_misc":{"Tahmini okuma s\u00fcresi":"1 dakika"},"schema":{"@context":"https:\/\/schema.org","@graph":[{"@type":"WebPage","@id":"https:\/\/ddpublishings.com\/tr\/urun\/insanliga-cagri-turkish-edition\/","url":"https:\/\/ddpublishings.com\/tr\/urun\/insanliga-cagri-turkish-edition\/","name":"\u0130nsanl\u0131\u011fa \u00c7a\u011fr\u0131 - T\u00fcrk\u00e7e Bask\u0131] - ddpublishings","isPartOf":{"@id":"https:\/\/ddpublishings.com\/tr\/#website"},"primaryImageOfPage":{"@id":"https:\/\/ddpublishings.com\/tr\/urun\/insanliga-cagri-turkish-edition\/#primaryimage"},"image":{"@id":"https:\/\/ddpublishings.com\/tr\/urun\/insanliga-cagri-turkish-edition\/#primaryimage"},"thumbnailUrl":"https:\/\/ddpublishings.com\/wp-content\/uploads\/2026\/04\/insanliga-cagri-kapak.png","datePublished":"2026-04-13T14:05:15+00:00","dateModified":"2026-04-13T14:06:10+00:00","description":"Lawyer and writer Abdurrahim Dede presents \u0130nsanl\u0131\u011fa \u00c7a\u011fr\u0131, a profound and contemplative work that bridges the seen and unseen dimensions of existence.","breadcrumb":{"@id":"https:\/\/ddpublishings.com\/tr\/urun\/insanliga-cagri-turkish-edition\/#breadcrumb"},"inLanguage":"tr","potentialAction":[{"@type":"ReadAction","target":["https:\/\/ddpublishings.com\/tr\/urun\/insanliga-cagri-turkish-edition\/"]}]},{"@type":"ImageObject","inLanguage":"tr","@id":"https:\/\/ddpublishings.com\/tr\/urun\/insanliga-cagri-turkish-edition\/#primaryimage","url":"https:\/\/ddpublishings.com\/wp-content\/uploads\/2026\/04\/insanliga-cagri-kapak.png","contentUrl":"https:\/\/ddpublishings.com\/wp-content\/uploads\/2026\/04\/insanliga-cagri-kapak.png","width":337,"height":518},{"@type":"BreadcrumbList","@id":"https:\/\/ddpublishings.com\/tr\/urun\/insanliga-cagri-turkish-edition\/#breadcrumb","itemListElement":[{"@type":"ListItem","position":1,"name":"Home","item":"https:\/\/ddpublishings.com\/tr\/"},{"@type":"ListItem","position":2,"name":"Kitaplar","item":"https:\/\/ddpublishings.com\/tr\/kitaplar\/"},{"@type":"ListItem","position":3,"name":"\u0130nsanl\u0131\u011fa \u00c7a\u011fr\u0131 &#8211; T\u00fcrk\u00e7e Bask\u0131]"}]},{"@type":"WebSite","@id":"https:\/\/ddpublishings.com\/tr\/#website","url":"https:\/\/ddpublishings.com\/tr\/","name":"ddpublishings","description":"","publisher":{"@id":"https:\/\/ddpublishings.com\/tr\/#organization"},"potentialAction":[{"@type":"SearchAction","target":{"@type":"EntryPoint","urlTemplate":"https:\/\/ddpublishings.com\/tr\/?s={search_term_string}"},"query-input":{"@type":"PropertyValueSpecification","valueRequired":true,"valueName":"search_term_string"}}],"inLanguage":"tr"},{"@type":"Organization","@id":"https:\/\/ddpublishings.com\/tr\/#organization","name":"ddpublishings","url":"https:\/\/ddpublishings.com\/tr\/","logo":{"@type":"ImageObject","inLanguage":"tr","@id":"https:\/\/ddpublishings.com\/tr\/#\/schema\/logo\/image\/","url":"https:\/\/ddpublishings.com\/wp-content\/uploads\/2025\/07\/dd-publishing-logo-black.svg","contentUrl":"https:\/\/ddpublishings.com\/wp-content\/uploads\/2025\/07\/dd-publishing-logo-black.svg","width":561,"height":454,"caption":"ddpublishings"},"image":{"@id":"https:\/\/ddpublishings.com\/tr\/#\/schema\/logo\/image\/"}}]}},"_links":{"self":[{"href":"https:\/\/ddpublishings.com\/tr\/wp-json\/wp\/v2\/product\/4810","targetHints":{"allow":["GET"]}}],"collection":[{"href":"https:\/\/ddpublishings.com\/tr\/wp-json\/wp\/v2\/product"}],"about":[{"href":"https:\/\/ddpublishings.com\/tr\/wp-json\/wp\/v2\/types\/product"}],"replies":[{"embeddable":true,"href":"https:\/\/ddpublishings.com\/tr\/wp-json\/wp\/v2\/comments?post=4810"}],"wp:featuredmedia":[{"embeddable":true,"href":"https:\/\/ddpublishings.com\/tr\/wp-json\/wp\/v2\/media\/4793"}],"wp:attachment":[{"href":"https:\/\/ddpublishings.com\/tr\/wp-json\/wp\/v2\/media?parent=4810"}],"wp:term":[{"taxonomy":"product_cat","embeddable":true,"href":"https:\/\/ddpublishings.com\/tr\/wp-json\/wp\/v2\/product_cat?post=4810"},{"taxonomy":"product_tag","embeddable":true,"href":"https:\/\/ddpublishings.com\/tr\/wp-json\/wp\/v2\/product_tag?post=4810"}],"curies":[{"name":"wp","href":"https:\/\/api.w.org\/{rel}","templated":true}]}}