{"id":4862,"date":"2026-04-13T18:26:19","date_gmt":"2026-04-13T15:26:19","guid":{"rendered":"https:\/\/ddpublishings.com\/product\/seytanin-avukati-turkish-edition\/"},"modified":"2026-04-13T18:27:46","modified_gmt":"2026-04-13T15:27:46","slug":"seytanin-avukati-turkish-edition","status":"publish","type":"product","link":"https:\/\/ddpublishings.com\/tr\/urun\/seytanin-avukati-turkish-edition\/","title":{"rendered":"\u015eeytan\u0131n Avukat\u0131 &#8211; T\u00fcrk\u00e7e Bask\u0131"},"content":{"rendered":"<p><span data-path-to-node=\"2,2\"><span class=\"citation-92 interactive-span-hovered\">Avukat-yazar Abdurrahim Dede, &#8220;\u015eeytan\u0131n Avukat\u0131&#8221; adl\u0131 eseriyle okurlar\u0131n\u0131 hukuk, vicdan ve insan do\u011fas\u0131n\u0131n karanl\u0131k y\u00fcz\u00fcne sars\u0131c\u0131 bir yolculu\u011fa \u00e7\u0131kar\u0131yor<\/span><\/span><span data-path-to-node=\"2,4\">. <\/span><span data-path-to-node=\"2,6\"><span class=\"citation-91\">Kitap, ya\u015fanm\u0131\u015f bir olaydan yola \u00e7\u0131karak adaletin sadece mahkeme salonlar\u0131nda de\u011fil, as\u0131l vicdanlarda aranmas\u0131 gerekti\u011fini derinlemesine i\u015fliyor<\/span><\/span><span data-path-to-node=\"2,8\">. <\/span><span data-path-to-node=\"2,10\"><span class=\"citation-90\">Hukuki dehas\u0131n\u0131 hakikati e\u011fip b\u00fckmek i\u00e7in kulland\u0131\u011f\u0131nda ya\u015fad\u0131\u011f\u0131 derin pi\u015fmanl\u0131\u011f\u0131 bir &#8220;t\u00f6vbe&#8221; hik\u00e2yesine d\u00f6n\u00fc\u015ft\u00fcren yazar; g\u00fcnl\u00fck hayat\u0131n ve mesleki imtihanlar\u0131n i\u00e7inden b\u00fcy\u00fck hayat dersleri s\u00fcz\u00fcyor<\/span><\/span><span data-path-to-node=\"2,12\">. <\/span><span data-path-to-node=\"2,14\"><span class=\"citation-89\">Eser; d\u00fcr\u00fcstl\u00fck, etik ikilemler ve madde ile mana aras\u0131ndaki denge \u00fczerine okuru derin bir tefekk\u00fcre sevk eden, rehber niteli\u011finde bir bilgelik sunuyor<\/span><\/span><span data-path-to-node=\"2,16\">.<\/span><\/p>\n","protected":false},"excerpt":{"rendered":"[dflip id=\"4840\" type=\"thumb\"][\/dflip]\n","protected":false},"featured_media":4858,"comment_status":"open","ping_status":"closed","template":"","meta":{"_acf_changed":false},"product_cat":[192,210,190],"product_tag":[203,243],"class_list":{"0":"post-4862","1":"product","2":"type-product","3":"status-publish","4":"has-post-thumbnail","6":"product_cat-cok-satanlar","7":"product_cat-turkce-yayinlar","8":"product_cat-yeni-cikanlar","9":"product_tag-abdurrahim-dede","10":"product_tag-seytanin-avukati","11":"pa_authors-abdurrahim-dede-tr","13":"first","14":"instock","15":"sale","16":"shipping-taxable","17":"purchasable","18":"product-type-variable","swatches":"rey-swatches","show_selected":""},"acf":[],"yoast_head":"<!-- This site is optimized with the Yoast SEO plugin v27.4 - https:\/\/yoast.com\/product\/yoast-seo-wordpress\/ -->\n<title>\u015eeytan\u0131n Avukat\u0131 - T\u00fcrk\u00e7e Bask\u0131 - ddpublishings<\/title>\n<meta name=\"description\" content=\"Lawyer-writer Abdurrahim Dede, with his work &quot;The Devil&#039;s Advocate&quot;, takes readers on a profound journey into the dark side of law, conscience, and human na\" \/>\n<meta name=\"robots\" content=\"index, follow, max-snippet:-1, max-image-preview:large, max-video-preview:-1\" \/>\n<link rel=\"canonical\" href=\"https:\/\/ddpublishings.com\/tr\/urun\/seytanin-avukati-turkish-edition\/\" \/>\n<meta property=\"og:locale\" content=\"tr_TR\" \/>\n<meta property=\"og:type\" content=\"article\" \/>\n<meta property=\"og:title\" content=\"\u015eeytan\u0131n Avukat\u0131 - T\u00fcrk\u00e7e Bask\u0131 - ddpublishings\" \/>\n<meta property=\"og:description\" content=\"Lawyer-writer Abdurrahim Dede, with his work &quot;The Devil&#039;s Advocate&quot;, takes readers on a profound journey into the dark side of law, conscience, and human na\" \/>\n<meta property=\"og:url\" content=\"https:\/\/ddpublishings.com\/tr\/urun\/seytanin-avukati-turkish-edition\/\" \/>\n<meta property=\"og:site_name\" content=\"ddpublishings\" \/>\n<meta property=\"article:modified_time\" content=\"2026-04-13T15:27:46+00:00\" \/>\n<meta property=\"og:image\" content=\"https:\/\/ddpublishings.com\/wp-content\/uploads\/2026\/04\/seytanin-avukaHJti-JPG-1.jpeg\" \/>\n\t<meta property=\"og:image:width\" content=\"558\" \/>\n\t<meta property=\"og:image:height\" content=\"875\" \/>\n\t<meta property=\"og:image:type\" content=\"image\/jpeg\" \/>\n<meta name=\"twitter:card\" content=\"summary_large_image\" \/>\n<meta name=\"twitter:label1\" content=\"Tahmini okuma s\u00fcresi\" \/>\n\t<meta name=\"twitter:data1\" content=\"1 dakika\" \/>\n<script type=\"application\/ld+json\" class=\"yoast-schema-graph\">{\"@context\":\"https:\\\/\\\/schema.org\",\"@graph\":[{\"@type\":\"WebPage\",\"@id\":\"https:\\\/\\\/ddpublishings.com\\\/tr\\\/urun\\\/seytanin-avukati-turkish-edition\\\/\",\"url\":\"https:\\\/\\\/ddpublishings.com\\\/tr\\\/urun\\\/seytanin-avukati-turkish-edition\\\/\",\"name\":\"\u015eeytan\u0131n Avukat\u0131 - T\u00fcrk\u00e7e Bask\u0131 - ddpublishings\",\"isPartOf\":{\"@id\":\"https:\\\/\\\/ddpublishings.com\\\/tr\\\/#website\"},\"primaryImageOfPage\":{\"@id\":\"https:\\\/\\\/ddpublishings.com\\\/tr\\\/urun\\\/seytanin-avukati-turkish-edition\\\/#primaryimage\"},\"image\":{\"@id\":\"https:\\\/\\\/ddpublishings.com\\\/tr\\\/urun\\\/seytanin-avukati-turkish-edition\\\/#primaryimage\"},\"thumbnailUrl\":\"https:\\\/\\\/ddpublishings.com\\\/wp-content\\\/uploads\\\/2026\\\/04\\\/seytanin-avukaHJti-JPG-1.jpeg\",\"datePublished\":\"2026-04-13T15:26:19+00:00\",\"dateModified\":\"2026-04-13T15:27:46+00:00\",\"description\":\"Lawyer-writer Abdurrahim Dede, with his work \\\"The Devil's Advocate\\\", takes readers on a profound journey into the dark side of law, conscience, and human na\",\"breadcrumb\":{\"@id\":\"https:\\\/\\\/ddpublishings.com\\\/tr\\\/urun\\\/seytanin-avukati-turkish-edition\\\/#breadcrumb\"},\"inLanguage\":\"tr\",\"potentialAction\":[{\"@type\":\"ReadAction\",\"target\":[\"https:\\\/\\\/ddpublishings.com\\\/tr\\\/urun\\\/seytanin-avukati-turkish-edition\\\/\"]}]},{\"@type\":\"ImageObject\",\"inLanguage\":\"tr\",\"@id\":\"https:\\\/\\\/ddpublishings.com\\\/tr\\\/urun\\\/seytanin-avukati-turkish-edition\\\/#primaryimage\",\"url\":\"https:\\\/\\\/ddpublishings.com\\\/wp-content\\\/uploads\\\/2026\\\/04\\\/seytanin-avukaHJti-JPG-1.jpeg\",\"contentUrl\":\"https:\\\/\\\/ddpublishings.com\\\/wp-content\\\/uploads\\\/2026\\\/04\\\/seytanin-avukaHJti-JPG-1.jpeg\",\"width\":558,\"height\":875},{\"@type\":\"BreadcrumbList\",\"@id\":\"https:\\\/\\\/ddpublishings.com\\\/tr\\\/urun\\\/seytanin-avukati-turkish-edition\\\/#breadcrumb\",\"itemListElement\":[{\"@type\":\"ListItem\",\"position\":1,\"name\":\"Home\",\"item\":\"https:\\\/\\\/ddpublishings.com\\\/tr\\\/\"},{\"@type\":\"ListItem\",\"position\":2,\"name\":\"Kitaplar\",\"item\":\"https:\\\/\\\/ddpublishings.com\\\/tr\\\/kitaplar\\\/\"},{\"@type\":\"ListItem\",\"position\":3,\"name\":\"\u015eeytan\u0131n Avukat\u0131 &#8211; T\u00fcrk\u00e7e Bask\u0131\"}]},{\"@type\":\"WebSite\",\"@id\":\"https:\\\/\\\/ddpublishings.com\\\/tr\\\/#website\",\"url\":\"https:\\\/\\\/ddpublishings.com\\\/tr\\\/\",\"name\":\"ddpublishings\",\"description\":\"\",\"publisher\":{\"@id\":\"https:\\\/\\\/ddpublishings.com\\\/tr\\\/#organization\"},\"potentialAction\":[{\"@type\":\"SearchAction\",\"target\":{\"@type\":\"EntryPoint\",\"urlTemplate\":\"https:\\\/\\\/ddpublishings.com\\\/tr\\\/?s={search_term_string}\"},\"query-input\":{\"@type\":\"PropertyValueSpecification\",\"valueRequired\":true,\"valueName\":\"search_term_string\"}}],\"inLanguage\":\"tr\"},{\"@type\":\"Organization\",\"@id\":\"https:\\\/\\\/ddpublishings.com\\\/tr\\\/#organization\",\"name\":\"ddpublishings\",\"url\":\"https:\\\/\\\/ddpublishings.com\\\/tr\\\/\",\"logo\":{\"@type\":\"ImageObject\",\"inLanguage\":\"tr\",\"@id\":\"https:\\\/\\\/ddpublishings.com\\\/tr\\\/#\\\/schema\\\/logo\\\/image\\\/\",\"url\":\"https:\\\/\\\/ddpublishings.com\\\/wp-content\\\/uploads\\\/2025\\\/07\\\/dd-publishing-logo-black.svg\",\"contentUrl\":\"https:\\\/\\\/ddpublishings.com\\\/wp-content\\\/uploads\\\/2025\\\/07\\\/dd-publishing-logo-black.svg\",\"width\":561,\"height\":454,\"caption\":\"ddpublishings\"},\"image\":{\"@id\":\"https:\\\/\\\/ddpublishings.com\\\/tr\\\/#\\\/schema\\\/logo\\\/image\\\/\"}}]}<\/script>\n<!-- \/ Yoast SEO plugin. -->","yoast_head_json":{"title":"\u015eeytan\u0131n Avukat\u0131 - T\u00fcrk\u00e7e Bask\u0131 - ddpublishings","description":"Lawyer-writer Abdurrahim Dede, with his work \"The Devil's Advocate\", takes readers on a profound journey into the dark side of law, conscience, and human na","robots":{"index":"index","follow":"follow","max-snippet":"max-snippet:-1","max-image-preview":"max-image-preview:large","max-video-preview":"max-video-preview:-1"},"canonical":"https:\/\/ddpublishings.com\/tr\/urun\/seytanin-avukati-turkish-edition\/","og_locale":"tr_TR","og_type":"article","og_title":"\u015eeytan\u0131n Avukat\u0131 - T\u00fcrk\u00e7e Bask\u0131 - ddpublishings","og_description":"Lawyer-writer Abdurrahim Dede, with his work \"The Devil's Advocate\", takes readers on a profound journey into the dark side of law, conscience, and human na","og_url":"https:\/\/ddpublishings.com\/tr\/urun\/seytanin-avukati-turkish-edition\/","og_site_name":"ddpublishings","article_modified_time":"2026-04-13T15:27:46+00:00","og_image":[{"width":558,"height":875,"url":"https:\/\/ddpublishings.com\/wp-content\/uploads\/2026\/04\/seytanin-avukaHJti-JPG-1.jpeg","type":"image\/jpeg"}],"twitter_card":"summary_large_image","twitter_misc":{"Tahmini okuma s\u00fcresi":"1 dakika"},"schema":{"@context":"https:\/\/schema.org","@graph":[{"@type":"WebPage","@id":"https:\/\/ddpublishings.com\/tr\/urun\/seytanin-avukati-turkish-edition\/","url":"https:\/\/ddpublishings.com\/tr\/urun\/seytanin-avukati-turkish-edition\/","name":"\u015eeytan\u0131n Avukat\u0131 - T\u00fcrk\u00e7e Bask\u0131 - ddpublishings","isPartOf":{"@id":"https:\/\/ddpublishings.com\/tr\/#website"},"primaryImageOfPage":{"@id":"https:\/\/ddpublishings.com\/tr\/urun\/seytanin-avukati-turkish-edition\/#primaryimage"},"image":{"@id":"https:\/\/ddpublishings.com\/tr\/urun\/seytanin-avukati-turkish-edition\/#primaryimage"},"thumbnailUrl":"https:\/\/ddpublishings.com\/wp-content\/uploads\/2026\/04\/seytanin-avukaHJti-JPG-1.jpeg","datePublished":"2026-04-13T15:26:19+00:00","dateModified":"2026-04-13T15:27:46+00:00","description":"Lawyer-writer Abdurrahim Dede, with his work \"The Devil's Advocate\", takes readers on a profound journey into the dark side of law, conscience, and human na","breadcrumb":{"@id":"https:\/\/ddpublishings.com\/tr\/urun\/seytanin-avukati-turkish-edition\/#breadcrumb"},"inLanguage":"tr","potentialAction":[{"@type":"ReadAction","target":["https:\/\/ddpublishings.com\/tr\/urun\/seytanin-avukati-turkish-edition\/"]}]},{"@type":"ImageObject","inLanguage":"tr","@id":"https:\/\/ddpublishings.com\/tr\/urun\/seytanin-avukati-turkish-edition\/#primaryimage","url":"https:\/\/ddpublishings.com\/wp-content\/uploads\/2026\/04\/seytanin-avukaHJti-JPG-1.jpeg","contentUrl":"https:\/\/ddpublishings.com\/wp-content\/uploads\/2026\/04\/seytanin-avukaHJti-JPG-1.jpeg","width":558,"height":875},{"@type":"BreadcrumbList","@id":"https:\/\/ddpublishings.com\/tr\/urun\/seytanin-avukati-turkish-edition\/#breadcrumb","itemListElement":[{"@type":"ListItem","position":1,"name":"Home","item":"https:\/\/ddpublishings.com\/tr\/"},{"@type":"ListItem","position":2,"name":"Kitaplar","item":"https:\/\/ddpublishings.com\/tr\/kitaplar\/"},{"@type":"ListItem","position":3,"name":"\u015eeytan\u0131n Avukat\u0131 &#8211; T\u00fcrk\u00e7e Bask\u0131"}]},{"@type":"WebSite","@id":"https:\/\/ddpublishings.com\/tr\/#website","url":"https:\/\/ddpublishings.com\/tr\/","name":"ddpublishings","description":"","publisher":{"@id":"https:\/\/ddpublishings.com\/tr\/#organization"},"potentialAction":[{"@type":"SearchAction","target":{"@type":"EntryPoint","urlTemplate":"https:\/\/ddpublishings.com\/tr\/?s={search_term_string}"},"query-input":{"@type":"PropertyValueSpecification","valueRequired":true,"valueName":"search_term_string"}}],"inLanguage":"tr"},{"@type":"Organization","@id":"https:\/\/ddpublishings.com\/tr\/#organization","name":"ddpublishings","url":"https:\/\/ddpublishings.com\/tr\/","logo":{"@type":"ImageObject","inLanguage":"tr","@id":"https:\/\/ddpublishings.com\/tr\/#\/schema\/logo\/image\/","url":"https:\/\/ddpublishings.com\/wp-content\/uploads\/2025\/07\/dd-publishing-logo-black.svg","contentUrl":"https:\/\/ddpublishings.com\/wp-content\/uploads\/2025\/07\/dd-publishing-logo-black.svg","width":561,"height":454,"caption":"ddpublishings"},"image":{"@id":"https:\/\/ddpublishings.com\/tr\/#\/schema\/logo\/image\/"}}]}},"_links":{"self":[{"href":"https:\/\/ddpublishings.com\/tr\/wp-json\/wp\/v2\/product\/4862","targetHints":{"allow":["GET"]}}],"collection":[{"href":"https:\/\/ddpublishings.com\/tr\/wp-json\/wp\/v2\/product"}],"about":[{"href":"https:\/\/ddpublishings.com\/tr\/wp-json\/wp\/v2\/types\/product"}],"replies":[{"embeddable":true,"href":"https:\/\/ddpublishings.com\/tr\/wp-json\/wp\/v2\/comments?post=4862"}],"wp:featuredmedia":[{"embeddable":true,"href":"https:\/\/ddpublishings.com\/tr\/wp-json\/wp\/v2\/media\/4858"}],"wp:attachment":[{"href":"https:\/\/ddpublishings.com\/tr\/wp-json\/wp\/v2\/media?parent=4862"}],"wp:term":[{"taxonomy":"product_cat","embeddable":true,"href":"https:\/\/ddpublishings.com\/tr\/wp-json\/wp\/v2\/product_cat?post=4862"},{"taxonomy":"product_tag","embeddable":true,"href":"https:\/\/ddpublishings.com\/tr\/wp-json\/wp\/v2\/product_tag?post=4862"}],"curies":[{"name":"wp","href":"https:\/\/api.w.org\/{rel}","templated":true}]}}