{"id":4886,"date":"2026-04-14T17:12:57","date_gmt":"2026-04-14T14:12:57","guid":{"rendered":"https:\/\/ddpublishings.com\/product\/surekli-mirac-turkish-edition\/"},"modified":"2026-04-14T17:13:37","modified_gmt":"2026-04-14T14:13:37","slug":"surekli-mirac-turkish-edition","status":"publish","type":"product","link":"https:\/\/ddpublishings.com\/tr\/urun\/surekli-mirac-turkish-edition\/","title":{"rendered":"S\u00fcrekli Mira\u00e7 &#8211; T\u00fcrk\u00e7e Bask\u0131"},"content":{"rendered":"<p><span data-path-to-node=\"2,2\"><span class=\"citation-101\">Avukat-yazar Abdurrahim Dede, &#8220;S\u00fcrekli Mira\u00e7 &#8211; Yarat\u0131c\u0131 ile Kulun Birlikteli\u011fi&#8221; <\/span><\/span><span data-path-to-node=\"2,5\"><span class=\"citation-100\">adl\u0131 eseriyle okurlar\u0131n\u0131 insan\u0131n \u00f6z\u00fcndeki gizli bilgeli\u011fe ve manevi bir y\u00fckseli\u015fe davet ediyor<\/span><\/span><span data-path-to-node=\"2,7\">. <\/span><span data-path-to-node=\"2,9\"><span class=\"citation-99\">Kitap, bizzat ya\u015fanan i\u00e7sel deneyimlerden ve &#8220;ben kimim?&#8221; sorusuyla ba\u015flayan sonsuzluk aray\u0131\u015f\u0131ndan do\u011fan, ya\u015fam\u0131n derin anlam\u0131 \u00fczerine sars\u0131c\u0131 yans\u0131malar i\u00e7eriyor<\/span><\/span><span data-path-to-node=\"2,11\">. <\/span><span data-path-to-node=\"2,13\"><span class=\"citation-98\">Mira\u00e7 hadisesini sadece tarihsel bir mucize de\u011fil, her insan\u0131n kendi varl\u0131k katmanlar\u0131nda ger\u00e7ekle\u015ftirece\u011fi bir fark\u0131ndal\u0131k yolculu\u011fu olarak kabul eden yazar; g\u00fcnl\u00fck hayat\u0131n en k\u00fc\u00e7\u00fck detaylar\u0131ndan ve ailevi diyaloglardan b\u00fcy\u00fck hayat dersleri s\u00fcz\u00fcyor<\/span><\/span><span data-path-to-node=\"2,15\">. <\/span><span data-path-to-node=\"2,17\"><span class=\"citation-97\">Eser; sevgi, merhamet, tefekk\u00fcr ve sars\u0131lmaz bir iman \u00fczerine okuru derin bir d\u00fc\u015f\u00fcnceye sevk eden, ruhu iyile\u015ftiren rehber niteli\u011finde \u00f6\u011f\u00fctler sunuyor<\/span><\/span><span data-path-to-node=\"2,19\">.<\/span><\/p>\n","protected":false},"excerpt":{"rendered":"[dflip id=\"4867\" type=\"thumb\"][\/dflip]\n","protected":false},"featured_media":4870,"comment_status":"open","ping_status":"closed","template":"","meta":{"_acf_changed":false},"product_cat":[192,210,190],"product_tag":[203],"class_list":{"0":"post-4886","1":"product","2":"type-product","3":"status-publish","4":"has-post-thumbnail","6":"product_cat-cok-satanlar","7":"product_cat-turkce-yayinlar","8":"product_cat-yeni-cikanlar","9":"product_tag-abdurrahim-dede","10":"pa_authors-abdurrahim-dede-tr","12":"first","13":"instock","14":"sale","15":"shipping-taxable","16":"purchasable","17":"product-type-variable","swatches":"rey-swatches","show_selected":""},"acf":[],"yoast_head":"<!-- This site is optimized with the Yoast SEO plugin v27.4 - https:\/\/yoast.com\/product\/yoast-seo-wordpress\/ -->\n<title>S\u00fcrekli Mira\u00e7 - T\u00fcrk\u00e7e Bask\u0131 - ddpublishings<\/title>\n<meta name=\"description\" content=\"Lawyer-writer Abdurrahim Dede, with his work &quot;S\u00fcrekli Mira\u00e7&quot; (Continuous Ascension \u2013 The Unity of the Creator and the Servant), offers readers a guiding...\" \/>\n<meta name=\"robots\" content=\"index, follow, max-snippet:-1, max-image-preview:large, max-video-preview:-1\" \/>\n<link rel=\"canonical\" href=\"https:\/\/ddpublishings.com\/tr\/urun\/surekli-mirac-turkish-edition\/\" \/>\n<meta property=\"og:locale\" content=\"tr_TR\" \/>\n<meta property=\"og:type\" content=\"article\" \/>\n<meta property=\"og:title\" content=\"S\u00fcrekli Mira\u00e7 - T\u00fcrk\u00e7e Bask\u0131 - ddpublishings\" \/>\n<meta property=\"og:description\" content=\"Lawyer-writer Abdurrahim Dede, with his work &quot;S\u00fcrekli Mira\u00e7&quot; (Continuous Ascension \u2013 The Unity of the Creator and the Servant), offers readers a guiding...\" \/>\n<meta property=\"og:url\" content=\"https:\/\/ddpublishings.com\/tr\/urun\/surekli-mirac-turkish-edition\/\" \/>\n<meta property=\"og:site_name\" content=\"ddpublishings\" \/>\n<meta property=\"article:modified_time\" content=\"2026-04-14T14:13:37+00:00\" \/>\n<meta property=\"og:image\" content=\"https:\/\/ddpublishings.com\/wp-content\/uploads\/2026\/04\/surekli-mirac-kapak.png\" \/>\n\t<meta property=\"og:image:width\" content=\"419\" \/>\n\t<meta property=\"og:image:height\" content=\"653\" \/>\n\t<meta property=\"og:image:type\" content=\"image\/png\" \/>\n<meta name=\"twitter:card\" content=\"summary_large_image\" \/>\n<meta name=\"twitter:label1\" content=\"Tahmini okuma s\u00fcresi\" \/>\n\t<meta name=\"twitter:data1\" content=\"1 dakika\" \/>\n<script type=\"application\/ld+json\" class=\"yoast-schema-graph\">{\"@context\":\"https:\\\/\\\/schema.org\",\"@graph\":[{\"@type\":\"WebPage\",\"@id\":\"https:\\\/\\\/ddpublishings.com\\\/tr\\\/urun\\\/surekli-mirac-turkish-edition\\\/\",\"url\":\"https:\\\/\\\/ddpublishings.com\\\/tr\\\/urun\\\/surekli-mirac-turkish-edition\\\/\",\"name\":\"S\u00fcrekli Mira\u00e7 - T\u00fcrk\u00e7e Bask\u0131 - ddpublishings\",\"isPartOf\":{\"@id\":\"https:\\\/\\\/ddpublishings.com\\\/tr\\\/#website\"},\"primaryImageOfPage\":{\"@id\":\"https:\\\/\\\/ddpublishings.com\\\/tr\\\/urun\\\/surekli-mirac-turkish-edition\\\/#primaryimage\"},\"image\":{\"@id\":\"https:\\\/\\\/ddpublishings.com\\\/tr\\\/urun\\\/surekli-mirac-turkish-edition\\\/#primaryimage\"},\"thumbnailUrl\":\"https:\\\/\\\/ddpublishings.com\\\/wp-content\\\/uploads\\\/2026\\\/04\\\/surekli-mirac-kapak.png\",\"datePublished\":\"2026-04-14T14:12:57+00:00\",\"dateModified\":\"2026-04-14T14:13:37+00:00\",\"description\":\"Lawyer-writer Abdurrahim Dede, with his work \\\"S\u00fcrekli Mira\u00e7\\\" (Continuous Ascension \u2013 The Unity of the Creator and the Servant), offers readers a guiding...\",\"breadcrumb\":{\"@id\":\"https:\\\/\\\/ddpublishings.com\\\/tr\\\/urun\\\/surekli-mirac-turkish-edition\\\/#breadcrumb\"},\"inLanguage\":\"tr\",\"potentialAction\":[{\"@type\":\"ReadAction\",\"target\":[\"https:\\\/\\\/ddpublishings.com\\\/tr\\\/urun\\\/surekli-mirac-turkish-edition\\\/\"]}]},{\"@type\":\"ImageObject\",\"inLanguage\":\"tr\",\"@id\":\"https:\\\/\\\/ddpublishings.com\\\/tr\\\/urun\\\/surekli-mirac-turkish-edition\\\/#primaryimage\",\"url\":\"https:\\\/\\\/ddpublishings.com\\\/wp-content\\\/uploads\\\/2026\\\/04\\\/surekli-mirac-kapak.png\",\"contentUrl\":\"https:\\\/\\\/ddpublishings.com\\\/wp-content\\\/uploads\\\/2026\\\/04\\\/surekli-mirac-kapak.png\",\"width\":419,\"height\":653},{\"@type\":\"BreadcrumbList\",\"@id\":\"https:\\\/\\\/ddpublishings.com\\\/tr\\\/urun\\\/surekli-mirac-turkish-edition\\\/#breadcrumb\",\"itemListElement\":[{\"@type\":\"ListItem\",\"position\":1,\"name\":\"Home\",\"item\":\"https:\\\/\\\/ddpublishings.com\\\/tr\\\/\"},{\"@type\":\"ListItem\",\"position\":2,\"name\":\"Kitaplar\",\"item\":\"https:\\\/\\\/ddpublishings.com\\\/tr\\\/kitaplar\\\/\"},{\"@type\":\"ListItem\",\"position\":3,\"name\":\"S\u00fcrekli Mira\u00e7 &#8211; T\u00fcrk\u00e7e Bask\u0131\"}]},{\"@type\":\"WebSite\",\"@id\":\"https:\\\/\\\/ddpublishings.com\\\/tr\\\/#website\",\"url\":\"https:\\\/\\\/ddpublishings.com\\\/tr\\\/\",\"name\":\"ddpublishings\",\"description\":\"\",\"publisher\":{\"@id\":\"https:\\\/\\\/ddpublishings.com\\\/tr\\\/#organization\"},\"potentialAction\":[{\"@type\":\"SearchAction\",\"target\":{\"@type\":\"EntryPoint\",\"urlTemplate\":\"https:\\\/\\\/ddpublishings.com\\\/tr\\\/?s={search_term_string}\"},\"query-input\":{\"@type\":\"PropertyValueSpecification\",\"valueRequired\":true,\"valueName\":\"search_term_string\"}}],\"inLanguage\":\"tr\"},{\"@type\":\"Organization\",\"@id\":\"https:\\\/\\\/ddpublishings.com\\\/tr\\\/#organization\",\"name\":\"ddpublishings\",\"url\":\"https:\\\/\\\/ddpublishings.com\\\/tr\\\/\",\"logo\":{\"@type\":\"ImageObject\",\"inLanguage\":\"tr\",\"@id\":\"https:\\\/\\\/ddpublishings.com\\\/tr\\\/#\\\/schema\\\/logo\\\/image\\\/\",\"url\":\"https:\\\/\\\/ddpublishings.com\\\/wp-content\\\/uploads\\\/2025\\\/07\\\/dd-publishing-logo-black.svg\",\"contentUrl\":\"https:\\\/\\\/ddpublishings.com\\\/wp-content\\\/uploads\\\/2025\\\/07\\\/dd-publishing-logo-black.svg\",\"width\":561,\"height\":454,\"caption\":\"ddpublishings\"},\"image\":{\"@id\":\"https:\\\/\\\/ddpublishings.com\\\/tr\\\/#\\\/schema\\\/logo\\\/image\\\/\"}}]}<\/script>\n<!-- \/ Yoast SEO plugin. -->","yoast_head_json":{"title":"S\u00fcrekli Mira\u00e7 - T\u00fcrk\u00e7e Bask\u0131 - ddpublishings","description":"Lawyer-writer Abdurrahim Dede, with his work \"S\u00fcrekli Mira\u00e7\" (Continuous Ascension \u2013 The Unity of the Creator and the Servant), offers readers a guiding...","robots":{"index":"index","follow":"follow","max-snippet":"max-snippet:-1","max-image-preview":"max-image-preview:large","max-video-preview":"max-video-preview:-1"},"canonical":"https:\/\/ddpublishings.com\/tr\/urun\/surekli-mirac-turkish-edition\/","og_locale":"tr_TR","og_type":"article","og_title":"S\u00fcrekli Mira\u00e7 - T\u00fcrk\u00e7e Bask\u0131 - ddpublishings","og_description":"Lawyer-writer Abdurrahim Dede, with his work \"S\u00fcrekli Mira\u00e7\" (Continuous Ascension \u2013 The Unity of the Creator and the Servant), offers readers a guiding...","og_url":"https:\/\/ddpublishings.com\/tr\/urun\/surekli-mirac-turkish-edition\/","og_site_name":"ddpublishings","article_modified_time":"2026-04-14T14:13:37+00:00","og_image":[{"width":419,"height":653,"url":"https:\/\/ddpublishings.com\/wp-content\/uploads\/2026\/04\/surekli-mirac-kapak.png","type":"image\/png"}],"twitter_card":"summary_large_image","twitter_misc":{"Tahmini okuma s\u00fcresi":"1 dakika"},"schema":{"@context":"https:\/\/schema.org","@graph":[{"@type":"WebPage","@id":"https:\/\/ddpublishings.com\/tr\/urun\/surekli-mirac-turkish-edition\/","url":"https:\/\/ddpublishings.com\/tr\/urun\/surekli-mirac-turkish-edition\/","name":"S\u00fcrekli Mira\u00e7 - T\u00fcrk\u00e7e Bask\u0131 - ddpublishings","isPartOf":{"@id":"https:\/\/ddpublishings.com\/tr\/#website"},"primaryImageOfPage":{"@id":"https:\/\/ddpublishings.com\/tr\/urun\/surekli-mirac-turkish-edition\/#primaryimage"},"image":{"@id":"https:\/\/ddpublishings.com\/tr\/urun\/surekli-mirac-turkish-edition\/#primaryimage"},"thumbnailUrl":"https:\/\/ddpublishings.com\/wp-content\/uploads\/2026\/04\/surekli-mirac-kapak.png","datePublished":"2026-04-14T14:12:57+00:00","dateModified":"2026-04-14T14:13:37+00:00","description":"Lawyer-writer Abdurrahim Dede, with his work \"S\u00fcrekli Mira\u00e7\" (Continuous Ascension \u2013 The Unity of the Creator and the Servant), offers readers a guiding...","breadcrumb":{"@id":"https:\/\/ddpublishings.com\/tr\/urun\/surekli-mirac-turkish-edition\/#breadcrumb"},"inLanguage":"tr","potentialAction":[{"@type":"ReadAction","target":["https:\/\/ddpublishings.com\/tr\/urun\/surekli-mirac-turkish-edition\/"]}]},{"@type":"ImageObject","inLanguage":"tr","@id":"https:\/\/ddpublishings.com\/tr\/urun\/surekli-mirac-turkish-edition\/#primaryimage","url":"https:\/\/ddpublishings.com\/wp-content\/uploads\/2026\/04\/surekli-mirac-kapak.png","contentUrl":"https:\/\/ddpublishings.com\/wp-content\/uploads\/2026\/04\/surekli-mirac-kapak.png","width":419,"height":653},{"@type":"BreadcrumbList","@id":"https:\/\/ddpublishings.com\/tr\/urun\/surekli-mirac-turkish-edition\/#breadcrumb","itemListElement":[{"@type":"ListItem","position":1,"name":"Home","item":"https:\/\/ddpublishings.com\/tr\/"},{"@type":"ListItem","position":2,"name":"Kitaplar","item":"https:\/\/ddpublishings.com\/tr\/kitaplar\/"},{"@type":"ListItem","position":3,"name":"S\u00fcrekli Mira\u00e7 &#8211; T\u00fcrk\u00e7e Bask\u0131"}]},{"@type":"WebSite","@id":"https:\/\/ddpublishings.com\/tr\/#website","url":"https:\/\/ddpublishings.com\/tr\/","name":"ddpublishings","description":"","publisher":{"@id":"https:\/\/ddpublishings.com\/tr\/#organization"},"potentialAction":[{"@type":"SearchAction","target":{"@type":"EntryPoint","urlTemplate":"https:\/\/ddpublishings.com\/tr\/?s={search_term_string}"},"query-input":{"@type":"PropertyValueSpecification","valueRequired":true,"valueName":"search_term_string"}}],"inLanguage":"tr"},{"@type":"Organization","@id":"https:\/\/ddpublishings.com\/tr\/#organization","name":"ddpublishings","url":"https:\/\/ddpublishings.com\/tr\/","logo":{"@type":"ImageObject","inLanguage":"tr","@id":"https:\/\/ddpublishings.com\/tr\/#\/schema\/logo\/image\/","url":"https:\/\/ddpublishings.com\/wp-content\/uploads\/2025\/07\/dd-publishing-logo-black.svg","contentUrl":"https:\/\/ddpublishings.com\/wp-content\/uploads\/2025\/07\/dd-publishing-logo-black.svg","width":561,"height":454,"caption":"ddpublishings"},"image":{"@id":"https:\/\/ddpublishings.com\/tr\/#\/schema\/logo\/image\/"}}]}},"_links":{"self":[{"href":"https:\/\/ddpublishings.com\/tr\/wp-json\/wp\/v2\/product\/4886","targetHints":{"allow":["GET"]}}],"collection":[{"href":"https:\/\/ddpublishings.com\/tr\/wp-json\/wp\/v2\/product"}],"about":[{"href":"https:\/\/ddpublishings.com\/tr\/wp-json\/wp\/v2\/types\/product"}],"replies":[{"embeddable":true,"href":"https:\/\/ddpublishings.com\/tr\/wp-json\/wp\/v2\/comments?post=4886"}],"wp:featuredmedia":[{"embeddable":true,"href":"https:\/\/ddpublishings.com\/tr\/wp-json\/wp\/v2\/media\/4870"}],"wp:attachment":[{"href":"https:\/\/ddpublishings.com\/tr\/wp-json\/wp\/v2\/media?parent=4886"}],"wp:term":[{"taxonomy":"product_cat","embeddable":true,"href":"https:\/\/ddpublishings.com\/tr\/wp-json\/wp\/v2\/product_cat?post=4886"},{"taxonomy":"product_tag","embeddable":true,"href":"https:\/\/ddpublishings.com\/tr\/wp-json\/wp\/v2\/product_tag?post=4886"}],"curies":[{"name":"wp","href":"https:\/\/api.w.org\/{rel}","templated":true}]}}