{"id":4909,"date":"2026-04-14T17:25:29","date_gmt":"2026-04-14T14:25:29","guid":{"rendered":"https:\/\/ddpublishings.com\/product\/tevbenin-gucu-turkish-edition\/"},"modified":"2026-04-14T17:26:30","modified_gmt":"2026-04-14T14:26:30","slug":"tevbenin-gucu-turkish-edition","status":"publish","type":"product","link":"https:\/\/ddpublishings.com\/tr\/urun\/tevbenin-gucu-turkish-edition\/","title":{"rendered":"Tevbe&#8217;nin Gu\u0308cu\u0308 &#8211; T\u00fcrk\u00e7e Bask\u0131"},"content":{"rendered":"<p><span data-path-to-node=\"2,0\">Avukat-yazar Abdurrahim Dede, &#8220;Yarg\u0131lamay\u0131 Ortadan Kald\u0131ran G\u00fc\u00e7: &#8216;Tevbe'&#8221; adl\u0131 eseriyle okurlar\u0131n\u0131 hukuk ve maneviyat\u0131n kesi\u015fti\u011fi noktada derin bir ar\u0131nma yolculu\u011funa davet ediyor. Kitap, bir hukuk\u00e7unun g\u00f6zlemleri ile kalbin t\u00f6vbe duraklar\u0131 aras\u0131nda k\u00f6pr\u00fc kuran, ya\u015fanm\u0131\u015f tecr\u00fcbelerden s\u00fcz\u00fclm\u00fc\u015f sars\u0131c\u0131 yans\u0131malar i\u00e7eriyor. T\u00f6vbeyi sadece ge\u00e7mi\u015fin y\u00fcklerinden kurtulmak de\u011fil, insan\u0131 yeniden in\u015fa eden ilahi bir manifesto olarak kabul eden yazar; mahkeme salonlar\u0131ndaki dosyalardan ve hayat\u0131n en \u00e7etin imtihanlar\u0131ndan b\u00fcy\u00fck hayat dersleri \u00e7\u0131kar\u0131yor. <\/span><span data-path-to-node=\"2,2\"><span class=\"citation-134\">Eser; merhamet, kul hakk\u0131, vicdan muhasebesi ve samimi bir y\u00f6neli\u015f \u00fczerine okuru derin bir tefekk\u00fcre sevk eden, ruhu iyile\u015ftiren rehber niteli\u011finde \u00f6\u011f\u00fctler sunuyor<\/span><\/span><span data-path-to-node=\"2,4\">.<\/span><\/p>\n","protected":false},"excerpt":{"rendered":"[dflip id=\"4892\" type=\"thumb\"][\/dflip]\n","protected":false},"featured_media":4904,"comment_status":"open","ping_status":"closed","template":"","meta":{"_acf_changed":false},"product_cat":[192,210,190],"product_tag":[203,248],"class_list":{"0":"post-4909","1":"product","2":"type-product","3":"status-publish","4":"has-post-thumbnail","6":"product_cat-cok-satanlar","7":"product_cat-turkce-yayinlar","8":"product_cat-yeni-cikanlar","9":"product_tag-abdurrahim-dede","10":"product_tag-tevbenin-gucu-2","11":"pa_authors-abdurrahim-dede-tr","13":"first","14":"instock","15":"sale","16":"shipping-taxable","17":"purchasable","18":"product-type-variable","swatches":"rey-swatches","show_selected":""},"acf":[],"yoast_head":"<!-- This site is optimized with the Yoast SEO plugin v27.4 - https:\/\/yoast.com\/product\/yoast-seo-wordpress\/ -->\n<title>Tevbe&#039;nin Gu\u0308cu\u0308 - T\u00fcrk\u00e7e Bask\u0131 - ddpublishings<\/title>\n<meta name=\"description\" content=\"Lawyer-writer Abdurrahim Dede, with his work &quot;The Power That Eliminates Judgment: &#039;Repentance&#039;&quot;, invites readers on a journey of deep purification at the...\" \/>\n<meta name=\"robots\" content=\"index, follow, max-snippet:-1, max-image-preview:large, max-video-preview:-1\" \/>\n<link rel=\"canonical\" href=\"https:\/\/ddpublishings.com\/tr\/urun\/tevbenin-gucu-turkish-edition\/\" \/>\n<meta property=\"og:locale\" content=\"tr_TR\" \/>\n<meta property=\"og:type\" content=\"article\" \/>\n<meta property=\"og:title\" content=\"Tevbe&#039;nin Gu\u0308cu\u0308 - T\u00fcrk\u00e7e Bask\u0131 - ddpublishings\" \/>\n<meta property=\"og:description\" content=\"Lawyer-writer Abdurrahim Dede, with his work &quot;The Power That Eliminates Judgment: &#039;Repentance&#039;&quot;, invites readers on a journey of deep purification at the...\" \/>\n<meta property=\"og:url\" content=\"https:\/\/ddpublishings.com\/tr\/urun\/tevbenin-gucu-turkish-edition\/\" \/>\n<meta property=\"og:site_name\" content=\"ddpublishings\" \/>\n<meta property=\"article:modified_time\" content=\"2026-04-14T14:26:30+00:00\" \/>\n<meta property=\"og:image\" content=\"https:\/\/ddpublishings.com\/wp-content\/uploads\/2026\/04\/Tevbenin-Gucuxx.jpeg\" \/>\n\t<meta property=\"og:image:width\" content=\"396\" \/>\n\t<meta property=\"og:image:height\" content=\"641\" \/>\n\t<meta property=\"og:image:type\" content=\"image\/jpeg\" \/>\n<meta name=\"twitter:card\" content=\"summary_large_image\" \/>\n<meta name=\"twitter:label1\" content=\"Tahmini okuma s\u00fcresi\" \/>\n\t<meta name=\"twitter:data1\" content=\"1 dakika\" \/>\n<script type=\"application\/ld+json\" class=\"yoast-schema-graph\">{\"@context\":\"https:\\\/\\\/schema.org\",\"@graph\":[{\"@type\":\"WebPage\",\"@id\":\"https:\\\/\\\/ddpublishings.com\\\/tr\\\/urun\\\/tevbenin-gucu-turkish-edition\\\/\",\"url\":\"https:\\\/\\\/ddpublishings.com\\\/tr\\\/urun\\\/tevbenin-gucu-turkish-edition\\\/\",\"name\":\"Tevbe'nin Gu\u0308cu\u0308 - T\u00fcrk\u00e7e Bask\u0131 - ddpublishings\",\"isPartOf\":{\"@id\":\"https:\\\/\\\/ddpublishings.com\\\/tr\\\/#website\"},\"primaryImageOfPage\":{\"@id\":\"https:\\\/\\\/ddpublishings.com\\\/tr\\\/urun\\\/tevbenin-gucu-turkish-edition\\\/#primaryimage\"},\"image\":{\"@id\":\"https:\\\/\\\/ddpublishings.com\\\/tr\\\/urun\\\/tevbenin-gucu-turkish-edition\\\/#primaryimage\"},\"thumbnailUrl\":\"https:\\\/\\\/ddpublishings.com\\\/wp-content\\\/uploads\\\/2026\\\/04\\\/Tevbenin-Gucuxx.jpeg\",\"datePublished\":\"2026-04-14T14:25:29+00:00\",\"dateModified\":\"2026-04-14T14:26:30+00:00\",\"description\":\"Lawyer-writer Abdurrahim Dede, with his work \\\"The Power That Eliminates Judgment: 'Repentance'\\\", invites readers on a journey of deep purification at the...\",\"breadcrumb\":{\"@id\":\"https:\\\/\\\/ddpublishings.com\\\/tr\\\/urun\\\/tevbenin-gucu-turkish-edition\\\/#breadcrumb\"},\"inLanguage\":\"tr\",\"potentialAction\":[{\"@type\":\"ReadAction\",\"target\":[\"https:\\\/\\\/ddpublishings.com\\\/tr\\\/urun\\\/tevbenin-gucu-turkish-edition\\\/\"]}]},{\"@type\":\"ImageObject\",\"inLanguage\":\"tr\",\"@id\":\"https:\\\/\\\/ddpublishings.com\\\/tr\\\/urun\\\/tevbenin-gucu-turkish-edition\\\/#primaryimage\",\"url\":\"https:\\\/\\\/ddpublishings.com\\\/wp-content\\\/uploads\\\/2026\\\/04\\\/Tevbenin-Gucuxx.jpeg\",\"contentUrl\":\"https:\\\/\\\/ddpublishings.com\\\/wp-content\\\/uploads\\\/2026\\\/04\\\/Tevbenin-Gucuxx.jpeg\",\"width\":396,\"height\":641},{\"@type\":\"BreadcrumbList\",\"@id\":\"https:\\\/\\\/ddpublishings.com\\\/tr\\\/urun\\\/tevbenin-gucu-turkish-edition\\\/#breadcrumb\",\"itemListElement\":[{\"@type\":\"ListItem\",\"position\":1,\"name\":\"Home\",\"item\":\"https:\\\/\\\/ddpublishings.com\\\/tr\\\/\"},{\"@type\":\"ListItem\",\"position\":2,\"name\":\"Kitaplar\",\"item\":\"https:\\\/\\\/ddpublishings.com\\\/tr\\\/kitaplar\\\/\"},{\"@type\":\"ListItem\",\"position\":3,\"name\":\"Tevbe&#8217;nin Gu\u0308cu\u0308 &#8211; T\u00fcrk\u00e7e Bask\u0131\"}]},{\"@type\":\"WebSite\",\"@id\":\"https:\\\/\\\/ddpublishings.com\\\/tr\\\/#website\",\"url\":\"https:\\\/\\\/ddpublishings.com\\\/tr\\\/\",\"name\":\"ddpublishings\",\"description\":\"\",\"publisher\":{\"@id\":\"https:\\\/\\\/ddpublishings.com\\\/tr\\\/#organization\"},\"potentialAction\":[{\"@type\":\"SearchAction\",\"target\":{\"@type\":\"EntryPoint\",\"urlTemplate\":\"https:\\\/\\\/ddpublishings.com\\\/tr\\\/?s={search_term_string}\"},\"query-input\":{\"@type\":\"PropertyValueSpecification\",\"valueRequired\":true,\"valueName\":\"search_term_string\"}}],\"inLanguage\":\"tr\"},{\"@type\":\"Organization\",\"@id\":\"https:\\\/\\\/ddpublishings.com\\\/tr\\\/#organization\",\"name\":\"ddpublishings\",\"url\":\"https:\\\/\\\/ddpublishings.com\\\/tr\\\/\",\"logo\":{\"@type\":\"ImageObject\",\"inLanguage\":\"tr\",\"@id\":\"https:\\\/\\\/ddpublishings.com\\\/tr\\\/#\\\/schema\\\/logo\\\/image\\\/\",\"url\":\"https:\\\/\\\/ddpublishings.com\\\/wp-content\\\/uploads\\\/2025\\\/07\\\/dd-publishing-logo-black.svg\",\"contentUrl\":\"https:\\\/\\\/ddpublishings.com\\\/wp-content\\\/uploads\\\/2025\\\/07\\\/dd-publishing-logo-black.svg\",\"width\":561,\"height\":454,\"caption\":\"ddpublishings\"},\"image\":{\"@id\":\"https:\\\/\\\/ddpublishings.com\\\/tr\\\/#\\\/schema\\\/logo\\\/image\\\/\"}}]}<\/script>\n<!-- \/ Yoast SEO plugin. -->","yoast_head_json":{"title":"Tevbe'nin Gu\u0308cu\u0308 - T\u00fcrk\u00e7e Bask\u0131 - ddpublishings","description":"Lawyer-writer Abdurrahim Dede, with his work \"The Power That Eliminates Judgment: 'Repentance'\", invites readers on a journey of deep purification at the...","robots":{"index":"index","follow":"follow","max-snippet":"max-snippet:-1","max-image-preview":"max-image-preview:large","max-video-preview":"max-video-preview:-1"},"canonical":"https:\/\/ddpublishings.com\/tr\/urun\/tevbenin-gucu-turkish-edition\/","og_locale":"tr_TR","og_type":"article","og_title":"Tevbe'nin Gu\u0308cu\u0308 - T\u00fcrk\u00e7e Bask\u0131 - ddpublishings","og_description":"Lawyer-writer Abdurrahim Dede, with his work \"The Power That Eliminates Judgment: 'Repentance'\", invites readers on a journey of deep purification at the...","og_url":"https:\/\/ddpublishings.com\/tr\/urun\/tevbenin-gucu-turkish-edition\/","og_site_name":"ddpublishings","article_modified_time":"2026-04-14T14:26:30+00:00","og_image":[{"width":396,"height":641,"url":"https:\/\/ddpublishings.com\/wp-content\/uploads\/2026\/04\/Tevbenin-Gucuxx.jpeg","type":"image\/jpeg"}],"twitter_card":"summary_large_image","twitter_misc":{"Tahmini okuma s\u00fcresi":"1 dakika"},"schema":{"@context":"https:\/\/schema.org","@graph":[{"@type":"WebPage","@id":"https:\/\/ddpublishings.com\/tr\/urun\/tevbenin-gucu-turkish-edition\/","url":"https:\/\/ddpublishings.com\/tr\/urun\/tevbenin-gucu-turkish-edition\/","name":"Tevbe'nin Gu\u0308cu\u0308 - T\u00fcrk\u00e7e Bask\u0131 - ddpublishings","isPartOf":{"@id":"https:\/\/ddpublishings.com\/tr\/#website"},"primaryImageOfPage":{"@id":"https:\/\/ddpublishings.com\/tr\/urun\/tevbenin-gucu-turkish-edition\/#primaryimage"},"image":{"@id":"https:\/\/ddpublishings.com\/tr\/urun\/tevbenin-gucu-turkish-edition\/#primaryimage"},"thumbnailUrl":"https:\/\/ddpublishings.com\/wp-content\/uploads\/2026\/04\/Tevbenin-Gucuxx.jpeg","datePublished":"2026-04-14T14:25:29+00:00","dateModified":"2026-04-14T14:26:30+00:00","description":"Lawyer-writer Abdurrahim Dede, with his work \"The Power That Eliminates Judgment: 'Repentance'\", invites readers on a journey of deep purification at the...","breadcrumb":{"@id":"https:\/\/ddpublishings.com\/tr\/urun\/tevbenin-gucu-turkish-edition\/#breadcrumb"},"inLanguage":"tr","potentialAction":[{"@type":"ReadAction","target":["https:\/\/ddpublishings.com\/tr\/urun\/tevbenin-gucu-turkish-edition\/"]}]},{"@type":"ImageObject","inLanguage":"tr","@id":"https:\/\/ddpublishings.com\/tr\/urun\/tevbenin-gucu-turkish-edition\/#primaryimage","url":"https:\/\/ddpublishings.com\/wp-content\/uploads\/2026\/04\/Tevbenin-Gucuxx.jpeg","contentUrl":"https:\/\/ddpublishings.com\/wp-content\/uploads\/2026\/04\/Tevbenin-Gucuxx.jpeg","width":396,"height":641},{"@type":"BreadcrumbList","@id":"https:\/\/ddpublishings.com\/tr\/urun\/tevbenin-gucu-turkish-edition\/#breadcrumb","itemListElement":[{"@type":"ListItem","position":1,"name":"Home","item":"https:\/\/ddpublishings.com\/tr\/"},{"@type":"ListItem","position":2,"name":"Kitaplar","item":"https:\/\/ddpublishings.com\/tr\/kitaplar\/"},{"@type":"ListItem","position":3,"name":"Tevbe&#8217;nin Gu\u0308cu\u0308 &#8211; T\u00fcrk\u00e7e Bask\u0131"}]},{"@type":"WebSite","@id":"https:\/\/ddpublishings.com\/tr\/#website","url":"https:\/\/ddpublishings.com\/tr\/","name":"ddpublishings","description":"","publisher":{"@id":"https:\/\/ddpublishings.com\/tr\/#organization"},"potentialAction":[{"@type":"SearchAction","target":{"@type":"EntryPoint","urlTemplate":"https:\/\/ddpublishings.com\/tr\/?s={search_term_string}"},"query-input":{"@type":"PropertyValueSpecification","valueRequired":true,"valueName":"search_term_string"}}],"inLanguage":"tr"},{"@type":"Organization","@id":"https:\/\/ddpublishings.com\/tr\/#organization","name":"ddpublishings","url":"https:\/\/ddpublishings.com\/tr\/","logo":{"@type":"ImageObject","inLanguage":"tr","@id":"https:\/\/ddpublishings.com\/tr\/#\/schema\/logo\/image\/","url":"https:\/\/ddpublishings.com\/wp-content\/uploads\/2025\/07\/dd-publishing-logo-black.svg","contentUrl":"https:\/\/ddpublishings.com\/wp-content\/uploads\/2025\/07\/dd-publishing-logo-black.svg","width":561,"height":454,"caption":"ddpublishings"},"image":{"@id":"https:\/\/ddpublishings.com\/tr\/#\/schema\/logo\/image\/"}}]}},"_links":{"self":[{"href":"https:\/\/ddpublishings.com\/tr\/wp-json\/wp\/v2\/product\/4909","targetHints":{"allow":["GET"]}}],"collection":[{"href":"https:\/\/ddpublishings.com\/tr\/wp-json\/wp\/v2\/product"}],"about":[{"href":"https:\/\/ddpublishings.com\/tr\/wp-json\/wp\/v2\/types\/product"}],"replies":[{"embeddable":true,"href":"https:\/\/ddpublishings.com\/tr\/wp-json\/wp\/v2\/comments?post=4909"}],"wp:featuredmedia":[{"embeddable":true,"href":"https:\/\/ddpublishings.com\/tr\/wp-json\/wp\/v2\/media\/4904"}],"wp:attachment":[{"href":"https:\/\/ddpublishings.com\/tr\/wp-json\/wp\/v2\/media?parent=4909"}],"wp:term":[{"taxonomy":"product_cat","embeddable":true,"href":"https:\/\/ddpublishings.com\/tr\/wp-json\/wp\/v2\/product_cat?post=4909"},{"taxonomy":"product_tag","embeddable":true,"href":"https:\/\/ddpublishings.com\/tr\/wp-json\/wp\/v2\/product_tag?post=4909"}],"curies":[{"name":"wp","href":"https:\/\/api.w.org\/{rel}","templated":true}]}}