{"id":4943,"date":"2026-04-15T09:20:10","date_gmt":"2026-04-15T06:20:10","guid":{"rendered":"https:\/\/ddpublishings.com\/product\/seftali-tabiatin-yaratilisi-turkish-edition\/"},"modified":"2026-04-15T09:20:45","modified_gmt":"2026-04-15T06:20:45","slug":"seftali-tabiatin-yaratilisi-turkish-edition","status":"publish","type":"product","link":"https:\/\/ddpublishings.com\/tr\/urun\/seftali-tabiatin-yaratilisi-turkish-edition\/","title":{"rendered":"\u015eeftali: Tabiat\u0131n Yarat\u0131l\u0131\u015f\u0131 &#8211; T\u00fcrk\u00e7e Bask\u0131"},"content":{"rendered":"<p><span data-path-to-node=\"2,2\"><span class=\"citation-137\">Avukat-yazar Abdurrahim Dede, &#8220;\u015eeftali: Tabiat\u0131n Yarat\u0131l\u0131\u015f\u0131&#8221; adl\u0131 eseriyle okurlar\u0131n\u0131 Kur\u2019an ile tabiat aras\u0131nda kurulan \u015fiirsel bir k\u00f6pr\u00fcye davet ediyor<\/span><\/span><span data-path-to-node=\"2,4\">. <\/span><span data-path-to-node=\"2,6\"><span class=\"citation-136\">Kitap, insan\u0131n do\u011faya h\u00fckmeden de\u011fil, onun s\u0131rlar\u0131n\u0131 ta\u015f\u0131yan bir emanet\u00e7i ve arac\u0131 oldu\u011funu vurgulayan derin yans\u0131malar i\u00e7eriyor<\/span><\/span><span data-path-to-node=\"2,8\">. <\/span><span data-path-to-node=\"2,10\"><span class=\"citation-135\">\u015eeftalinin tad\u0131n\u0131 &#8220;\u00f6nceden \u00f6denmi\u015f bir \u00fccret&#8221; olarak kabul eden yazar; tabiat\u0131n ayetle\u015fti\u011fi bu anlat\u0131da, g\u00fcnl\u00fck hayat\u0131n i\u00e7inden b\u00fcy\u00fck dersler s\u00fczerek sevgi, tefekk\u00fcr ve yarat\u0131l\u0131\u015f gayesi \u00fczerine d\u00fc\u015f\u00fcnd\u00fcren \u00f6\u011f\u00fctler sunuyor<\/span><\/span><span data-path-to-node=\"2,12\">. <\/span><span data-path-to-node=\"2,14\"><span class=\"citation-134\">Samimi dualar ve felsefi derinli\u011fin harmanland\u0131\u011f\u0131 bu eser, okuru k\u00e2inat\u0131n sessiz dilini ke\u015ffetmeye \u00e7a\u011f\u0131r\u0131yor<\/span><\/span><span data-path-to-node=\"2,16\">.<\/span><\/p>\n","protected":false},"excerpt":{"rendered":"[dflip id=\"4921\" type=\"thumb\"][\/dflip]\n","protected":false},"featured_media":4927,"comment_status":"open","ping_status":"closed","template":"","meta":{"_acf_changed":false},"product_cat":[192,210,190],"product_tag":[203,252],"class_list":{"0":"post-4943","1":"product","2":"type-product","3":"status-publish","4":"has-post-thumbnail","6":"product_cat-cok-satanlar","7":"product_cat-turkce-yayinlar","8":"product_cat-yeni-cikanlar","9":"product_tag-abdurrahim-dede","10":"product_tag-seftali-tabiatin-yaratilisi","11":"pa_authors-abdurrahim-dede-tr","13":"first","14":"instock","15":"sale","16":"shipping-taxable","17":"purchasable","18":"product-type-variable","swatches":"rey-swatches","show_selected":""},"acf":[],"yoast_head":"<!-- This site is optimized with the Yoast SEO plugin v27.4 - https:\/\/yoast.com\/product\/yoast-seo-wordpress\/ -->\n<title>\u015eeftali: Tabiat\u0131n Yarat\u0131l\u0131\u015f\u0131 - T\u00fcrk\u00e7e Bask\u0131 - ddpublishings<\/title>\n<meta name=\"description\" content=\"Lawyer-writer Abdurrahim Dede, with his work &quot;Peach: The Creation of Nature&quot;, invites readers to a poetic bridge built between the Quran and nature.\" \/>\n<meta name=\"robots\" content=\"index, follow, max-snippet:-1, max-image-preview:large, max-video-preview:-1\" \/>\n<link rel=\"canonical\" href=\"https:\/\/ddpublishings.com\/tr\/urun\/seftali-tabiatin-yaratilisi-turkish-edition\/\" \/>\n<meta property=\"og:locale\" content=\"tr_TR\" \/>\n<meta property=\"og:type\" content=\"article\" \/>\n<meta property=\"og:title\" content=\"\u015eeftali: Tabiat\u0131n Yarat\u0131l\u0131\u015f\u0131 - T\u00fcrk\u00e7e Bask\u0131 - ddpublishings\" \/>\n<meta property=\"og:description\" content=\"Lawyer-writer Abdurrahim Dede, with his work &quot;Peach: The Creation of Nature&quot;, invites readers to a poetic bridge built between the Quran and nature.\" \/>\n<meta property=\"og:url\" content=\"https:\/\/ddpublishings.com\/tr\/urun\/seftali-tabiatin-yaratilisi-turkish-edition\/\" \/>\n<meta property=\"og:site_name\" content=\"ddpublishings\" \/>\n<meta property=\"article:modified_time\" content=\"2026-04-15T06:20:45+00:00\" \/>\n<meta property=\"og:image\" content=\"https:\/\/ddpublishings.com\/wp-content\/uploads\/2026\/04\/seftali-GORSEL.jpeg\" \/>\n\t<meta property=\"og:image:width\" content=\"427\" \/>\n\t<meta property=\"og:image:height\" content=\"646\" \/>\n\t<meta property=\"og:image:type\" content=\"image\/jpeg\" \/>\n<meta name=\"twitter:card\" content=\"summary_large_image\" \/>\n<meta name=\"twitter:label1\" content=\"Tahmini okuma s\u00fcresi\" \/>\n\t<meta name=\"twitter:data1\" content=\"1 dakika\" \/>\n<script type=\"application\/ld+json\" class=\"yoast-schema-graph\">{\"@context\":\"https:\\\/\\\/schema.org\",\"@graph\":[{\"@type\":\"WebPage\",\"@id\":\"https:\\\/\\\/ddpublishings.com\\\/tr\\\/urun\\\/seftali-tabiatin-yaratilisi-turkish-edition\\\/\",\"url\":\"https:\\\/\\\/ddpublishings.com\\\/tr\\\/urun\\\/seftali-tabiatin-yaratilisi-turkish-edition\\\/\",\"name\":\"\u015eeftali: Tabiat\u0131n Yarat\u0131l\u0131\u015f\u0131 - T\u00fcrk\u00e7e Bask\u0131 - ddpublishings\",\"isPartOf\":{\"@id\":\"https:\\\/\\\/ddpublishings.com\\\/tr\\\/#website\"},\"primaryImageOfPage\":{\"@id\":\"https:\\\/\\\/ddpublishings.com\\\/tr\\\/urun\\\/seftali-tabiatin-yaratilisi-turkish-edition\\\/#primaryimage\"},\"image\":{\"@id\":\"https:\\\/\\\/ddpublishings.com\\\/tr\\\/urun\\\/seftali-tabiatin-yaratilisi-turkish-edition\\\/#primaryimage\"},\"thumbnailUrl\":\"https:\\\/\\\/ddpublishings.com\\\/wp-content\\\/uploads\\\/2026\\\/04\\\/seftali-GORSEL.jpeg\",\"datePublished\":\"2026-04-15T06:20:10+00:00\",\"dateModified\":\"2026-04-15T06:20:45+00:00\",\"description\":\"Lawyer-writer Abdurrahim Dede, with his work \\\"Peach: The Creation of Nature\\\", invites readers to a poetic bridge built between the Quran and nature.\",\"breadcrumb\":{\"@id\":\"https:\\\/\\\/ddpublishings.com\\\/tr\\\/urun\\\/seftali-tabiatin-yaratilisi-turkish-edition\\\/#breadcrumb\"},\"inLanguage\":\"tr\",\"potentialAction\":[{\"@type\":\"ReadAction\",\"target\":[\"https:\\\/\\\/ddpublishings.com\\\/tr\\\/urun\\\/seftali-tabiatin-yaratilisi-turkish-edition\\\/\"]}]},{\"@type\":\"ImageObject\",\"inLanguage\":\"tr\",\"@id\":\"https:\\\/\\\/ddpublishings.com\\\/tr\\\/urun\\\/seftali-tabiatin-yaratilisi-turkish-edition\\\/#primaryimage\",\"url\":\"https:\\\/\\\/ddpublishings.com\\\/wp-content\\\/uploads\\\/2026\\\/04\\\/seftali-GORSEL.jpeg\",\"contentUrl\":\"https:\\\/\\\/ddpublishings.com\\\/wp-content\\\/uploads\\\/2026\\\/04\\\/seftali-GORSEL.jpeg\",\"width\":427,\"height\":646},{\"@type\":\"BreadcrumbList\",\"@id\":\"https:\\\/\\\/ddpublishings.com\\\/tr\\\/urun\\\/seftali-tabiatin-yaratilisi-turkish-edition\\\/#breadcrumb\",\"itemListElement\":[{\"@type\":\"ListItem\",\"position\":1,\"name\":\"Home\",\"item\":\"https:\\\/\\\/ddpublishings.com\\\/tr\\\/\"},{\"@type\":\"ListItem\",\"position\":2,\"name\":\"Kitaplar\",\"item\":\"https:\\\/\\\/ddpublishings.com\\\/tr\\\/kitaplar\\\/\"},{\"@type\":\"ListItem\",\"position\":3,\"name\":\"\u015eeftali: Tabiat\u0131n Yarat\u0131l\u0131\u015f\u0131 &#8211; T\u00fcrk\u00e7e Bask\u0131\"}]},{\"@type\":\"WebSite\",\"@id\":\"https:\\\/\\\/ddpublishings.com\\\/tr\\\/#website\",\"url\":\"https:\\\/\\\/ddpublishings.com\\\/tr\\\/\",\"name\":\"ddpublishings\",\"description\":\"\",\"publisher\":{\"@id\":\"https:\\\/\\\/ddpublishings.com\\\/tr\\\/#organization\"},\"potentialAction\":[{\"@type\":\"SearchAction\",\"target\":{\"@type\":\"EntryPoint\",\"urlTemplate\":\"https:\\\/\\\/ddpublishings.com\\\/tr\\\/?s={search_term_string}\"},\"query-input\":{\"@type\":\"PropertyValueSpecification\",\"valueRequired\":true,\"valueName\":\"search_term_string\"}}],\"inLanguage\":\"tr\"},{\"@type\":\"Organization\",\"@id\":\"https:\\\/\\\/ddpublishings.com\\\/tr\\\/#organization\",\"name\":\"ddpublishings\",\"url\":\"https:\\\/\\\/ddpublishings.com\\\/tr\\\/\",\"logo\":{\"@type\":\"ImageObject\",\"inLanguage\":\"tr\",\"@id\":\"https:\\\/\\\/ddpublishings.com\\\/tr\\\/#\\\/schema\\\/logo\\\/image\\\/\",\"url\":\"https:\\\/\\\/ddpublishings.com\\\/wp-content\\\/uploads\\\/2025\\\/07\\\/dd-publishing-logo-black.svg\",\"contentUrl\":\"https:\\\/\\\/ddpublishings.com\\\/wp-content\\\/uploads\\\/2025\\\/07\\\/dd-publishing-logo-black.svg\",\"width\":561,\"height\":454,\"caption\":\"ddpublishings\"},\"image\":{\"@id\":\"https:\\\/\\\/ddpublishings.com\\\/tr\\\/#\\\/schema\\\/logo\\\/image\\\/\"}}]}<\/script>\n<!-- \/ Yoast SEO plugin. -->","yoast_head_json":{"title":"\u015eeftali: Tabiat\u0131n Yarat\u0131l\u0131\u015f\u0131 - T\u00fcrk\u00e7e Bask\u0131 - ddpublishings","description":"Lawyer-writer Abdurrahim Dede, with his work \"Peach: The Creation of Nature\", invites readers to a poetic bridge built between the Quran and nature.","robots":{"index":"index","follow":"follow","max-snippet":"max-snippet:-1","max-image-preview":"max-image-preview:large","max-video-preview":"max-video-preview:-1"},"canonical":"https:\/\/ddpublishings.com\/tr\/urun\/seftali-tabiatin-yaratilisi-turkish-edition\/","og_locale":"tr_TR","og_type":"article","og_title":"\u015eeftali: Tabiat\u0131n Yarat\u0131l\u0131\u015f\u0131 - T\u00fcrk\u00e7e Bask\u0131 - ddpublishings","og_description":"Lawyer-writer Abdurrahim Dede, with his work \"Peach: The Creation of Nature\", invites readers to a poetic bridge built between the Quran and nature.","og_url":"https:\/\/ddpublishings.com\/tr\/urun\/seftali-tabiatin-yaratilisi-turkish-edition\/","og_site_name":"ddpublishings","article_modified_time":"2026-04-15T06:20:45+00:00","og_image":[{"width":427,"height":646,"url":"https:\/\/ddpublishings.com\/wp-content\/uploads\/2026\/04\/seftali-GORSEL.jpeg","type":"image\/jpeg"}],"twitter_card":"summary_large_image","twitter_misc":{"Tahmini okuma s\u00fcresi":"1 dakika"},"schema":{"@context":"https:\/\/schema.org","@graph":[{"@type":"WebPage","@id":"https:\/\/ddpublishings.com\/tr\/urun\/seftali-tabiatin-yaratilisi-turkish-edition\/","url":"https:\/\/ddpublishings.com\/tr\/urun\/seftali-tabiatin-yaratilisi-turkish-edition\/","name":"\u015eeftali: Tabiat\u0131n Yarat\u0131l\u0131\u015f\u0131 - T\u00fcrk\u00e7e Bask\u0131 - ddpublishings","isPartOf":{"@id":"https:\/\/ddpublishings.com\/tr\/#website"},"primaryImageOfPage":{"@id":"https:\/\/ddpublishings.com\/tr\/urun\/seftali-tabiatin-yaratilisi-turkish-edition\/#primaryimage"},"image":{"@id":"https:\/\/ddpublishings.com\/tr\/urun\/seftali-tabiatin-yaratilisi-turkish-edition\/#primaryimage"},"thumbnailUrl":"https:\/\/ddpublishings.com\/wp-content\/uploads\/2026\/04\/seftali-GORSEL.jpeg","datePublished":"2026-04-15T06:20:10+00:00","dateModified":"2026-04-15T06:20:45+00:00","description":"Lawyer-writer Abdurrahim Dede, with his work \"Peach: The Creation of Nature\", invites readers to a poetic bridge built between the Quran and nature.","breadcrumb":{"@id":"https:\/\/ddpublishings.com\/tr\/urun\/seftali-tabiatin-yaratilisi-turkish-edition\/#breadcrumb"},"inLanguage":"tr","potentialAction":[{"@type":"ReadAction","target":["https:\/\/ddpublishings.com\/tr\/urun\/seftali-tabiatin-yaratilisi-turkish-edition\/"]}]},{"@type":"ImageObject","inLanguage":"tr","@id":"https:\/\/ddpublishings.com\/tr\/urun\/seftali-tabiatin-yaratilisi-turkish-edition\/#primaryimage","url":"https:\/\/ddpublishings.com\/wp-content\/uploads\/2026\/04\/seftali-GORSEL.jpeg","contentUrl":"https:\/\/ddpublishings.com\/wp-content\/uploads\/2026\/04\/seftali-GORSEL.jpeg","width":427,"height":646},{"@type":"BreadcrumbList","@id":"https:\/\/ddpublishings.com\/tr\/urun\/seftali-tabiatin-yaratilisi-turkish-edition\/#breadcrumb","itemListElement":[{"@type":"ListItem","position":1,"name":"Home","item":"https:\/\/ddpublishings.com\/tr\/"},{"@type":"ListItem","position":2,"name":"Kitaplar","item":"https:\/\/ddpublishings.com\/tr\/kitaplar\/"},{"@type":"ListItem","position":3,"name":"\u015eeftali: Tabiat\u0131n Yarat\u0131l\u0131\u015f\u0131 &#8211; T\u00fcrk\u00e7e Bask\u0131"}]},{"@type":"WebSite","@id":"https:\/\/ddpublishings.com\/tr\/#website","url":"https:\/\/ddpublishings.com\/tr\/","name":"ddpublishings","description":"","publisher":{"@id":"https:\/\/ddpublishings.com\/tr\/#organization"},"potentialAction":[{"@type":"SearchAction","target":{"@type":"EntryPoint","urlTemplate":"https:\/\/ddpublishings.com\/tr\/?s={search_term_string}"},"query-input":{"@type":"PropertyValueSpecification","valueRequired":true,"valueName":"search_term_string"}}],"inLanguage":"tr"},{"@type":"Organization","@id":"https:\/\/ddpublishings.com\/tr\/#organization","name":"ddpublishings","url":"https:\/\/ddpublishings.com\/tr\/","logo":{"@type":"ImageObject","inLanguage":"tr","@id":"https:\/\/ddpublishings.com\/tr\/#\/schema\/logo\/image\/","url":"https:\/\/ddpublishings.com\/wp-content\/uploads\/2025\/07\/dd-publishing-logo-black.svg","contentUrl":"https:\/\/ddpublishings.com\/wp-content\/uploads\/2025\/07\/dd-publishing-logo-black.svg","width":561,"height":454,"caption":"ddpublishings"},"image":{"@id":"https:\/\/ddpublishings.com\/tr\/#\/schema\/logo\/image\/"}}]}},"_links":{"self":[{"href":"https:\/\/ddpublishings.com\/tr\/wp-json\/wp\/v2\/product\/4943","targetHints":{"allow":["GET"]}}],"collection":[{"href":"https:\/\/ddpublishings.com\/tr\/wp-json\/wp\/v2\/product"}],"about":[{"href":"https:\/\/ddpublishings.com\/tr\/wp-json\/wp\/v2\/types\/product"}],"replies":[{"embeddable":true,"href":"https:\/\/ddpublishings.com\/tr\/wp-json\/wp\/v2\/comments?post=4943"}],"wp:featuredmedia":[{"embeddable":true,"href":"https:\/\/ddpublishings.com\/tr\/wp-json\/wp\/v2\/media\/4927"}],"wp:attachment":[{"href":"https:\/\/ddpublishings.com\/tr\/wp-json\/wp\/v2\/media?parent=4943"}],"wp:term":[{"taxonomy":"product_cat","embeddable":true,"href":"https:\/\/ddpublishings.com\/tr\/wp-json\/wp\/v2\/product_cat?post=4943"},{"taxonomy":"product_tag","embeddable":true,"href":"https:\/\/ddpublishings.com\/tr\/wp-json\/wp\/v2\/product_tag?post=4943"}],"curies":[{"name":"wp","href":"https:\/\/api.w.org\/{rel}","templated":true}]}}