{"id":4958,"date":"2026-04-15T09:23:57","date_gmt":"2026-04-15T06:23:57","guid":{"rendered":"https:\/\/ddpublishings.com\/product\/zulmun-icindeki-adalet-turkish-edition\/"},"modified":"2026-04-15T09:24:26","modified_gmt":"2026-04-15T06:24:26","slug":"zulmun-icindeki-adalet-turkish-edition","status":"publish","type":"product","link":"https:\/\/ddpublishings.com\/tr\/urun\/zulmun-icindeki-adalet-turkish-edition\/","title":{"rendered":"Zulm\u00fcn \u0130\u00e7indeki Adalet &#8211; T\u00fcrk\u00e7e Bask\u0131"},"content":{"rendered":"<p>Avukat-yazar Abdurrahim Dede, &#8220;Zulm\u00fcn \u0130\u00e7indeki Adalet&#8221; adl\u0131 eseriyle okurlar\u0131n\u0131 kader, adalet ve be\u015feri imtihanlar \u00fczerine derin bir tefekk\u00fcre davet ediyor. Kitap, zahiri bir haks\u0131zl\u0131\u011f\u0131n ard\u0131ndaki ilahi adaletin izlerini s\u00fcren, bizzat ya\u015fanan tecr\u00fcbelerden s\u00fcz\u00fclm\u00fc\u015f sars\u0131c\u0131 yans\u0131malar i\u00e7eriyor. Zulm\u00fc ve felaketleri bazen adaletin tecellisine birer vesile olarak kabul eden yazar; mahkeme salonlar\u0131ndan hayat\u0131n en zorlu duraklar\u0131na kadar her detaydan b\u00fcy\u00fck hayat dersleri \u00e7\u0131kar\u0131yor. Eser; hak, hukuk, kader ve teslimiyet \u00fczerine okuru derin bir i\u00e7sel sorgulamaya sevk eden, ruhu teskin eden rehber niteli\u011finde \u00f6\u011f\u00fctler sunuyor.<\/p>\n","protected":false},"excerpt":{"rendered":"[dflip id=\"4913\" type=\"thumb\"][\/dflip]\n","protected":false},"featured_media":4916,"comment_status":"open","ping_status":"closed","template":"","meta":{"_acf_changed":false},"product_cat":[192,210,190],"product_tag":[203,255],"class_list":{"0":"post-4958","1":"product","2":"type-product","3":"status-publish","4":"has-post-thumbnail","6":"product_cat-cok-satanlar","7":"product_cat-turkce-yayinlar","8":"product_cat-yeni-cikanlar","9":"product_tag-abdurrahim-dede","10":"product_tag-zulmun-icindeki-adalet","11":"pa_authors-abdurrahim-dede-tr","13":"first","14":"instock","15":"sale","16":"shipping-taxable","17":"purchasable","18":"product-type-variable","swatches":"rey-swatches","show_selected":""},"acf":[],"yoast_head":"<!-- This site is optimized with the Yoast SEO plugin v27.4 - https:\/\/yoast.com\/product\/yoast-seo-wordpress\/ -->\n<title>Zulm\u00fcn \u0130\u00e7indeki Adalet - T\u00fcrk\u00e7e Bask\u0131 - ddpublishings<\/title>\n<meta name=\"description\" content=\"Lawyer-writer Abdurrahim Dede, with his work &quot;Justice Within Oppression&quot;, invites readers to deep contemplation on destiny, justice, and human trials.\" \/>\n<meta name=\"robots\" content=\"index, follow, max-snippet:-1, max-image-preview:large, max-video-preview:-1\" \/>\n<link rel=\"canonical\" href=\"https:\/\/ddpublishings.com\/tr\/urun\/zulmun-icindeki-adalet-turkish-edition\/\" \/>\n<meta property=\"og:locale\" content=\"tr_TR\" \/>\n<meta property=\"og:type\" content=\"article\" \/>\n<meta property=\"og:title\" content=\"Zulm\u00fcn \u0130\u00e7indeki Adalet - T\u00fcrk\u00e7e Bask\u0131 - ddpublishings\" \/>\n<meta property=\"og:description\" content=\"Lawyer-writer Abdurrahim Dede, with his work &quot;Justice Within Oppression&quot;, invites readers to deep contemplation on destiny, justice, and human trials.\" \/>\n<meta property=\"og:url\" content=\"https:\/\/ddpublishings.com\/tr\/urun\/zulmun-icindeki-adalet-turkish-edition\/\" \/>\n<meta property=\"og:site_name\" content=\"ddpublishings\" \/>\n<meta property=\"article:modified_time\" content=\"2026-04-15T06:24:26+00:00\" \/>\n<meta property=\"og:image\" content=\"https:\/\/ddpublishings.com\/wp-content\/uploads\/2026\/04\/zulmun-icindeki.jpeg\" \/>\n\t<meta property=\"og:image:width\" content=\"425\" \/>\n\t<meta property=\"og:image:height\" content=\"658\" \/>\n\t<meta property=\"og:image:type\" content=\"image\/jpeg\" \/>\n<meta name=\"twitter:card\" content=\"summary_large_image\" \/>\n<meta name=\"twitter:label1\" content=\"Tahmini okuma s\u00fcresi\" \/>\n\t<meta name=\"twitter:data1\" content=\"1 dakika\" \/>\n<script type=\"application\/ld+json\" class=\"yoast-schema-graph\">{\"@context\":\"https:\\\/\\\/schema.org\",\"@graph\":[{\"@type\":\"WebPage\",\"@id\":\"https:\\\/\\\/ddpublishings.com\\\/tr\\\/urun\\\/zulmun-icindeki-adalet-turkish-edition\\\/\",\"url\":\"https:\\\/\\\/ddpublishings.com\\\/tr\\\/urun\\\/zulmun-icindeki-adalet-turkish-edition\\\/\",\"name\":\"Zulm\u00fcn \u0130\u00e7indeki Adalet - T\u00fcrk\u00e7e Bask\u0131 - ddpublishings\",\"isPartOf\":{\"@id\":\"https:\\\/\\\/ddpublishings.com\\\/tr\\\/#website\"},\"primaryImageOfPage\":{\"@id\":\"https:\\\/\\\/ddpublishings.com\\\/tr\\\/urun\\\/zulmun-icindeki-adalet-turkish-edition\\\/#primaryimage\"},\"image\":{\"@id\":\"https:\\\/\\\/ddpublishings.com\\\/tr\\\/urun\\\/zulmun-icindeki-adalet-turkish-edition\\\/#primaryimage\"},\"thumbnailUrl\":\"https:\\\/\\\/ddpublishings.com\\\/wp-content\\\/uploads\\\/2026\\\/04\\\/zulmun-icindeki.jpeg\",\"datePublished\":\"2026-04-15T06:23:57+00:00\",\"dateModified\":\"2026-04-15T06:24:26+00:00\",\"description\":\"Lawyer-writer Abdurrahim Dede, with his work \\\"Justice Within Oppression\\\", invites readers to deep contemplation on destiny, justice, and human trials.\",\"breadcrumb\":{\"@id\":\"https:\\\/\\\/ddpublishings.com\\\/tr\\\/urun\\\/zulmun-icindeki-adalet-turkish-edition\\\/#breadcrumb\"},\"inLanguage\":\"tr\",\"potentialAction\":[{\"@type\":\"ReadAction\",\"target\":[\"https:\\\/\\\/ddpublishings.com\\\/tr\\\/urun\\\/zulmun-icindeki-adalet-turkish-edition\\\/\"]}]},{\"@type\":\"ImageObject\",\"inLanguage\":\"tr\",\"@id\":\"https:\\\/\\\/ddpublishings.com\\\/tr\\\/urun\\\/zulmun-icindeki-adalet-turkish-edition\\\/#primaryimage\",\"url\":\"https:\\\/\\\/ddpublishings.com\\\/wp-content\\\/uploads\\\/2026\\\/04\\\/zulmun-icindeki.jpeg\",\"contentUrl\":\"https:\\\/\\\/ddpublishings.com\\\/wp-content\\\/uploads\\\/2026\\\/04\\\/zulmun-icindeki.jpeg\",\"width\":425,\"height\":658},{\"@type\":\"BreadcrumbList\",\"@id\":\"https:\\\/\\\/ddpublishings.com\\\/tr\\\/urun\\\/zulmun-icindeki-adalet-turkish-edition\\\/#breadcrumb\",\"itemListElement\":[{\"@type\":\"ListItem\",\"position\":1,\"name\":\"Home\",\"item\":\"https:\\\/\\\/ddpublishings.com\\\/tr\\\/\"},{\"@type\":\"ListItem\",\"position\":2,\"name\":\"Kitaplar\",\"item\":\"https:\\\/\\\/ddpublishings.com\\\/tr\\\/kitaplar\\\/\"},{\"@type\":\"ListItem\",\"position\":3,\"name\":\"Zulm\u00fcn \u0130\u00e7indeki Adalet &#8211; T\u00fcrk\u00e7e Bask\u0131\"}]},{\"@type\":\"WebSite\",\"@id\":\"https:\\\/\\\/ddpublishings.com\\\/tr\\\/#website\",\"url\":\"https:\\\/\\\/ddpublishings.com\\\/tr\\\/\",\"name\":\"ddpublishings\",\"description\":\"\",\"publisher\":{\"@id\":\"https:\\\/\\\/ddpublishings.com\\\/tr\\\/#organization\"},\"potentialAction\":[{\"@type\":\"SearchAction\",\"target\":{\"@type\":\"EntryPoint\",\"urlTemplate\":\"https:\\\/\\\/ddpublishings.com\\\/tr\\\/?s={search_term_string}\"},\"query-input\":{\"@type\":\"PropertyValueSpecification\",\"valueRequired\":true,\"valueName\":\"search_term_string\"}}],\"inLanguage\":\"tr\"},{\"@type\":\"Organization\",\"@id\":\"https:\\\/\\\/ddpublishings.com\\\/tr\\\/#organization\",\"name\":\"ddpublishings\",\"url\":\"https:\\\/\\\/ddpublishings.com\\\/tr\\\/\",\"logo\":{\"@type\":\"ImageObject\",\"inLanguage\":\"tr\",\"@id\":\"https:\\\/\\\/ddpublishings.com\\\/tr\\\/#\\\/schema\\\/logo\\\/image\\\/\",\"url\":\"https:\\\/\\\/ddpublishings.com\\\/wp-content\\\/uploads\\\/2025\\\/07\\\/dd-publishing-logo-black.svg\",\"contentUrl\":\"https:\\\/\\\/ddpublishings.com\\\/wp-content\\\/uploads\\\/2025\\\/07\\\/dd-publishing-logo-black.svg\",\"width\":561,\"height\":454,\"caption\":\"ddpublishings\"},\"image\":{\"@id\":\"https:\\\/\\\/ddpublishings.com\\\/tr\\\/#\\\/schema\\\/logo\\\/image\\\/\"}}]}<\/script>\n<!-- \/ Yoast SEO plugin. -->","yoast_head_json":{"title":"Zulm\u00fcn \u0130\u00e7indeki Adalet - T\u00fcrk\u00e7e Bask\u0131 - ddpublishings","description":"Lawyer-writer Abdurrahim Dede, with his work \"Justice Within Oppression\", invites readers to deep contemplation on destiny, justice, and human trials.","robots":{"index":"index","follow":"follow","max-snippet":"max-snippet:-1","max-image-preview":"max-image-preview:large","max-video-preview":"max-video-preview:-1"},"canonical":"https:\/\/ddpublishings.com\/tr\/urun\/zulmun-icindeki-adalet-turkish-edition\/","og_locale":"tr_TR","og_type":"article","og_title":"Zulm\u00fcn \u0130\u00e7indeki Adalet - T\u00fcrk\u00e7e Bask\u0131 - ddpublishings","og_description":"Lawyer-writer Abdurrahim Dede, with his work \"Justice Within Oppression\", invites readers to deep contemplation on destiny, justice, and human trials.","og_url":"https:\/\/ddpublishings.com\/tr\/urun\/zulmun-icindeki-adalet-turkish-edition\/","og_site_name":"ddpublishings","article_modified_time":"2026-04-15T06:24:26+00:00","og_image":[{"width":425,"height":658,"url":"https:\/\/ddpublishings.com\/wp-content\/uploads\/2026\/04\/zulmun-icindeki.jpeg","type":"image\/jpeg"}],"twitter_card":"summary_large_image","twitter_misc":{"Tahmini okuma s\u00fcresi":"1 dakika"},"schema":{"@context":"https:\/\/schema.org","@graph":[{"@type":"WebPage","@id":"https:\/\/ddpublishings.com\/tr\/urun\/zulmun-icindeki-adalet-turkish-edition\/","url":"https:\/\/ddpublishings.com\/tr\/urun\/zulmun-icindeki-adalet-turkish-edition\/","name":"Zulm\u00fcn \u0130\u00e7indeki Adalet - T\u00fcrk\u00e7e Bask\u0131 - ddpublishings","isPartOf":{"@id":"https:\/\/ddpublishings.com\/tr\/#website"},"primaryImageOfPage":{"@id":"https:\/\/ddpublishings.com\/tr\/urun\/zulmun-icindeki-adalet-turkish-edition\/#primaryimage"},"image":{"@id":"https:\/\/ddpublishings.com\/tr\/urun\/zulmun-icindeki-adalet-turkish-edition\/#primaryimage"},"thumbnailUrl":"https:\/\/ddpublishings.com\/wp-content\/uploads\/2026\/04\/zulmun-icindeki.jpeg","datePublished":"2026-04-15T06:23:57+00:00","dateModified":"2026-04-15T06:24:26+00:00","description":"Lawyer-writer Abdurrahim Dede, with his work \"Justice Within Oppression\", invites readers to deep contemplation on destiny, justice, and human trials.","breadcrumb":{"@id":"https:\/\/ddpublishings.com\/tr\/urun\/zulmun-icindeki-adalet-turkish-edition\/#breadcrumb"},"inLanguage":"tr","potentialAction":[{"@type":"ReadAction","target":["https:\/\/ddpublishings.com\/tr\/urun\/zulmun-icindeki-adalet-turkish-edition\/"]}]},{"@type":"ImageObject","inLanguage":"tr","@id":"https:\/\/ddpublishings.com\/tr\/urun\/zulmun-icindeki-adalet-turkish-edition\/#primaryimage","url":"https:\/\/ddpublishings.com\/wp-content\/uploads\/2026\/04\/zulmun-icindeki.jpeg","contentUrl":"https:\/\/ddpublishings.com\/wp-content\/uploads\/2026\/04\/zulmun-icindeki.jpeg","width":425,"height":658},{"@type":"BreadcrumbList","@id":"https:\/\/ddpublishings.com\/tr\/urun\/zulmun-icindeki-adalet-turkish-edition\/#breadcrumb","itemListElement":[{"@type":"ListItem","position":1,"name":"Home","item":"https:\/\/ddpublishings.com\/tr\/"},{"@type":"ListItem","position":2,"name":"Kitaplar","item":"https:\/\/ddpublishings.com\/tr\/kitaplar\/"},{"@type":"ListItem","position":3,"name":"Zulm\u00fcn \u0130\u00e7indeki Adalet &#8211; T\u00fcrk\u00e7e Bask\u0131"}]},{"@type":"WebSite","@id":"https:\/\/ddpublishings.com\/tr\/#website","url":"https:\/\/ddpublishings.com\/tr\/","name":"ddpublishings","description":"","publisher":{"@id":"https:\/\/ddpublishings.com\/tr\/#organization"},"potentialAction":[{"@type":"SearchAction","target":{"@type":"EntryPoint","urlTemplate":"https:\/\/ddpublishings.com\/tr\/?s={search_term_string}"},"query-input":{"@type":"PropertyValueSpecification","valueRequired":true,"valueName":"search_term_string"}}],"inLanguage":"tr"},{"@type":"Organization","@id":"https:\/\/ddpublishings.com\/tr\/#organization","name":"ddpublishings","url":"https:\/\/ddpublishings.com\/tr\/","logo":{"@type":"ImageObject","inLanguage":"tr","@id":"https:\/\/ddpublishings.com\/tr\/#\/schema\/logo\/image\/","url":"https:\/\/ddpublishings.com\/wp-content\/uploads\/2025\/07\/dd-publishing-logo-black.svg","contentUrl":"https:\/\/ddpublishings.com\/wp-content\/uploads\/2025\/07\/dd-publishing-logo-black.svg","width":561,"height":454,"caption":"ddpublishings"},"image":{"@id":"https:\/\/ddpublishings.com\/tr\/#\/schema\/logo\/image\/"}}]}},"_links":{"self":[{"href":"https:\/\/ddpublishings.com\/tr\/wp-json\/wp\/v2\/product\/4958","targetHints":{"allow":["GET"]}}],"collection":[{"href":"https:\/\/ddpublishings.com\/tr\/wp-json\/wp\/v2\/product"}],"about":[{"href":"https:\/\/ddpublishings.com\/tr\/wp-json\/wp\/v2\/types\/product"}],"replies":[{"embeddable":true,"href":"https:\/\/ddpublishings.com\/tr\/wp-json\/wp\/v2\/comments?post=4958"}],"wp:featuredmedia":[{"embeddable":true,"href":"https:\/\/ddpublishings.com\/tr\/wp-json\/wp\/v2\/media\/4916"}],"wp:attachment":[{"href":"https:\/\/ddpublishings.com\/tr\/wp-json\/wp\/v2\/media?parent=4958"}],"wp:term":[{"taxonomy":"product_cat","embeddable":true,"href":"https:\/\/ddpublishings.com\/tr\/wp-json\/wp\/v2\/product_cat?post=4958"},{"taxonomy":"product_tag","embeddable":true,"href":"https:\/\/ddpublishings.com\/tr\/wp-json\/wp\/v2\/product_tag?post=4958"}],"curies":[{"name":"wp","href":"https:\/\/api.w.org\/{rel}","templated":true}]}}