{"id":4982,"date":"2026-04-15T09:30:25","date_gmt":"2026-04-15T06:30:25","guid":{"rendered":"https:\/\/ddpublishings.com\/product\/adaletin-baslangic-noktasi-turkish-edition\/"},"modified":"2026-04-15T09:30:56","modified_gmt":"2026-04-15T06:30:56","slug":"adaletin-baslangic-noktasi-turkish-edition","status":"publish","type":"product","link":"https:\/\/ddpublishings.com\/tr\/urun\/adaletin-baslangic-noktasi-turkish-edition\/","title":{"rendered":"Adaletin Ba\u015flang\u0131\u00e7 Noktas\u0131 &#8211; T\u00fcrk\u00e7e Bask\u0131"},"content":{"rendered":"<p>Avukat-yazar Abdurrahim Dede, &#8220;Adaletin Ba\u015flang\u0131\u00e7 Noktas\u0131&#8221; adl\u0131 eseriyle okurlar\u0131n\u0131 varolu\u015fun ve adaletin k\u00f6kenlerine do\u011fru rehber niteli\u011finde bir yolculu\u011fa davet ediyor. Kitap, halifeli\u011fin cinlerden insanlara ge\u00e7i\u015fiyle ba\u015flayan s\u00fcre\u00e7te adaletin kozmik ve insani boyutlar\u0131 \u00fczerine derin yans\u0131malar i\u00e7eriyor. Adaleti sadece hukuki bir terim de\u011fil, k\u00e2inat\u0131n \u00f6z\u00fcndeki denge ve vicdan terazisi olarak kabul eden yazar; yarad\u0131l\u0131\u015f\u0131n s\u0131rlar\u0131ndan ve be\u015feri imtihanlardan b\u00fcy\u00fck hayat dersleri s\u00fczerek hak, sorumluluk ve ilahi nizam \u00fczerine d\u00fc\u015f\u00fcnd\u00fcren \u00f6\u011f\u00fctler sunuyor.<\/p>\n","protected":false},"excerpt":{"rendered":"[dflip id=\"4965\" type=\"thumb\"][\/dflip]\n","protected":false},"featured_media":4977,"comment_status":"open","ping_status":"closed","template":"","meta":{"_acf_changed":false},"product_cat":[192,210,190],"product_tag":[203,258],"class_list":{"0":"post-4982","1":"product","2":"type-product","3":"status-publish","4":"has-post-thumbnail","6":"product_cat-cok-satanlar","7":"product_cat-turkce-yayinlar","8":"product_cat-yeni-cikanlar","9":"product_tag-abdurrahim-dede","10":"product_tag-adaletin-baslangic-noktasi","11":"pa_authors-abdurrahim-dede-tr","13":"first","14":"instock","15":"sale","16":"shipping-taxable","17":"purchasable","18":"product-type-variable","swatches":"rey-swatches","show_selected":""},"acf":[],"yoast_head":"<!-- This site is optimized with the Yoast SEO plugin v27.4 - https:\/\/yoast.com\/product\/yoast-seo-wordpress\/ -->\n<title>Adaletin Ba\u015flang\u0131\u00e7 Noktas\u0131 - T\u00fcrk\u00e7e Bask\u0131 - ddpublishings<\/title>\n<meta name=\"description\" content=\"Lawyer-writer Abdurrahim Dede, with his work &quot;Adaletin Ba\u015flang\u0131\u00e7 Noktas\u0131&quot; (The Starting Point of Justice), offers readers guiding wisdom into the origins...\" \/>\n<meta name=\"robots\" content=\"index, follow, max-snippet:-1, max-image-preview:large, max-video-preview:-1\" \/>\n<link rel=\"canonical\" href=\"https:\/\/ddpublishings.com\/tr\/urun\/adaletin-baslangic-noktasi-turkish-edition\/\" \/>\n<meta property=\"og:locale\" content=\"tr_TR\" \/>\n<meta property=\"og:type\" content=\"article\" \/>\n<meta property=\"og:title\" content=\"Adaletin Ba\u015flang\u0131\u00e7 Noktas\u0131 - T\u00fcrk\u00e7e Bask\u0131 - ddpublishings\" \/>\n<meta property=\"og:description\" content=\"Lawyer-writer Abdurrahim Dede, with his work &quot;Adaletin Ba\u015flang\u0131\u00e7 Noktas\u0131&quot; (The Starting Point of Justice), offers readers guiding wisdom into the origins...\" \/>\n<meta property=\"og:url\" content=\"https:\/\/ddpublishings.com\/tr\/urun\/adaletin-baslangic-noktasi-turkish-edition\/\" \/>\n<meta property=\"og:site_name\" content=\"ddpublishings\" \/>\n<meta property=\"article:modified_time\" content=\"2026-04-15T06:30:56+00:00\" \/>\n<meta property=\"og:image\" content=\"https:\/\/ddpublishings.com\/wp-content\/uploads\/2026\/04\/kapakx.png\" \/>\n\t<meta property=\"og:image:width\" content=\"447\" \/>\n\t<meta property=\"og:image:height\" content=\"676\" \/>\n\t<meta property=\"og:image:type\" content=\"image\/png\" \/>\n<meta name=\"twitter:card\" content=\"summary_large_image\" \/>\n<meta name=\"twitter:label1\" content=\"Tahmini okuma s\u00fcresi\" \/>\n\t<meta name=\"twitter:data1\" content=\"1 dakika\" \/>\n<script type=\"application\/ld+json\" class=\"yoast-schema-graph\">{\"@context\":\"https:\\\/\\\/schema.org\",\"@graph\":[{\"@type\":\"WebPage\",\"@id\":\"https:\\\/\\\/ddpublishings.com\\\/tr\\\/urun\\\/adaletin-baslangic-noktasi-turkish-edition\\\/\",\"url\":\"https:\\\/\\\/ddpublishings.com\\\/tr\\\/urun\\\/adaletin-baslangic-noktasi-turkish-edition\\\/\",\"name\":\"Adaletin Ba\u015flang\u0131\u00e7 Noktas\u0131 - T\u00fcrk\u00e7e Bask\u0131 - ddpublishings\",\"isPartOf\":{\"@id\":\"https:\\\/\\\/ddpublishings.com\\\/tr\\\/#website\"},\"primaryImageOfPage\":{\"@id\":\"https:\\\/\\\/ddpublishings.com\\\/tr\\\/urun\\\/adaletin-baslangic-noktasi-turkish-edition\\\/#primaryimage\"},\"image\":{\"@id\":\"https:\\\/\\\/ddpublishings.com\\\/tr\\\/urun\\\/adaletin-baslangic-noktasi-turkish-edition\\\/#primaryimage\"},\"thumbnailUrl\":\"https:\\\/\\\/ddpublishings.com\\\/wp-content\\\/uploads\\\/2026\\\/04\\\/kapakx.png\",\"datePublished\":\"2026-04-15T06:30:25+00:00\",\"dateModified\":\"2026-04-15T06:30:56+00:00\",\"description\":\"Lawyer-writer Abdurrahim Dede, with his work \\\"Adaletin Ba\u015flang\u0131\u00e7 Noktas\u0131\\\" (The Starting Point of Justice), offers readers guiding wisdom into the origins...\",\"breadcrumb\":{\"@id\":\"https:\\\/\\\/ddpublishings.com\\\/tr\\\/urun\\\/adaletin-baslangic-noktasi-turkish-edition\\\/#breadcrumb\"},\"inLanguage\":\"tr\",\"potentialAction\":[{\"@type\":\"ReadAction\",\"target\":[\"https:\\\/\\\/ddpublishings.com\\\/tr\\\/urun\\\/adaletin-baslangic-noktasi-turkish-edition\\\/\"]}]},{\"@type\":\"ImageObject\",\"inLanguage\":\"tr\",\"@id\":\"https:\\\/\\\/ddpublishings.com\\\/tr\\\/urun\\\/adaletin-baslangic-noktasi-turkish-edition\\\/#primaryimage\",\"url\":\"https:\\\/\\\/ddpublishings.com\\\/wp-content\\\/uploads\\\/2026\\\/04\\\/kapakx.png\",\"contentUrl\":\"https:\\\/\\\/ddpublishings.com\\\/wp-content\\\/uploads\\\/2026\\\/04\\\/kapakx.png\",\"width\":447,\"height\":676},{\"@type\":\"BreadcrumbList\",\"@id\":\"https:\\\/\\\/ddpublishings.com\\\/tr\\\/urun\\\/adaletin-baslangic-noktasi-turkish-edition\\\/#breadcrumb\",\"itemListElement\":[{\"@type\":\"ListItem\",\"position\":1,\"name\":\"Home\",\"item\":\"https:\\\/\\\/ddpublishings.com\\\/tr\\\/\"},{\"@type\":\"ListItem\",\"position\":2,\"name\":\"Kitaplar\",\"item\":\"https:\\\/\\\/ddpublishings.com\\\/tr\\\/kitaplar\\\/\"},{\"@type\":\"ListItem\",\"position\":3,\"name\":\"Adaletin Ba\u015flang\u0131\u00e7 Noktas\u0131 &#8211; T\u00fcrk\u00e7e Bask\u0131\"}]},{\"@type\":\"WebSite\",\"@id\":\"https:\\\/\\\/ddpublishings.com\\\/tr\\\/#website\",\"url\":\"https:\\\/\\\/ddpublishings.com\\\/tr\\\/\",\"name\":\"ddpublishings\",\"description\":\"\",\"publisher\":{\"@id\":\"https:\\\/\\\/ddpublishings.com\\\/tr\\\/#organization\"},\"potentialAction\":[{\"@type\":\"SearchAction\",\"target\":{\"@type\":\"EntryPoint\",\"urlTemplate\":\"https:\\\/\\\/ddpublishings.com\\\/tr\\\/?s={search_term_string}\"},\"query-input\":{\"@type\":\"PropertyValueSpecification\",\"valueRequired\":true,\"valueName\":\"search_term_string\"}}],\"inLanguage\":\"tr\"},{\"@type\":\"Organization\",\"@id\":\"https:\\\/\\\/ddpublishings.com\\\/tr\\\/#organization\",\"name\":\"ddpublishings\",\"url\":\"https:\\\/\\\/ddpublishings.com\\\/tr\\\/\",\"logo\":{\"@type\":\"ImageObject\",\"inLanguage\":\"tr\",\"@id\":\"https:\\\/\\\/ddpublishings.com\\\/tr\\\/#\\\/schema\\\/logo\\\/image\\\/\",\"url\":\"https:\\\/\\\/ddpublishings.com\\\/wp-content\\\/uploads\\\/2025\\\/07\\\/dd-publishing-logo-black.svg\",\"contentUrl\":\"https:\\\/\\\/ddpublishings.com\\\/wp-content\\\/uploads\\\/2025\\\/07\\\/dd-publishing-logo-black.svg\",\"width\":561,\"height\":454,\"caption\":\"ddpublishings\"},\"image\":{\"@id\":\"https:\\\/\\\/ddpublishings.com\\\/tr\\\/#\\\/schema\\\/logo\\\/image\\\/\"}}]}<\/script>\n<!-- \/ Yoast SEO plugin. -->","yoast_head_json":{"title":"Adaletin Ba\u015flang\u0131\u00e7 Noktas\u0131 - T\u00fcrk\u00e7e Bask\u0131 - ddpublishings","description":"Lawyer-writer Abdurrahim Dede, with his work \"Adaletin Ba\u015flang\u0131\u00e7 Noktas\u0131\" (The Starting Point of Justice), offers readers guiding wisdom into the origins...","robots":{"index":"index","follow":"follow","max-snippet":"max-snippet:-1","max-image-preview":"max-image-preview:large","max-video-preview":"max-video-preview:-1"},"canonical":"https:\/\/ddpublishings.com\/tr\/urun\/adaletin-baslangic-noktasi-turkish-edition\/","og_locale":"tr_TR","og_type":"article","og_title":"Adaletin Ba\u015flang\u0131\u00e7 Noktas\u0131 - T\u00fcrk\u00e7e Bask\u0131 - ddpublishings","og_description":"Lawyer-writer Abdurrahim Dede, with his work \"Adaletin Ba\u015flang\u0131\u00e7 Noktas\u0131\" (The Starting Point of Justice), offers readers guiding wisdom into the origins...","og_url":"https:\/\/ddpublishings.com\/tr\/urun\/adaletin-baslangic-noktasi-turkish-edition\/","og_site_name":"ddpublishings","article_modified_time":"2026-04-15T06:30:56+00:00","og_image":[{"width":447,"height":676,"url":"https:\/\/ddpublishings.com\/wp-content\/uploads\/2026\/04\/kapakx.png","type":"image\/png"}],"twitter_card":"summary_large_image","twitter_misc":{"Tahmini okuma s\u00fcresi":"1 dakika"},"schema":{"@context":"https:\/\/schema.org","@graph":[{"@type":"WebPage","@id":"https:\/\/ddpublishings.com\/tr\/urun\/adaletin-baslangic-noktasi-turkish-edition\/","url":"https:\/\/ddpublishings.com\/tr\/urun\/adaletin-baslangic-noktasi-turkish-edition\/","name":"Adaletin Ba\u015flang\u0131\u00e7 Noktas\u0131 - T\u00fcrk\u00e7e Bask\u0131 - ddpublishings","isPartOf":{"@id":"https:\/\/ddpublishings.com\/tr\/#website"},"primaryImageOfPage":{"@id":"https:\/\/ddpublishings.com\/tr\/urun\/adaletin-baslangic-noktasi-turkish-edition\/#primaryimage"},"image":{"@id":"https:\/\/ddpublishings.com\/tr\/urun\/adaletin-baslangic-noktasi-turkish-edition\/#primaryimage"},"thumbnailUrl":"https:\/\/ddpublishings.com\/wp-content\/uploads\/2026\/04\/kapakx.png","datePublished":"2026-04-15T06:30:25+00:00","dateModified":"2026-04-15T06:30:56+00:00","description":"Lawyer-writer Abdurrahim Dede, with his work \"Adaletin Ba\u015flang\u0131\u00e7 Noktas\u0131\" (The Starting Point of Justice), offers readers guiding wisdom into the origins...","breadcrumb":{"@id":"https:\/\/ddpublishings.com\/tr\/urun\/adaletin-baslangic-noktasi-turkish-edition\/#breadcrumb"},"inLanguage":"tr","potentialAction":[{"@type":"ReadAction","target":["https:\/\/ddpublishings.com\/tr\/urun\/adaletin-baslangic-noktasi-turkish-edition\/"]}]},{"@type":"ImageObject","inLanguage":"tr","@id":"https:\/\/ddpublishings.com\/tr\/urun\/adaletin-baslangic-noktasi-turkish-edition\/#primaryimage","url":"https:\/\/ddpublishings.com\/wp-content\/uploads\/2026\/04\/kapakx.png","contentUrl":"https:\/\/ddpublishings.com\/wp-content\/uploads\/2026\/04\/kapakx.png","width":447,"height":676},{"@type":"BreadcrumbList","@id":"https:\/\/ddpublishings.com\/tr\/urun\/adaletin-baslangic-noktasi-turkish-edition\/#breadcrumb","itemListElement":[{"@type":"ListItem","position":1,"name":"Home","item":"https:\/\/ddpublishings.com\/tr\/"},{"@type":"ListItem","position":2,"name":"Kitaplar","item":"https:\/\/ddpublishings.com\/tr\/kitaplar\/"},{"@type":"ListItem","position":3,"name":"Adaletin Ba\u015flang\u0131\u00e7 Noktas\u0131 &#8211; T\u00fcrk\u00e7e Bask\u0131"}]},{"@type":"WebSite","@id":"https:\/\/ddpublishings.com\/tr\/#website","url":"https:\/\/ddpublishings.com\/tr\/","name":"ddpublishings","description":"","publisher":{"@id":"https:\/\/ddpublishings.com\/tr\/#organization"},"potentialAction":[{"@type":"SearchAction","target":{"@type":"EntryPoint","urlTemplate":"https:\/\/ddpublishings.com\/tr\/?s={search_term_string}"},"query-input":{"@type":"PropertyValueSpecification","valueRequired":true,"valueName":"search_term_string"}}],"inLanguage":"tr"},{"@type":"Organization","@id":"https:\/\/ddpublishings.com\/tr\/#organization","name":"ddpublishings","url":"https:\/\/ddpublishings.com\/tr\/","logo":{"@type":"ImageObject","inLanguage":"tr","@id":"https:\/\/ddpublishings.com\/tr\/#\/schema\/logo\/image\/","url":"https:\/\/ddpublishings.com\/wp-content\/uploads\/2025\/07\/dd-publishing-logo-black.svg","contentUrl":"https:\/\/ddpublishings.com\/wp-content\/uploads\/2025\/07\/dd-publishing-logo-black.svg","width":561,"height":454,"caption":"ddpublishings"},"image":{"@id":"https:\/\/ddpublishings.com\/tr\/#\/schema\/logo\/image\/"}}]}},"_links":{"self":[{"href":"https:\/\/ddpublishings.com\/tr\/wp-json\/wp\/v2\/product\/4982","targetHints":{"allow":["GET"]}}],"collection":[{"href":"https:\/\/ddpublishings.com\/tr\/wp-json\/wp\/v2\/product"}],"about":[{"href":"https:\/\/ddpublishings.com\/tr\/wp-json\/wp\/v2\/types\/product"}],"replies":[{"embeddable":true,"href":"https:\/\/ddpublishings.com\/tr\/wp-json\/wp\/v2\/comments?post=4982"}],"wp:featuredmedia":[{"embeddable":true,"href":"https:\/\/ddpublishings.com\/tr\/wp-json\/wp\/v2\/media\/4977"}],"wp:attachment":[{"href":"https:\/\/ddpublishings.com\/tr\/wp-json\/wp\/v2\/media?parent=4982"}],"wp:term":[{"taxonomy":"product_cat","embeddable":true,"href":"https:\/\/ddpublishings.com\/tr\/wp-json\/wp\/v2\/product_cat?post=4982"},{"taxonomy":"product_tag","embeddable":true,"href":"https:\/\/ddpublishings.com\/tr\/wp-json\/wp\/v2\/product_tag?post=4982"}],"curies":[{"name":"wp","href":"https:\/\/api.w.org\/{rel}","templated":true}]}}