{"id":5031,"date":"2026-04-15T09:55:08","date_gmt":"2026-04-15T06:55:08","guid":{"rendered":"https:\/\/ddpublishings.com\/product\/insanin-yaratilisi-turkish-edition\/"},"modified":"2026-04-15T09:55:37","modified_gmt":"2026-04-15T06:55:37","slug":"insanin-yaratilisi-turkish-edition","status":"publish","type":"product","link":"https:\/\/ddpublishings.com\/tr\/urun\/insanin-yaratilisi-turkish-edition\/","title":{"rendered":"\u0130nsan\u0131n Yarat\u0131l\u0131\u015f\u0131 &#8211; T\u00fcrk\u00e7e Bask\u0131"},"content":{"rendered":"<p>Avukat-yazar Abdurrahim Dede, &#8220;\u0130nsan\u0131n Yarat\u0131l\u0131\u015f\u0131&#8221; adl\u0131 eseriyle okurlar\u0131n\u0131 varolu\u015fun en b\u00fcy\u00fck mucizesine do\u011fru rehber niteli\u011finde bir yolculu\u011fa davet ediyor. Kitap, insan bedeninin s\u0131radan bir biyolojik yap\u0131 de\u011fil, her h\u00fccresinde yarat\u0131l\u0131\u015f\u0131n b\u00fcy\u00fck senfonisini ta\u015f\u0131yan ola\u011fan\u00fcst\u00fc bir sanat eseri oldu\u011funa dair derin yans\u0131malar i\u00e7eriyor. \u0130nsan v\u00fccudunun her detay\u0131n\u0131 hakikati hat\u0131rlatan birer mesaj olarak kabul eden yazar; biyolojik ger\u00e7eklerden ve g\u00f6n\u00fcl g\u00f6z\u00fcyle s\u00fcz\u00fclen manevi tecr\u00fcbelerden b\u00fcy\u00fck hayat dersleri \u00e7\u0131kararak \u015f\u00fckran, emanet bilinci ve varolu\u015f gayesi \u00fczerine d\u00fc\u015f\u00fcnd\u00fcren \u00f6\u011f\u00fctler sunuyor.<\/p>\n","protected":false},"excerpt":{"rendered":"[dflip id=\"4997\" type=\"thumb\"][\/dflip]\n","protected":false},"featured_media":5022,"comment_status":"open","ping_status":"closed","template":"","meta":{"_acf_changed":false},"product_cat":[192,210,190],"product_tag":[203,264],"class_list":{"0":"post-5031","1":"product","2":"type-product","3":"status-publish","4":"has-post-thumbnail","6":"product_cat-cok-satanlar","7":"product_cat-turkce-yayinlar","8":"product_cat-yeni-cikanlar","9":"product_tag-abdurrahim-dede","10":"product_tag-insanin-yaratilisi","11":"pa_authors-abdurrahim-dede-tr","13":"first","14":"instock","15":"sale","16":"shipping-taxable","17":"purchasable","18":"product-type-variable","swatches":"rey-swatches","show_selected":""},"acf":[],"yoast_head":"<!-- This site is optimized with the Yoast SEO plugin v27.4 - https:\/\/yoast.com\/product\/yoast-seo-wordpress\/ -->\n<title>\u0130nsan\u0131n Yarat\u0131l\u0131\u015f\u0131 - T\u00fcrk\u00e7e Bask\u0131 - ddpublishings<\/title>\n<meta name=\"robots\" content=\"index, follow, max-snippet:-1, max-image-preview:large, max-video-preview:-1\" \/>\n<link rel=\"canonical\" href=\"https:\/\/ddpublishings.com\/tr\/urun\/insanin-yaratilisi-turkish-edition\/\" \/>\n<meta property=\"og:locale\" content=\"tr_TR\" \/>\n<meta property=\"og:type\" content=\"article\" \/>\n<meta property=\"og:title\" content=\"\u0130nsan\u0131n Yarat\u0131l\u0131\u015f\u0131 - T\u00fcrk\u00e7e Bask\u0131 - ddpublishings\" \/>\n<meta property=\"og:url\" content=\"https:\/\/ddpublishings.com\/tr\/urun\/insanin-yaratilisi-turkish-edition\/\" \/>\n<meta property=\"og:site_name\" content=\"ddpublishings\" \/>\n<meta property=\"article:modified_time\" content=\"2026-04-15T06:55:37+00:00\" \/>\n<meta property=\"og:image\" content=\"https:\/\/ddpublishings.com\/wp-content\/uploads\/2026\/04\/insaninyaratilisikapak.png\" \/>\n\t<meta property=\"og:image:width\" content=\"398\" \/>\n\t<meta property=\"og:image:height\" content=\"632\" \/>\n\t<meta property=\"og:image:type\" content=\"image\/png\" \/>\n<meta name=\"twitter:card\" content=\"summary_large_image\" \/>\n<meta name=\"twitter:description\" content=\"[dflip id=&quot;4997&quot; type=&quot;thumb&quot;][\/dflip]\" \/>\n<meta name=\"twitter:label1\" content=\"Tahmini okuma s\u00fcresi\" \/>\n\t<meta name=\"twitter:data1\" content=\"1 dakika\" \/>\n<script type=\"application\/ld+json\" class=\"yoast-schema-graph\">{\"@context\":\"https:\\\/\\\/schema.org\",\"@graph\":[{\"@type\":\"WebPage\",\"@id\":\"https:\\\/\\\/ddpublishings.com\\\/tr\\\/urun\\\/insanin-yaratilisi-turkish-edition\\\/\",\"url\":\"https:\\\/\\\/ddpublishings.com\\\/tr\\\/urun\\\/insanin-yaratilisi-turkish-edition\\\/\",\"name\":\"\u0130nsan\u0131n Yarat\u0131l\u0131\u015f\u0131 - T\u00fcrk\u00e7e Bask\u0131 - ddpublishings\",\"isPartOf\":{\"@id\":\"https:\\\/\\\/ddpublishings.com\\\/tr\\\/#website\"},\"primaryImageOfPage\":{\"@id\":\"https:\\\/\\\/ddpublishings.com\\\/tr\\\/urun\\\/insanin-yaratilisi-turkish-edition\\\/#primaryimage\"},\"image\":{\"@id\":\"https:\\\/\\\/ddpublishings.com\\\/tr\\\/urun\\\/insanin-yaratilisi-turkish-edition\\\/#primaryimage\"},\"thumbnailUrl\":\"https:\\\/\\\/ddpublishings.com\\\/wp-content\\\/uploads\\\/2026\\\/04\\\/insaninyaratilisikapak.png\",\"datePublished\":\"2026-04-15T06:55:08+00:00\",\"dateModified\":\"2026-04-15T06:55:37+00:00\",\"breadcrumb\":{\"@id\":\"https:\\\/\\\/ddpublishings.com\\\/tr\\\/urun\\\/insanin-yaratilisi-turkish-edition\\\/#breadcrumb\"},\"inLanguage\":\"tr\",\"potentialAction\":[{\"@type\":\"ReadAction\",\"target\":[\"https:\\\/\\\/ddpublishings.com\\\/tr\\\/urun\\\/insanin-yaratilisi-turkish-edition\\\/\"]}]},{\"@type\":\"ImageObject\",\"inLanguage\":\"tr\",\"@id\":\"https:\\\/\\\/ddpublishings.com\\\/tr\\\/urun\\\/insanin-yaratilisi-turkish-edition\\\/#primaryimage\",\"url\":\"https:\\\/\\\/ddpublishings.com\\\/wp-content\\\/uploads\\\/2026\\\/04\\\/insaninyaratilisikapak.png\",\"contentUrl\":\"https:\\\/\\\/ddpublishings.com\\\/wp-content\\\/uploads\\\/2026\\\/04\\\/insaninyaratilisikapak.png\",\"width\":398,\"height\":632},{\"@type\":\"BreadcrumbList\",\"@id\":\"https:\\\/\\\/ddpublishings.com\\\/tr\\\/urun\\\/insanin-yaratilisi-turkish-edition\\\/#breadcrumb\",\"itemListElement\":[{\"@type\":\"ListItem\",\"position\":1,\"name\":\"Home\",\"item\":\"https:\\\/\\\/ddpublishings.com\\\/tr\\\/\"},{\"@type\":\"ListItem\",\"position\":2,\"name\":\"Kitaplar\",\"item\":\"https:\\\/\\\/ddpublishings.com\\\/tr\\\/kitaplar\\\/\"},{\"@type\":\"ListItem\",\"position\":3,\"name\":\"\u0130nsan\u0131n Yarat\u0131l\u0131\u015f\u0131 &#8211; T\u00fcrk\u00e7e Bask\u0131\"}]},{\"@type\":\"WebSite\",\"@id\":\"https:\\\/\\\/ddpublishings.com\\\/tr\\\/#website\",\"url\":\"https:\\\/\\\/ddpublishings.com\\\/tr\\\/\",\"name\":\"ddpublishings\",\"description\":\"\",\"publisher\":{\"@id\":\"https:\\\/\\\/ddpublishings.com\\\/tr\\\/#organization\"},\"potentialAction\":[{\"@type\":\"SearchAction\",\"target\":{\"@type\":\"EntryPoint\",\"urlTemplate\":\"https:\\\/\\\/ddpublishings.com\\\/tr\\\/?s={search_term_string}\"},\"query-input\":{\"@type\":\"PropertyValueSpecification\",\"valueRequired\":true,\"valueName\":\"search_term_string\"}}],\"inLanguage\":\"tr\"},{\"@type\":\"Organization\",\"@id\":\"https:\\\/\\\/ddpublishings.com\\\/tr\\\/#organization\",\"name\":\"ddpublishings\",\"url\":\"https:\\\/\\\/ddpublishings.com\\\/tr\\\/\",\"logo\":{\"@type\":\"ImageObject\",\"inLanguage\":\"tr\",\"@id\":\"https:\\\/\\\/ddpublishings.com\\\/tr\\\/#\\\/schema\\\/logo\\\/image\\\/\",\"url\":\"https:\\\/\\\/ddpublishings.com\\\/wp-content\\\/uploads\\\/2025\\\/07\\\/dd-publishing-logo-black.svg\",\"contentUrl\":\"https:\\\/\\\/ddpublishings.com\\\/wp-content\\\/uploads\\\/2025\\\/07\\\/dd-publishing-logo-black.svg\",\"width\":561,\"height\":454,\"caption\":\"ddpublishings\"},\"image\":{\"@id\":\"https:\\\/\\\/ddpublishings.com\\\/tr\\\/#\\\/schema\\\/logo\\\/image\\\/\"}}]}<\/script>\n<!-- \/ Yoast SEO plugin. -->","yoast_head_json":{"title":"\u0130nsan\u0131n Yarat\u0131l\u0131\u015f\u0131 - T\u00fcrk\u00e7e Bask\u0131 - ddpublishings","robots":{"index":"index","follow":"follow","max-snippet":"max-snippet:-1","max-image-preview":"max-image-preview:large","max-video-preview":"max-video-preview:-1"},"canonical":"https:\/\/ddpublishings.com\/tr\/urun\/insanin-yaratilisi-turkish-edition\/","og_locale":"tr_TR","og_type":"article","og_title":"\u0130nsan\u0131n Yarat\u0131l\u0131\u015f\u0131 - T\u00fcrk\u00e7e Bask\u0131 - ddpublishings","og_url":"https:\/\/ddpublishings.com\/tr\/urun\/insanin-yaratilisi-turkish-edition\/","og_site_name":"ddpublishings","article_modified_time":"2026-04-15T06:55:37+00:00","og_image":[{"width":398,"height":632,"url":"https:\/\/ddpublishings.com\/wp-content\/uploads\/2026\/04\/insaninyaratilisikapak.png","type":"image\/png"}],"twitter_card":"summary_large_image","twitter_description":"[dflip id=\"4997\" type=\"thumb\"][\/dflip]","twitter_misc":{"Tahmini okuma s\u00fcresi":"1 dakika"},"schema":{"@context":"https:\/\/schema.org","@graph":[{"@type":"WebPage","@id":"https:\/\/ddpublishings.com\/tr\/urun\/insanin-yaratilisi-turkish-edition\/","url":"https:\/\/ddpublishings.com\/tr\/urun\/insanin-yaratilisi-turkish-edition\/","name":"\u0130nsan\u0131n Yarat\u0131l\u0131\u015f\u0131 - T\u00fcrk\u00e7e Bask\u0131 - ddpublishings","isPartOf":{"@id":"https:\/\/ddpublishings.com\/tr\/#website"},"primaryImageOfPage":{"@id":"https:\/\/ddpublishings.com\/tr\/urun\/insanin-yaratilisi-turkish-edition\/#primaryimage"},"image":{"@id":"https:\/\/ddpublishings.com\/tr\/urun\/insanin-yaratilisi-turkish-edition\/#primaryimage"},"thumbnailUrl":"https:\/\/ddpublishings.com\/wp-content\/uploads\/2026\/04\/insaninyaratilisikapak.png","datePublished":"2026-04-15T06:55:08+00:00","dateModified":"2026-04-15T06:55:37+00:00","breadcrumb":{"@id":"https:\/\/ddpublishings.com\/tr\/urun\/insanin-yaratilisi-turkish-edition\/#breadcrumb"},"inLanguage":"tr","potentialAction":[{"@type":"ReadAction","target":["https:\/\/ddpublishings.com\/tr\/urun\/insanin-yaratilisi-turkish-edition\/"]}]},{"@type":"ImageObject","inLanguage":"tr","@id":"https:\/\/ddpublishings.com\/tr\/urun\/insanin-yaratilisi-turkish-edition\/#primaryimage","url":"https:\/\/ddpublishings.com\/wp-content\/uploads\/2026\/04\/insaninyaratilisikapak.png","contentUrl":"https:\/\/ddpublishings.com\/wp-content\/uploads\/2026\/04\/insaninyaratilisikapak.png","width":398,"height":632},{"@type":"BreadcrumbList","@id":"https:\/\/ddpublishings.com\/tr\/urun\/insanin-yaratilisi-turkish-edition\/#breadcrumb","itemListElement":[{"@type":"ListItem","position":1,"name":"Home","item":"https:\/\/ddpublishings.com\/tr\/"},{"@type":"ListItem","position":2,"name":"Kitaplar","item":"https:\/\/ddpublishings.com\/tr\/kitaplar\/"},{"@type":"ListItem","position":3,"name":"\u0130nsan\u0131n Yarat\u0131l\u0131\u015f\u0131 &#8211; T\u00fcrk\u00e7e Bask\u0131"}]},{"@type":"WebSite","@id":"https:\/\/ddpublishings.com\/tr\/#website","url":"https:\/\/ddpublishings.com\/tr\/","name":"ddpublishings","description":"","publisher":{"@id":"https:\/\/ddpublishings.com\/tr\/#organization"},"potentialAction":[{"@type":"SearchAction","target":{"@type":"EntryPoint","urlTemplate":"https:\/\/ddpublishings.com\/tr\/?s={search_term_string}"},"query-input":{"@type":"PropertyValueSpecification","valueRequired":true,"valueName":"search_term_string"}}],"inLanguage":"tr"},{"@type":"Organization","@id":"https:\/\/ddpublishings.com\/tr\/#organization","name":"ddpublishings","url":"https:\/\/ddpublishings.com\/tr\/","logo":{"@type":"ImageObject","inLanguage":"tr","@id":"https:\/\/ddpublishings.com\/tr\/#\/schema\/logo\/image\/","url":"https:\/\/ddpublishings.com\/wp-content\/uploads\/2025\/07\/dd-publishing-logo-black.svg","contentUrl":"https:\/\/ddpublishings.com\/wp-content\/uploads\/2025\/07\/dd-publishing-logo-black.svg","width":561,"height":454,"caption":"ddpublishings"},"image":{"@id":"https:\/\/ddpublishings.com\/tr\/#\/schema\/logo\/image\/"}}]}},"_links":{"self":[{"href":"https:\/\/ddpublishings.com\/tr\/wp-json\/wp\/v2\/product\/5031","targetHints":{"allow":["GET"]}}],"collection":[{"href":"https:\/\/ddpublishings.com\/tr\/wp-json\/wp\/v2\/product"}],"about":[{"href":"https:\/\/ddpublishings.com\/tr\/wp-json\/wp\/v2\/types\/product"}],"replies":[{"embeddable":true,"href":"https:\/\/ddpublishings.com\/tr\/wp-json\/wp\/v2\/comments?post=5031"}],"wp:featuredmedia":[{"embeddable":true,"href":"https:\/\/ddpublishings.com\/tr\/wp-json\/wp\/v2\/media\/5022"}],"wp:attachment":[{"href":"https:\/\/ddpublishings.com\/tr\/wp-json\/wp\/v2\/media?parent=5031"}],"wp:term":[{"taxonomy":"product_cat","embeddable":true,"href":"https:\/\/ddpublishings.com\/tr\/wp-json\/wp\/v2\/product_cat?post=5031"},{"taxonomy":"product_tag","embeddable":true,"href":"https:\/\/ddpublishings.com\/tr\/wp-json\/wp\/v2\/product_tag?post=5031"}],"curies":[{"name":"wp","href":"https:\/\/api.w.org\/{rel}","templated":true}]}}