{"id":5054,"date":"2026-04-15T10:02:46","date_gmt":"2026-04-15T07:02:46","guid":{"rendered":"https:\/\/ddpublishings.com\/product\/iyilikten-maraz-dogar-mi-turkish-edition\/"},"modified":"2026-04-15T10:03:22","modified_gmt":"2026-04-15T07:03:22","slug":"iyilikten-maraz-dogar-mi-turkish-edition","status":"publish","type":"product","link":"https:\/\/ddpublishings.com\/tr\/urun\/iyilikten-maraz-dogar-mi-turkish-edition\/","title":{"rendered":"\u0130yilikten Maraz Do\u011far m\u0131? &#8211; T\u00fcrk\u00e7e Bask\u0131"},"content":{"rendered":"<p>Avukat-yazar Abdurrahim Dede, &#8220;\u0130yilikten Maraz Do\u011far m\u0131?&#8221; adl\u0131 eseriyle okurlar\u0131n\u0131 hukuk ve insan do\u011fas\u0131n\u0131n \u00e7eli\u015fkili koridorlar\u0131nda sars\u0131c\u0131 bir yolculu\u011fa davet ediyor. Kitap, mahkeme salonlar\u0131n\u0131n so\u011fuk duvarlar\u0131 aras\u0131nda yank\u0131lanan ger\u00e7ek hik\u00e2yelerden ve derin i\u00e7sel aray\u0131\u015flardan s\u00fcz\u00fclm\u00fc\u015f hayat\u0131n anlam\u0131 \u00fczerine yans\u0131malar i\u00e7eriyor. \u0130yi niyetin bazen beklenmedik f\u0131rt\u0131nalara yol a\u00e7t\u0131\u011f\u0131 bu anlat\u0131da yazar; dava dosyalar\u0131ndan ve hayat\u0131n en keskin virajlar\u0131ndan b\u00fcy\u00fck dersler \u00e7\u0131kararak sadakat, nank\u00f6rl\u00fck, adalet ve sab\u0131r \u00fczerine d\u00fc\u015f\u00fcnd\u00fcren \u00f6\u011f\u00fctler sunuyor. Eser, her iyili\u011fin ard\u0131ndaki manevi hikmeti ke\u015ffetmek isteyen okur i\u00e7in rehber niteli\u011finde bir bilgelik sunuyor.<\/p>\n","protected":false},"excerpt":{"rendered":"[dflip id=\"5024\" type=\"thumb\"][\/dflip]\n","protected":false},"featured_media":5042,"comment_status":"open","ping_status":"closed","template":"","meta":{"_acf_changed":false},"product_cat":[192,210,190],"product_tag":[203,267],"class_list":{"0":"post-5054","1":"product","2":"type-product","3":"status-publish","4":"has-post-thumbnail","6":"product_cat-cok-satanlar","7":"product_cat-turkce-yayinlar","8":"product_cat-yeni-cikanlar","9":"product_tag-abdurrahim-dede","10":"product_tag-iyilikten-maraz-dogar-mi","11":"pa_authors-abdurrahim-dede-tr","13":"first","14":"instock","15":"sale","16":"shipping-taxable","17":"purchasable","18":"product-type-variable","swatches":"rey-swatches","show_selected":""},"acf":[],"yoast_head":"<!-- This site is optimized with the Yoast SEO plugin v27.4 - https:\/\/yoast.com\/product\/yoast-seo-wordpress\/ -->\n<title>\u0130yilikten Maraz Do\u011far m\u0131? - T\u00fcrk\u00e7e Bask\u0131 - ddpublishings<\/title>\n<meta name=\"description\" content=\"Lawyer-writer Abdurrahim Dede, with his work &quot;\u0130yilikten Maraz Do\u011far m\u0131?&quot;, invites readers into the conflicting corridors of law and human nature.\" \/>\n<meta name=\"robots\" content=\"index, follow, max-snippet:-1, max-image-preview:large, max-video-preview:-1\" \/>\n<link rel=\"canonical\" href=\"https:\/\/ddpublishings.com\/tr\/urun\/iyilikten-maraz-dogar-mi-turkish-edition\/\" \/>\n<meta property=\"og:locale\" content=\"tr_TR\" \/>\n<meta property=\"og:type\" content=\"article\" \/>\n<meta property=\"og:title\" content=\"\u0130yilikten Maraz Do\u011far m\u0131? - T\u00fcrk\u00e7e Bask\u0131 - ddpublishings\" \/>\n<meta property=\"og:description\" content=\"Lawyer-writer Abdurrahim Dede, with his work &quot;\u0130yilikten Maraz Do\u011far m\u0131?&quot;, invites readers into the conflicting corridors of law and human nature.\" \/>\n<meta property=\"og:url\" content=\"https:\/\/ddpublishings.com\/tr\/urun\/iyilikten-maraz-dogar-mi-turkish-edition\/\" \/>\n<meta property=\"og:site_name\" content=\"ddpublishings\" \/>\n<meta property=\"article:modified_time\" content=\"2026-04-15T07:03:22+00:00\" \/>\n<meta property=\"og:image\" content=\"https:\/\/ddpublishings.com\/wp-content\/uploads\/2026\/04\/iyilikten-MARAZ-dogar-mi.jpeg\" \/>\n\t<meta property=\"og:image:width\" content=\"433\" \/>\n\t<meta property=\"og:image:height\" content=\"657\" \/>\n\t<meta property=\"og:image:type\" content=\"image\/jpeg\" \/>\n<meta name=\"twitter:card\" content=\"summary_large_image\" \/>\n<meta name=\"twitter:label1\" content=\"Tahmini okuma s\u00fcresi\" \/>\n\t<meta name=\"twitter:data1\" content=\"1 dakika\" \/>\n<script type=\"application\/ld+json\" class=\"yoast-schema-graph\">{\"@context\":\"https:\\\/\\\/schema.org\",\"@graph\":[{\"@type\":\"WebPage\",\"@id\":\"https:\\\/\\\/ddpublishings.com\\\/tr\\\/urun\\\/iyilikten-maraz-dogar-mi-turkish-edition\\\/\",\"url\":\"https:\\\/\\\/ddpublishings.com\\\/tr\\\/urun\\\/iyilikten-maraz-dogar-mi-turkish-edition\\\/\",\"name\":\"\u0130yilikten Maraz Do\u011far m\u0131? - T\u00fcrk\u00e7e Bask\u0131 - ddpublishings\",\"isPartOf\":{\"@id\":\"https:\\\/\\\/ddpublishings.com\\\/tr\\\/#website\"},\"primaryImageOfPage\":{\"@id\":\"https:\\\/\\\/ddpublishings.com\\\/tr\\\/urun\\\/iyilikten-maraz-dogar-mi-turkish-edition\\\/#primaryimage\"},\"image\":{\"@id\":\"https:\\\/\\\/ddpublishings.com\\\/tr\\\/urun\\\/iyilikten-maraz-dogar-mi-turkish-edition\\\/#primaryimage\"},\"thumbnailUrl\":\"https:\\\/\\\/ddpublishings.com\\\/wp-content\\\/uploads\\\/2026\\\/04\\\/iyilikten-MARAZ-dogar-mi.jpeg\",\"datePublished\":\"2026-04-15T07:02:46+00:00\",\"dateModified\":\"2026-04-15T07:03:22+00:00\",\"description\":\"Lawyer-writer Abdurrahim Dede, with his work \\\"\u0130yilikten Maraz Do\u011far m\u0131?\\\", invites readers into the conflicting corridors of law and human nature.\",\"breadcrumb\":{\"@id\":\"https:\\\/\\\/ddpublishings.com\\\/tr\\\/urun\\\/iyilikten-maraz-dogar-mi-turkish-edition\\\/#breadcrumb\"},\"inLanguage\":\"tr\",\"potentialAction\":[{\"@type\":\"ReadAction\",\"target\":[\"https:\\\/\\\/ddpublishings.com\\\/tr\\\/urun\\\/iyilikten-maraz-dogar-mi-turkish-edition\\\/\"]}]},{\"@type\":\"ImageObject\",\"inLanguage\":\"tr\",\"@id\":\"https:\\\/\\\/ddpublishings.com\\\/tr\\\/urun\\\/iyilikten-maraz-dogar-mi-turkish-edition\\\/#primaryimage\",\"url\":\"https:\\\/\\\/ddpublishings.com\\\/wp-content\\\/uploads\\\/2026\\\/04\\\/iyilikten-MARAZ-dogar-mi.jpeg\",\"contentUrl\":\"https:\\\/\\\/ddpublishings.com\\\/wp-content\\\/uploads\\\/2026\\\/04\\\/iyilikten-MARAZ-dogar-mi.jpeg\",\"width\":433,\"height\":657},{\"@type\":\"BreadcrumbList\",\"@id\":\"https:\\\/\\\/ddpublishings.com\\\/tr\\\/urun\\\/iyilikten-maraz-dogar-mi-turkish-edition\\\/#breadcrumb\",\"itemListElement\":[{\"@type\":\"ListItem\",\"position\":1,\"name\":\"Home\",\"item\":\"https:\\\/\\\/ddpublishings.com\\\/tr\\\/\"},{\"@type\":\"ListItem\",\"position\":2,\"name\":\"Kitaplar\",\"item\":\"https:\\\/\\\/ddpublishings.com\\\/tr\\\/kitaplar\\\/\"},{\"@type\":\"ListItem\",\"position\":3,\"name\":\"\u0130yilikten Maraz Do\u011far m\u0131? &#8211; T\u00fcrk\u00e7e Bask\u0131\"}]},{\"@type\":\"WebSite\",\"@id\":\"https:\\\/\\\/ddpublishings.com\\\/tr\\\/#website\",\"url\":\"https:\\\/\\\/ddpublishings.com\\\/tr\\\/\",\"name\":\"ddpublishings\",\"description\":\"\",\"publisher\":{\"@id\":\"https:\\\/\\\/ddpublishings.com\\\/tr\\\/#organization\"},\"potentialAction\":[{\"@type\":\"SearchAction\",\"target\":{\"@type\":\"EntryPoint\",\"urlTemplate\":\"https:\\\/\\\/ddpublishings.com\\\/tr\\\/?s={search_term_string}\"},\"query-input\":{\"@type\":\"PropertyValueSpecification\",\"valueRequired\":true,\"valueName\":\"search_term_string\"}}],\"inLanguage\":\"tr\"},{\"@type\":\"Organization\",\"@id\":\"https:\\\/\\\/ddpublishings.com\\\/tr\\\/#organization\",\"name\":\"ddpublishings\",\"url\":\"https:\\\/\\\/ddpublishings.com\\\/tr\\\/\",\"logo\":{\"@type\":\"ImageObject\",\"inLanguage\":\"tr\",\"@id\":\"https:\\\/\\\/ddpublishings.com\\\/tr\\\/#\\\/schema\\\/logo\\\/image\\\/\",\"url\":\"https:\\\/\\\/ddpublishings.com\\\/wp-content\\\/uploads\\\/2025\\\/07\\\/dd-publishing-logo-black.svg\",\"contentUrl\":\"https:\\\/\\\/ddpublishings.com\\\/wp-content\\\/uploads\\\/2025\\\/07\\\/dd-publishing-logo-black.svg\",\"width\":561,\"height\":454,\"caption\":\"ddpublishings\"},\"image\":{\"@id\":\"https:\\\/\\\/ddpublishings.com\\\/tr\\\/#\\\/schema\\\/logo\\\/image\\\/\"}}]}<\/script>\n<!-- \/ Yoast SEO plugin. -->","yoast_head_json":{"title":"\u0130yilikten Maraz Do\u011far m\u0131? - T\u00fcrk\u00e7e Bask\u0131 - ddpublishings","description":"Lawyer-writer Abdurrahim Dede, with his work \"\u0130yilikten Maraz Do\u011far m\u0131?\", invites readers into the conflicting corridors of law and human nature.","robots":{"index":"index","follow":"follow","max-snippet":"max-snippet:-1","max-image-preview":"max-image-preview:large","max-video-preview":"max-video-preview:-1"},"canonical":"https:\/\/ddpublishings.com\/tr\/urun\/iyilikten-maraz-dogar-mi-turkish-edition\/","og_locale":"tr_TR","og_type":"article","og_title":"\u0130yilikten Maraz Do\u011far m\u0131? - T\u00fcrk\u00e7e Bask\u0131 - ddpublishings","og_description":"Lawyer-writer Abdurrahim Dede, with his work \"\u0130yilikten Maraz Do\u011far m\u0131?\", invites readers into the conflicting corridors of law and human nature.","og_url":"https:\/\/ddpublishings.com\/tr\/urun\/iyilikten-maraz-dogar-mi-turkish-edition\/","og_site_name":"ddpublishings","article_modified_time":"2026-04-15T07:03:22+00:00","og_image":[{"width":433,"height":657,"url":"https:\/\/ddpublishings.com\/wp-content\/uploads\/2026\/04\/iyilikten-MARAZ-dogar-mi.jpeg","type":"image\/jpeg"}],"twitter_card":"summary_large_image","twitter_misc":{"Tahmini okuma s\u00fcresi":"1 dakika"},"schema":{"@context":"https:\/\/schema.org","@graph":[{"@type":"WebPage","@id":"https:\/\/ddpublishings.com\/tr\/urun\/iyilikten-maraz-dogar-mi-turkish-edition\/","url":"https:\/\/ddpublishings.com\/tr\/urun\/iyilikten-maraz-dogar-mi-turkish-edition\/","name":"\u0130yilikten Maraz Do\u011far m\u0131? - T\u00fcrk\u00e7e Bask\u0131 - ddpublishings","isPartOf":{"@id":"https:\/\/ddpublishings.com\/tr\/#website"},"primaryImageOfPage":{"@id":"https:\/\/ddpublishings.com\/tr\/urun\/iyilikten-maraz-dogar-mi-turkish-edition\/#primaryimage"},"image":{"@id":"https:\/\/ddpublishings.com\/tr\/urun\/iyilikten-maraz-dogar-mi-turkish-edition\/#primaryimage"},"thumbnailUrl":"https:\/\/ddpublishings.com\/wp-content\/uploads\/2026\/04\/iyilikten-MARAZ-dogar-mi.jpeg","datePublished":"2026-04-15T07:02:46+00:00","dateModified":"2026-04-15T07:03:22+00:00","description":"Lawyer-writer Abdurrahim Dede, with his work \"\u0130yilikten Maraz Do\u011far m\u0131?\", invites readers into the conflicting corridors of law and human nature.","breadcrumb":{"@id":"https:\/\/ddpublishings.com\/tr\/urun\/iyilikten-maraz-dogar-mi-turkish-edition\/#breadcrumb"},"inLanguage":"tr","potentialAction":[{"@type":"ReadAction","target":["https:\/\/ddpublishings.com\/tr\/urun\/iyilikten-maraz-dogar-mi-turkish-edition\/"]}]},{"@type":"ImageObject","inLanguage":"tr","@id":"https:\/\/ddpublishings.com\/tr\/urun\/iyilikten-maraz-dogar-mi-turkish-edition\/#primaryimage","url":"https:\/\/ddpublishings.com\/wp-content\/uploads\/2026\/04\/iyilikten-MARAZ-dogar-mi.jpeg","contentUrl":"https:\/\/ddpublishings.com\/wp-content\/uploads\/2026\/04\/iyilikten-MARAZ-dogar-mi.jpeg","width":433,"height":657},{"@type":"BreadcrumbList","@id":"https:\/\/ddpublishings.com\/tr\/urun\/iyilikten-maraz-dogar-mi-turkish-edition\/#breadcrumb","itemListElement":[{"@type":"ListItem","position":1,"name":"Home","item":"https:\/\/ddpublishings.com\/tr\/"},{"@type":"ListItem","position":2,"name":"Kitaplar","item":"https:\/\/ddpublishings.com\/tr\/kitaplar\/"},{"@type":"ListItem","position":3,"name":"\u0130yilikten Maraz Do\u011far m\u0131? &#8211; T\u00fcrk\u00e7e Bask\u0131"}]},{"@type":"WebSite","@id":"https:\/\/ddpublishings.com\/tr\/#website","url":"https:\/\/ddpublishings.com\/tr\/","name":"ddpublishings","description":"","publisher":{"@id":"https:\/\/ddpublishings.com\/tr\/#organization"},"potentialAction":[{"@type":"SearchAction","target":{"@type":"EntryPoint","urlTemplate":"https:\/\/ddpublishings.com\/tr\/?s={search_term_string}"},"query-input":{"@type":"PropertyValueSpecification","valueRequired":true,"valueName":"search_term_string"}}],"inLanguage":"tr"},{"@type":"Organization","@id":"https:\/\/ddpublishings.com\/tr\/#organization","name":"ddpublishings","url":"https:\/\/ddpublishings.com\/tr\/","logo":{"@type":"ImageObject","inLanguage":"tr","@id":"https:\/\/ddpublishings.com\/tr\/#\/schema\/logo\/image\/","url":"https:\/\/ddpublishings.com\/wp-content\/uploads\/2025\/07\/dd-publishing-logo-black.svg","contentUrl":"https:\/\/ddpublishings.com\/wp-content\/uploads\/2025\/07\/dd-publishing-logo-black.svg","width":561,"height":454,"caption":"ddpublishings"},"image":{"@id":"https:\/\/ddpublishings.com\/tr\/#\/schema\/logo\/image\/"}}]}},"_links":{"self":[{"href":"https:\/\/ddpublishings.com\/tr\/wp-json\/wp\/v2\/product\/5054","targetHints":{"allow":["GET"]}}],"collection":[{"href":"https:\/\/ddpublishings.com\/tr\/wp-json\/wp\/v2\/product"}],"about":[{"href":"https:\/\/ddpublishings.com\/tr\/wp-json\/wp\/v2\/types\/product"}],"replies":[{"embeddable":true,"href":"https:\/\/ddpublishings.com\/tr\/wp-json\/wp\/v2\/comments?post=5054"}],"wp:featuredmedia":[{"embeddable":true,"href":"https:\/\/ddpublishings.com\/tr\/wp-json\/wp\/v2\/media\/5042"}],"wp:attachment":[{"href":"https:\/\/ddpublishings.com\/tr\/wp-json\/wp\/v2\/media?parent=5054"}],"wp:term":[{"taxonomy":"product_cat","embeddable":true,"href":"https:\/\/ddpublishings.com\/tr\/wp-json\/wp\/v2\/product_cat?post=5054"},{"taxonomy":"product_tag","embeddable":true,"href":"https:\/\/ddpublishings.com\/tr\/wp-json\/wp\/v2\/product_tag?post=5054"}],"curies":[{"name":"wp","href":"https:\/\/api.w.org\/{rel}","templated":true}]}}