{"id":5125,"date":"2026-04-15T10:17:02","date_gmt":"2026-04-15T07:17:02","guid":{"rendered":"https:\/\/ddpublishings.com\/product\/doktor-hatasi-mantarlar-turkish-edition\/"},"modified":"2026-04-15T10:17:34","modified_gmt":"2026-04-15T07:17:34","slug":"doktor-hatasi-mantarlar-turkish-edition","status":"publish","type":"product","link":"https:\/\/ddpublishings.com\/tr\/urun\/doktor-hatasi-mantarlar-turkish-edition\/","title":{"rendered":"Doktor Hatas\u0131 &#8211; Mantarlar &#8211; T\u00fcrk\u00e7e Bask\u0131"},"content":{"rendered":"<p data-path-to-node=\"5\">Avukat-yazar Abdurrahim Dede, &#8220;Doktor Hatas\u0131 &#8211; Mantarlar&#8221; adl\u0131 eseriyle okurlar\u0131n\u0131 hukuk, t\u0131p ve do\u011fan\u0131n gizemli kesi\u015fiminde sars\u0131c\u0131 bir ke\u015ffe davet ediyor. Kitap; t\u0131bbi ger\u00e7ekler, hukuki s\u00fcre\u00e7ler ve tasavvufi derinli\u011fin birle\u015fti\u011fi, belgesel ger\u00e7eklik ile metafizik sezgi aras\u0131nda k\u00f6pr\u00fc kuran \u00f6zg\u00fcn yans\u0131malar i\u00e7eriyor. Mantarlar\u0131 ve do\u011fan\u0131n i\u015fleyi\u015fini insan\u0131n varolu\u015fsal d\u00f6ng\u00fcs\u00fcyle ba\u011fda\u015ft\u0131ran yazar; bir t\u0131bbi hata dosyas\u0131ndan yola \u00e7\u0131karak \u015fifa, sorumluluk, hayat\u0131n ge\u00e7icili\u011fi ve do\u011fa ile insan aras\u0131ndaki kopmaz ba\u011f \u00fczerine okuru derin bir tefekk\u00fcre sevk eden rehber niteli\u011finde \u00f6\u011f\u00fctler sunuyor.<\/p>\n","protected":false},"excerpt":{"rendered":"[dflip id=\"5096\" type=\"thumb\"][\/dflip]\n","protected":false},"featured_media":5108,"comment_status":"open","ping_status":"closed","template":"","meta":{"_acf_changed":false},"product_cat":[192,210,190],"product_tag":[203,279],"class_list":{"0":"post-5125","1":"product","2":"type-product","3":"status-publish","4":"has-post-thumbnail","6":"product_cat-cok-satanlar","7":"product_cat-turkce-yayinlar","8":"product_cat-yeni-cikanlar","9":"product_tag-abdurrahim-dede","10":"product_tag-doktor-hatasi-mantarlar-2","11":"pa_authors-abdurrahim-dede-tr","13":"first","14":"instock","15":"sale","16":"shipping-taxable","17":"purchasable","18":"product-type-variable","swatches":"rey-swatches","show_selected":""},"acf":[],"yoast_head":"<!-- This site is optimized with the Yoast SEO plugin v27.4 - https:\/\/yoast.com\/product\/yoast-seo-wordpress\/ -->\n<title>Doktor Hatas\u0131 - Mantarlar - T\u00fcrk\u00e7e Bask\u0131 - ddpublishings<\/title>\n<meta name=\"description\" content=\"Lawyer-writer Abdurrahim Dede, with his work &quot;Doctor Error - Mushrooms&quot;, invites readers on a profound exploration at the mysterious intersection of law...\" \/>\n<meta name=\"robots\" content=\"index, follow, max-snippet:-1, max-image-preview:large, max-video-preview:-1\" \/>\n<link rel=\"canonical\" href=\"https:\/\/ddpublishings.com\/tr\/urun\/doktor-hatasi-mantarlar-turkish-edition\/\" \/>\n<meta property=\"og:locale\" content=\"tr_TR\" \/>\n<meta property=\"og:type\" content=\"article\" \/>\n<meta property=\"og:title\" content=\"Doktor Hatas\u0131 - Mantarlar - T\u00fcrk\u00e7e Bask\u0131 - ddpublishings\" \/>\n<meta property=\"og:description\" content=\"Lawyer-writer Abdurrahim Dede, with his work &quot;Doctor Error - Mushrooms&quot;, invites readers on a profound exploration at the mysterious intersection of law...\" \/>\n<meta property=\"og:url\" content=\"https:\/\/ddpublishings.com\/tr\/urun\/doktor-hatasi-mantarlar-turkish-edition\/\" \/>\n<meta property=\"og:site_name\" content=\"ddpublishings\" \/>\n<meta property=\"article:modified_time\" content=\"2026-04-15T07:17:34+00:00\" \/>\n<meta property=\"og:image\" content=\"https:\/\/ddpublishings.com\/wp-content\/uploads\/2026\/04\/mantarlar-kapak-scaled.jpeg\" \/>\n\t<meta property=\"og:image:width\" content=\"1646\" \/>\n\t<meta property=\"og:image:height\" content=\"2560\" \/>\n\t<meta property=\"og:image:type\" content=\"image\/jpeg\" \/>\n<meta name=\"twitter:card\" content=\"summary_large_image\" \/>\n<meta name=\"twitter:label1\" content=\"Tahmini okuma s\u00fcresi\" \/>\n\t<meta name=\"twitter:data1\" content=\"1 dakika\" \/>\n<script type=\"application\/ld+json\" class=\"yoast-schema-graph\">{\"@context\":\"https:\\\/\\\/schema.org\",\"@graph\":[{\"@type\":\"WebPage\",\"@id\":\"https:\\\/\\\/ddpublishings.com\\\/tr\\\/urun\\\/doktor-hatasi-mantarlar-turkish-edition\\\/\",\"url\":\"https:\\\/\\\/ddpublishings.com\\\/tr\\\/urun\\\/doktor-hatasi-mantarlar-turkish-edition\\\/\",\"name\":\"Doktor Hatas\u0131 - Mantarlar - T\u00fcrk\u00e7e Bask\u0131 - ddpublishings\",\"isPartOf\":{\"@id\":\"https:\\\/\\\/ddpublishings.com\\\/tr\\\/#website\"},\"primaryImageOfPage\":{\"@id\":\"https:\\\/\\\/ddpublishings.com\\\/tr\\\/urun\\\/doktor-hatasi-mantarlar-turkish-edition\\\/#primaryimage\"},\"image\":{\"@id\":\"https:\\\/\\\/ddpublishings.com\\\/tr\\\/urun\\\/doktor-hatasi-mantarlar-turkish-edition\\\/#primaryimage\"},\"thumbnailUrl\":\"https:\\\/\\\/ddpublishings.com\\\/wp-content\\\/uploads\\\/2026\\\/04\\\/mantarlar-kapak-scaled.jpeg\",\"datePublished\":\"2026-04-15T07:17:02+00:00\",\"dateModified\":\"2026-04-15T07:17:34+00:00\",\"description\":\"Lawyer-writer Abdurrahim Dede, with his work \\\"Doctor Error - Mushrooms\\\", invites readers on a profound exploration at the mysterious intersection of law...\",\"breadcrumb\":{\"@id\":\"https:\\\/\\\/ddpublishings.com\\\/tr\\\/urun\\\/doktor-hatasi-mantarlar-turkish-edition\\\/#breadcrumb\"},\"inLanguage\":\"tr\",\"potentialAction\":[{\"@type\":\"ReadAction\",\"target\":[\"https:\\\/\\\/ddpublishings.com\\\/tr\\\/urun\\\/doktor-hatasi-mantarlar-turkish-edition\\\/\"]}]},{\"@type\":\"ImageObject\",\"inLanguage\":\"tr\",\"@id\":\"https:\\\/\\\/ddpublishings.com\\\/tr\\\/urun\\\/doktor-hatasi-mantarlar-turkish-edition\\\/#primaryimage\",\"url\":\"https:\\\/\\\/ddpublishings.com\\\/wp-content\\\/uploads\\\/2026\\\/04\\\/mantarlar-kapak-scaled.jpeg\",\"contentUrl\":\"https:\\\/\\\/ddpublishings.com\\\/wp-content\\\/uploads\\\/2026\\\/04\\\/mantarlar-kapak-scaled.jpeg\",\"width\":1646,\"height\":2560},{\"@type\":\"BreadcrumbList\",\"@id\":\"https:\\\/\\\/ddpublishings.com\\\/tr\\\/urun\\\/doktor-hatasi-mantarlar-turkish-edition\\\/#breadcrumb\",\"itemListElement\":[{\"@type\":\"ListItem\",\"position\":1,\"name\":\"Home\",\"item\":\"https:\\\/\\\/ddpublishings.com\\\/tr\\\/\"},{\"@type\":\"ListItem\",\"position\":2,\"name\":\"Kitaplar\",\"item\":\"https:\\\/\\\/ddpublishings.com\\\/tr\\\/kitaplar\\\/\"},{\"@type\":\"ListItem\",\"position\":3,\"name\":\"Doktor Hatas\u0131 &#8211; Mantarlar &#8211; T\u00fcrk\u00e7e Bask\u0131\"}]},{\"@type\":\"WebSite\",\"@id\":\"https:\\\/\\\/ddpublishings.com\\\/tr\\\/#website\",\"url\":\"https:\\\/\\\/ddpublishings.com\\\/tr\\\/\",\"name\":\"ddpublishings\",\"description\":\"\",\"publisher\":{\"@id\":\"https:\\\/\\\/ddpublishings.com\\\/tr\\\/#organization\"},\"potentialAction\":[{\"@type\":\"SearchAction\",\"target\":{\"@type\":\"EntryPoint\",\"urlTemplate\":\"https:\\\/\\\/ddpublishings.com\\\/tr\\\/?s={search_term_string}\"},\"query-input\":{\"@type\":\"PropertyValueSpecification\",\"valueRequired\":true,\"valueName\":\"search_term_string\"}}],\"inLanguage\":\"tr\"},{\"@type\":\"Organization\",\"@id\":\"https:\\\/\\\/ddpublishings.com\\\/tr\\\/#organization\",\"name\":\"ddpublishings\",\"url\":\"https:\\\/\\\/ddpublishings.com\\\/tr\\\/\",\"logo\":{\"@type\":\"ImageObject\",\"inLanguage\":\"tr\",\"@id\":\"https:\\\/\\\/ddpublishings.com\\\/tr\\\/#\\\/schema\\\/logo\\\/image\\\/\",\"url\":\"https:\\\/\\\/ddpublishings.com\\\/wp-content\\\/uploads\\\/2025\\\/07\\\/dd-publishing-logo-black.svg\",\"contentUrl\":\"https:\\\/\\\/ddpublishings.com\\\/wp-content\\\/uploads\\\/2025\\\/07\\\/dd-publishing-logo-black.svg\",\"width\":561,\"height\":454,\"caption\":\"ddpublishings\"},\"image\":{\"@id\":\"https:\\\/\\\/ddpublishings.com\\\/tr\\\/#\\\/schema\\\/logo\\\/image\\\/\"}}]}<\/script>\n<!-- \/ Yoast SEO plugin. -->","yoast_head_json":{"title":"Doktor Hatas\u0131 - Mantarlar - T\u00fcrk\u00e7e Bask\u0131 - ddpublishings","description":"Lawyer-writer Abdurrahim Dede, with his work \"Doctor Error - Mushrooms\", invites readers on a profound exploration at the mysterious intersection of law...","robots":{"index":"index","follow":"follow","max-snippet":"max-snippet:-1","max-image-preview":"max-image-preview:large","max-video-preview":"max-video-preview:-1"},"canonical":"https:\/\/ddpublishings.com\/tr\/urun\/doktor-hatasi-mantarlar-turkish-edition\/","og_locale":"tr_TR","og_type":"article","og_title":"Doktor Hatas\u0131 - Mantarlar - T\u00fcrk\u00e7e Bask\u0131 - ddpublishings","og_description":"Lawyer-writer Abdurrahim Dede, with his work \"Doctor Error - Mushrooms\", invites readers on a profound exploration at the mysterious intersection of law...","og_url":"https:\/\/ddpublishings.com\/tr\/urun\/doktor-hatasi-mantarlar-turkish-edition\/","og_site_name":"ddpublishings","article_modified_time":"2026-04-15T07:17:34+00:00","og_image":[{"width":1646,"height":2560,"url":"https:\/\/ddpublishings.com\/wp-content\/uploads\/2026\/04\/mantarlar-kapak-scaled.jpeg","type":"image\/jpeg"}],"twitter_card":"summary_large_image","twitter_misc":{"Tahmini okuma s\u00fcresi":"1 dakika"},"schema":{"@context":"https:\/\/schema.org","@graph":[{"@type":"WebPage","@id":"https:\/\/ddpublishings.com\/tr\/urun\/doktor-hatasi-mantarlar-turkish-edition\/","url":"https:\/\/ddpublishings.com\/tr\/urun\/doktor-hatasi-mantarlar-turkish-edition\/","name":"Doktor Hatas\u0131 - Mantarlar - T\u00fcrk\u00e7e Bask\u0131 - ddpublishings","isPartOf":{"@id":"https:\/\/ddpublishings.com\/tr\/#website"},"primaryImageOfPage":{"@id":"https:\/\/ddpublishings.com\/tr\/urun\/doktor-hatasi-mantarlar-turkish-edition\/#primaryimage"},"image":{"@id":"https:\/\/ddpublishings.com\/tr\/urun\/doktor-hatasi-mantarlar-turkish-edition\/#primaryimage"},"thumbnailUrl":"https:\/\/ddpublishings.com\/wp-content\/uploads\/2026\/04\/mantarlar-kapak-scaled.jpeg","datePublished":"2026-04-15T07:17:02+00:00","dateModified":"2026-04-15T07:17:34+00:00","description":"Lawyer-writer Abdurrahim Dede, with his work \"Doctor Error - Mushrooms\", invites readers on a profound exploration at the mysterious intersection of law...","breadcrumb":{"@id":"https:\/\/ddpublishings.com\/tr\/urun\/doktor-hatasi-mantarlar-turkish-edition\/#breadcrumb"},"inLanguage":"tr","potentialAction":[{"@type":"ReadAction","target":["https:\/\/ddpublishings.com\/tr\/urun\/doktor-hatasi-mantarlar-turkish-edition\/"]}]},{"@type":"ImageObject","inLanguage":"tr","@id":"https:\/\/ddpublishings.com\/tr\/urun\/doktor-hatasi-mantarlar-turkish-edition\/#primaryimage","url":"https:\/\/ddpublishings.com\/wp-content\/uploads\/2026\/04\/mantarlar-kapak-scaled.jpeg","contentUrl":"https:\/\/ddpublishings.com\/wp-content\/uploads\/2026\/04\/mantarlar-kapak-scaled.jpeg","width":1646,"height":2560},{"@type":"BreadcrumbList","@id":"https:\/\/ddpublishings.com\/tr\/urun\/doktor-hatasi-mantarlar-turkish-edition\/#breadcrumb","itemListElement":[{"@type":"ListItem","position":1,"name":"Home","item":"https:\/\/ddpublishings.com\/tr\/"},{"@type":"ListItem","position":2,"name":"Kitaplar","item":"https:\/\/ddpublishings.com\/tr\/kitaplar\/"},{"@type":"ListItem","position":3,"name":"Doktor Hatas\u0131 &#8211; Mantarlar &#8211; T\u00fcrk\u00e7e Bask\u0131"}]},{"@type":"WebSite","@id":"https:\/\/ddpublishings.com\/tr\/#website","url":"https:\/\/ddpublishings.com\/tr\/","name":"ddpublishings","description":"","publisher":{"@id":"https:\/\/ddpublishings.com\/tr\/#organization"},"potentialAction":[{"@type":"SearchAction","target":{"@type":"EntryPoint","urlTemplate":"https:\/\/ddpublishings.com\/tr\/?s={search_term_string}"},"query-input":{"@type":"PropertyValueSpecification","valueRequired":true,"valueName":"search_term_string"}}],"inLanguage":"tr"},{"@type":"Organization","@id":"https:\/\/ddpublishings.com\/tr\/#organization","name":"ddpublishings","url":"https:\/\/ddpublishings.com\/tr\/","logo":{"@type":"ImageObject","inLanguage":"tr","@id":"https:\/\/ddpublishings.com\/tr\/#\/schema\/logo\/image\/","url":"https:\/\/ddpublishings.com\/wp-content\/uploads\/2025\/07\/dd-publishing-logo-black.svg","contentUrl":"https:\/\/ddpublishings.com\/wp-content\/uploads\/2025\/07\/dd-publishing-logo-black.svg","width":561,"height":454,"caption":"ddpublishings"},"image":{"@id":"https:\/\/ddpublishings.com\/tr\/#\/schema\/logo\/image\/"}}]}},"_links":{"self":[{"href":"https:\/\/ddpublishings.com\/tr\/wp-json\/wp\/v2\/product\/5125","targetHints":{"allow":["GET"]}}],"collection":[{"href":"https:\/\/ddpublishings.com\/tr\/wp-json\/wp\/v2\/product"}],"about":[{"href":"https:\/\/ddpublishings.com\/tr\/wp-json\/wp\/v2\/types\/product"}],"replies":[{"embeddable":true,"href":"https:\/\/ddpublishings.com\/tr\/wp-json\/wp\/v2\/comments?post=5125"}],"wp:featuredmedia":[{"embeddable":true,"href":"https:\/\/ddpublishings.com\/tr\/wp-json\/wp\/v2\/media\/5108"}],"wp:attachment":[{"href":"https:\/\/ddpublishings.com\/tr\/wp-json\/wp\/v2\/media?parent=5125"}],"wp:term":[{"taxonomy":"product_cat","embeddable":true,"href":"https:\/\/ddpublishings.com\/tr\/wp-json\/wp\/v2\/product_cat?post=5125"},{"taxonomy":"product_tag","embeddable":true,"href":"https:\/\/ddpublishings.com\/tr\/wp-json\/wp\/v2\/product_tag?post=5125"}],"curies":[{"name":"wp","href":"https:\/\/api.w.org\/{rel}","templated":true}]}}