{"id":5170,"date":"2026-04-16T10:41:35","date_gmt":"2026-04-16T07:41:35","guid":{"rendered":"https:\/\/ddpublishings.com\/product\/aile-huzuru-english-edition\/"},"modified":"2026-04-16T10:44:37","modified_gmt":"2026-04-16T07:44:37","slug":"aile-huzuru-english-edition","status":"publish","type":"product","link":"https:\/\/ddpublishings.com\/tr\/urun\/aile-huzuru-english-edition\/","title":{"rendered":"Aile Huzuru &#8211; \u0130ngilizce Bask\u0131"},"content":{"rendered":"<p>Avukat-yazar Abdurrahim Dede, &#8220;Aile Huzuru&#8221; adl\u0131 eseriyle okurlar\u0131n\u0131 toplumun en k\u00fc\u00e7\u00fck ama en g\u00fc\u00e7l\u00fc kalesi olan ailenin kutsall\u0131\u011f\u0131n\u0131 korumaya davet ediyor. Kitap, bir hukuk\u00e7unun g\u00f6zlemleri ve manevi de\u011ferlerin rehberli\u011finde \u015fekillenen, mutlu bir yuva kurman\u0131n ve s\u00fcrd\u00fcrmenin yollar\u0131 \u00fczerine derin yans\u0131malar i\u00e7eriyor. Aileyi sadece biyolojik bir birliktelik de\u011fil, kar\u015f\u0131l\u0131kl\u0131 sayg\u0131, sevgi ve sab\u0131rla \u00f6r\u00fclen bir liman olarak kabul eden yazar; evliliklerdeki krizlerden ve modern hayat\u0131n zorluklar\u0131ndan b\u00fcy\u00fck hayat dersleri s\u00fczerek huzurlu bir ya\u015fam i\u00e7in d\u00fc\u015f\u00fcnd\u00fcren \u00f6\u011f\u00fctler sunuyor. Eser, sars\u0131lan ba\u011flar\u0131 onarmak ve gelecek nesillere sevgi dolu bir miras b\u0131rakmak isteyen herkes i\u00e7in rehber niteli\u011finde bir bilgelik sunuyor.<\/p>\n","protected":false},"excerpt":{"rendered":"[dflip id=\"5151\" type=\"thumb\"][\/dflip]\n","protected":false},"featured_media":5165,"comment_status":"open","ping_status":"closed","template":"","meta":{"_acf_changed":false},"product_cat":[192,190],"product_tag":[203,286],"class_list":{"0":"post-5170","1":"product","2":"type-product","3":"status-publish","4":"has-post-thumbnail","6":"product_cat-cok-satanlar","7":"product_cat-yeni-cikanlar","8":"product_tag-abdurrahim-dede","9":"product_tag-aile-huzuru","10":"pa_authors-abdurrahim-dede-tr","12":"first","13":"instock","14":"sale","15":"shipping-taxable","16":"purchasable","17":"product-type-variable","swatches":"rey-swatches","show_selected":""},"acf":[],"yoast_head":"<!-- This site is optimized with the Yoast SEO plugin v27.4 - https:\/\/yoast.com\/product\/yoast-seo-wordpress\/ -->\n<title>Aile Huzuru - \u0130ngilizce Bask\u0131 - ddpublishings<\/title>\n<meta name=\"description\" content=\"Lawyer-writer Abdurrahim Dede, with his work &quot;Family Peace&quot;, invites readers to protect the sanctity of the family, the smallest yet strongest fortress of..\" \/>\n<meta name=\"robots\" content=\"index, follow, max-snippet:-1, max-image-preview:large, max-video-preview:-1\" \/>\n<link rel=\"canonical\" href=\"https:\/\/ddpublishings.com\/tr\/urun\/aile-huzuru-english-edition\/\" \/>\n<meta property=\"og:locale\" content=\"tr_TR\" \/>\n<meta property=\"og:type\" content=\"article\" \/>\n<meta property=\"og:title\" content=\"Aile Huzuru - \u0130ngilizce Bask\u0131 - ddpublishings\" \/>\n<meta property=\"og:description\" content=\"Lawyer-writer Abdurrahim Dede, with his work &quot;Family Peace&quot;, invites readers to protect the sanctity of the family, the smallest yet strongest fortress of..\" \/>\n<meta property=\"og:url\" content=\"https:\/\/ddpublishings.com\/tr\/urun\/aile-huzuru-english-edition\/\" \/>\n<meta property=\"og:site_name\" content=\"ddpublishings\" \/>\n<meta property=\"article:modified_time\" content=\"2026-04-16T07:44:37+00:00\" \/>\n<meta property=\"og:image\" content=\"https:\/\/ddpublishings.com\/wp-content\/uploads\/2026\/04\/ailehuzuruingilizcekapak.png\" \/>\n\t<meta property=\"og:image:width\" content=\"437\" \/>\n\t<meta property=\"og:image:height\" content=\"644\" \/>\n\t<meta property=\"og:image:type\" content=\"image\/png\" \/>\n<meta name=\"twitter:card\" content=\"summary_large_image\" \/>\n<meta name=\"twitter:label1\" content=\"Tahmini okuma s\u00fcresi\" \/>\n\t<meta name=\"twitter:data1\" content=\"1 dakika\" \/>\n<script type=\"application\/ld+json\" class=\"yoast-schema-graph\">{\"@context\":\"https:\\\/\\\/schema.org\",\"@graph\":[{\"@type\":\"WebPage\",\"@id\":\"https:\\\/\\\/ddpublishings.com\\\/tr\\\/urun\\\/aile-huzuru-english-edition\\\/\",\"url\":\"https:\\\/\\\/ddpublishings.com\\\/tr\\\/urun\\\/aile-huzuru-english-edition\\\/\",\"name\":\"Aile Huzuru - \u0130ngilizce Bask\u0131 - ddpublishings\",\"isPartOf\":{\"@id\":\"https:\\\/\\\/ddpublishings.com\\\/tr\\\/#website\"},\"primaryImageOfPage\":{\"@id\":\"https:\\\/\\\/ddpublishings.com\\\/tr\\\/urun\\\/aile-huzuru-english-edition\\\/#primaryimage\"},\"image\":{\"@id\":\"https:\\\/\\\/ddpublishings.com\\\/tr\\\/urun\\\/aile-huzuru-english-edition\\\/#primaryimage\"},\"thumbnailUrl\":\"https:\\\/\\\/ddpublishings.com\\\/wp-content\\\/uploads\\\/2026\\\/04\\\/ailehuzuruingilizcekapak.png\",\"datePublished\":\"2026-04-16T07:41:35+00:00\",\"dateModified\":\"2026-04-16T07:44:37+00:00\",\"description\":\"Lawyer-writer Abdurrahim Dede, with his work \\\"Family Peace\\\", invites readers to protect the sanctity of the family, the smallest yet strongest fortress of..\",\"breadcrumb\":{\"@id\":\"https:\\\/\\\/ddpublishings.com\\\/tr\\\/urun\\\/aile-huzuru-english-edition\\\/#breadcrumb\"},\"inLanguage\":\"tr\",\"potentialAction\":[{\"@type\":\"ReadAction\",\"target\":[\"https:\\\/\\\/ddpublishings.com\\\/tr\\\/urun\\\/aile-huzuru-english-edition\\\/\"]}]},{\"@type\":\"ImageObject\",\"inLanguage\":\"tr\",\"@id\":\"https:\\\/\\\/ddpublishings.com\\\/tr\\\/urun\\\/aile-huzuru-english-edition\\\/#primaryimage\",\"url\":\"https:\\\/\\\/ddpublishings.com\\\/wp-content\\\/uploads\\\/2026\\\/04\\\/ailehuzuruingilizcekapak.png\",\"contentUrl\":\"https:\\\/\\\/ddpublishings.com\\\/wp-content\\\/uploads\\\/2026\\\/04\\\/ailehuzuruingilizcekapak.png\",\"width\":437,\"height\":644},{\"@type\":\"BreadcrumbList\",\"@id\":\"https:\\\/\\\/ddpublishings.com\\\/tr\\\/urun\\\/aile-huzuru-english-edition\\\/#breadcrumb\",\"itemListElement\":[{\"@type\":\"ListItem\",\"position\":1,\"name\":\"Home\",\"item\":\"https:\\\/\\\/ddpublishings.com\\\/tr\\\/\"},{\"@type\":\"ListItem\",\"position\":2,\"name\":\"Kitaplar\",\"item\":\"https:\\\/\\\/ddpublishings.com\\\/tr\\\/kitaplar\\\/\"},{\"@type\":\"ListItem\",\"position\":3,\"name\":\"Aile Huzuru &#8211; \u0130ngilizce Bask\u0131\"}]},{\"@type\":\"WebSite\",\"@id\":\"https:\\\/\\\/ddpublishings.com\\\/tr\\\/#website\",\"url\":\"https:\\\/\\\/ddpublishings.com\\\/tr\\\/\",\"name\":\"ddpublishings\",\"description\":\"\",\"publisher\":{\"@id\":\"https:\\\/\\\/ddpublishings.com\\\/tr\\\/#organization\"},\"potentialAction\":[{\"@type\":\"SearchAction\",\"target\":{\"@type\":\"EntryPoint\",\"urlTemplate\":\"https:\\\/\\\/ddpublishings.com\\\/tr\\\/?s={search_term_string}\"},\"query-input\":{\"@type\":\"PropertyValueSpecification\",\"valueRequired\":true,\"valueName\":\"search_term_string\"}}],\"inLanguage\":\"tr\"},{\"@type\":\"Organization\",\"@id\":\"https:\\\/\\\/ddpublishings.com\\\/tr\\\/#organization\",\"name\":\"ddpublishings\",\"url\":\"https:\\\/\\\/ddpublishings.com\\\/tr\\\/\",\"logo\":{\"@type\":\"ImageObject\",\"inLanguage\":\"tr\",\"@id\":\"https:\\\/\\\/ddpublishings.com\\\/tr\\\/#\\\/schema\\\/logo\\\/image\\\/\",\"url\":\"https:\\\/\\\/ddpublishings.com\\\/wp-content\\\/uploads\\\/2025\\\/07\\\/dd-publishing-logo-black.svg\",\"contentUrl\":\"https:\\\/\\\/ddpublishings.com\\\/wp-content\\\/uploads\\\/2025\\\/07\\\/dd-publishing-logo-black.svg\",\"width\":561,\"height\":454,\"caption\":\"ddpublishings\"},\"image\":{\"@id\":\"https:\\\/\\\/ddpublishings.com\\\/tr\\\/#\\\/schema\\\/logo\\\/image\\\/\"}}]}<\/script>\n<!-- \/ Yoast SEO plugin. -->","yoast_head_json":{"title":"Aile Huzuru - \u0130ngilizce Bask\u0131 - ddpublishings","description":"Lawyer-writer Abdurrahim Dede, with his work \"Family Peace\", invites readers to protect the sanctity of the family, the smallest yet strongest fortress of..","robots":{"index":"index","follow":"follow","max-snippet":"max-snippet:-1","max-image-preview":"max-image-preview:large","max-video-preview":"max-video-preview:-1"},"canonical":"https:\/\/ddpublishings.com\/tr\/urun\/aile-huzuru-english-edition\/","og_locale":"tr_TR","og_type":"article","og_title":"Aile Huzuru - \u0130ngilizce Bask\u0131 - ddpublishings","og_description":"Lawyer-writer Abdurrahim Dede, with his work \"Family Peace\", invites readers to protect the sanctity of the family, the smallest yet strongest fortress of..","og_url":"https:\/\/ddpublishings.com\/tr\/urun\/aile-huzuru-english-edition\/","og_site_name":"ddpublishings","article_modified_time":"2026-04-16T07:44:37+00:00","og_image":[{"width":437,"height":644,"url":"https:\/\/ddpublishings.com\/wp-content\/uploads\/2026\/04\/ailehuzuruingilizcekapak.png","type":"image\/png"}],"twitter_card":"summary_large_image","twitter_misc":{"Tahmini okuma s\u00fcresi":"1 dakika"},"schema":{"@context":"https:\/\/schema.org","@graph":[{"@type":"WebPage","@id":"https:\/\/ddpublishings.com\/tr\/urun\/aile-huzuru-english-edition\/","url":"https:\/\/ddpublishings.com\/tr\/urun\/aile-huzuru-english-edition\/","name":"Aile Huzuru - \u0130ngilizce Bask\u0131 - ddpublishings","isPartOf":{"@id":"https:\/\/ddpublishings.com\/tr\/#website"},"primaryImageOfPage":{"@id":"https:\/\/ddpublishings.com\/tr\/urun\/aile-huzuru-english-edition\/#primaryimage"},"image":{"@id":"https:\/\/ddpublishings.com\/tr\/urun\/aile-huzuru-english-edition\/#primaryimage"},"thumbnailUrl":"https:\/\/ddpublishings.com\/wp-content\/uploads\/2026\/04\/ailehuzuruingilizcekapak.png","datePublished":"2026-04-16T07:41:35+00:00","dateModified":"2026-04-16T07:44:37+00:00","description":"Lawyer-writer Abdurrahim Dede, with his work \"Family Peace\", invites readers to protect the sanctity of the family, the smallest yet strongest fortress of..","breadcrumb":{"@id":"https:\/\/ddpublishings.com\/tr\/urun\/aile-huzuru-english-edition\/#breadcrumb"},"inLanguage":"tr","potentialAction":[{"@type":"ReadAction","target":["https:\/\/ddpublishings.com\/tr\/urun\/aile-huzuru-english-edition\/"]}]},{"@type":"ImageObject","inLanguage":"tr","@id":"https:\/\/ddpublishings.com\/tr\/urun\/aile-huzuru-english-edition\/#primaryimage","url":"https:\/\/ddpublishings.com\/wp-content\/uploads\/2026\/04\/ailehuzuruingilizcekapak.png","contentUrl":"https:\/\/ddpublishings.com\/wp-content\/uploads\/2026\/04\/ailehuzuruingilizcekapak.png","width":437,"height":644},{"@type":"BreadcrumbList","@id":"https:\/\/ddpublishings.com\/tr\/urun\/aile-huzuru-english-edition\/#breadcrumb","itemListElement":[{"@type":"ListItem","position":1,"name":"Home","item":"https:\/\/ddpublishings.com\/tr\/"},{"@type":"ListItem","position":2,"name":"Kitaplar","item":"https:\/\/ddpublishings.com\/tr\/kitaplar\/"},{"@type":"ListItem","position":3,"name":"Aile Huzuru &#8211; \u0130ngilizce Bask\u0131"}]},{"@type":"WebSite","@id":"https:\/\/ddpublishings.com\/tr\/#website","url":"https:\/\/ddpublishings.com\/tr\/","name":"ddpublishings","description":"","publisher":{"@id":"https:\/\/ddpublishings.com\/tr\/#organization"},"potentialAction":[{"@type":"SearchAction","target":{"@type":"EntryPoint","urlTemplate":"https:\/\/ddpublishings.com\/tr\/?s={search_term_string}"},"query-input":{"@type":"PropertyValueSpecification","valueRequired":true,"valueName":"search_term_string"}}],"inLanguage":"tr"},{"@type":"Organization","@id":"https:\/\/ddpublishings.com\/tr\/#organization","name":"ddpublishings","url":"https:\/\/ddpublishings.com\/tr\/","logo":{"@type":"ImageObject","inLanguage":"tr","@id":"https:\/\/ddpublishings.com\/tr\/#\/schema\/logo\/image\/","url":"https:\/\/ddpublishings.com\/wp-content\/uploads\/2025\/07\/dd-publishing-logo-black.svg","contentUrl":"https:\/\/ddpublishings.com\/wp-content\/uploads\/2025\/07\/dd-publishing-logo-black.svg","width":561,"height":454,"caption":"ddpublishings"},"image":{"@id":"https:\/\/ddpublishings.com\/tr\/#\/schema\/logo\/image\/"}}]}},"_links":{"self":[{"href":"https:\/\/ddpublishings.com\/tr\/wp-json\/wp\/v2\/product\/5170","targetHints":{"allow":["GET"]}}],"collection":[{"href":"https:\/\/ddpublishings.com\/tr\/wp-json\/wp\/v2\/product"}],"about":[{"href":"https:\/\/ddpublishings.com\/tr\/wp-json\/wp\/v2\/types\/product"}],"replies":[{"embeddable":true,"href":"https:\/\/ddpublishings.com\/tr\/wp-json\/wp\/v2\/comments?post=5170"}],"wp:featuredmedia":[{"embeddable":true,"href":"https:\/\/ddpublishings.com\/tr\/wp-json\/wp\/v2\/media\/5165"}],"wp:attachment":[{"href":"https:\/\/ddpublishings.com\/tr\/wp-json\/wp\/v2\/media?parent=5170"}],"wp:term":[{"taxonomy":"product_cat","embeddable":true,"href":"https:\/\/ddpublishings.com\/tr\/wp-json\/wp\/v2\/product_cat?post=5170"},{"taxonomy":"product_tag","embeddable":true,"href":"https:\/\/ddpublishings.com\/tr\/wp-json\/wp\/v2\/product_tag?post=5170"}],"curies":[{"name":"wp","href":"https:\/\/api.w.org\/{rel}","templated":true}]}}